{"id":9288,"date":"2023-08-01T20:10:56","date_gmt":"2023-08-01T18:10:56","guid":{"rendered":"https:\/\/prevital.eu\/product\/prevital-husos-ropi-jutalomfalat-borjuval\/"},"modified":"2023-10-24T10:57:06","modified_gmt":"2023-10-24T08:57:06","slug":"salamky-pre-dospele-macky-s-telacinou","status":"publish","type":"product","link":"https:\/\/prevital.eu\/sk\/product\/salamky-pre-dospele-macky-s-telacinou\/","title":{"rendered":"Sal\u00e1mky pre dospel\u00e9 ma\u010dky s te\u013eacinou."},"content":{"rendered":"\n<div class=\"wp-block-columns alignwide is-layout-flex wp-container-core-columns-is-layout-9d6595d7 wp-block-columns-is-layout-flex\">\n<div class=\"wp-block-column is-layout-flow wp-block-column-is-layout-flow\">\n<h2 class=\"wp-block-heading\">Kompletn\u00e1 starostlivos\u0165 <br><strong>pre spokojn\u00e9 pradenie<\/strong><\/h2>\n\n\n\n<p><strong>Portf\u00f3lio produktov PreVital bola navrhnut\u00e1 tak, aby k\u0155mila na\u0161ich dom\u00e1cich mil\u00e1\u010dikov 100% kompletn\u00fdm a vyv\u00e1\u017een\u00fdm krmivom v ka\u017edom veku, od ma\u010diatok a\u017e po star\u0161ie ma\u010dky. <\/strong><\/p>\n\n\n\n<p>Ka\u017ed\u00fd PreVital obsahuje potrebn\u00e9 vitam\u00edny a miner\u00e1ly, aby bol ka\u017edodenn\u00fd \u017eivot va\u0161ich ma\u010diek vyv\u00e1\u017eenej\u0161\u00ed a \u0161\u0165astnej\u0161\u00ed.<\/p>\n<\/div>\n\n\n\n<div class=\"wp-block-column is-layout-flow wp-block-column-is-layout-flow\"><\/div>\n<\/div>\n","protected":false},"featured_media":9229,"menu_order":0,"template":"","meta":{"_acf_changed":false,"footnotes":""},"product_family":[],"product_form":[144],"flavour":[156],"lifestage":[114,80,123],"lifestyle":[],"store":[],"class_list":["post-9288","product","type-product","status-publish","has-post-thumbnail","hentry","product_form-odmena-maskrta","flavour-borju-cs-pl-sk","lifestage-dospela-macka","lifestage-maciatko","lifestage-starsia-macka"],"acf":[],"_links":{"self":[{"href":"https:\/\/prevital.eu\/sk\/wp-json\/wp\/v2\/product\/9288","targetHints":{"allow":["GET"]}}],"collection":[{"href":"https:\/\/prevital.eu\/sk\/wp-json\/wp\/v2\/product"}],"about":[{"href":"https:\/\/prevital.eu\/sk\/wp-json\/wp\/v2\/types\/product"}],"version-history":[{"count":2,"href":"https:\/\/prevital.eu\/sk\/wp-json\/wp\/v2\/product\/9288\/revisions"}],"predecessor-version":[{"id":9297,"href":"https:\/\/prevital.eu\/sk\/wp-json\/wp\/v2\/product\/9288\/revisions\/9297"}],"wp:featuredmedia":[{"embeddable":true,"href":"https:\/\/prevital.eu\/sk\/wp-json\/wp\/v2\/media\/9229"}],"wp:attachment":[{"href":"https:\/\/prevital.eu\/sk\/wp-json\/wp\/v2\/media?parent=9288"}],"wp:term":[{"taxonomy":"product_family","embeddable":true,"href":"https:\/\/prevital.eu\/sk\/wp-json\/wp\/v2\/product_family?post=9288"},{"taxonomy":"product_form","embeddable":true,"href":"https:\/\/prevital.eu\/sk\/wp-json\/wp\/v2\/product_form?post=9288"},{"taxonomy":"flavour","embeddable":true,"href":"https:\/\/prevital.eu\/sk\/wp-json\/wp\/v2\/flavour?post=9288"},{"taxonomy":"lifestage","embeddable":true,"href":"https:\/\/prevital.eu\/sk\/wp-json\/wp\/v2\/lifestage?post=9288"},{"taxonomy":"lifestyle","embeddable":true,"href":"https:\/\/prevital.eu\/sk\/wp-json\/wp\/v2\/lifestyle?post=9288"},{"taxonomy":"store","embeddable":true,"href":"https:\/\/prevital.eu\/sk\/wp-json\/wp\/v2\/store?post=9288"}],"curies":[{"name":"wp","href":"https:\/\/api.w.org\/{rel}","templated":true}]}}