{"id":1421,"date":"2021-09-03T14:39:02","date_gmt":"2021-09-03T12:39:02","guid":{"rendered":"https:\/\/prevital.eu\/product\/prevital-nmpouch-cat-turkey-in-jelly\/"},"modified":"2025-01-14T12:38:58","modified_gmt":"2025-01-14T10:38:58","slug":"kompletne-krmivo-pre-dospele-macky-s-morcacinou-v-zele","status":"publish","type":"product","link":"https:\/\/prevital.eu\/sk\/product\/kompletne-krmivo-pre-dospele-macky-s-morcacinou-v-zele\/","title":{"rendered":"Kompletn\u00e9 krmivo pre dospel\u00e9 ma\u010dky s mor\u010dacinou v \u017eel\u00e9"},"content":{"rendered":"\n<div class=\"wp-block-columns alignwide is-layout-flex wp-container-core-columns-is-layout-9d6595d7 wp-block-columns-is-layout-flex\">\n<div class=\"wp-block-column is-layout-flow wp-block-column-is-layout-flow\">\n<h3 class=\"wp-block-heading\"><strong>A healthy and tasty meal<br><\/strong>for your favorite cat!<\/h3>\n\n\n\n<p><strong>There&#8217;s no accounting for tastes and that&#8217;s true even more when it comes to cats. A great number of different needs are waiting for us to be satisfied. As catsperts, we know that.<\/strong><\/p>\n\n\n\n<p>This is why we payed special attention to our range of products. From heavy meat-lovers to the ones living on a more balanced diet, from the cozy afternoon snoozers to the ones who stayed young on the inside, we have an offer for everyone. Even for sterile cats we provide a unique range of food choices, no one stays hungry.<\/p>\n\n\n\n<p>In our attempt of setting the highest health standards we create food without preservatives. However, every piece of PreVital food contains a wide range of vitamins and minerals, satisfying the special needs of cats every day:<\/p>\n<\/div>\n\n\n\n<div class=\"wp-block-column is-layout-flow wp-block-column-is-layout-flow\">\n<figure class=\"wp-block-image size-full\"><img loading=\"lazy\" decoding=\"async\" width=\"800\" height=\"440\" src=\"https:\/\/prevital.eu\/wp-content\/uploads\/2021\/09\/bowl-turkey-jelly.png\" alt=\"\" class=\"wp-image-477\" srcset=\"https:\/\/prevital.eu\/wp-content\/uploads\/2021\/09\/bowl-turkey-jelly.png 800w, https:\/\/prevital.eu\/wp-content\/uploads\/2021\/09\/bowl-turkey-jelly-300x165.png 300w, https:\/\/prevital.eu\/wp-content\/uploads\/2021\/09\/bowl-turkey-jelly-768x422.png 768w\" sizes=\"auto, (max-width: 800px) 100vw, 800px\" \/><\/figure>\n<\/div>\n<\/div>\n\n\n\n<p><\/p>\n","protected":false},"featured_media":482,"menu_order":0,"template":"","meta":{"_acf_changed":false,"footnotes":""},"product_family":[163],"product_form":[135],"flavour":[128],"lifestage":[114],"lifestyle":[],"store":[],"class_list":["post-1421","product","type-product","status-publish","has-post-thumbnail","hentry","product_family-filet-sk","product_form-kapsicka-sk","flavour-pulyka-cs-pl-sk","lifestage-dospela-macka"],"acf":[],"_links":{"self":[{"href":"https:\/\/prevital.eu\/sk\/wp-json\/wp\/v2\/product\/1421","targetHints":{"allow":["GET"]}}],"collection":[{"href":"https:\/\/prevital.eu\/sk\/wp-json\/wp\/v2\/product"}],"about":[{"href":"https:\/\/prevital.eu\/sk\/wp-json\/wp\/v2\/types\/product"}],"version-history":[{"count":1,"href":"https:\/\/prevital.eu\/sk\/wp-json\/wp\/v2\/product\/1421\/revisions"}],"predecessor-version":[{"id":11847,"href":"https:\/\/prevital.eu\/sk\/wp-json\/wp\/v2\/product\/1421\/revisions\/11847"}],"wp:featuredmedia":[{"embeddable":true,"href":"https:\/\/prevital.eu\/sk\/wp-json\/wp\/v2\/media\/482"}],"wp:attachment":[{"href":"https:\/\/prevital.eu\/sk\/wp-json\/wp\/v2\/media?parent=1421"}],"wp:term":[{"taxonomy":"product_family","embeddable":true,"href":"https:\/\/prevital.eu\/sk\/wp-json\/wp\/v2\/product_family?post=1421"},{"taxonomy":"product_form","embeddable":true,"href":"https:\/\/prevital.eu\/sk\/wp-json\/wp\/v2\/product_form?post=1421"},{"taxonomy":"flavour","embeddable":true,"href":"https:\/\/prevital.eu\/sk\/wp-json\/wp\/v2\/flavour?post=1421"},{"taxonomy":"lifestage","embeddable":true,"href":"https:\/\/prevital.eu\/sk\/wp-json\/wp\/v2\/lifestage?post=1421"},{"taxonomy":"lifestyle","embeddable":true,"href":"https:\/\/prevital.eu\/sk\/wp-json\/wp\/v2\/lifestyle?post=1421"},{"taxonomy":"store","embeddable":true,"href":"https:\/\/prevital.eu\/sk\/wp-json\/wp\/v2\/store?post=1421"}],"curies":[{"name":"wp","href":"https:\/\/api.w.org\/{rel}","templated":true}]}}