{"id":4738,"date":"2022-02-01T16:08:22","date_gmt":"2022-02-01T14:08:22","guid":{"rendered":"https:\/\/prevital.eu\/aktualis\/"},"modified":"2022-02-25T14:17:52","modified_gmt":"2022-02-25T12:17:52","slug":"aktuality","status":"publish","type":"page","link":"https:\/\/prevital.eu\/sk\/aktuality\/","title":{"rendered":"Aktuality"},"content":{"rendered":"\n<div class=\"wp-block-group alignwide\" style=\"padding-top:30px;padding-right:30px;padding-bottom:30px;padding-left:30px\"><div class=\"wp-block-group__inner-container is-layout-flow wp-block-group-is-layout-flow\">\n<div class=\"wp-block-query alignfull is-layout-flow wp-block-query-is-layout-flow\"><ul class=\"is-flex-container columns-3 wp-block-post-template is-layout-flow wp-block-post-template-is-layout-flow\"><li class=\"wp-block-post post-3616 post type-post status-publish format-standard has-post-thumbnail hentry category-articles-sk\">\n<figure style=\"height:200px;\" class=\"alignfull wp-block-post-featured-image\"><a href=\"https:\/\/prevital.eu\/sk\/spolocne-dobrodruzstva-pre-vitalitu\/\" target=\"_self\"  style=\"height:200px\"><img loading=\"lazy\" decoding=\"async\" width=\"1920\" height=\"812\" src=\"https:\/\/prevital.eu\/wp-content\/uploads\/2021\/12\/KIS1779.jpg\" class=\"attachment-post-thumbnail size-post-thumbnail wp-post-image\" alt=\"Spolo\u010dn\u00e9 dobrodru\u017estv\u00e1 pre vitalitu\" style=\"height:200px;object-fit:cover;\" srcset=\"https:\/\/prevital.eu\/wp-content\/uploads\/2021\/12\/KIS1779.jpg 1920w, https:\/\/prevital.eu\/wp-content\/uploads\/2021\/12\/KIS1779-300x127.jpg 300w, https:\/\/prevital.eu\/wp-content\/uploads\/2021\/12\/KIS1779-1024x433.jpg 1024w, https:\/\/prevital.eu\/wp-content\/uploads\/2021\/12\/KIS1779-768x325.jpg 768w, https:\/\/prevital.eu\/wp-content\/uploads\/2021\/12\/KIS1779-1536x650.jpg 1536w\" sizes=\"auto, (max-width: 1920px) 100vw, 1920px\" \/><\/a><\/figure>\n\n<h4 class=\"wp-block-post-title\"><a href=\"https:\/\/prevital.eu\/sk\/spolocne-dobrodruzstva-pre-vitalitu\/\" target=\"_self\" >Spolo\u010dn\u00e9 dobrodru\u017estv\u00e1 pre vitalitu<\/a><\/h4>\n\n<div class=\"wp-block-post-date\"><time datetime=\"2022-02-01T13:34:38+02:00\">1. febru\u00e1ra 2022<\/time><\/div>\n\n<div class=\"wp-block-post-excerpt has-small-font-size\"><p class=\"wp-block-post-excerpt__excerpt\">Ve\u013ek\u00fa \u010das\u0165 \u017eivota ma\u010diek, skuto\u010dn\u00fdch majstrov le\u0148o\u0161enia, str\u00e1via drieman\u00edm, no nikdy by sme nemali zab\u00fada\u0165, \u017ee hlboko v du\u0161i s\u00fa t\u00edto pr\u00edtuln\u00ed mil\u00e1\u010dikovia v skuto\u010dnosti skuto\u010dn\u00fdmi pred\u00e1tormi. Udr\u017eiavanie ich prirodzen\u00fdch in\u0161tinktov je k\u013e\u00fa\u010dom k ich fyzickej a du\u0161evnej pohode a m\u00f4\u017ee dokonca posilni\u0165 vz\u0165ah medzi majite\u013eom ma\u010dky. Pre\u010do by sme mali podporova\u0165 hru? Pre ma\u010dky&hellip; <\/p><\/div>\n<\/li><\/ul>\n\n<\/div>\n<\/div><\/div>\n","protected":false},"excerpt":{"rendered":"","protected":false},"author":1,"featured_media":3356,"parent":0,"menu_order":0,"comment_status":"closed","ping_status":"closed","template":"","meta":{"_acf_changed":false,"footnotes":""},"class_list":["post-4738","page","type-page","status-publish","has-post-thumbnail","hentry"],"acf":[],"_links":{"self":[{"href":"https:\/\/prevital.eu\/sk\/wp-json\/wp\/v2\/pages\/4738","targetHints":{"allow":["GET"]}}],"collection":[{"href":"https:\/\/prevital.eu\/sk\/wp-json\/wp\/v2\/pages"}],"about":[{"href":"https:\/\/prevital.eu\/sk\/wp-json\/wp\/v2\/types\/page"}],"author":[{"embeddable":true,"href":"https:\/\/prevital.eu\/sk\/wp-json\/wp\/v2\/users\/1"}],"replies":[{"embeddable":true,"href":"https:\/\/prevital.eu\/sk\/wp-json\/wp\/v2\/comments?post=4738"}],"version-history":[{"count":0,"href":"https:\/\/prevital.eu\/sk\/wp-json\/wp\/v2\/pages\/4738\/revisions"}],"wp:featuredmedia":[{"embeddable":true,"href":"https:\/\/prevital.eu\/sk\/wp-json\/wp\/v2\/media\/3356"}],"wp:attachment":[{"href":"https:\/\/prevital.eu\/sk\/wp-json\/wp\/v2\/media?parent=4738"}],"curies":[{"name":"wp","href":"https:\/\/api.w.org\/{rel}","templated":true}]}}