{"id":4582,"date":"2021-09-02T12:13:56","date_gmt":"2021-09-02T10:13:56","guid":{"rendered":"https:\/\/prevital.eu\/about-us\/"},"modified":"2025-01-15T13:36:34","modified_gmt":"2025-01-15T11:36:34","slug":"o-nas","status":"publish","type":"page","link":"https:\/\/prevital.eu\/sk\/o-nas\/","title":{"rendered":"O n\u00e1s"},"content":{"rendered":"\n<div class=\"wp-block-group alignwide\"><div class=\"wp-block-group__inner-container is-layout-flow wp-block-group-is-layout-flow\">\n<div style=\"height:100px\" aria-hidden=\"true\" class=\"wp-block-spacer\"><\/div>\n\n\n<div class=\"wp-block-image\">\n<figure class=\"aligncenter size-full\"><img loading=\"lazy\" decoding=\"async\" width=\"674\" height=\"166\" src=\"https:\/\/prevital.eu\/wp-content\/uploads\/2022\/02\/Kompletna-starostlivost-pre-spokojne-pradenie.png\" alt=\"\" class=\"wp-image-4609\" srcset=\"https:\/\/prevital.eu\/wp-content\/uploads\/2022\/02\/Kompletna-starostlivost-pre-spokojne-pradenie.png 674w, https:\/\/prevital.eu\/wp-content\/uploads\/2022\/02\/Kompletna-starostlivost-pre-spokojne-pradenie-300x74.png 300w\" sizes=\"auto, (max-width: 674px) 100vw, 674px\" \/><\/figure>\n<\/div>\n\n\n<div style=\"height:50px\" aria-hidden=\"true\" class=\"wp-block-spacer\"><\/div>\n\n\n\n<p>Portf\u00f3lio produktov PreVital bola navrhnut\u00e1 tak, aby k\u0155mila na\u0161ich dom\u00e1cich mil\u00e1\u010dikov 100% kompletn\u00fdm a vyv\u00e1\u017een\u00fdm krmivom v ka\u017edom veku, od ma\u010diatok a\u017e po star\u0161ie ma\u010dky. Ka\u017ed\u00fd PreVital obsahuje potrebn\u00e9 vitam\u00edny a miner\u00e1ly, aby bol ka\u017edodenn\u00fd \u017eivot va\u0161ich ma\u010diek vyv\u00e1\u017eenej\u0161\u00ed a \u0161\u0165astnej\u0161\u00ed.<\/p>\n\n\n\n<p>Na\u0161e krmivo obsahuje mnoho cenn\u00fdch vitam\u00ednov a miner\u00e1lov, ktor\u00e9 pom\u00e1haj\u00fa uspokojova\u0165 r\u00f4zne potreby ma\u010diek na dennej b\u00e1ze:<\/p>\n\n\n\n<ul class=\"wp-block-list\">\n<li>Vitam\u00edn D3 pre siln\u00e9 zuby a kosti<\/li>\n\n\n\n<li>Vitam\u00edn E pre siln\u00fd imunitn\u00fd syst\u00e9m<\/li>\n\n\n\n<li>Vitam\u00edn A pre udr\u017eanie ostr\u00e9ho videnia<\/li>\n\n\n\n<li>Inul\u00edn pre dobr\u00e9 tr\u00e1venie<\/li>\n\n\n\n<li>Biot\u00edn a zinok pre zdrav\u00fa ko\u017eu a leskl\u00fa srs\u0165<\/li>\n\n\n\n<li>Taur\u00edn pre siln\u00e9 srdce<\/li>\n<\/ul>\n\n\n\n<div style=\"height:100px\" aria-hidden=\"true\" class=\"wp-block-spacer\"><\/div>\n\n\n\n<p><\/p>\n<\/div><\/div>\n\n\n\n<div class=\"wp-block-group alignfull\"><div class=\"wp-block-group__inner-container is-layout-flow wp-block-group-is-layout-flow\">\n<figure class=\"wp-block-image size-full\"><img loading=\"lazy\" decoding=\"async\" width=\"1920\" height=\"816\" src=\"https:\/\/prevital.eu\/wp-content\/uploads\/2021\/12\/about-block-01.jpg\" alt=\"\" class=\"wp-image-2937\" srcset=\"https:\/\/prevital.eu\/wp-content\/uploads\/2021\/12\/about-block-01.jpg 1920w, https:\/\/prevital.eu\/wp-content\/uploads\/2021\/12\/about-block-01-300x128.jpg 300w, https:\/\/prevital.eu\/wp-content\/uploads\/2021\/12\/about-block-01-1024x435.jpg 1024w, https:\/\/prevital.eu\/wp-content\/uploads\/2021\/12\/about-block-01-768x326.jpg 768w, https:\/\/prevital.eu\/wp-content\/uploads\/2021\/12\/about-block-01-1536x653.jpg 1536w\" sizes=\"auto, (max-width: 1920px) 100vw, 1920px\" \/><\/figure>\n<\/div><\/div>\n\n\n\n<div class=\"wp-block-group alignwide\"><div class=\"wp-block-group__inner-container is-layout-flow wp-block-group-is-layout-flow\">\n<div style=\"height:100px\" aria-hidden=\"true\" class=\"wp-block-spacer\"><\/div>\n\n\n<div class=\"wp-block-image\">\n<figure class=\"aligncenter size-full\"><img loading=\"lazy\" decoding=\"async\" width=\"682\" height=\"222\" src=\"https:\/\/prevital.eu\/wp-content\/uploads\/2022\/02\/Siroke-portfolio-prisposobene-individualnym-chutiam-maciek.png\" alt=\"\" class=\"wp-image-4616\" srcset=\"https:\/\/prevital.eu\/wp-content\/uploads\/2022\/02\/Siroke-portfolio-prisposobene-individualnym-chutiam-maciek.png 682w, https:\/\/prevital.eu\/wp-content\/uploads\/2022\/02\/Siroke-portfolio-prisposobene-individualnym-chutiam-maciek-300x98.png 300w\" sizes=\"auto, (max-width: 682px) 100vw, 682px\" \/><\/figure>\n<\/div>\n\n\n<div style=\"height:50px\" aria-hidden=\"true\" class=\"wp-block-spacer\"><\/div>\n\n\n\n<p>Ako odborn\u00edk na ma\u010dky dobre vieme, \u017ee to\u013eko ma\u010diek, to\u013eko stravovac\u00edch n\u00e1vykov a presne to\u013eko potrieb \u010dak\u00e1 na splnenie, preto sme n\u00e1\u0161 v\u00fdber vyvinuli s osobitnou starostlivos\u0165ou.<\/p>\n\n\n\n<p>Poskytujeme bohat\u00fd v\u00fdber pr\u00edchut\u00ed a obalov pre v\u00e1s a v\u00e1\u0161ho mazn\u00e1\u010dika. Na svoje si pr\u00eddu ma\u010dky miluj\u00face m\u00e4so a milovn\u00edci r\u00fdb, dospel\u00e9 ma\u010dky, ma\u010diatka aj star\u0161ie ma\u010dky. Jedine\u010dn\u00fd v\u00fdber m\u00e1me aj pre na\u0161ich kastrovan\u00fdch mil\u00e1\u010dikov a mil\u00e1\u010dikov \u017eij\u00facich v byte, tak\u017ee ani oni sa nemusia vzda\u0165 poch\u00fa\u0165ok.<\/p>\n\n\n\n<p>Krmiv\u00e1 PreVital pre ma\u010dky s\u00fa v obchodoch dostupn\u00e9 v r\u00f4znych form\u00e1toch: such\u00e9 krmivo, konzervy, kapsi\u010dky a uzatv\u00e1rate\u013enej forme tetra.<\/p>\n\n\n\n<p>Na\u0161e portf\u00f3lio neust\u00e1le roz\u0161irujeme pod\u013ea aktu\u00e1lnych trendov, \u010di u\u017e ide o nov\u00e9 obaly alebo ingrediencie.<\/p>\n\n\n\n<div style=\"height:100px\" aria-hidden=\"true\" class=\"wp-block-spacer\"><\/div>\n\n\n\n<p><\/p>\n<\/div><\/div>\n\n\n\n<div class=\"wp-block-group alignfull\"><div class=\"wp-block-group__inner-container is-layout-flow wp-block-group-is-layout-flow\">\n<figure class=\"wp-block-image size-full\"><img loading=\"lazy\" decoding=\"async\" width=\"1920\" height=\"715\" src=\"https:\/\/prevital.eu\/wp-content\/uploads\/2021\/12\/about-block-02.jpg\" alt=\"\" class=\"wp-image-2943\" srcset=\"https:\/\/prevital.eu\/wp-content\/uploads\/2021\/12\/about-block-02.jpg 1920w, https:\/\/prevital.eu\/wp-content\/uploads\/2021\/12\/about-block-02-300x112.jpg 300w, https:\/\/prevital.eu\/wp-content\/uploads\/2021\/12\/about-block-02-1024x381.jpg 1024w, https:\/\/prevital.eu\/wp-content\/uploads\/2021\/12\/about-block-02-768x286.jpg 768w, https:\/\/prevital.eu\/wp-content\/uploads\/2021\/12\/about-block-02-1536x572.jpg 1536w\" sizes=\"auto, (max-width: 1920px) 100vw, 1920px\" \/><\/figure>\n<\/div><\/div>\n\n\n\n<div class=\"wp-block-group alignwide\"><div class=\"wp-block-group__inner-container is-layout-flow wp-block-group-is-layout-flow\">\n<div style=\"height:100px\" aria-hidden=\"true\" class=\"wp-block-spacer\"><\/div>\n\n\n<div class=\"wp-block-image\">\n<figure class=\"aligncenter size-full is-resized\"><img loading=\"lazy\" decoding=\"async\" width=\"1760\" height=\"1725\" src=\"https:\/\/prevital.eu\/wp-content\/uploads\/2025\/01\/ppf_uj_logo_1.png\" alt=\"\" class=\"wp-image-11918\" style=\"width:135px\" srcset=\"https:\/\/prevital.eu\/wp-content\/uploads\/2025\/01\/ppf_uj_logo_1.png 1760w, https:\/\/prevital.eu\/wp-content\/uploads\/2025\/01\/ppf_uj_logo_1-300x294.png 300w, https:\/\/prevital.eu\/wp-content\/uploads\/2025\/01\/ppf_uj_logo_1-1024x1004.png 1024w, https:\/\/prevital.eu\/wp-content\/uploads\/2025\/01\/ppf_uj_logo_1-768x753.png 768w, https:\/\/prevital.eu\/wp-content\/uploads\/2025\/01\/ppf_uj_logo_1-1536x1505.png 1536w, https:\/\/prevital.eu\/wp-content\/uploads\/2025\/01\/ppf_uj_logo_1-60x60.png 60w\" sizes=\"auto, (max-width: 1760px) 100vw, 1760px\" \/><\/figure>\n<\/div>\n\n\n<div style=\"height:50px\" aria-hidden=\"true\" class=\"wp-block-spacer\"><\/div>\n\n\n<div class=\"wp-block-image\">\n<figure class=\"aligncenter size-full\"><img loading=\"lazy\" decoding=\"async\" width=\"360\" height=\"111\" src=\"https:\/\/prevital.eu\/wp-content\/uploads\/2022\/02\/Kto-sme.png\" alt=\"\" class=\"wp-image-4623\" srcset=\"https:\/\/prevital.eu\/wp-content\/uploads\/2022\/02\/Kto-sme.png 360w, https:\/\/prevital.eu\/wp-content\/uploads\/2022\/02\/Kto-sme-300x93.png 300w\" sizes=\"auto, (max-width: 360px) 100vw, 360px\" \/><\/figure>\n<\/div>\n\n\n<div style=\"height:50px\" aria-hidden=\"true\" class=\"wp-block-spacer\"><\/div>\n\n\n\n<p>Partner in Pet Food (PPF) je inovat\u00edvny, popredn\u00fd eur\u00f3psky v\u00fdrobca krmiva pre dom\u00e1ce zvierat\u00e1, ktor\u00fd z\u00e1sobuje viac ako 600 z\u00e1kazn\u00edkov v 40 krajin\u00e1ch: maloobchodn\u00e9 re\u0165azce, supermarkety, obchody s krmivom pre dom\u00e1ce zvierat\u00e1 a veterin\u00e1rnych lek\u00e1rov. PPF je druh\u00fdm najv\u00e4\u010d\u0161\u00edm maloobchodn\u00fdm predajcom mokr\u00e9ho a such\u00e9ho krmiva pre dom\u00e1ce zvierat\u00e1 priv\u00e1tnej zna\u010dky v Eur\u00f3pe, ktor\u00fd pon\u00faka \u0161irok\u00fd sortiment vysokokvalitn\u00e9ho krmiva pre ma\u010dky a psov od such\u00e9ho krmiva, konzerv, polovlhk\u00e9ho krmiva a odme\u0148ovania a\u017e po ma\u010dacie mlieko. Podiel produktov zna\u010dky PPF v Eur\u00f3pe tie\u017e neust\u00e1le rastie.<\/p>\n\n\n\n<p>PPF so s\u00eddlom v Ma\u010farsku, ktor\u00fd zamestn\u00e1va pribli\u017ene 2000 \u013eud\u00ed, p\u00f4sob\u00ed v desiatich krajin\u00e1ch: Holandsku, Ma\u010farsku, \u010ceskej republike, Slovensku, Po\u013esku, Rumunsku, Franc\u00fazsku, Nemecku, \u0160v\u00e9dsku a Taliansku. S desiatimi v\u00fdrobn\u00fdmi z\u00e1vodmi po celej Eur\u00f3pe je PPF jedin\u00fdm hr\u00e1\u010dom na trhu s integrovanou celoeur\u00f3pskou v\u00fdrobnou sie\u0165ou.<\/p>\n\n\n\n<div style=\"height:100px\" aria-hidden=\"true\" class=\"wp-block-spacer\"><\/div>\n<\/div><\/div>\n","protected":false},"excerpt":{"rendered":"<p>Portf\u00f3lio produktov PreVital bola navrhnut\u00e1 tak, aby k\u0155mila na\u0161ich dom\u00e1cich mil\u00e1\u010dikov 100% kompletn\u00fdm a vyv\u00e1\u017een\u00fdm krmivom v ka\u017edom veku, od ma\u010diatok a\u017e po star\u0161ie ma\u010dky. Ka\u017ed\u00fd PreVital obsahuje potrebn\u00e9 vitam\u00edny a miner\u00e1ly, aby bol ka\u017edodenn\u00fd \u017eivot va\u0161ich ma\u010diek vyv\u00e1\u017eenej\u0161\u00ed a \u0161\u0165astnej\u0161\u00ed. Na\u0161e krmivo obsahuje mnoho cenn\u00fdch vitam\u00ednov a miner\u00e1lov, ktor\u00e9 pom\u00e1haj\u00fa uspokojova\u0165 r\u00f4zne potreby ma\u010diek [&hellip;]<\/p>\n","protected":false},"author":1,"featured_media":0,"parent":0,"menu_order":0,"comment_status":"closed","ping_status":"closed","template":"","meta":{"_acf_changed":false,"footnotes":""},"class_list":["post-4582","page","type-page","status-publish","hentry"],"acf":[],"_links":{"self":[{"href":"https:\/\/prevital.eu\/sk\/wp-json\/wp\/v2\/pages\/4582","targetHints":{"allow":["GET"]}}],"collection":[{"href":"https:\/\/prevital.eu\/sk\/wp-json\/wp\/v2\/pages"}],"about":[{"href":"https:\/\/prevital.eu\/sk\/wp-json\/wp\/v2\/types\/page"}],"author":[{"embeddable":true,"href":"https:\/\/prevital.eu\/sk\/wp-json\/wp\/v2\/users\/1"}],"replies":[{"embeddable":true,"href":"https:\/\/prevital.eu\/sk\/wp-json\/wp\/v2\/comments?post=4582"}],"version-history":[{"count":1,"href":"https:\/\/prevital.eu\/sk\/wp-json\/wp\/v2\/pages\/4582\/revisions"}],"predecessor-version":[{"id":11930,"href":"https:\/\/prevital.eu\/sk\/wp-json\/wp\/v2\/pages\/4582\/revisions\/11930"}],"wp:attachment":[{"href":"https:\/\/prevital.eu\/sk\/wp-json\/wp\/v2\/media?parent=4582"}],"curies":[{"name":"wp","href":"https:\/\/api.w.org\/{rel}","templated":true}]}}