{"id":4531,"date":"2021-09-02T12:14:33","date_gmt":"2021-09-02T10:14:33","guid":{"rendered":"https:\/\/prevital.eu\/kapcsolat\/"},"modified":"2022-06-30T13:35:11","modified_gmt":"2022-06-30T11:35:11","slug":"kapcsolat","status":"publish","type":"page","link":"https:\/\/prevital.eu\/sk\/kapcsolat\/","title":{"rendered":"Kontakt"},"content":{"rendered":"\n<div style=\"height:100px\" aria-hidden=\"true\" class=\"wp-block-spacer\"><\/div>\n\n\n\n<p>E-mailov\u00e1 adresa:<\/p>\n\n\n\n<h3 class=\"wp-block-heading\"><a href=\"mailto:cs.sk@ppfeurope.com\" target=\"_blank\" rel=\"noreferrer noopener\">cs.sk@ppfeurope.com<\/a><\/h3>\n\n\n\n<p>Adresa:<\/p>\n\n\n\n<h3 class=\"wp-block-heading\">Partner in Pet Food SK s.r.o.<br>Dunajsk\u00fd Kl\u00e1tov 141<br>930 21 Dunajsk\u00fd Kl\u00e1tov<\/h3>\n","protected":false},"excerpt":{"rendered":"<p>E-mailov\u00e1 adresa: cs.sk@ppfeurope.com Adresa: Partner in Pet Food SK s.r.o.Dunajsk\u00fd Kl\u00e1tov 141930 21 Dunajsk\u00fd Kl\u00e1tov<\/p>\n","protected":false},"author":1,"featured_media":0,"parent":0,"menu_order":0,"comment_status":"closed","ping_status":"closed","template":"page-simple.php","meta":{"_acf_changed":false,"footnotes":""},"class_list":["post-4531","page","type-page","status-publish","hentry"],"acf":[],"_links":{"self":[{"href":"https:\/\/prevital.eu\/sk\/wp-json\/wp\/v2\/pages\/4531","targetHints":{"allow":["GET"]}}],"collection":[{"href":"https:\/\/prevital.eu\/sk\/wp-json\/wp\/v2\/pages"}],"about":[{"href":"https:\/\/prevital.eu\/sk\/wp-json\/wp\/v2\/types\/page"}],"author":[{"embeddable":true,"href":"https:\/\/prevital.eu\/sk\/wp-json\/wp\/v2\/users\/1"}],"replies":[{"embeddable":true,"href":"https:\/\/prevital.eu\/sk\/wp-json\/wp\/v2\/comments?post=4531"}],"version-history":[{"count":1,"href":"https:\/\/prevital.eu\/sk\/wp-json\/wp\/v2\/pages\/4531\/revisions"}],"predecessor-version":[{"id":8934,"href":"https:\/\/prevital.eu\/sk\/wp-json\/wp\/v2\/pages\/4531\/revisions\/8934"}],"wp:attachment":[{"href":"https:\/\/prevital.eu\/sk\/wp-json\/wp\/v2\/media?parent=4531"}],"curies":[{"name":"wp","href":"https:\/\/api.w.org\/{rel}","templated":true}]}}