{"id":2359,"date":"2021-09-02T13:04:44","date_gmt":"2021-09-02T11:04:44","guid":{"rendered":"https:\/\/prevital.eu\/products\/"},"modified":"2025-07-18T15:30:05","modified_gmt":"2025-07-18T13:30:05","slug":"produkty","status":"publish","type":"page","link":"https:\/\/prevital.eu\/sk\/produkty\/","title":{"rendered":"Produkty"},"content":{"rendered":"\n<div class=\"wp-block-group alignfull has-white-background-color has-background\"><div class=\"wp-block-group__inner-container is-layout-flow wp-block-group-is-layout-flow\">\n<div style=\"height:50px\" aria-hidden=\"true\" class=\"wp-block-spacer\"><\/div>\n\n\n<div class=\"wp-block-image\">\n<figure class=\"aligncenter size-full\"><img loading=\"lazy\" decoding=\"async\" width=\"486\" height=\"119\" src=\"https:\/\/prevital.eu\/wp-content\/uploads\/2022\/02\/prod-sk-hl-1.png\" alt=\"\" class=\"wp-image-4759\" srcset=\"https:\/\/prevital.eu\/wp-content\/uploads\/2022\/02\/prod-sk-hl-1.png 486w, https:\/\/prevital.eu\/wp-content\/uploads\/2022\/02\/prod-sk-hl-1-300x73.png 300w\" sizes=\"auto, (max-width: 486px) 100vw, 486px\" \/><\/figure>\n<\/div>\n\n\n<p class=\"has-text-align-center\">V\u00fdber pre ma\u010diatka, dospel\u00e9 a star\u0161ie ma\u010dky.<\/p>\n\n\n\n<div style=\"height:50px\" aria-hidden=\"true\" class=\"wp-block-spacer\"><\/div>\n<\/div><\/div>\n\n\n\n\n<article id=\"content-promo-block_0eaea275de4e7c148f58efb3d0ae6072\" class=\"content-promo content-promo__rtl\">\n    <div class=\"content-promo_mask\"><\/div>\n    <div class=\"content-promo_container\">\n        <div class=\"content-promo_text\">\n            <h4>Na\u0161a ponuka pre ma\u010diatka<\/h4>\n<h2>Chutn\u00e9 ma\u0161krty u\u017e od \u00fatleho veku<\/h2>\n            <a href=\"https:\/\/prevital.eu\/sk\/lifestage\/maciatko\/\"class=\"button button__white\">Spoznajte na\u0161e produkty<\/a>\n        <\/div>\n        <div class=\"content-promo_hero\">\n            <img loading=\"lazy\" decoding=\"async\" width=\"560\" height=\"560\" src=\"https:\/\/prevital.eu\/wp-content\/uploads\/2021\/09\/product-dry-junior-chicken-1.png\" class=\"attachment-product-full size-product-full\" alt=\"\" srcset=\"https:\/\/prevital.eu\/wp-content\/uploads\/2021\/09\/product-dry-junior-chicken-1.png 560w, https:\/\/prevital.eu\/wp-content\/uploads\/2021\/09\/product-dry-junior-chicken-1-300x300.png 300w, https:\/\/prevital.eu\/wp-content\/uploads\/2021\/09\/product-dry-junior-chicken-1-150x150.png 150w, https:\/\/prevital.eu\/wp-content\/uploads\/2021\/09\/product-dry-junior-chicken-1-60x60.png 60w\" sizes=\"auto, (max-width: 560px) 100vw, 560px\" \/>        <\/div>\n    <\/div>\n    <style type=\"text\/css\">\n                #content-promo-block_0eaea275de4e7c148f58efb3d0ae6072{\n            background-image: url(https:\/\/prevital.eu\/wp-content\/uploads\/2021\/09\/header-bg-5.jpg);\n        }\n        #content-promo-block_0eaea275de4e7c148f58efb3d0ae6072 .content-promo_mask,\n        #content-promo-block_0eaea275de4e7c148f58efb3d0ae6072 .content-promo_container{\n            background: rgba(232, 108, 177, 1);\n        }\n        @media screen and (min-width: 558px){\n            #content-promo-block_0eaea275de4e7c148f58efb3d0ae6072 .content-promo_mask{\n                background: linear-gradient(90deg, rgba(232,108,177,1) 85%, rgba(232,108,177,0) 100%);\n            }\n            #content-promo-block_0eaea275de4e7c148f58efb3d0ae6072 .content-promo_container{\n                background:none;\n            }\n        }\n        @media screen and (min-width: 558px){\n            #content-promo-block_0eaea275de4e7c148f58efb3d0ae6072.content-promo__rtl .content-promo_mask{\n                background: linear-gradient(270deg, rgba(232,108,177,1) 85%, rgba(232,108,177,0) 100%);\n            }\n            #content-promo-block_0eaea275de4e7c148f58efb3d0ae6072 .content-promo_container{\n                background:none;\n            }\n        }\n    <\/style>\n<\/article>\n\n\n\n<article id=\"content-promo-block_f078d646a898c90af0a03353fe193b83\" class=\"content-promo\">\n    <div class=\"content-promo_mask\"><\/div>\n    <div class=\"content-promo_container\">\n        <div class=\"content-promo_text\">\n            <h4>Na\u0161a ponuka pre dospel\u00e9 ma\u010dky<\/h4>\n<h2>Lahodn\u00e9 poch\u00fa\u0165ky pre na\u0161ich dospel\u00fdch mazn\u00e1\u010dikov<\/h2>\n            <a href=\"https:\/\/prevital.eu\/sk\/lifestage\/dospela-macka\/\"class=\"button button__white\">Spoznajte na\u0161e produkty<\/a>\n        <\/div>\n        <div class=\"content-promo_hero\">\n            <img loading=\"lazy\" decoding=\"async\" width=\"560\" height=\"560\" src=\"https:\/\/prevital.eu\/wp-content\/uploads\/2021\/09\/PreVital_pouch_12PACK_classic_GRAVY_CHICKEN-VEAL-SALMON_Front.dim_.png\" class=\"attachment-product-full size-product-full\" alt=\"\" srcset=\"https:\/\/prevital.eu\/wp-content\/uploads\/2021\/09\/PreVital_pouch_12PACK_classic_GRAVY_CHICKEN-VEAL-SALMON_Front.dim_.png 560w, https:\/\/prevital.eu\/wp-content\/uploads\/2021\/09\/PreVital_pouch_12PACK_classic_GRAVY_CHICKEN-VEAL-SALMON_Front.dim_-300x300.png 300w, https:\/\/prevital.eu\/wp-content\/uploads\/2021\/09\/PreVital_pouch_12PACK_classic_GRAVY_CHICKEN-VEAL-SALMON_Front.dim_-150x150.png 150w, https:\/\/prevital.eu\/wp-content\/uploads\/2021\/09\/PreVital_pouch_12PACK_classic_GRAVY_CHICKEN-VEAL-SALMON_Front.dim_-60x60.png 60w\" sizes=\"auto, (max-width: 560px) 100vw, 560px\" \/>        <\/div>\n    <\/div>\n    <style type=\"text\/css\">\n                #content-promo-block_f078d646a898c90af0a03353fe193b83{\n            background-image: url(https:\/\/prevital.eu\/wp-content\/uploads\/2021\/09\/header-bg-4.jpg);\n        }\n        #content-promo-block_f078d646a898c90af0a03353fe193b83 .content-promo_mask,\n        #content-promo-block_f078d646a898c90af0a03353fe193b83 .content-promo_container{\n            background: rgba(6, 23, 123, 1);\n        }\n        @media screen and (min-width: 558px){\n            #content-promo-block_f078d646a898c90af0a03353fe193b83 .content-promo_mask{\n                background: linear-gradient(90deg, rgba(6,23,123,1) 85%, rgba(6,23,123,0) 100%);\n            }\n            #content-promo-block_f078d646a898c90af0a03353fe193b83 .content-promo_container{\n                background:none;\n            }\n        }\n        @media screen and (min-width: 558px){\n            #content-promo-block_f078d646a898c90af0a03353fe193b83.content-promo__rtl .content-promo_mask{\n                background: linear-gradient(270deg, rgba(6,23,123,1) 85%, rgba(6,23,123,0) 100%);\n            }\n            #content-promo-block_f078d646a898c90af0a03353fe193b83 .content-promo_container{\n                background:none;\n            }\n        }\n    <\/style>\n<\/article>\n\n\n\n<article id=\"content-promo-block_6cc13b62ab0ef95b986ad36f1735997c\" class=\"content-promo content-promo__rtl\">\n    <div class=\"content-promo_mask\"><\/div>\n    <div class=\"content-promo_container\">\n        <div class=\"content-promo_text\">\n            <h4>Na\u0161a ponuka pre star\u0161ie ma\u010dky<\/h4>\n<h2>Maxim\u00e1lna starostlivos\u0165 o na\u0161e star\u0161ie ma\u010dky<\/h2>\n            <a href=\"https:\/\/prevital.eu\/sk\/lifestage\/starsia-macka\/\"class=\"button button__white\">Spoznajte na\u0161e produkty<\/a>\n        <\/div>\n        <div class=\"content-promo_hero\">\n            <img loading=\"lazy\" decoding=\"async\" width=\"560\" height=\"560\" src=\"https:\/\/prevital.eu\/wp-content\/uploads\/2021\/09\/product-senior-salmon.png\" class=\"attachment-product-full size-product-full\" alt=\"\" srcset=\"https:\/\/prevital.eu\/wp-content\/uploads\/2021\/09\/product-senior-salmon.png 560w, https:\/\/prevital.eu\/wp-content\/uploads\/2021\/09\/product-senior-salmon-300x300.png 300w, https:\/\/prevital.eu\/wp-content\/uploads\/2021\/09\/product-senior-salmon-150x150.png 150w\" sizes=\"auto, (max-width: 560px) 100vw, 560px\" \/>        <\/div>\n    <\/div>\n    <style type=\"text\/css\">\n                #content-promo-block_6cc13b62ab0ef95b986ad36f1735997c{\n            background-image: url(https:\/\/prevital.eu\/wp-content\/uploads\/2021\/09\/header-bg-3.jpg);\n        }\n        #content-promo-block_6cc13b62ab0ef95b986ad36f1735997c .content-promo_mask,\n        #content-promo-block_6cc13b62ab0ef95b986ad36f1735997c .content-promo_container{\n            background: rgba(0, 153, 220, 1);\n        }\n        @media screen and (min-width: 558px){\n            #content-promo-block_6cc13b62ab0ef95b986ad36f1735997c .content-promo_mask{\n                background: linear-gradient(90deg, rgba(0,153,220,1) 85%, rgba(0,153,220,0) 100%);\n            }\n            #content-promo-block_6cc13b62ab0ef95b986ad36f1735997c .content-promo_container{\n                background:none;\n            }\n        }\n        @media screen and (min-width: 558px){\n            #content-promo-block_6cc13b62ab0ef95b986ad36f1735997c.content-promo__rtl .content-promo_mask{\n                background: linear-gradient(270deg, rgba(0,153,220,1) 85%, rgba(0,153,220,0) 100%);\n            }\n            #content-promo-block_6cc13b62ab0ef95b986ad36f1735997c .content-promo_container{\n                background:none;\n            }\n        }\n    <\/style>\n<\/article>\n\n\n<div class=\"wp-block-group alignfull has-white-background-color has-background\"><div class=\"wp-block-group__inner-container is-layout-flow wp-block-group-is-layout-flow\">\n<div style=\"height:50px\" aria-hidden=\"true\" class=\"wp-block-spacer\"><\/div>\n\n\n<div class=\"wp-block-image\">\n<figure class=\"aligncenter size-full\"><img loading=\"lazy\" decoding=\"async\" width=\"485\" height=\"155\" src=\"https:\/\/prevital.eu\/wp-content\/uploads\/2022\/02\/prod-sk-hl-2.png\" alt=\"\" class=\"wp-image-4766\" srcset=\"https:\/\/prevital.eu\/wp-content\/uploads\/2022\/02\/prod-sk-hl-2.png 485w, https:\/\/prevital.eu\/wp-content\/uploads\/2022\/02\/prod-sk-hl-2-300x96.png 300w\" sizes=\"auto, (max-width: 485px) 100vw, 485px\" \/><\/figure>\n<\/div>\n\n\n<p class=\"has-text-align-center\">N\u00e1\u0161 v\u00fdber pre ma\u010dky chovan\u00e9 v interi\u00e9ri a pre kastrovan\u00e9 ma\u010dky.<\/p>\n\n\n\n<div style=\"height:50px\" aria-hidden=\"true\" class=\"wp-block-spacer\"><\/div>\n<\/div><\/div>\n\n\n\n\n<article id=\"content-promo-block_b6ef0246dda82d9bf1bd876f61b994bf\" class=\"content-promo\">\n    <div class=\"content-promo_mask\"><\/div>\n    <div class=\"content-promo_container\">\n        <div class=\"content-promo_text\">\n            <h4>Na\u0161a ponuka pre ma\u010dky chovan\u00e9 v interi\u00e9ri<\/h4>\n<h2>Chutn\u00e9 poch\u00fa\u0165ky pre na\u0161ich mil\u00e1\u010dikov chovan\u00fdch v byte<\/h2>\n            <a href=\"https:\/\/prevital.eu\/sk\/lifestyle\/nasa-ponuka-pre-macky-chovane-v-interieri\/\"class=\"button button__white\">Spoznajte na\u0161e produkty<\/a>\n        <\/div>\n        <div class=\"content-promo_hero\">\n            <img loading=\"lazy\" decoding=\"async\" width=\"560\" height=\"560\" src=\"https:\/\/prevital.eu\/wp-content\/uploads\/2025\/01\/dry-sterile-indoor-group-560x560.png\" class=\"attachment-product-full size-product-full\" alt=\"\" srcset=\"https:\/\/prevital.eu\/wp-content\/uploads\/2025\/01\/dry-sterile-indoor-group-560x560.png 560w, https:\/\/prevital.eu\/wp-content\/uploads\/2025\/01\/dry-sterile-indoor-group-150x150.png 150w, https:\/\/prevital.eu\/wp-content\/uploads\/2025\/01\/dry-sterile-indoor-group-60x60.png 60w\" sizes=\"auto, (max-width: 560px) 100vw, 560px\" \/>        <\/div>\n    <\/div>\n    <style type=\"text\/css\">\n                #content-promo-block_b6ef0246dda82d9bf1bd876f61b994bf{\n            background-image: url(https:\/\/prevital.eu\/wp-content\/uploads\/2021\/09\/header-bg-3.jpg);\n        }\n        #content-promo-block_b6ef0246dda82d9bf1bd876f61b994bf .content-promo_mask,\n        #content-promo-block_b6ef0246dda82d9bf1bd876f61b994bf .content-promo_container{\n            background: rgba(64, 193, 172, 1);\n        }\n        @media screen and (min-width: 558px){\n            #content-promo-block_b6ef0246dda82d9bf1bd876f61b994bf .content-promo_mask{\n                background: linear-gradient(90deg, rgba(64,193,172,1) 85%, rgba(64,193,172,0) 100%);\n            }\n            #content-promo-block_b6ef0246dda82d9bf1bd876f61b994bf .content-promo_container{\n                background:none;\n            }\n        }\n        @media screen and (min-width: 558px){\n            #content-promo-block_b6ef0246dda82d9bf1bd876f61b994bf.content-promo__rtl .content-promo_mask{\n                background: linear-gradient(270deg, rgba(64,193,172,1) 85%, rgba(64,193,172,0) 100%);\n            }\n            #content-promo-block_b6ef0246dda82d9bf1bd876f61b994bf .content-promo_container{\n                background:none;\n            }\n        }\n    <\/style>\n<\/article>\n\n\n\n<article id=\"content-promo-block_ffd49c466675d753620c4f88276f56e6\" class=\"content-promo content-promo__rtl\">\n    <div class=\"content-promo_mask\"><\/div>\n    <div class=\"content-promo_container\">\n        <div class=\"content-promo_text\">\n            <h4>Na\u0161a ponuka pre kastrovan\u00e9 ma\u010dky<\/h4>\n<h2>\u0160peci\u00e1lne ma\u0161krty vyvinut\u00e9 pre kastrovan\u00e9 ma\u010dky<\/h2>\n            <a href=\"https:\/\/prevital.eu\/sk\/lifestyle\/kastrovana-macka\/\"class=\"button button__white\">Spoznajte na\u0161e produkty<\/a>\n        <\/div>\n        <div class=\"content-promo_hero\">\n            <img loading=\"lazy\" decoding=\"async\" width=\"560\" height=\"560\" src=\"https:\/\/prevital.eu\/wp-content\/uploads\/2021\/09\/STD_4MP_Poultry_Liver_in_gravy_STERILE.png\" class=\"attachment-product-full size-product-full\" alt=\"\" srcset=\"https:\/\/prevital.eu\/wp-content\/uploads\/2021\/09\/STD_4MP_Poultry_Liver_in_gravy_STERILE.png 560w, https:\/\/prevital.eu\/wp-content\/uploads\/2021\/09\/STD_4MP_Poultry_Liver_in_gravy_STERILE-300x300.png 300w, https:\/\/prevital.eu\/wp-content\/uploads\/2021\/09\/STD_4MP_Poultry_Liver_in_gravy_STERILE-150x150.png 150w, https:\/\/prevital.eu\/wp-content\/uploads\/2021\/09\/STD_4MP_Poultry_Liver_in_gravy_STERILE-60x60.png 60w\" sizes=\"auto, (max-width: 560px) 100vw, 560px\" \/>        <\/div>\n    <\/div>\n    <style type=\"text\/css\">\n                #content-promo-block_ffd49c466675d753620c4f88276f56e6{\n            background-image: url(https:\/\/prevital.eu\/wp-content\/uploads\/2025\/07\/KIS1991-e1752845263188.jpg);\n        }\n        #content-promo-block_ffd49c466675d753620c4f88276f56e6 .content-promo_mask,\n        #content-promo-block_ffd49c466675d753620c4f88276f56e6 .content-promo_container{\n            background: rgba(114, 163, 63, 1);\n        }\n        @media screen and (min-width: 558px){\n            #content-promo-block_ffd49c466675d753620c4f88276f56e6 .content-promo_mask{\n                background: linear-gradient(90deg, rgba(114,163,63,1) 85%, rgba(114,163,63,0) 100%);\n            }\n            #content-promo-block_ffd49c466675d753620c4f88276f56e6 .content-promo_container{\n                background:none;\n            }\n        }\n        @media screen and (min-width: 558px){\n            #content-promo-block_ffd49c466675d753620c4f88276f56e6.content-promo__rtl .content-promo_mask{\n                background: linear-gradient(270deg, rgba(114,163,63,1) 85%, rgba(114,163,63,0) 100%);\n            }\n            #content-promo-block_ffd49c466675d753620c4f88276f56e6 .content-promo_container{\n                background:none;\n            }\n        }\n    <\/style>\n<\/article>","protected":false},"excerpt":{"rendered":"<p>V\u00fdber pre ma\u010diatka, dospel\u00e9 a star\u0161ie ma\u010dky. N\u00e1\u0161 v\u00fdber pre ma\u010dky chovan\u00e9 v interi\u00e9ri a pre kastrovan\u00e9 ma\u010dky.<\/p>\n","protected":false},"author":1,"featured_media":0,"parent":0,"menu_order":0,"comment_status":"closed","ping_status":"closed","template":"page-templates\/page-products.php","meta":{"_acf_changed":false,"footnotes":""},"class_list":["post-2359","page","type-page","status-publish","hentry"],"acf":[],"_links":{"self":[{"href":"https:\/\/prevital.eu\/sk\/wp-json\/wp\/v2\/pages\/2359","targetHints":{"allow":["GET"]}}],"collection":[{"href":"https:\/\/prevital.eu\/sk\/wp-json\/wp\/v2\/pages"}],"about":[{"href":"https:\/\/prevital.eu\/sk\/wp-json\/wp\/v2\/types\/page"}],"author":[{"embeddable":true,"href":"https:\/\/prevital.eu\/sk\/wp-json\/wp\/v2\/users\/1"}],"replies":[{"embeddable":true,"href":"https:\/\/prevital.eu\/sk\/wp-json\/wp\/v2\/comments?post=2359"}],"version-history":[{"count":5,"href":"https:\/\/prevital.eu\/sk\/wp-json\/wp\/v2\/pages\/2359\/revisions"}],"predecessor-version":[{"id":15232,"href":"https:\/\/prevital.eu\/sk\/wp-json\/wp\/v2\/pages\/2359\/revisions\/15232"}],"wp:attachment":[{"href":"https:\/\/prevital.eu\/sk\/wp-json\/wp\/v2\/media?parent=2359"}],"curies":[{"name":"wp","href":"https:\/\/api.w.org\/{rel}","templated":true}]}}