{"id":2224,"date":"2021-09-02T12:14:41","date_gmt":"2021-09-02T10:14:41","guid":{"rendered":"https:\/\/prevital.eu\/meal-finder\/"},"modified":"2022-03-17T14:05:20","modified_gmt":"2022-03-17T12:05:20","slug":"vyhladavac-produktov","status":"publish","type":"page","link":"https:\/\/prevital.eu\/sk\/vyhladavac-produktov\/","title":{"rendered":"Vyh\u013ead\u00e1va\u010d produktov"},"content":{"rendered":"\n<h1 class=\"has-text-align-center wp-block-heading\">N\u00e1jdite nov\u00e9 ob\u013e\u00faben\u00e9 krmivo pre svoju ma\u010dku!<\/h1>\n\n\n\n<p><\/p>\n","protected":false},"excerpt":{"rendered":"<p>N\u00e1jdite nov\u00e9 ob\u013e\u00faben\u00e9 krmivo pre svoju ma\u010dku!<\/p>\n","protected":false},"author":1,"featured_media":0,"parent":0,"menu_order":0,"comment_status":"closed","ping_status":"closed","template":"page-templates\/page-mealfinder.php","meta":{"_acf_changed":false,"footnotes":""},"class_list":["post-2224","page","type-page","status-publish","hentry"],"acf":[],"_links":{"self":[{"href":"https:\/\/prevital.eu\/sk\/wp-json\/wp\/v2\/pages\/2224","targetHints":{"allow":["GET"]}}],"collection":[{"href":"https:\/\/prevital.eu\/sk\/wp-json\/wp\/v2\/pages"}],"about":[{"href":"https:\/\/prevital.eu\/sk\/wp-json\/wp\/v2\/types\/page"}],"author":[{"embeddable":true,"href":"https:\/\/prevital.eu\/sk\/wp-json\/wp\/v2\/users\/1"}],"replies":[{"embeddable":true,"href":"https:\/\/prevital.eu\/sk\/wp-json\/wp\/v2\/comments?post=2224"}],"version-history":[{"count":0,"href":"https:\/\/prevital.eu\/sk\/wp-json\/wp\/v2\/pages\/2224\/revisions"}],"wp:attachment":[{"href":"https:\/\/prevital.eu\/sk\/wp-json\/wp\/v2\/media?parent=2224"}],"curies":[{"name":"wp","href":"https:\/\/api.w.org\/{rel}","templated":true}]}}