{"id":6037,"date":"2021-09-03T10:35:31","date_gmt":"2021-09-03T08:35:31","guid":{"rendered":"https:\/\/prevital.eu\/product\/complete-petfood-for-adult-cats-with-beef\/"},"modified":"2025-01-13T20:40:26","modified_gmt":"2025-01-13T18:40:26","slug":"hrana-completa-pentru-pisici-adulte-cu-vita","status":"publish","type":"product","link":"https:\/\/prevital.eu\/ro\/product\/hrana-completa-pentru-pisici-adulte-cu-vita\/","title":{"rendered":"Hran\u0103 complet\u0103 pentru pisici adulte cu vit\u0103"},"content":{"rendered":"\n<div class=\"wp-block-columns alignwide is-layout-flex wp-container-core-columns-is-layout-9d6595d7 wp-block-columns-is-layout-flex\">\n<div class=\"wp-block-column is-layout-flow wp-block-column-is-layout-flow\">\n<h2 class=\"wp-block-heading\">\u00cengrijire deplin\u0103 <br><strong>pentru toarcere mul\u021bumit\u0103.<\/strong><\/h2>\n\n\n\n<p><strong>Am dezvoltat portofoliul PreVital pentru a oferi hran\u0103 pentru pisici 100% complet\u0103 \u0219i echilibrat\u0103 pentru fiecare etap\u0103 a vie\u021bii &#8211; de la pisici tinere la senioare. <\/strong><\/p>\n\n\n\n<p>Fiecare produs PreVital con\u021bine vitaminele \u0219i mineralele necesare pentru a asigura zile echilibrate \u0219i fericite pentru pisica ta.Cu gust grozav.<\/p>\n<\/div>\n\n\n\n<div class=\"wp-block-column is-layout-flow wp-block-column-is-layout-flow\">\n<figure class=\"wp-block-image size-full\"><img loading=\"lazy\" decoding=\"async\" width=\"800\" height=\"492\" src=\"https:\/\/prevital.eu\/wp-content\/uploads\/2021\/09\/bowl-adult-beef-1.png\" alt=\"\" class=\"wp-image-4051\" srcset=\"https:\/\/prevital.eu\/wp-content\/uploads\/2021\/09\/bowl-adult-beef-1.png 800w, https:\/\/prevital.eu\/wp-content\/uploads\/2021\/09\/bowl-adult-beef-1-300x185.png 300w, https:\/\/prevital.eu\/wp-content\/uploads\/2021\/09\/bowl-adult-beef-1-768x472.png 768w\" sizes=\"auto, (max-width: 800px) 100vw, 800px\" \/><\/figure>\n<\/div>\n<\/div>\n","protected":false},"featured_media":4294,"menu_order":0,"template":"","meta":{"_acf_changed":false,"footnotes":""},"product_family":[],"product_form":[256],"flavour":[325],"lifestage":[260],"lifestyle":[],"store":[],"class_list":["post-6037","product","type-product","status-publish","has-post-thumbnail","hentry","product_form-uscata","flavour-beef-ro","lifestage-adulte"],"acf":[],"_links":{"self":[{"href":"https:\/\/prevital.eu\/ro\/wp-json\/wp\/v2\/product\/6037","targetHints":{"allow":["GET"]}}],"collection":[{"href":"https:\/\/prevital.eu\/ro\/wp-json\/wp\/v2\/product"}],"about":[{"href":"https:\/\/prevital.eu\/ro\/wp-json\/wp\/v2\/types\/product"}],"version-history":[{"count":2,"href":"https:\/\/prevital.eu\/ro\/wp-json\/wp\/v2\/product\/6037\/revisions"}],"predecessor-version":[{"id":11768,"href":"https:\/\/prevital.eu\/ro\/wp-json\/wp\/v2\/product\/6037\/revisions\/11768"}],"wp:featuredmedia":[{"embeddable":true,"href":"https:\/\/prevital.eu\/ro\/wp-json\/wp\/v2\/media\/4294"}],"wp:attachment":[{"href":"https:\/\/prevital.eu\/ro\/wp-json\/wp\/v2\/media?parent=6037"}],"wp:term":[{"taxonomy":"product_family","embeddable":true,"href":"https:\/\/prevital.eu\/ro\/wp-json\/wp\/v2\/product_family?post=6037"},{"taxonomy":"product_form","embeddable":true,"href":"https:\/\/prevital.eu\/ro\/wp-json\/wp\/v2\/product_form?post=6037"},{"taxonomy":"flavour","embeddable":true,"href":"https:\/\/prevital.eu\/ro\/wp-json\/wp\/v2\/flavour?post=6037"},{"taxonomy":"lifestage","embeddable":true,"href":"https:\/\/prevital.eu\/ro\/wp-json\/wp\/v2\/lifestage?post=6037"},{"taxonomy":"lifestyle","embeddable":true,"href":"https:\/\/prevital.eu\/ro\/wp-json\/wp\/v2\/lifestyle?post=6037"},{"taxonomy":"store","embeddable":true,"href":"https:\/\/prevital.eu\/ro\/wp-json\/wp\/v2\/store?post=6037"}],"curies":[{"name":"wp","href":"https:\/\/api.w.org\/{rel}","templated":true}]}}