{"id":5704,"date":"2021-09-09T16:27:15","date_gmt":"2021-09-09T14:27:15","guid":{"rendered":"https:\/\/prevital.eu\/product\/prevital-pouch-cat-chicken-veal-salmon-sterile-liver-in-gravy\/"},"modified":"2025-09-30T16:24:06","modified_gmt":"2025-09-30T14:24:06","slug":"hrana-completa-pentru-pisici-adulte-in-sos-cu-pui-vitel-somon-ficat","status":"publish","type":"product","link":"https:\/\/prevital.eu\/ro\/product\/hrana-completa-pentru-pisici-adulte-in-sos-cu-pui-vitel-somon-ficat\/","title":{"rendered":"Hran\u0103 complet\u0103 pentru pisici adulte \u00een sos, cu pui \/ vi\u021bel \/ somon \/ ficat"},"content":{"rendered":"\n<div class=\"wp-block-columns alignwide is-layout-flex wp-container-core-columns-is-layout-9d6595d7 wp-block-columns-is-layout-flex\">\n<div class=\"wp-block-column is-layout-flow wp-block-column-is-layout-flow\">\n<h2 class=\"wp-block-heading\">\u00cengrijire deplin\u0103 <br><strong>pentru toarcere mul\u021bumit\u0103.<\/strong><\/h2>\n\n\n\n<p><strong>Am dezvoltat portofoliul PreVital pentru a oferi hran\u0103 pentru pisici 100% complet\u0103 \u0219i echilibrat\u0103 pentru fiecare etap\u0103 a vie\u021bii &#8211; de la pisici tinere la senioare. <\/strong><\/p>\n\n\n\n<p>Fiecare produs PreVital con\u021bine vitaminele \u0219i mineralele necesare pentru a asigura zile echilibrate \u0219i fericite pentru pisica ta.<\/p>\n<\/div>\n\n\n\n<div class=\"wp-block-column is-layout-flow wp-block-column-is-layout-flow\">\n<figure class=\"wp-block-image size-full\"><img loading=\"lazy\" decoding=\"async\" width=\"800\" height=\"454\" src=\"https:\/\/prevital.eu\/wp-content\/uploads\/2021\/09\/bowl-veal-in-gravy.png\" alt=\"\" class=\"wp-image-4138\" srcset=\"https:\/\/prevital.eu\/wp-content\/uploads\/2021\/09\/bowl-veal-in-gravy.png 800w, https:\/\/prevital.eu\/wp-content\/uploads\/2021\/09\/bowl-veal-in-gravy-300x170.png 300w, https:\/\/prevital.eu\/wp-content\/uploads\/2021\/09\/bowl-veal-in-gravy-768x436.png 768w\" sizes=\"auto, (max-width: 800px) 100vw, 800px\" \/><\/figure>\n<\/div>\n<\/div>\n","protected":false},"featured_media":15403,"menu_order":0,"template":"","meta":{"_acf_changed":false,"footnotes":""},"product_family":[],"product_form":[257],"flavour":[321,323,322,320],"lifestage":[260,262],"lifestyle":[264],"store":[],"class_list":["post-5704","product","type-product","status-publish","has-post-thumbnail","hentry","product_form-alupouch-ro","flavour-chicken-ro","flavour-liver-ro","flavour-salmon-ro","flavour-veal-ro","lifestage-adulte","lifestage-senioare","lifestyle-pisici-sterilizate"],"acf":[],"_links":{"self":[{"href":"https:\/\/prevital.eu\/ro\/wp-json\/wp\/v2\/product\/5704","targetHints":{"allow":["GET"]}}],"collection":[{"href":"https:\/\/prevital.eu\/ro\/wp-json\/wp\/v2\/product"}],"about":[{"href":"https:\/\/prevital.eu\/ro\/wp-json\/wp\/v2\/types\/product"}],"version-history":[{"count":1,"href":"https:\/\/prevital.eu\/ro\/wp-json\/wp\/v2\/product\/5704\/revisions"}],"predecessor-version":[{"id":15298,"href":"https:\/\/prevital.eu\/ro\/wp-json\/wp\/v2\/product\/5704\/revisions\/15298"}],"wp:featuredmedia":[{"embeddable":true,"href":"https:\/\/prevital.eu\/ro\/wp-json\/wp\/v2\/media\/15403"}],"wp:attachment":[{"href":"https:\/\/prevital.eu\/ro\/wp-json\/wp\/v2\/media?parent=5704"}],"wp:term":[{"taxonomy":"product_family","embeddable":true,"href":"https:\/\/prevital.eu\/ro\/wp-json\/wp\/v2\/product_family?post=5704"},{"taxonomy":"product_form","embeddable":true,"href":"https:\/\/prevital.eu\/ro\/wp-json\/wp\/v2\/product_form?post=5704"},{"taxonomy":"flavour","embeddable":true,"href":"https:\/\/prevital.eu\/ro\/wp-json\/wp\/v2\/flavour?post=5704"},{"taxonomy":"lifestage","embeddable":true,"href":"https:\/\/prevital.eu\/ro\/wp-json\/wp\/v2\/lifestage?post=5704"},{"taxonomy":"lifestyle","embeddable":true,"href":"https:\/\/prevital.eu\/ro\/wp-json\/wp\/v2\/lifestyle?post=5704"},{"taxonomy":"store","embeddable":true,"href":"https:\/\/prevital.eu\/ro\/wp-json\/wp\/v2\/store?post=5704"}],"curies":[{"name":"wp","href":"https:\/\/api.w.org\/{rel}","templated":true}]}}