{"id":4801,"date":"2021-09-02T12:14:08","date_gmt":"2021-09-02T10:14:08","guid":{"rendered":"https:\/\/prevital.eu\/ujdonsagok\/"},"modified":"2025-07-16T17:30:12","modified_gmt":"2025-07-16T15:30:12","slug":"inovatie","status":"publish","type":"page","link":"https:\/\/prevital.eu\/ro\/inovatie\/","title":{"rendered":"Inova\u021bie"},"content":{"rendered":"\n\n<article id=\"content-promo-block_546fc61cd7384ab2db37960641948e55\" class=\"content-promo content-promo__rtl\">\n    <div class=\"content-promo_mask\"><\/div>\n    <div class=\"content-promo_container\">\n        <div class=\"content-promo_text\">\n            <h2>Gust\u0103ri<\/h2>\n<p>E bine s\u0103 fii r\u0103spl\u0103tit sau s\u0103 r\u0103spl\u0103te\u0219ti pe cineva! Prevital furnizeaz\u0103 toate tipurile de gust\u0103ri: oferim pernu\u021be umplute, be\u021bi\u0219oare cu carne, gust\u0103ri \u00een forme juc\u0103u\u0219e, cu arome \u0219i ambalaje diferite. Surprinde-\u021bi pisica cu una dintre ele!<\/p>\n            <a href=\"https:\/\/prevital.eu\/ro\/product_form\/gustari\/\"class=\"button button__white\">Explora\u021bi produsele noastre<\/a>\n        <\/div>\n        <div class=\"content-promo_hero\">\n            <img loading=\"lazy\" decoding=\"async\" width=\"535\" height=\"560\" src=\"https:\/\/prevital.eu\/wp-content\/uploads\/2021\/10\/innovation-snacks-535x560.png\" class=\"attachment-product-full size-product-full\" alt=\"\" \/>        <\/div>\n    <\/div>\n    <style type=\"text\/css\">\n                #content-promo-block_546fc61cd7384ab2db37960641948e55{\n            background-image: url(https:\/\/prevital.eu\/wp-content\/uploads\/2021\/09\/header-bg-5.jpg);\n        }\n        #content-promo-block_546fc61cd7384ab2db37960641948e55 .content-promo_mask,\n        #content-promo-block_546fc61cd7384ab2db37960641948e55 .content-promo_container{\n            background: rgba(0, 153, 220, 1);\n        }\n        @media screen and (min-width: 558px){\n            #content-promo-block_546fc61cd7384ab2db37960641948e55 .content-promo_mask{\n                background: linear-gradient(90deg, rgba(0,153,220,1) 85%, rgba(0,153,220,0) 100%);\n            }\n            #content-promo-block_546fc61cd7384ab2db37960641948e55 .content-promo_container{\n                background:none;\n            }\n        }\n        @media screen and (min-width: 558px){\n            #content-promo-block_546fc61cd7384ab2db37960641948e55.content-promo__rtl .content-promo_mask{\n                background: linear-gradient(270deg, rgba(0,153,220,1) 85%, rgba(0,153,220,0) 100%);\n            }\n            #content-promo-block_546fc61cd7384ab2db37960641948e55 .content-promo_container{\n                background:none;\n            }\n        }\n    <\/style>\n<\/article>\n\n\n\n<article id=\"content-promo-block_8e985728c56919b41cc83e24c260fb22\" class=\"content-promo\">\n    <div class=\"content-promo_mask\"><\/div>\n    <div class=\"content-promo_container\">\n        <div class=\"content-promo_text\">\n            <h2>PreVital Mousse<\/h2>\n            <a href=\"https:\/\/prevital.eu\/ro\/product_family\/mousse\/\"class=\"button button__white\">Explora\u021bi produsele noastre<\/a>\n        <\/div>\n        <div class=\"content-promo_hero\">\n            <img loading=\"lazy\" decoding=\"async\" width=\"547\" height=\"547\" src=\"https:\/\/prevital.eu\/wp-content\/uploads\/2025\/03\/PPF_Mousse_Adult_-9-1.png\" class=\"attachment-product-full size-product-full\" alt=\"\" srcset=\"https:\/\/prevital.eu\/wp-content\/uploads\/2025\/03\/PPF_Mousse_Adult_-9-1.png 547w, https:\/\/prevital.eu\/wp-content\/uploads\/2025\/03\/PPF_Mousse_Adult_-9-1-300x300.png 300w, https:\/\/prevital.eu\/wp-content\/uploads\/2025\/03\/PPF_Mousse_Adult_-9-1-150x150.png 150w, https:\/\/prevital.eu\/wp-content\/uploads\/2025\/03\/PPF_Mousse_Adult_-9-1-60x60.png 60w\" sizes=\"auto, (max-width: 547px) 100vw, 547px\" \/>        <\/div>\n    <\/div>\n    <style type=\"text\/css\">\n                #content-promo-block_8e985728c56919b41cc83e24c260fb22{\n            background-image: url(https:\/\/prevital.eu\/wp-content\/uploads\/2022\/01\/header-bg-x.jpg);\n        }\n        #content-promo-block_8e985728c56919b41cc83e24c260fb22 .content-promo_mask,\n        #content-promo-block_8e985728c56919b41cc83e24c260fb22 .content-promo_container{\n            background: rgba(6, 23, 123, 1);\n        }\n        @media screen and (min-width: 558px){\n            #content-promo-block_8e985728c56919b41cc83e24c260fb22 .content-promo_mask{\n                background: linear-gradient(90deg, rgba(6,23,123,1) 85%, rgba(6,23,123,0) 100%);\n            }\n            #content-promo-block_8e985728c56919b41cc83e24c260fb22 .content-promo_container{\n                background:none;\n            }\n        }\n        @media screen and (min-width: 558px){\n            #content-promo-block_8e985728c56919b41cc83e24c260fb22.content-promo__rtl .content-promo_mask{\n                background: linear-gradient(270deg, rgba(6,23,123,1) 85%, rgba(6,23,123,0) 100%);\n            }\n            #content-promo-block_8e985728c56919b41cc83e24c260fb22 .content-promo_container{\n                background:none;\n            }\n        }\n    <\/style>\n<\/article>\n\n\n\n<article id=\"content-promo-block_fc39e4d34e46051751a41032caa7c6f6\" class=\"content-promo content-promo__rtl\">\n    <div class=\"content-promo_mask\"><\/div>\n    <div class=\"content-promo_container\">\n        <div class=\"content-promo_text\">\n            <h2>Selec\u021bie de fileuri PreVital<\/h2>\n<p>PreVital Selec\u021bie de fileuri (Fillet Selection) hran\u0103 moale \u0219i delicioas\u0103 pentru pisici, \u00een sos \u0219i aspic delicios, care are un con\u021binut remarcabil de ridicat de carne pentru a v\u0103 face pisica fericit\u0103 \u0219i mul\u021bumit\u0103<\/p>\n            <a href=\"https:\/\/prevital.eu\/ro\/product_family\/selectie-de-fileuri-prevital\/\"class=\"button button__white\">Explora\u021bi produsele noastre<\/a>\n        <\/div>\n        <div class=\"content-promo_hero\">\n            <img loading=\"lazy\" decoding=\"async\" width=\"560\" height=\"560\" src=\"https:\/\/prevital.eu\/wp-content\/uploads\/2021\/09\/NMP_4MP_Chicken_Trukey_in-jelly.png\" class=\"attachment-product-full size-product-full\" alt=\"\" srcset=\"https:\/\/prevital.eu\/wp-content\/uploads\/2021\/09\/NMP_4MP_Chicken_Trukey_in-jelly.png 560w, https:\/\/prevital.eu\/wp-content\/uploads\/2021\/09\/NMP_4MP_Chicken_Trukey_in-jelly-300x300.png 300w, https:\/\/prevital.eu\/wp-content\/uploads\/2021\/09\/NMP_4MP_Chicken_Trukey_in-jelly-150x150.png 150w, https:\/\/prevital.eu\/wp-content\/uploads\/2021\/09\/NMP_4MP_Chicken_Trukey_in-jelly-60x60.png 60w\" sizes=\"auto, (max-width: 560px) 100vw, 560px\" \/>        <\/div>\n    <\/div>\n    <style type=\"text\/css\">\n                #content-promo-block_fc39e4d34e46051751a41032caa7c6f6{\n            background-image: url(https:\/\/prevital.eu\/wp-content\/uploads\/2021\/10\/innovation.jpg);\n        }\n        #content-promo-block_fc39e4d34e46051751a41032caa7c6f6 .content-promo_mask,\n        #content-promo-block_fc39e4d34e46051751a41032caa7c6f6 .content-promo_container{\n            background: rgba(190, 162, 79, 1);\n        }\n        @media screen and (min-width: 558px){\n            #content-promo-block_fc39e4d34e46051751a41032caa7c6f6 .content-promo_mask{\n                background: linear-gradient(90deg, rgba(190,162,79,1) 85%, rgba(190,162,79,0) 100%);\n            }\n            #content-promo-block_fc39e4d34e46051751a41032caa7c6f6 .content-promo_container{\n                background:none;\n            }\n        }\n        @media screen and (min-width: 558px){\n            #content-promo-block_fc39e4d34e46051751a41032caa7c6f6.content-promo__rtl .content-promo_mask{\n                background: linear-gradient(270deg, rgba(190,162,79,1) 85%, rgba(190,162,79,0) 100%);\n            }\n            #content-promo-block_fc39e4d34e46051751a41032caa7c6f6 .content-promo_container{\n                background:none;\n            }\n        }\n    <\/style>\n<\/article>","protected":false},"excerpt":{"rendered":"","protected":false},"author":1,"featured_media":0,"parent":0,"menu_order":0,"comment_status":"closed","ping_status":"closed","template":"page-templates\/page-products.php","meta":{"_acf_changed":false,"footnotes":""},"class_list":["post-4801","page","type-page","status-publish","hentry"],"acf":[],"_links":{"self":[{"href":"https:\/\/prevital.eu\/ro\/wp-json\/wp\/v2\/pages\/4801","targetHints":{"allow":["GET"]}}],"collection":[{"href":"https:\/\/prevital.eu\/ro\/wp-json\/wp\/v2\/pages"}],"about":[{"href":"https:\/\/prevital.eu\/ro\/wp-json\/wp\/v2\/types\/page"}],"author":[{"embeddable":true,"href":"https:\/\/prevital.eu\/ro\/wp-json\/wp\/v2\/users\/1"}],"replies":[{"embeddable":true,"href":"https:\/\/prevital.eu\/ro\/wp-json\/wp\/v2\/comments?post=4801"}],"version-history":[{"count":6,"href":"https:\/\/prevital.eu\/ro\/wp-json\/wp\/v2\/pages\/4801\/revisions"}],"predecessor-version":[{"id":15217,"href":"https:\/\/prevital.eu\/ro\/wp-json\/wp\/v2\/pages\/4801\/revisions\/15217"}],"wp:attachment":[{"href":"https:\/\/prevital.eu\/ro\/wp-json\/wp\/v2\/media?parent=4801"}],"curies":[{"name":"wp","href":"https:\/\/api.w.org\/{rel}","templated":true}]}}