{"id":4737,"date":"2022-02-01T16:08:22","date_gmt":"2022-02-01T14:08:22","guid":{"rendered":"https:\/\/prevital.eu\/aktualis\/"},"modified":"2022-02-25T14:20:25","modified_gmt":"2022-02-25T12:20:25","slug":"noutati","status":"publish","type":"page","link":"https:\/\/prevital.eu\/ro\/noutati\/","title":{"rendered":"Nout\u0103\u021bi"},"content":{"rendered":"\n<div class=\"wp-block-group alignwide\" style=\"padding-top:30px;padding-right:30px;padding-bottom:30px;padding-left:30px\"><div class=\"wp-block-group__inner-container is-layout-flow wp-block-group-is-layout-flow\">\n<div class=\"wp-block-query alignfull is-layout-flow wp-block-query-is-layout-flow\"><ul class=\"is-flex-container columns-3 wp-block-post-template is-layout-flow wp-block-post-template-is-layout-flow\"><li class=\"wp-block-post post-8607 post type-post status-publish format-standard has-post-thumbnail hentry category-articles-pl-ro\">\n<figure style=\"height:200px;\" class=\"alignfull wp-block-post-featured-image\"><a href=\"https:\/\/prevital.eu\/ro\/kozos-kalandok-a-vitalitasert\/\" target=\"_self\"  style=\"height:200px\"><img loading=\"lazy\" decoding=\"async\" width=\"1920\" height=\"812\" src=\"https:\/\/prevital.eu\/wp-content\/uploads\/2021\/12\/KIS1779.jpg\" class=\"attachment-post-thumbnail size-post-thumbnail wp-post-image\" alt=\"Aventuri \u00eempreun\u0103 pentru vitalitate\" style=\"height:200px;object-fit:cover;\" srcset=\"https:\/\/prevital.eu\/wp-content\/uploads\/2021\/12\/KIS1779.jpg 1920w, https:\/\/prevital.eu\/wp-content\/uploads\/2021\/12\/KIS1779-300x127.jpg 300w, https:\/\/prevital.eu\/wp-content\/uploads\/2021\/12\/KIS1779-1024x433.jpg 1024w, https:\/\/prevital.eu\/wp-content\/uploads\/2021\/12\/KIS1779-768x325.jpg 768w, https:\/\/prevital.eu\/wp-content\/uploads\/2021\/12\/KIS1779-1536x650.jpg 1536w\" sizes=\"auto, (max-width: 1920px) 100vw, 1920px\" \/><\/a><\/figure>\n\n<h4 class=\"wp-block-post-title\"><a href=\"https:\/\/prevital.eu\/ro\/kozos-kalandok-a-vitalitasert\/\" target=\"_self\" >Aventuri \u00eempreun\u0103 pentru vitalitate<\/a><\/h4>\n\n<div class=\"wp-block-post-date\"><time datetime=\"2022-02-01T13:34:38+02:00\">2022.02.01.<\/time><\/div>\n\n<div class=\"wp-block-post-excerpt has-small-font-size\"><p class=\"wp-block-post-excerpt__excerpt\">O mare parte din via\u021ba pisicilor, adev\u0103ratele cunosc\u0103toare ale lenevitului, este petrecut\u0103 mo\u021b\u0103ind, dar nu ar trebui s\u0103 uit\u0103m niciodat\u0103 c\u0103 \u00een ad\u00e2ncul sufletului lor, aceste animale dr\u0103g\u0103la\u0219e sunt de fapt adev\u0103ra\u021bi pr\u0103d\u0103tori. Men\u021binerea instinctelor naturale ascu\u021bite este cheia bun\u0103st\u0103rii lor fizice \u0219i mentale \u0219i poate chiar s\u0103 \u00eent\u0103reasc\u0103 rela\u021bia st\u0103p\u00e2n-pisica. De ce ar trebui&hellip; <\/p><\/div>\n<\/li><\/ul>\n\n<\/div>\n<\/div><\/div>\n","protected":false},"excerpt":{"rendered":"","protected":false},"author":1,"featured_media":4281,"parent":0,"menu_order":0,"comment_status":"closed","ping_status":"closed","template":"","meta":{"_acf_changed":false,"footnotes":""},"class_list":["post-4737","page","type-page","status-publish","has-post-thumbnail","hentry"],"acf":[],"_links":{"self":[{"href":"https:\/\/prevital.eu\/ro\/wp-json\/wp\/v2\/pages\/4737","targetHints":{"allow":["GET"]}}],"collection":[{"href":"https:\/\/prevital.eu\/ro\/wp-json\/wp\/v2\/pages"}],"about":[{"href":"https:\/\/prevital.eu\/ro\/wp-json\/wp\/v2\/types\/page"}],"author":[{"embeddable":true,"href":"https:\/\/prevital.eu\/ro\/wp-json\/wp\/v2\/users\/1"}],"replies":[{"embeddable":true,"href":"https:\/\/prevital.eu\/ro\/wp-json\/wp\/v2\/comments?post=4737"}],"version-history":[{"count":0,"href":"https:\/\/prevital.eu\/ro\/wp-json\/wp\/v2\/pages\/4737\/revisions"}],"wp:featuredmedia":[{"embeddable":true,"href":"https:\/\/prevital.eu\/ro\/wp-json\/wp\/v2\/media\/4281"}],"wp:attachment":[{"href":"https:\/\/prevital.eu\/ro\/wp-json\/wp\/v2\/media?parent=4737"}],"curies":[{"name":"wp","href":"https:\/\/api.w.org\/{rel}","templated":true}]}}