{"id":4707,"date":"2021-09-02T13:04:44","date_gmt":"2021-09-02T11:04:44","guid":{"rendered":"https:\/\/prevital.eu\/termekek\/"},"modified":"2025-07-18T15:30:02","modified_gmt":"2025-07-18T13:30:02","slug":"produse","status":"publish","type":"page","link":"https:\/\/prevital.eu\/ro\/produse\/","title":{"rendered":"Produse"},"content":{"rendered":"\n<div class=\"wp-block-group alignwide has-white-background-color has-background\"><div class=\"wp-block-group__inner-container is-layout-flow wp-block-group-is-layout-flow\">\n<div style=\"height:100px\" aria-hidden=\"true\" class=\"wp-block-spacer\"><\/div>\n\n\n<div class=\"wp-block-image\">\n<figure class=\"aligncenter size-full\"><img loading=\"lazy\" decoding=\"async\" width=\"398\" height=\"154\" src=\"https:\/\/prevital.eu\/wp-content\/uploads\/2022\/02\/prod-ro-hl-1.png\" alt=\"\" class=\"wp-image-4826\" srcset=\"https:\/\/prevital.eu\/wp-content\/uploads\/2022\/02\/prod-ro-hl-1.png 398w, https:\/\/prevital.eu\/wp-content\/uploads\/2022\/02\/prod-ro-hl-1-300x116.png 300w\" sizes=\"auto, (max-width: 398px) 100vw, 398px\" \/><\/figure>\n<\/div>\n\n\n<p class=\"has-text-align-center\">Varietate de produse pentru pisici tinere, adulte \u0219i senioare.<\/p>\n\n\n\n<div style=\"height:50px\" aria-hidden=\"true\" class=\"wp-block-spacer\"><\/div>\n<\/div><\/div>\n\n\n\n\n<article id=\"content-promo-block_d197a04359311370cb7ec775b93c5fd6\" class=\"content-promo content-promo__rtl\">\n    <div class=\"content-promo_mask\"><\/div>\n    <div class=\"content-promo_container\">\n        <div class=\"content-promo_text\">\n            <h4>Hrana pentru pisici tinere<\/h4>\n<h2>Gust\u0103ri delicioase de la o v\u00e2rst\u0103 fraged\u0103<\/h2>\n            <a href=\"https:\/\/prevital.eu\/ro\/lifestage\/tinere\/\"class=\"button button__white\">Explora\u021bi produsele noastre<\/a>\n        <\/div>\n        <div class=\"content-promo_hero\">\n            <img loading=\"lazy\" decoding=\"async\" width=\"560\" height=\"560\" src=\"https:\/\/prevital.eu\/wp-content\/uploads\/2021\/09\/product-dry-junior-chicken-1.png\" class=\"attachment-product-full size-product-full\" alt=\"\" srcset=\"https:\/\/prevital.eu\/wp-content\/uploads\/2021\/09\/product-dry-junior-chicken-1.png 560w, https:\/\/prevital.eu\/wp-content\/uploads\/2021\/09\/product-dry-junior-chicken-1-300x300.png 300w, https:\/\/prevital.eu\/wp-content\/uploads\/2021\/09\/product-dry-junior-chicken-1-150x150.png 150w, https:\/\/prevital.eu\/wp-content\/uploads\/2021\/09\/product-dry-junior-chicken-1-60x60.png 60w\" sizes=\"auto, (max-width: 560px) 100vw, 560px\" \/>        <\/div>\n    <\/div>\n    <style type=\"text\/css\">\n                #content-promo-block_d197a04359311370cb7ec775b93c5fd6{\n            background-image: url(https:\/\/prevital.eu\/wp-content\/uploads\/2021\/09\/header-bg-5.jpg);\n        }\n        #content-promo-block_d197a04359311370cb7ec775b93c5fd6 .content-promo_mask,\n        #content-promo-block_d197a04359311370cb7ec775b93c5fd6 .content-promo_container{\n            background: rgba(232, 108, 177, 1);\n        }\n        @media screen and (min-width: 558px){\n            #content-promo-block_d197a04359311370cb7ec775b93c5fd6 .content-promo_mask{\n                background: linear-gradient(90deg, rgba(232,108,177,1) 85%, rgba(232,108,177,0) 100%);\n            }\n            #content-promo-block_d197a04359311370cb7ec775b93c5fd6 .content-promo_container{\n                background:none;\n            }\n        }\n        @media screen and (min-width: 558px){\n            #content-promo-block_d197a04359311370cb7ec775b93c5fd6.content-promo__rtl .content-promo_mask{\n                background: linear-gradient(270deg, rgba(232,108,177,1) 85%, rgba(232,108,177,0) 100%);\n            }\n            #content-promo-block_d197a04359311370cb7ec775b93c5fd6 .content-promo_container{\n                background:none;\n            }\n        }\n    <\/style>\n<\/article>\n\n\n\n<article id=\"content-promo-block_f1204a48dd4673519372604845cd8c01\" class=\"content-promo\">\n    <div class=\"content-promo_mask\"><\/div>\n    <div class=\"content-promo_container\">\n        <div class=\"content-promo_text\">\n            <h4>Hrana pentru pisici adulte<\/h4>\n<h2>Delicii gustoase pentru pisici adulte<\/h2>\n            <a href=\"https:\/\/prevital.eu\/ro\/lifestage\/adulte\/\"class=\"button button__white\">Explora\u021bi produsele noastre<\/a>\n        <\/div>\n        <div class=\"content-promo_hero\">\n            <img loading=\"lazy\" decoding=\"async\" width=\"560\" height=\"560\" src=\"https:\/\/prevital.eu\/wp-content\/uploads\/2021\/09\/PreVital_pouch_12PACK_classic_GRAVY_CHICKEN-VEAL-SALMON_Front.dim_.png\" class=\"attachment-product-full size-product-full\" alt=\"\" srcset=\"https:\/\/prevital.eu\/wp-content\/uploads\/2021\/09\/PreVital_pouch_12PACK_classic_GRAVY_CHICKEN-VEAL-SALMON_Front.dim_.png 560w, https:\/\/prevital.eu\/wp-content\/uploads\/2021\/09\/PreVital_pouch_12PACK_classic_GRAVY_CHICKEN-VEAL-SALMON_Front.dim_-300x300.png 300w, https:\/\/prevital.eu\/wp-content\/uploads\/2021\/09\/PreVital_pouch_12PACK_classic_GRAVY_CHICKEN-VEAL-SALMON_Front.dim_-150x150.png 150w, https:\/\/prevital.eu\/wp-content\/uploads\/2021\/09\/PreVital_pouch_12PACK_classic_GRAVY_CHICKEN-VEAL-SALMON_Front.dim_-60x60.png 60w\" sizes=\"auto, (max-width: 560px) 100vw, 560px\" \/>        <\/div>\n    <\/div>\n    <style type=\"text\/css\">\n                #content-promo-block_f1204a48dd4673519372604845cd8c01{\n            background-image: url(https:\/\/prevital.eu\/wp-content\/uploads\/2021\/12\/header-bg-sterile.jpg);\n        }\n        #content-promo-block_f1204a48dd4673519372604845cd8c01 .content-promo_mask,\n        #content-promo-block_f1204a48dd4673519372604845cd8c01 .content-promo_container{\n            background: rgba(6, 23, 123, 1);\n        }\n        @media screen and (min-width: 558px){\n            #content-promo-block_f1204a48dd4673519372604845cd8c01 .content-promo_mask{\n                background: linear-gradient(90deg, rgba(6,23,123,1) 85%, rgba(6,23,123,0) 100%);\n            }\n            #content-promo-block_f1204a48dd4673519372604845cd8c01 .content-promo_container{\n                background:none;\n            }\n        }\n        @media screen and (min-width: 558px){\n            #content-promo-block_f1204a48dd4673519372604845cd8c01.content-promo__rtl .content-promo_mask{\n                background: linear-gradient(270deg, rgba(6,23,123,1) 85%, rgba(6,23,123,0) 100%);\n            }\n            #content-promo-block_f1204a48dd4673519372604845cd8c01 .content-promo_container{\n                background:none;\n            }\n        }\n    <\/style>\n<\/article>\n\n\n\n<article id=\"content-promo-block_315807d131c4e891dc4ae23fb69faa60\" class=\"content-promo content-promo__rtl\">\n    <div class=\"content-promo_mask\"><\/div>\n    <div class=\"content-promo_container\">\n        <div class=\"content-promo_text\">\n            <h4>Hrana pentru pisici senioare<\/h4>\n<h2>\u00cengrijire maxim\u0103 pentru pisicile senioare<\/h2>\n            <a href=\"https:\/\/prevital.eu\/ro\/lifestage\/senioare\/\"class=\"button button__white\">Explora\u021bi produsele noastre<\/a>\n        <\/div>\n        <div class=\"content-promo_hero\">\n            <img loading=\"lazy\" decoding=\"async\" width=\"560\" height=\"560\" src=\"https:\/\/prevital.eu\/wp-content\/uploads\/2021\/09\/product-senior-salmon.png\" class=\"attachment-product-full size-product-full\" alt=\"\" srcset=\"https:\/\/prevital.eu\/wp-content\/uploads\/2021\/09\/product-senior-salmon.png 560w, https:\/\/prevital.eu\/wp-content\/uploads\/2021\/09\/product-senior-salmon-300x300.png 300w, https:\/\/prevital.eu\/wp-content\/uploads\/2021\/09\/product-senior-salmon-150x150.png 150w, https:\/\/prevital.eu\/wp-content\/uploads\/2021\/09\/product-senior-salmon-60x60.png 60w\" sizes=\"auto, (max-width: 560px) 100vw, 560px\" \/>        <\/div>\n    <\/div>\n    <style type=\"text\/css\">\n                #content-promo-block_315807d131c4e891dc4ae23fb69faa60{\n            background-image: url(https:\/\/prevital.eu\/wp-content\/uploads\/2021\/09\/header-bg-sterile.jpg);\n        }\n        #content-promo-block_315807d131c4e891dc4ae23fb69faa60 .content-promo_mask,\n        #content-promo-block_315807d131c4e891dc4ae23fb69faa60 .content-promo_container{\n            background: rgba(0, 153, 220, 1);\n        }\n        @media screen and (min-width: 558px){\n            #content-promo-block_315807d131c4e891dc4ae23fb69faa60 .content-promo_mask{\n                background: linear-gradient(90deg, rgba(0,153,220,1) 85%, rgba(0,153,220,0) 100%);\n            }\n            #content-promo-block_315807d131c4e891dc4ae23fb69faa60 .content-promo_container{\n                background:none;\n            }\n        }\n        @media screen and (min-width: 558px){\n            #content-promo-block_315807d131c4e891dc4ae23fb69faa60.content-promo__rtl .content-promo_mask{\n                background: linear-gradient(270deg, rgba(0,153,220,1) 85%, rgba(0,153,220,0) 100%);\n            }\n            #content-promo-block_315807d131c4e891dc4ae23fb69faa60 .content-promo_container{\n                background:none;\n            }\n        }\n    <\/style>\n<\/article>\n\n\n<div class=\"wp-block-group alignwide has-white-background-color has-background\"><div class=\"wp-block-group__inner-container is-layout-flow wp-block-group-is-layout-flow\">\n<div style=\"height:100px\" aria-hidden=\"true\" class=\"wp-block-spacer\"><\/div>\n\n\n<div class=\"wp-block-image\">\n<figure class=\"aligncenter size-full\"><img loading=\"lazy\" decoding=\"async\" width=\"516\" height=\"147\" src=\"https:\/\/prevital.eu\/wp-content\/uploads\/2022\/02\/prod-ro-hl-2.png\" alt=\"\" class=\"wp-image-4833\" srcset=\"https:\/\/prevital.eu\/wp-content\/uploads\/2022\/02\/prod-ro-hl-2.png 516w, https:\/\/prevital.eu\/wp-content\/uploads\/2022\/02\/prod-ro-hl-2-300x85.png 300w\" sizes=\"auto, (max-width: 516px) 100vw, 516px\" \/><\/figure>\n<\/div>\n\n\n<p class=\"has-text-align-center\">Varietate de produse pentru pisici de cas\u0103 \u0219i pisici sterilizate<\/p>\n\n\n\n<div style=\"height:50px\" aria-hidden=\"true\" class=\"wp-block-spacer\"><\/div>\n<\/div><\/div>\n\n\n\n\n<article id=\"content-promo-block_1f2c3d53b85275675952315a12c6adfc\" class=\"content-promo\">\n    <div class=\"content-promo_mask\"><\/div>\n    <div class=\"content-promo_container\">\n        <div class=\"content-promo_text\">\n            <h4>Hrana pentru pisici de cas\u0103<\/h4>\n<h2>Gust\u0103ri delicioase pentru pisici de cas\u0103<\/h2>\n            <a href=\"https:\/\/prevital.eu\/ro\/lifestyle\/pisica-de-casa\/\"class=\"button button__white\">Explora\u021bi produsele noastre<\/a>\n        <\/div>\n        <div class=\"content-promo_hero\">\n            <img loading=\"lazy\" decoding=\"async\" width=\"560\" height=\"560\" src=\"https:\/\/prevital.eu\/wp-content\/uploads\/2025\/01\/dry-sterile-indoor-group-560x560.png\" class=\"attachment-product-full size-product-full\" alt=\"\" srcset=\"https:\/\/prevital.eu\/wp-content\/uploads\/2025\/01\/dry-sterile-indoor-group-560x560.png 560w, https:\/\/prevital.eu\/wp-content\/uploads\/2025\/01\/dry-sterile-indoor-group-150x150.png 150w, https:\/\/prevital.eu\/wp-content\/uploads\/2025\/01\/dry-sterile-indoor-group-60x60.png 60w\" sizes=\"auto, (max-width: 560px) 100vw, 560px\" \/>        <\/div>\n    <\/div>\n    <style type=\"text\/css\">\n                #content-promo-block_1f2c3d53b85275675952315a12c6adfc{\n            background-image: url(https:\/\/prevital.eu\/wp-content\/uploads\/2021\/09\/header-bg-3.jpg);\n        }\n        #content-promo-block_1f2c3d53b85275675952315a12c6adfc .content-promo_mask,\n        #content-promo-block_1f2c3d53b85275675952315a12c6adfc .content-promo_container{\n            background: rgba(64, 193, 172, 1);\n        }\n        @media screen and (min-width: 558px){\n            #content-promo-block_1f2c3d53b85275675952315a12c6adfc .content-promo_mask{\n                background: linear-gradient(90deg, rgba(64,193,172,1) 85%, rgba(64,193,172,0) 100%);\n            }\n            #content-promo-block_1f2c3d53b85275675952315a12c6adfc .content-promo_container{\n                background:none;\n            }\n        }\n        @media screen and (min-width: 558px){\n            #content-promo-block_1f2c3d53b85275675952315a12c6adfc.content-promo__rtl .content-promo_mask{\n                background: linear-gradient(270deg, rgba(64,193,172,1) 85%, rgba(64,193,172,0) 100%);\n            }\n            #content-promo-block_1f2c3d53b85275675952315a12c6adfc .content-promo_container{\n                background:none;\n            }\n        }\n    <\/style>\n<\/article>\n\n\n\n<article id=\"content-promo-block_c1302682343e8fdbfaac586270c2bd77\" class=\"content-promo content-promo__rtl\">\n    <div class=\"content-promo_mask\"><\/div>\n    <div class=\"content-promo_container\">\n        <div class=\"content-promo_text\">\n            <h4>Hran\u0103 pentru pisici sterilizate<\/h4>\n<h2>Hran\u0103 pentru animale de companie special\u0103 pentru pisici sterilizate<\/h2>\n            <a href=\"https:\/\/prevital.eu\/ro\/lifestyle\/pisici-sterilizate\/\"class=\"button button__white\">Explora\u021bi produsele noastre<\/a>\n        <\/div>\n        <div class=\"content-promo_hero\">\n            <img loading=\"lazy\" decoding=\"async\" width=\"560\" height=\"560\" src=\"https:\/\/prevital.eu\/wp-content\/uploads\/2021\/09\/STD_4MP_Poultry_Liver_in_gravy_STERILE.png\" class=\"attachment-product-full size-product-full\" alt=\"\" srcset=\"https:\/\/prevital.eu\/wp-content\/uploads\/2021\/09\/STD_4MP_Poultry_Liver_in_gravy_STERILE.png 560w, https:\/\/prevital.eu\/wp-content\/uploads\/2021\/09\/STD_4MP_Poultry_Liver_in_gravy_STERILE-300x300.png 300w, https:\/\/prevital.eu\/wp-content\/uploads\/2021\/09\/STD_4MP_Poultry_Liver_in_gravy_STERILE-150x150.png 150w, https:\/\/prevital.eu\/wp-content\/uploads\/2021\/09\/STD_4MP_Poultry_Liver_in_gravy_STERILE-60x60.png 60w\" sizes=\"auto, (max-width: 560px) 100vw, 560px\" \/>        <\/div>\n    <\/div>\n    <style type=\"text\/css\">\n                #content-promo-block_c1302682343e8fdbfaac586270c2bd77{\n            background-image: url(https:\/\/prevital.eu\/wp-content\/uploads\/2025\/07\/KIS1991-e1752845263188.jpg);\n        }\n        #content-promo-block_c1302682343e8fdbfaac586270c2bd77 .content-promo_mask,\n        #content-promo-block_c1302682343e8fdbfaac586270c2bd77 .content-promo_container{\n            background: rgba(114, 163, 63, 1);\n        }\n        @media screen and (min-width: 558px){\n            #content-promo-block_c1302682343e8fdbfaac586270c2bd77 .content-promo_mask{\n                background: linear-gradient(90deg, rgba(114,163,63,1) 85%, rgba(114,163,63,0) 100%);\n            }\n            #content-promo-block_c1302682343e8fdbfaac586270c2bd77 .content-promo_container{\n                background:none;\n            }\n        }\n        @media screen and (min-width: 558px){\n            #content-promo-block_c1302682343e8fdbfaac586270c2bd77.content-promo__rtl .content-promo_mask{\n                background: linear-gradient(270deg, rgba(114,163,63,1) 85%, rgba(114,163,63,0) 100%);\n            }\n            #content-promo-block_c1302682343e8fdbfaac586270c2bd77 .content-promo_container{\n                background:none;\n            }\n        }\n    <\/style>\n<\/article>","protected":false},"excerpt":{"rendered":"<p>Varietate de produse pentru pisici tinere, adulte \u0219i senioare. Varietate de produse pentru pisici de cas\u0103 \u0219i pisici sterilizate<\/p>\n","protected":false},"author":1,"featured_media":0,"parent":0,"menu_order":0,"comment_status":"closed","ping_status":"closed","template":"page-templates\/page-products.php","meta":{"_acf_changed":false,"footnotes":""},"class_list":["post-4707","page","type-page","status-publish","hentry"],"acf":[],"_links":{"self":[{"href":"https:\/\/prevital.eu\/ro\/wp-json\/wp\/v2\/pages\/4707","targetHints":{"allow":["GET"]}}],"collection":[{"href":"https:\/\/prevital.eu\/ro\/wp-json\/wp\/v2\/pages"}],"about":[{"href":"https:\/\/prevital.eu\/ro\/wp-json\/wp\/v2\/types\/page"}],"author":[{"embeddable":true,"href":"https:\/\/prevital.eu\/ro\/wp-json\/wp\/v2\/users\/1"}],"replies":[{"embeddable":true,"href":"https:\/\/prevital.eu\/ro\/wp-json\/wp\/v2\/comments?post=4707"}],"version-history":[{"count":5,"href":"https:\/\/prevital.eu\/ro\/wp-json\/wp\/v2\/pages\/4707\/revisions"}],"predecessor-version":[{"id":15231,"href":"https:\/\/prevital.eu\/ro\/wp-json\/wp\/v2\/pages\/4707\/revisions\/15231"}],"wp:attachment":[{"href":"https:\/\/prevital.eu\/ro\/wp-json\/wp\/v2\/media?parent=4707"}],"curies":[{"name":"wp","href":"https:\/\/api.w.org\/{rel}","templated":true}]}}