{"id":4581,"date":"2021-09-02T12:13:56","date_gmt":"2021-09-02T10:13:56","guid":{"rendered":"https:\/\/prevital.eu\/about-us\/"},"modified":"2025-01-15T13:36:10","modified_gmt":"2025-01-15T11:36:10","slug":"despre-noi","status":"publish","type":"page","link":"https:\/\/prevital.eu\/ro\/despre-noi\/","title":{"rendered":"Despre noi"},"content":{"rendered":"\n<div class=\"wp-block-group alignwide\"><div class=\"wp-block-group__inner-container is-layout-flow wp-block-group-is-layout-flow\">\n<div style=\"height:100px\" aria-hidden=\"true\" class=\"wp-block-spacer\"><\/div>\n\n\n<div class=\"wp-block-image\">\n<figure class=\"aligncenter size-full\"><img loading=\"lazy\" decoding=\"async\" width=\"678\" height=\"144\" src=\"https:\/\/prevital.eu\/wp-content\/uploads\/2022\/02\/Ingrijire-deplina-pentru-toarcere-multumita..png\" alt=\"\" class=\"wp-image-4681\" srcset=\"https:\/\/prevital.eu\/wp-content\/uploads\/2022\/02\/Ingrijire-deplina-pentru-toarcere-multumita..png 678w, https:\/\/prevital.eu\/wp-content\/uploads\/2022\/02\/Ingrijire-deplina-pentru-toarcere-multumita.-300x64.png 300w\" sizes=\"auto, (max-width: 678px) 100vw, 678px\" \/><\/figure>\n<\/div>\n\n\n<div style=\"height:50px\" aria-hidden=\"true\" class=\"wp-block-spacer\"><\/div>\n\n\n\n<p>Am dezvoltat portofoliul PreVital pentru a oferi hran\u0103 pentru pisici 100% complet\u0103 \u0219i echilibrat\u0103 pentru fiecare etap\u0103 a vie\u021bii &#8211; de la pisici tinere la senioare. Fiecare produs PreVital con\u021bine vitaminele \u0219i mineralele necesare pentru a asigura zile echilibrate \u0219i fericite pentru pisica ta.<\/p>\n\n\n\n<p>Furajele noastre con\u021bin c\u00e2teva vitamine \u0219i minerale valoroase, sus\u021bin\u00e2nd nevoile zilnice variate ale pisicilor:<\/p>\n\n\n\n<ul class=\"wp-block-list\">\n<li>Cu vitamina D3 care contribuie la s\u0103n\u0103tatea oaselor \u0219i a din\u021bilor<\/li>\n\n\n\n<li>cu vitamina E pentru un sistem imunitar puternic<\/li>\n\n\n\n<li>cu vitamina A pentru a men\u021bine o vedere bun\u0103<\/li>\n\n\n\n<li>cu inulin\u0103 pentru o digestie bun\u0103<\/li>\n\n\n\n<li>cu biotin\u0103 \u0219i zinc pentru a sus\u021bine pielea s\u0103n\u0103toas\u0103 \u0219i blana str\u0103lucitoare<\/li>\n\n\n\n<li>Cu taurin\u0103 care contribuie la o inim\u0103 s\u0103n\u0103toas\u0103<\/li>\n<\/ul>\n\n\n\n<div style=\"height:100px\" aria-hidden=\"true\" class=\"wp-block-spacer\"><\/div>\n\n\n\n<p><\/p>\n<\/div><\/div>\n\n\n\n<div class=\"wp-block-group alignfull\"><div class=\"wp-block-group__inner-container is-layout-flow wp-block-group-is-layout-flow\">\n<figure class=\"wp-block-image size-full\"><img loading=\"lazy\" decoding=\"async\" width=\"1920\" height=\"816\" src=\"https:\/\/prevital.eu\/wp-content\/uploads\/2021\/12\/about-block-01.jpg\" alt=\"\" class=\"wp-image-4252\" srcset=\"https:\/\/prevital.eu\/wp-content\/uploads\/2021\/12\/about-block-01.jpg 1920w, https:\/\/prevital.eu\/wp-content\/uploads\/2021\/12\/about-block-01-300x128.jpg 300w, https:\/\/prevital.eu\/wp-content\/uploads\/2021\/12\/about-block-01-1024x435.jpg 1024w, https:\/\/prevital.eu\/wp-content\/uploads\/2021\/12\/about-block-01-768x326.jpg 768w, https:\/\/prevital.eu\/wp-content\/uploads\/2021\/12\/about-block-01-1536x653.jpg 1536w\" sizes=\"auto, (max-width: 1920px) 100vw, 1920px\" \/><\/figure>\n<\/div><\/div>\n\n\n\n<div class=\"wp-block-group alignwide\"><div class=\"wp-block-group__inner-container is-layout-flow wp-block-group-is-layout-flow\">\n<div style=\"height:100px\" aria-hidden=\"true\" class=\"wp-block-spacer\"><\/div>\n\n\n<div class=\"wp-block-image\">\n<figure class=\"aligncenter size-full\"><img loading=\"lazy\" decoding=\"async\" width=\"638\" height=\"221\" src=\"https:\/\/prevital.eu\/wp-content\/uploads\/2022\/02\/Portofoliu-larg-pentru-a-satisface-gustul-individual-al-pisicii.png\" alt=\"\" class=\"wp-image-4689\" srcset=\"https:\/\/prevital.eu\/wp-content\/uploads\/2022\/02\/Portofoliu-larg-pentru-a-satisface-gustul-individual-al-pisicii.png 638w, https:\/\/prevital.eu\/wp-content\/uploads\/2022\/02\/Portofoliu-larg-pentru-a-satisface-gustul-individual-al-pisicii-300x104.png 300w\" sizes=\"auto, (max-width: 638px) 100vw, 638px\" \/><\/figure>\n<\/div>\n\n\n<div style=\"height:50px\" aria-hidden=\"true\" class=\"wp-block-spacer\"><\/div>\n\n\n\n<p>\u00cen calitate de exper\u021bi \u00een hrana pentru pisici, suntem pe deplin con\u0219tien\u021bi de faptul c\u0103 fiecare pisic\u0103 are propriile obiceiuri \u0219i nevoi, \u0219i toate acestea ar trebui satisf\u0103cute, a\u0219a c\u0103 am creat gama noastr\u0103 de produse cu o grij\u0103 deosebit\u0103.<\/p>\n\n\n\n<p>Arom\u0103 bogat\u0103 \u0219i sortiment de ambalaje oferite dumneavoastr\u0103 \u0219i animalului dumneavoastr\u0103 de companie. Iubitorii de carne \u0219i iubitorii de pe\u0219te, pisicile adulte, tinere \u0219i senioare \u00ee\u0219i pot g\u0103si favoritele. Gam\u0103 unic\u0103 pentru pisici sterilizate \u0219i pisici de cas\u0103.<\/p>\n\n\n\n<p>Hran\u0103 pentru pisici PreVital disponibil\u0103 \u00een diferite formate: uscat\u0103, conserve si tetra<\/p>\n\n\n\n<p>Ne \u00eembun\u0103t\u0103\u021bim constant portofoliul pe baza ultimelor tendin\u021be \u00een ceea ce prive\u0219te ambalajele, componentele<\/p>\n\n\n\n<div style=\"height:100px\" aria-hidden=\"true\" class=\"wp-block-spacer\"><\/div>\n\n\n\n<p><\/p>\n<\/div><\/div>\n\n\n\n<div class=\"wp-block-group alignfull\"><div class=\"wp-block-group__inner-container is-layout-flow wp-block-group-is-layout-flow\">\n<figure class=\"wp-block-image size-full\"><img loading=\"lazy\" decoding=\"async\" width=\"1920\" height=\"715\" src=\"https:\/\/prevital.eu\/wp-content\/uploads\/2021\/12\/about-block-02.jpg\" alt=\"\" class=\"wp-image-4253\" srcset=\"https:\/\/prevital.eu\/wp-content\/uploads\/2021\/12\/about-block-02.jpg 1920w, https:\/\/prevital.eu\/wp-content\/uploads\/2021\/12\/about-block-02-300x112.jpg 300w, https:\/\/prevital.eu\/wp-content\/uploads\/2021\/12\/about-block-02-1024x381.jpg 1024w, https:\/\/prevital.eu\/wp-content\/uploads\/2021\/12\/about-block-02-768x286.jpg 768w, https:\/\/prevital.eu\/wp-content\/uploads\/2021\/12\/about-block-02-1536x572.jpg 1536w\" sizes=\"auto, (max-width: 1920px) 100vw, 1920px\" \/><\/figure>\n<\/div><\/div>\n\n\n\n<div class=\"wp-block-group alignwide\"><div class=\"wp-block-group__inner-container is-layout-flow wp-block-group-is-layout-flow\">\n<div style=\"height:100px\" aria-hidden=\"true\" class=\"wp-block-spacer\"><\/div>\n\n\n<div class=\"wp-block-image\">\n<figure class=\"aligncenter size-full is-resized\"><img loading=\"lazy\" decoding=\"async\" width=\"1760\" height=\"1725\" src=\"https:\/\/prevital.eu\/wp-content\/uploads\/2025\/01\/ppf_uj_logo_1.png\" alt=\"\" class=\"wp-image-11917\" style=\"width:135px\" srcset=\"https:\/\/prevital.eu\/wp-content\/uploads\/2025\/01\/ppf_uj_logo_1.png 1760w, https:\/\/prevital.eu\/wp-content\/uploads\/2025\/01\/ppf_uj_logo_1-300x294.png 300w, https:\/\/prevital.eu\/wp-content\/uploads\/2025\/01\/ppf_uj_logo_1-1024x1004.png 1024w, https:\/\/prevital.eu\/wp-content\/uploads\/2025\/01\/ppf_uj_logo_1-768x753.png 768w, https:\/\/prevital.eu\/wp-content\/uploads\/2025\/01\/ppf_uj_logo_1-1536x1505.png 1536w, https:\/\/prevital.eu\/wp-content\/uploads\/2025\/01\/ppf_uj_logo_1-60x60.png 60w\" sizes=\"auto, (max-width: 1760px) 100vw, 1760px\" \/><\/figure>\n<\/div>\n\n\n<div style=\"height:50px\" aria-hidden=\"true\" class=\"wp-block-spacer\"><\/div>\n\n\n<div class=\"wp-block-image\">\n<figure class=\"aligncenter size-full\"><img loading=\"lazy\" decoding=\"async\" width=\"450\" height=\"111\" src=\"https:\/\/prevital.eu\/wp-content\/uploads\/2022\/02\/Despre-Partner-in-Pet-Food-Cine-suntem.png\" alt=\"\" class=\"wp-image-4696\" srcset=\"https:\/\/prevital.eu\/wp-content\/uploads\/2022\/02\/Despre-Partner-in-Pet-Food-Cine-suntem.png 450w, https:\/\/prevital.eu\/wp-content\/uploads\/2022\/02\/Despre-Partner-in-Pet-Food-Cine-suntem-300x74.png 300w\" sizes=\"auto, (max-width: 450px) 100vw, 450px\" \/><\/figure>\n<\/div>\n\n\n<div style=\"height:50px\" aria-hidden=\"true\" class=\"wp-block-spacer\"><\/div>\n\n\n\n<p>Partenerul \u00een hrana pentru animale de companie (Partner in Pet Food &#8211; PPF) este o companie european\u0103 inovatoare produc\u0103toare de hran\u0103 pentru animale de companie, care distribuie propriile produse la peste 600 de clien\u021bi din 40 de \u021b\u0103ri: inclusiv v\u00e2nz\u0103ri cu am\u0103nuntul, supermarketuri, magazine specializate pentru animale \u0219i medici veterinari. PPF este al doilea cel mai mare produc\u0103tor de hran\u0103 umed\u0103 \u0219i uscat\u0103 pentru animale de companie pentru m\u0103rcile private de retail din Europa, care produce hran\u0103 uscat\u0103 pentru pisici \u0219i c\u00e2ini de calitate bun\u0103, conserve,  furaj semi-umed, gust\u0103ri \u0219i lapte pentru pisici. Ponderea brandului PPF este \u00een continu\u0103 cre\u0219tere \u00een Europa.<\/p>\n\n\n\n<p>PPF are sediul central \u00een Ungaria \u0219i are opera\u021biuni \u00een zece \u021b\u0103ri: Olanda, Ungaria, Republica Ceh\u0103, Slovacia, Polonia, Rom\u00e2nia, Fran\u021ba, Germania, Suedia, Italia. Cu zece fabrici \u00een toat\u0103 Europa, PPF este singurul operator de pia\u021b\u0103 cu o re\u021bea de produc\u021bie integrat\u0103 pan-european\u0103.<\/p>\n\n\n\n<div style=\"height:100px\" aria-hidden=\"true\" class=\"wp-block-spacer\"><\/div>\n<\/div><\/div>\n","protected":false},"excerpt":{"rendered":"<p>Am dezvoltat portofoliul PreVital pentru a oferi hran\u0103 pentru pisici 100% complet\u0103 \u0219i echilibrat\u0103 pentru fiecare etap\u0103 a vie\u021bii &#8211; de la pisici tinere la senioare. Fiecare produs PreVital con\u021bine vitaminele \u0219i mineralele necesare pentru a asigura zile echilibrate \u0219i fericite pentru pisica ta. Furajele noastre con\u021bin c\u00e2teva vitamine \u0219i minerale valoroase, sus\u021bin\u00e2nd nevoile zilnice [&hellip;]<\/p>\n","protected":false},"author":1,"featured_media":0,"parent":0,"menu_order":0,"comment_status":"closed","ping_status":"closed","template":"","meta":{"_acf_changed":false,"footnotes":""},"class_list":["post-4581","page","type-page","status-publish","hentry"],"acf":[],"_links":{"self":[{"href":"https:\/\/prevital.eu\/ro\/wp-json\/wp\/v2\/pages\/4581","targetHints":{"allow":["GET"]}}],"collection":[{"href":"https:\/\/prevital.eu\/ro\/wp-json\/wp\/v2\/pages"}],"about":[{"href":"https:\/\/prevital.eu\/ro\/wp-json\/wp\/v2\/types\/page"}],"author":[{"embeddable":true,"href":"https:\/\/prevital.eu\/ro\/wp-json\/wp\/v2\/users\/1"}],"replies":[{"embeddable":true,"href":"https:\/\/prevital.eu\/ro\/wp-json\/wp\/v2\/comments?post=4581"}],"version-history":[{"count":1,"href":"https:\/\/prevital.eu\/ro\/wp-json\/wp\/v2\/pages\/4581\/revisions"}],"predecessor-version":[{"id":11928,"href":"https:\/\/prevital.eu\/ro\/wp-json\/wp\/v2\/pages\/4581\/revisions\/11928"}],"wp:attachment":[{"href":"https:\/\/prevital.eu\/ro\/wp-json\/wp\/v2\/media?parent=4581"}],"curies":[{"name":"wp","href":"https:\/\/api.w.org\/{rel}","templated":true}]}}