{"id":4039,"date":"2022-02-09T11:26:00","date_gmt":"2022-02-09T09:26:00","guid":{"rendered":"https:\/\/prevital.eu\/?page_id=4039"},"modified":"2024-02-26T15:38:42","modified_gmt":"2024-02-26T13:38:42","slug":"politica-privind-modulele-cookie","status":"publish","type":"page","link":"https:\/\/prevital.eu\/ro\/politica-privind-modulele-cookie\/","title":{"rendered":"Politica privind modulele cookie"},"content":{"rendered":"\n<p><strong>Partner in Pet Food Hung\u00e1ria Kft.<\/strong><\/p>\n\n\n\n<p><strong>Ultima modificare: 1 februarie 2022<\/strong><\/p>\n\n\n\n<p>1. <strong>Partner in Pet Food Hung\u00e1ria Kft. <\/strong>(cu sediul social \u00een localitatea 1112 Budapest, Boldizs\u00e1r utca 4., Hungary; num\u0103r de ordine \u00een registrul comer\u021bului: 13-09-090774; e-mail: <a href=\"about:blank\">info@ppfeurope.com<\/a>; num\u0103r de telefon: +36 1 801 02 03) (\u201e<strong>Societate<\/strong>\u201d) utilizeaz\u0103 cookie-uri \u00een anumite zone ale paginii web <a href=\"http:\/\/www.prevital.com\">www.prevital.com<\/a> operate de aceasta. Cookie-urile sunt fi\u0219iere care stocheaz\u0103 informa\u021bii pe browserul web al utilizatorilor. Prezenta politic\u0103 (\u201e<strong>Politic\u0103<\/strong>\u201d) ofer\u0103 informa\u021bii referitoare la utilizarea cookie-urilor.<\/p>\n\n\n\n<p>2. De exemplu, cookie-urile permit paginii web s\u0103 recunoasc\u0103 dac\u0103 un utilizator a mai vizitat pagina web sau ajut\u0103 la identificarea celor mai populare p\u0103r\u021bi ale paginii web, a p\u0103r\u021bilor pe care le viziteaz\u0103 utilizatorii \u0219i a timpului pe care ace\u0219tia \u00eel petrec acolo. Totodat\u0103, cu ajutorul modulelor cookie poate fi asigurat\u0103 faptul c\u0103 informa\u021biile afi\u0219ate la urm\u0103toarea vizit\u0103 a utilizatorului vor corespunde a\u0219tept\u0103rilor acestuia.<\/p>\n\n\n\n<p>3. Societatea \u00ee\u0219i rezerv\u0103 dreptul de a modifica unilateral prezenta Politic\u0103, cu efect \u00eencep\u00e2nd cu data modific\u0103rii, sub rezerva restric\u021biilor prev\u0103zute de legisla\u021bia aplicabil\u0103 \u0219i, dac\u0103 este necesar, cu \u00een\u0219tiin\u021barea \u00een timp util a persoanelor vizate. Prezenta Politic\u0103 poate fi modificat\u0103 \u00eendeosebi \u00een cazul \u00een care acest lucru este impus de modific\u0103ri legislative, de practicile autorit\u0103\u021bilor de protec\u021bie a datelor, de nevoile \u00eentreprinderii sau ale angaja\u021bilor sau de riscurile de securitate nou descoperite. La solicitare, Societatea va trimite persoanei \u00een cauz\u0103 o copie a Politicii \u00een versiunea sa actualizat\u0103.<\/p>\n\n\n\n<p>4. Pe pagina noastr\u0103 de web, permitem utilizatorului s\u0103 accepte sau s\u0103 refuze utilizarea anumitor categorii de module cookie (vezi punctul 7.). Solicit\u0103m acordul utilizatorilor cu privire la utilizarea modulelor cookie la prima lor vizit\u0103 \u0219i la intervale regulate de timp ulterior. Utilizatorul \u00ee\u0219i poate schimba op\u021biunea \u00een orice moment, f\u0103c\u00e2nd clic pe link-ul \u201eSet\u0103ri cookie\u201d din partea de jos a paginii. Pagina web <a href=\"http:\/\/www.prevital.com\">www.prevital.com<\/a> este conceput\u0103 pentru a func\u021biona cu ajutorul cookie-urilor, astfel \u00eenc\u00e2t dezactivarea acestora poate afecta utilizabilitatea paginii web \u0219i poate \u00eempiedica utilizatorul s\u0103 profite pe deplin de avantajele acesteia.<\/p>\n\n\n\n<p>5. Utilizatorul \u00ee\u0219i poate seta navigatorul web s\u0103 accepte toate modulele cookie, s\u0103 le resping\u0103 pe toate sau s\u0103 notifice utilizatorul atunci c\u00e2nd recep\u021bioneaz\u0103 un cookie pe propriul calculator. Fiecare motor de c\u0103utare web este diferit, a\u0219a c\u0103 meniul \u201eAjutor\u201d din motorul de c\u0103utare poate ajuta la modificarea set\u0103rilor cookie-urilor. Mai multe informa\u021bii despre natura cookie-urilor \u0219i despre modalit\u0103\u021bile de dezactivare a acestora pot fi g\u0103site la urm\u0103toarea adres\u0103: <a href=\"http:\/\/www.youronlinechoices.com\/\">http:\/\/www.youronlinechoices.com\/<\/a>.<\/p>\n\n\n\n<p>6. Meniuri privind gestionarea modulelor cookie, pentru cele mai utilizate navigatoare:<\/p>\n\n\n\n<p>&nbsp;&nbsp;&nbsp;Informa\u021bii privind set\u0103rile cookie-urilor din cele mai cunoscute navigatoare sunt disponibile urm\u00e2nd link-urile de mai jos:<\/p>\n\n\n\n<ul class=\"wp-block-list\">\n<li><strong>Google Chrome<\/strong>:&nbsp;<a href=\"https:\/\/support.google.com\/accounts\/answer\/61416?hl=hu\">https:\/\/support.google.com\/accounts\/answer\/61416?hl=hu<\/a><\/li>\n\n\n\n<li><strong>Firefox<\/strong>:&nbsp;<a href=\"https:\/\/support.mozilla.org\/hu\/kb\/sutik-engedelyezese-es-tiltasa-amit-weboldak-haszn\">https:\/\/support.mozilla.org\/hu\/kb\/sutik-engedelyezese-es-tiltasa-amit-weboldak-haszn<\/a><\/li>\n\n\n\n<li><strong>Microsoft Internet Explorer 11<\/strong>:&nbsp;<a href=\"https:\/\/support.microsoft.com\/hu-hu\/help\/17442\/windows-internet-explorer-delete-manage-cookies#ie=ie-11\">https:\/\/support.microsoft.com\/hu-hu\/help\/17442\/windows-internet-explorer-delete-manage-cookies#ie=ie-11<\/a><\/li>\n\n\n\n<li><strong>Microsoft Internet Explorer 10<\/strong>:&nbsp;<a href=\"https:\/\/support.microsoft.com\/hu-hu\/help\/17442\/windows-internet-explorer-delete-manage-cookies#ie=ie-10-win-7\">https:\/\/support.microsoft.com\/hu-hu\/help\/17442\/windows-internet-explorer-delete-manage-cookies#ie=ie-10-win-7<\/a><\/li>\n\n\n\n<li><strong>Microsoft Internet Explorer 9<\/strong>:&nbsp;<a href=\"https:\/\/support.microsoft.com\/hu-hu\/help\/17442\/windows-internet-explorer-delete-manage-cookies#ie=ie-9\">https:\/\/support.microsoft.com\/hu-hu\/help\/17442\/windows-internet-explorer-delete-manage-cookies#ie=ie-9<\/a><\/li>\n\n\n\n<li><strong>Microsoft Internet Explorer 8<\/strong>:&nbsp;<a href=\"https:\/\/support.microsoft.com\/hu-hu\/help\/17442\/windows-internet-explorer-delete-manage-cookies#ie=ie-8\">https:\/\/support.microsoft.com\/hu-hu\/help\/17442\/windows-internet-explorer-delete-manage-cookies#ie=ie-8<\/a><\/li>\n\n\n\n<li><strong>Microsoft Edge<\/strong>:&nbsp;<a href=\"https:\/\/privacy.microsoft.com\/hu-HU\/windows-10-microsoft-edge-and-privacy\">https:\/\/privacy.microsoft.com\/hu-HU\/windows-10-microsoft-edge-and-privacy<\/a><\/li>\n\n\n\n<li><strong>Safari<\/strong>:&nbsp;<a href=\"https:\/\/support.apple.com\/hu-hu\/HT201265\">https:\/\/support.apple.com\/hu-hu\/HT201265<\/a><\/li>\n<\/ul>\n\n\n\n<p>\u00cen cazul \u00een care se utilizeaz\u0103 un dispozitiv mobil, se pot ob\u021bine mai multe informa\u021bii \u00een paginile urm\u0103toare:<\/p>\n\n\n\n<ul class=\"wp-block-list\">\n<li><strong>Android<\/strong>:&nbsp;<a href=\"https:\/\/developer.android.com\/reference\/android\/webkit\/CookieManager\">https:\/\/developer.android.com\/reference\/android\/webkit\/CookieManager<\/a><\/li>\n\n\n\n<li><strong>Opera<\/strong>:&nbsp;<a href=\"https:\/\/www.opera.com\/help\/tutorials\/security\/privacy\/\">https:\/\/www.opera.com\/help\/tutorials\/security\/privacy\/<\/a><\/li>\n\n\n\n<li><strong>Safari iOS<\/strong>:&nbsp;<a href=\"https:\/\/support.apple.com\/kb\/PH5042?locale=hu_HU\">https:\/\/support.apple.com\/kb\/PH5042?locale=hu_HU<\/a><\/li>\n<\/ul>\n\n\n\n<p>7. Lista cookie-urilor utilizate de c\u0103tre Societate este prezentat\u0103 \u00een tabelul de mai jos. Totodat\u0103, Societatea va \u00eenregistra, de asemenea, la nivel tehnic, dac\u0103 utilizatorul a acceptat anterior aceast\u0103 Politic\u0103.<\/p>\n\n\n\n<figure class=\"wp-block-table\"><table><tbody><tr><td><strong>Numele modulului cookie&nbsp;<\/strong><\/td><td><strong>Tip<\/strong><\/td><td><strong>De ce este necesar pentru site \u0219i ce func\u021bionalitate ofer\u0103 utilizatorului?<\/strong><strong>Ce date sunt accesibile?<\/strong><\/td><td><strong>Durata<\/strong><\/td><\/tr><tr><td><strong>_ga<\/strong><\/td><td>Cookie statistic &#8211; activat \u00een mod implicit, iar utilizatorul \u00eel poate activa sau dezactiva \u00een orice moment.<\/td><td>Un cookie utilizat de Google (cookie ter\u021b\u0103 parte). Folosit pentru a distinge utilizatorii.<\/td><td>2 ani<\/td><\/tr><tr><td><strong>_gid<\/strong><\/td><td>Cookie statistic &#8211; activat \u00een mod implicit, iar utilizatorul \u00eel poate activa sau dezactiva \u00een orice moment.<\/td><td>Un cookie utilizat de Google (cookie ter\u021b\u0103 parte). Folosit pentru a distinge utilizatorii.<\/td><td>24 ore<\/td><\/tr><tr><td><strong>_gat<\/strong><\/td><td>Cookie statistic &#8211; activat \u00een mod implicit, iar utilizatorul \u00eel poate activa sau dezactiva \u00een orice moment.<\/td><td>Un cookie utilizat de Google (cookie ter\u021b\u0103 parte). Utilizat pentru a limita rata de solicitare. \u00cen cazul \u00een care Google Analytics este implementat prin intermediul Google Tag Manager, acest modul cookie se va numi _dc_gtm_&lt;property-id&gt;.<\/td><td>1 minut<\/td><\/tr><tr><td><strong>AMP_TOKEN<\/strong><\/td><td>Cookie statistic &#8211; activat \u00een mod implicit, iar utilizatorul \u00eel poate activa sau dezactiva \u00een orice moment.<\/td><td>Un cookie utilizat de Google (cookie ter\u021b\u0103 parte). Con\u021bine un token care poate fi utilizat pentru a prelua un ID de client de la serviciul AMP Client ID. Alte valori posibile indic\u0103 retragerea, o solicitare in-flight sau o eroare de recuperare a unui ID de client de la serviciul AMP Client ID.<\/td><td>30 secunde p\u00e2n\u0103 la 1 an<\/td><\/tr><tr><td><strong>_gac_&lt;property-id&gt;<\/strong><\/td><td>Cookie statistic &#8211; activat \u00een mod implicit, iar utilizatorul \u00eel poate activa sau dezactiva \u00een orice moment.<\/td><td>Un cookie utilizat de Google (cookie ter\u021b\u0103 parte). Con\u021bine informa\u021bii legate de campanie pentru utilizator. Dac\u0103 v-a\u021bi conectat conturile Google Analytics \u0219i Google Ads, etichetele de conversie a site-urilor Google Ads vor citi acest modul cookie, cu excep\u021bia cazului \u00een care v\u0103 retrage\u021bi. Afla\u021bi mai multe.<\/td><td>90 zile<\/td><\/tr><tr><td><strong>_icl_current_language<\/strong><\/td><td>Un cookie care este absolut necesar pentru func\u021bionarea website-ului; este activat \u00een mod implicit, utilizatorul nu \u00eel poate dezactiva.<\/td><td>Un modul cookie utilizat de pluginul WPML. Stocheaz\u0103 limba curent\u0103<\/td><td>24 ore<\/td><\/tr><tr><td><strong>_icl_current_admin_language_{hash}<\/strong><\/td><td>Un cookie care este absolut necesar pentru func\u021bionarea website-ului; este activat \u00een mod implicit, utilizatorul nu \u00eel poate dezactiva.<\/td><td>Un modul cookie utilizat de pluginul WPML. Stocheaz\u0103 limba curent\u0103 a zonei de administrare WordPress<\/td><td>24 ore<\/td><\/tr><tr><td><strong>_icl_visitor_lang_js<\/strong><\/td><td>Un cookie care este absolut necesar pentru func\u021bionarea website-ului; este activat \u00een mod implicit, utilizatorul nu \u00eel poate dezactiva.<\/td><td>Un modul cookie utilizat de pluginul WPML. Stocheaz\u0103 limba redirec\u021bionat\u0103<\/td><td>24 ore<\/td><\/tr><tr><td><strong>wpml_browser_redirect_test<\/strong><\/td><td>Un cookie care este absolut necesar pentru func\u021bionarea website-ului; este activat \u00een mod implicit, utilizatorul nu \u00eel poate dezactiva.<\/td><td>Un modul cookie utilizat de pluginul WPML. Testeaz\u0103 dac\u0103 cookie-urile sunt activate<\/td><td>24 ore<\/td><\/tr><tr><td><strong>wpml_referer_url<\/strong><\/td><td>Un cookie care este absolut necesar pentru func\u021bionarea website-ului; este activat \u00een mod implicit, utilizatorul nu \u00eel poate dezactiva.<\/td><td>Un modul cookie utilizat de pluginul WPML. Stocheaz\u0103 ultimul URL solicitat pe front-end.<\/td><td>24 ore<\/td><\/tr><tr><td><strong>wpml_admin_referer_url<\/strong><\/td><td>Un cookie care este absolut necesar pentru func\u021bionarea website-ului; este activat \u00een mod implicit, utilizatorul nu \u00eel poate dezactiva.<\/td><td>Un modul cookie utilizat de pluginul WPML. Stocheaz\u0103 ultimul URL solicitat pe back-end.<\/td><td>24 ore<\/td><\/tr><tr><td><strong>cookielawinfo-checkbox-analytics<\/strong><\/td><td>Un cookie care este absolut necesar pentru func\u021bionarea website-ului; este activat \u00een mod implicit, utilizatorul nu \u00eel poate dezactiva.<\/td><td>Acest modul cookie este setat de pluginul GDPR Cookie Consent. Cookie-ul este utilizat pentru a stoca consim\u021b\u0103m\u00e2ntul utilizatorului pentru cookie-urile din categoria &#8222;Analytics&#8221;.<\/td><td>11 luni<\/td><\/tr><tr><td><strong>cookielawinfo-checkbox-others<\/strong><\/td><td>Un cookie care este absolut necesar pentru func\u021bionarea website-ului; este activat \u00een mod implicit, utilizatorul nu \u00eel poate dezactiva.<\/td><td>Acest modul cookie este setat de pluginul GDPR Cookie Consent. Cookie-ul este utilizat pentru a stoca consim\u021b\u0103m\u00e2ntul utilizatorului pentru cookie-urile din categoria &#8222;Analitice&#8221;.<\/td><td>11 luni<\/td><\/tr><tr><td><strong>viewed_cookie_policy<\/strong><\/td><td>Un cookie care este absolut necesar pentru func\u021bionarea website-ului; este activat \u00een mod implicit, utilizatorul nu \u00eel poate dezactiva.<\/td><td>Cookie-ul este setat de plugin-ul GDPR Cookie Consent \u0219i este utilizat pentru a stoca dac\u0103 utilizatorul \u0219i-a dat sau nu consim\u021b\u0103m\u00e2ntul pentru utilizarea de cookie-uri. Acesta nu stocheaz\u0103 date cu caracter personal.<\/td><td>11 luni<\/td><\/tr><tr><td><strong>cookielawinfo-checkbox-necessary<\/strong><\/td><td>Un cookie care este absolut necesar pentru func\u021bionarea website-ului; este activat \u00een mod implicit, utilizatorul nu \u00eel poate dezactiva.<\/td><td>Acest modul cookie este setat de pluginul GDPR Cookie Consent. Cookie-urile sunt utilizate pentru a stoca consim\u021b\u0103m\u00e2ntul utilizatorului pentru cookie-urile din categoria &#8222;Necesare&#8221;.<\/td><td>11 luni<\/td><\/tr><tr><td><strong>cookielawinfo-checkbox-functional<\/strong><\/td><td>Un cookie care este absolut necesar pentru func\u021bionarea website-ului; este activat \u00een mod implicit, utilizatorul nu \u00eel poate dezactiva.<\/td><td>Cookie-ul este setat de GDPR cookie consent pentru a \u00eenregistra consim\u021b\u0103m\u00e2ntul utilizatorului pentru cookie-urile din categoria &#8222;Func\u021bional&#8221;.<\/td><td>11 luni<\/td><\/tr><tr><td><strong>cookielawinfo-checkbox-performance<\/strong><\/td><td>Un cookie care este absolut necesar pentru func\u021bionarea website-ului; este activat \u00een mod implicit, utilizatorul nu \u00eel poate dezactiva.<\/td><td>Acest modul cookie este setat de pluginul GDPR Cookie Consent. Acest modul cookie este utilizat pentru a stoca consim\u021b\u0103m\u00e2ntul utilizatorului pentru modulele cookie din categoria &#8222;Performan\u021b\u0103&#8221;.<\/td><td>11 luni<\/td><\/tr><\/tbody><\/table><\/figure>\n","protected":false},"excerpt":{"rendered":"<p>Partner in Pet Food Hung\u00e1ria Kft. Ultima modificare: 1 februarie 2022 1. Partner in Pet Food Hung\u00e1ria Kft. (cu sediul social \u00een localitatea 1112 Budapest, Boldizs\u00e1r utca 4., Hungary; num\u0103r de ordine \u00een registrul comer\u021bului: 13-09-090774; e-mail: info@ppfeurope.com; num\u0103r de telefon: +36 1 801 02 03) (\u201eSocietate\u201d) utilizeaz\u0103 cookie-uri \u00een anumite zone ale paginii web [&hellip;]<\/p>\n","protected":false},"author":1,"featured_media":0,"parent":0,"menu_order":0,"comment_status":"closed","ping_status":"closed","template":"page-simple.php","meta":{"_acf_changed":false,"footnotes":""},"class_list":["post-4039","page","type-page","status-publish","hentry"],"acf":[],"_links":{"self":[{"href":"https:\/\/prevital.eu\/ro\/wp-json\/wp\/v2\/pages\/4039","targetHints":{"allow":["GET"]}}],"collection":[{"href":"https:\/\/prevital.eu\/ro\/wp-json\/wp\/v2\/pages"}],"about":[{"href":"https:\/\/prevital.eu\/ro\/wp-json\/wp\/v2\/types\/page"}],"author":[{"embeddable":true,"href":"https:\/\/prevital.eu\/ro\/wp-json\/wp\/v2\/users\/1"}],"replies":[{"embeddable":true,"href":"https:\/\/prevital.eu\/ro\/wp-json\/wp\/v2\/comments?post=4039"}],"version-history":[{"count":1,"href":"https:\/\/prevital.eu\/ro\/wp-json\/wp\/v2\/pages\/4039\/revisions"}],"predecessor-version":[{"id":11265,"href":"https:\/\/prevital.eu\/ro\/wp-json\/wp\/v2\/pages\/4039\/revisions\/11265"}],"wp:attachment":[{"href":"https:\/\/prevital.eu\/ro\/wp-json\/wp\/v2\/media?parent=4039"}],"curies":[{"name":"wp","href":"https:\/\/api.w.org\/{rel}","templated":true}]}}