{"id":9045,"date":"2023-01-23T16:32:03","date_gmt":"2023-01-23T14:32:03","guid":{"rendered":"https:\/\/prevital.eu\/product\/farm-selection-4pack\/"},"modified":"2023-04-24T15:38:40","modified_gmt":"2023-04-24T13:38:40","slug":"farm-selection-4pack","status":"publish","type":"product","link":"https:\/\/prevital.eu\/pl\/product\/farm-selection-4pack\/","title":{"rendered":"Pe\u0142noporcjowa karma dla doros\u0142ych kot\u00f3w. Z wo\u0142owin\u0105 i marchewk\u0105, z \u0142ososiem i rozmarynem,\u00a0dorszem i pietruszk\u0105, indykiem i zielonym groszkiem w sosie."},"content":{"rendered":"\n<div class=\"wp-block-columns alignwide is-layout-flex wp-container-core-columns-is-layout-9d6595d7 wp-block-columns-is-layout-flex\">\n<div class=\"wp-block-column is-layout-flow wp-block-column-is-layout-flow\">\n<h2 class=\"wp-block-heading\">Pe\u0142na opieka dla <br><strong>radosnego mruczenia.<\/strong><\/h2>\n\n\n\n<p><strong>Opracowali\u015bmy portfolio PreVital, tak by zapewni\u0107 w 100% pe\u0142noporcjowe i zbilansowane pos\u0142ki dla kot\u00f3w na ka\u017cdym etapie \u017cycia &#8211; od koci\u0105t po koty dojrza\u0142e.<\/strong><\/p>\n\n\n\n<p>Ka\u017cdy produkt PreVital zawiera odpowiednio dobrane witaminy i substancje mineralne, aby zapewni\u0107 Twojemu kotu zr\u00f3wnowa\u017con\u0105 diet\u0119 i szcz\u0119\u015bliwe \u017cycie<\/p>\n<\/div>\n\n\n\n<div class=\"wp-block-column is-layout-flow wp-block-column-is-layout-flow\">\n<figure class=\"wp-block-image size-large\"><img loading=\"lazy\" decoding=\"async\" width=\"1024\" height=\"1011\" src=\"https:\/\/prevital.eu\/wp-content\/uploads\/2023\/01\/Beef_carrot-1024x1011.png\" alt=\"\" class=\"wp-image-8981\" srcset=\"https:\/\/prevital.eu\/wp-content\/uploads\/2023\/01\/Beef_carrot-1024x1011.png 1024w, https:\/\/prevital.eu\/wp-content\/uploads\/2023\/01\/Beef_carrot-300x296.png 300w, https:\/\/prevital.eu\/wp-content\/uploads\/2023\/01\/Beef_carrot-768x759.png 768w, https:\/\/prevital.eu\/wp-content\/uploads\/2023\/01\/Beef_carrot-1536x1517.png 1536w, https:\/\/prevital.eu\/wp-content\/uploads\/2023\/01\/Beef_carrot-2048x2023.png 2048w\" sizes=\"auto, (max-width: 1024px) 100vw, 1024px\" \/><\/figure>\n<\/div>\n<\/div>\n","protected":false},"featured_media":8964,"menu_order":0,"template":"","meta":{"_acf_changed":false,"footnotes":""},"product_family":[433],"product_form":[134],"flavour":[],"lifestage":[112],"lifestyle":[],"store":[],"class_list":["post-9045","product","type-product","status-publish","has-post-thumbnail","hentry","product_family-farmselection-pl","product_form-saszetka","lifestage-dorosly-kot"],"acf":[],"_links":{"self":[{"href":"https:\/\/prevital.eu\/pl\/wp-json\/wp\/v2\/product\/9045","targetHints":{"allow":["GET"]}}],"collection":[{"href":"https:\/\/prevital.eu\/pl\/wp-json\/wp\/v2\/product"}],"about":[{"href":"https:\/\/prevital.eu\/pl\/wp-json\/wp\/v2\/types\/product"}],"version-history":[{"count":4,"href":"https:\/\/prevital.eu\/pl\/wp-json\/wp\/v2\/product\/9045\/revisions"}],"predecessor-version":[{"id":9091,"href":"https:\/\/prevital.eu\/pl\/wp-json\/wp\/v2\/product\/9045\/revisions\/9091"}],"wp:featuredmedia":[{"embeddable":true,"href":"https:\/\/prevital.eu\/pl\/wp-json\/wp\/v2\/media\/8964"}],"wp:attachment":[{"href":"https:\/\/prevital.eu\/pl\/wp-json\/wp\/v2\/media?parent=9045"}],"wp:term":[{"taxonomy":"product_family","embeddable":true,"href":"https:\/\/prevital.eu\/pl\/wp-json\/wp\/v2\/product_family?post=9045"},{"taxonomy":"product_form","embeddable":true,"href":"https:\/\/prevital.eu\/pl\/wp-json\/wp\/v2\/product_form?post=9045"},{"taxonomy":"flavour","embeddable":true,"href":"https:\/\/prevital.eu\/pl\/wp-json\/wp\/v2\/flavour?post=9045"},{"taxonomy":"lifestage","embeddable":true,"href":"https:\/\/prevital.eu\/pl\/wp-json\/wp\/v2\/lifestage?post=9045"},{"taxonomy":"lifestyle","embeddable":true,"href":"https:\/\/prevital.eu\/pl\/wp-json\/wp\/v2\/lifestyle?post=9045"},{"taxonomy":"store","embeddable":true,"href":"https:\/\/prevital.eu\/pl\/wp-json\/wp\/v2\/store?post=9045"}],"curies":[{"name":"wp","href":"https:\/\/api.w.org\/{rel}","templated":true}]}}