{"id":1578,"date":"2021-09-03T15:10:28","date_gmt":"2021-09-03T13:10:28","guid":{"rendered":"https:\/\/prevital.eu\/product\/pillow-snack-for-sterilized-cats-rich-in-chicken-with-tomato-filling\/"},"modified":"2022-06-29T10:54:28","modified_gmt":"2022-06-29T08:54:28","slug":"pillow-pyszna-przekaska-w-ksztalcie-poduszeczki-dla-kotow-sterylizowanych-bogata-w-kurczaka-z-pomidorowym-wypelnieniem-karma-uzupelniajaca-dla-kotow","status":"publish","type":"product","link":"https:\/\/prevital.eu\/pl\/product\/pillow-pyszna-przekaska-w-ksztalcie-poduszeczki-dla-kotow-sterylizowanych-bogata-w-kurczaka-z-pomidorowym-wypelnieniem-karma-uzupelniajaca-dla-kotow\/","title":{"rendered":"Pillow &#8211; pyszna przek\u0105ska w kszta\u0142cie poduszeczki dla kot\u00f3w sterylizowanych. Bogata w kurczaka z pomidorowym wype\u0142nieniem. Karma uzupe\u0142niaj\u0105ca dla kot\u00f3w."},"content":{"rendered":"\n<div class=\"wp-block-columns alignwide is-layout-flex wp-container-core-columns-is-layout-9d6595d7 wp-block-columns-is-layout-flex\">\n<div class=\"wp-block-column is-layout-flow wp-block-column-is-layout-flow\">\n<h2 class=\"wp-block-heading\">Pe\u0142na opieka dla <br><strong>radosnego mruczenia.<\/strong><\/h2>\n\n\n\n<p><strong><strong>Opracowali\u015bmy portfolio PreVital, tak by zapewni\u0107 w 100% pe\u0142noporcjowe i zbilansowane posi\u0142ki<\/strong> <strong>dla kot\u00f3w na ka\u017cdym etapie \u017cycia &#8211; od koci\u0105t po koty dojrza\u0142e.<\/strong><\/strong><\/p>\n\n\n\n<p>Ka\u017cdy produkt PreVital zawiera odpowiednio dobrane witaminy i substancje mineralne, aby zapewni\u0107 Twojemu kotu zr\u00f3wnowa\u017con\u0105 diet\u0119 i szcz\u0119\u015bliwe \u017cycie.<\/p>\n<\/div>\n\n\n\n<div class=\"wp-block-column is-layout-flow wp-block-column-is-layout-flow\">\n<figure class=\"wp-block-image size-large\"><img loading=\"lazy\" decoding=\"async\" width=\"1024\" height=\"706\" src=\"https:\/\/prevital.eu\/wp-content\/uploads\/2021\/09\/pillow-tomato-1024x706.png\" alt=\"\" class=\"wp-image-1535\" srcset=\"https:\/\/prevital.eu\/wp-content\/uploads\/2021\/09\/pillow-tomato-1024x706.png 1024w, https:\/\/prevital.eu\/wp-content\/uploads\/2021\/09\/pillow-tomato-300x207.png 300w, https:\/\/prevital.eu\/wp-content\/uploads\/2021\/09\/pillow-tomato-768x529.png 768w, https:\/\/prevital.eu\/wp-content\/uploads\/2021\/09\/pillow-tomato.png 1200w\" sizes=\"auto, (max-width: 1024px) 100vw, 1024px\" \/><\/figure>\n<\/div>\n<\/div>\n\n\n\n<p><\/p>\n","protected":false},"featured_media":526,"menu_order":0,"template":"","meta":{"_acf_changed":false,"footnotes":""},"product_family":[],"product_form":[142],"flavour":[75],"lifestage":[121,112],"lifestyle":[127],"store":[295,390,297,391,301,302,299,296,393,303,392,304],"class_list":["post-1578","product","type-product","status-publish","has-post-thumbnail","hentry","product_form-przekaska","flavour-chicken-pl","lifestage-dojrzaly-kot","lifestage-dorosly-kot","lifestyle-kot-sterylizowany","store-aldi-pl","store-allegro","store-auchan-pl","store-dealz","store-intermarche","store-kaufland","store-leclerc","store-lidl-pl","store-marketdino","store-netto","store-polomarket","store-selgros"],"acf":[],"_links":{"self":[{"href":"https:\/\/prevital.eu\/pl\/wp-json\/wp\/v2\/product\/1578","targetHints":{"allow":["GET"]}}],"collection":[{"href":"https:\/\/prevital.eu\/pl\/wp-json\/wp\/v2\/product"}],"about":[{"href":"https:\/\/prevital.eu\/pl\/wp-json\/wp\/v2\/types\/product"}],"version-history":[{"count":2,"href":"https:\/\/prevital.eu\/pl\/wp-json\/wp\/v2\/product\/1578\/revisions"}],"predecessor-version":[{"id":8906,"href":"https:\/\/prevital.eu\/pl\/wp-json\/wp\/v2\/product\/1578\/revisions\/8906"}],"wp:featuredmedia":[{"embeddable":true,"href":"https:\/\/prevital.eu\/pl\/wp-json\/wp\/v2\/media\/526"}],"wp:attachment":[{"href":"https:\/\/prevital.eu\/pl\/wp-json\/wp\/v2\/media?parent=1578"}],"wp:term":[{"taxonomy":"product_family","embeddable":true,"href":"https:\/\/prevital.eu\/pl\/wp-json\/wp\/v2\/product_family?post=1578"},{"taxonomy":"product_form","embeddable":true,"href":"https:\/\/prevital.eu\/pl\/wp-json\/wp\/v2\/product_form?post=1578"},{"taxonomy":"flavour","embeddable":true,"href":"https:\/\/prevital.eu\/pl\/wp-json\/wp\/v2\/flavour?post=1578"},{"taxonomy":"lifestage","embeddable":true,"href":"https:\/\/prevital.eu\/pl\/wp-json\/wp\/v2\/lifestage?post=1578"},{"taxonomy":"lifestyle","embeddable":true,"href":"https:\/\/prevital.eu\/pl\/wp-json\/wp\/v2\/lifestyle?post=1578"},{"taxonomy":"store","embeddable":true,"href":"https:\/\/prevital.eu\/pl\/wp-json\/wp\/v2\/store?post=1578"}],"curies":[{"name":"wp","href":"https:\/\/api.w.org\/{rel}","templated":true}]}}