{"id":4029,"date":"2022-02-09T11:23:13","date_gmt":"2022-02-09T09:23:13","guid":{"rendered":"https:\/\/prevital.eu\/?page_id=4029"},"modified":"2022-02-09T11:23:14","modified_gmt":"2022-02-09T09:23:14","slug":"polityka-cookies","status":"publish","type":"page","link":"https:\/\/prevital.eu\/pl\/polityka-cookies\/","title":{"rendered":"Polityka Cookies"},"content":{"rendered":"\n<p><strong>Partner in Pet Food Polska Sp. Z.o.o.\u00a0<\/strong><\/p>\n\n\n\n<p><strong>Ostatnia zmiana: 1 lutego 2022<\/strong><\/p>\n\n\n\n<ol class=\"wp-block-list\"><li><strong>Partner in Pet Food Polska Sp. z.o.o.<\/strong> (siedziba: ul. Szamocka 8, 01-748 Warszawa.; numer zarejestrowania sp\u00f3\u0142ki: 0000542050; e-mail: <a href=\"mailto:info.pl@ppfeurope.com\">info.pl@ppfeurope.com<\/a>; telefon: +48 22&nbsp;569 24 10) (\u201d<strong>Sp\u00f3\u0142ka<\/strong>\u201d) u\u017cywa plik\u00f3w cookies na stronie internetowej <a href=\"http:\/\/www.prevital.com\">www.prevital.com<\/a><strong> <\/strong>Cookies to pliki, kt\u00f3re zawieraj\u0105 informacje dotycz\u0105ce przegl\u0105darki internetowej u\u017cytkownik\u00f3w. Niniejsza polityka cookies (\u201e<strong>Polityka<\/strong>\u201d) zawiera informacje o u\u017cywaniu plik\u00f3w cookies.&nbsp;<\/li><\/ol>\n\n\n\n<ol class=\"wp-block-list\" start=\"2\"><li>Pliki cookies mog\u0105 umo\u017cliwi\u0107 rozpoznanie u\u017cytkownika, je\u017celi u\u017cytkownik odwiedzi\u0142 ju\u017c wcze\u015bniej stron\u0119 internetow\u0105 albo pom\u00f3c zidentyfikowa\u0107, kt\u00f3re cz\u0119\u015bci strony internetowej s\u0105 najbardziej popularne, kt\u00f3re cz\u0119\u015bci strony s\u0105 odwiedzane przez u\u017cytkownik\u00f3w i jak d\u0142ugo u\u017cytkownicy na nich pozostaj\u0105. Dzi\u0119ki analizie tych informacji Sp\u00f3\u0142ka mo\u017ce dostosowa\u0107 stron\u0119 internetow\u0105 do potrzeb u\u017cytkownik\u00f3w i zapewni\u0107 bardziej zr\u00f3\u017cnicowane do\u015bwiadczenia z korzystania ze strony. Pliki cookies pomagaj\u0105 Sp\u00f3\u0142ce r\u00f3wnie\u017c zapewni\u0107, \u017ce informacje wy\u015bwietlane podczas kolejnej wizyty u\u017cytkownika b\u0119d\u0105 spe\u0142nia\u0107 jego oczekiwania.<\/li><\/ol>\n\n\n\n<ol class=\"wp-block-list\" start=\"3\"><li>Sp\u00f3\u0142ka zastrzega sobie prawo do dokonywania jednostronnych zmian niniejszej Polityki, ze skutkiem na przysz\u0142o\u015b\u0107, bez uszczerbku dla ogranicze\u0144 przewidzianych przepisami prawa, o czym u\u017cytkownicy zostan\u0105 wcze\u015bniej powiadomieni z odpowiednim wyprzedzeniem (o ile b\u0119dzie to konieczne). Sp\u00f3\u0142ka mo\u017ce zmieni\u0107 Polityk\u0119, w szczeg\u00f3lno\u015bci je\u017celi jest to wymagane w zwi\u0105zku ze zmianami prawnymi, praktyk\u0105 organu ochrony danych osobowych, potrzebami biznesowymi lub pracownik\u00f3w Sp\u00f3\u0142ki, albo innymi ujawnionymi ryzykami zwi\u0105zanymi z bezpiecze\u0144stwem. Na \u017c\u0105danie u\u017cytkownika Sp\u00f3\u0142ka wy\u015ble kopi\u0119 najnowszej wersji Polityki.&nbsp;&nbsp;&nbsp;<\/li><\/ol>\n\n\n\n<ol class=\"wp-block-list\" start=\"4\"><li>Na naszej stronie pozwalamy u\u017cytkownikowi zezwoli\u0107 lub zabroni\u0107 u\u017cywania niekt\u00f3rych grup plik\u00f3w cookie (ciasteczka) (patrz punkt 7). Podczas pierwszej wizyty, a nast\u0119pnie w regularnych odst\u0119pach czasu u\u017cytkownicy musz\u0105 wyrazi\u0107 zgod\u0119 na u\u017cywanie plik\u00f3w cookie. U\u017cytkownik mo\u017ce w ka\u017cdej chwili zmieni\u0107 sw\u00f3j wyb\u00f3r, klikaj\u0105c link \u201eUstawienia plik\u00f3w cookie\u201d u do\u0142u strony. Strona internetowa <a href=\"http:\/\/www.prevital.com\">www.prevital.com<\/a> jest przystosowana do pracy z plikami cookies, wi\u0119c wy\u0142\u0105czenie ich mo\u017ce wp\u0142yn\u0105\u0107 na u\u017cyteczno\u015b\u0107 strony www i uniemo\u017cliwi\u0107 u\u017cytkownikowi jej pe\u0142ne wy.&nbsp;<\/li><\/ol>\n\n\n\n<ol class=\"wp-block-list\" start=\"5\"><li>U\u017cytkownik mo\u017ce ustawi\u0107 swoj\u0105 przegl\u0105dark\u0119 internetow\u0105 tak, aby akceptowa\u0142a wszystkie pliki cookie, odrzuca\u0142a je wszystkie lub powiadamia\u0142a u\u017cytkownika, gdy plik cookie pojawi si\u0119 na komputerze u\u017cytkownika. Ka\u017cda przegl\u0105darka internetowa jest inna, wi\u0119c menu \u201ePomoc\u201d wyszukiwarki mo\u017ce pom\u00f3c Ci zmieni\u0107 ustawienia plik\u00f3w cookie. Wi\u0119cej informacji na temat charakteru plik\u00f3w cookie i sposobu ich wy\u0142\u0105czania mo\u017cna znale\u017a\u0107 pod adresem <a href=\"http:\/\/www.youronlinechoices.com\">http:\/\/www.youronlinechoices.com<\/a>.<\/li><\/ol>\n\n\n\n<ol class=\"wp-block-list\" start=\"6\"><li>Poni\u017cej znajduj\u0105 si\u0119 strony internetowe dotycz\u0105ce ustawie\u0144 plik\u00f3w cookies dla najbardziej popularnych przegl\u0105darek internetowych:<\/li><\/ol>\n\n\n\n<p>Informacje o ustawieniach plik\u00f3w cookies w najpopularniejszych przegl\u0105darkach znajdziesz pod poni\u017cszymi linkami:<\/p>\n\n\n\n<ul class=\"wp-block-list\"><li><strong>Google Chrome<\/strong>:&nbsp;<a href=\"https:\/\/support.google.com\/accounts\/answer\/61416?hl=hu\">https:\/\/support.google.com\/accounts\/answer\/61416?hl=pl<\/a><\/li><li><strong>Firefox<\/strong>:&nbsp;<a href=\"https:\/\/support.mozilla.org\/hu\/kb\/sutik-engedelyezese-es-tiltasa-amit-weboldak-haszn\">https:\/\/support.mozilla.org\/pl\/kb\/usuwanie-ciasteczek-i-danych-stron-firefox<\/a><\/li><li><strong>Microsoft Internet Explorer 11<\/strong>:&nbsp;<a href=\"https:\/\/support.microsoft.com\/hu-hu\/help\/17442\/windows-internet-explorer-delete-manage-cookies#ie=ie-11\">https:\/\/support.microsoft.com\/<\/a>pl-pl\/help\/17442\/windows-internet-explorer-delete-manage-cookies#ie=ie-11<\/li><li><strong>Microsoft Internet Explorer 10<\/strong>:&nbsp;<a href=\"https:\/\/support.microsoft.com\/hu-hu\/help\/17442\/windows-internet-explorer-delete-manage-cookies#ie=ie-10-win-7\">https:\/\/support.microsoft.com\/<\/a>pl-pl\/help\/17442\/windows-internet-explorer-delete-manage-cookies#ie=ie-10-win-7<\/li><li><strong>Microsoft Internet Explorer 9<\/strong>:&nbsp;<a href=\"https:\/\/support.microsoft.com\/hu-hu\/help\/17442\/windows-internet-explorer-delete-manage-cookies#ie=ie-9\">https:\/\/support.microsoft.com\/<\/a>pl-pl\/help\/17442\/windows-internet-explorer-delete-manage-cookies#ie=ie-9<\/li><li><strong>Microsoft Internet Explorer 8<\/strong>:&nbsp;<a href=\"https:\/\/support.microsoft.com\/hu-hu\/help\/17442\/windows-internet-explorer-delete-manage-cookies#ie=ie-8\">https:\/\/support.microsoft.com\/<\/a>pl-pl\/help\/17442\/windows-internet-explorer-delete-manage-cookies#ie=ie-8<\/li><li><strong>Microsoft Edge<\/strong>:&nbsp;<a href=\"https:\/\/privacy.microsoft.com\/hu-HU\/windows-10-microsoft-edge-and-privacy\">https:\/\/privacy.microsoft.com\/pl-PL\/windows-10-microsoft-edge-and-privacy<\/a><\/li><li><strong>Safari<\/strong>:&nbsp;<a href=\"https:\/\/support.apple.com\/hu-hu\/HT201265\">https:\/\/support.apple.com\/pl-pl\/HT201265<\/a><\/li><\/ul>\n\n\n\n<p>Je\u017celi korzystamy z urz\u0105dze\u0144 mobilnych, to informacj\u0119 znajdziemy pod nastepuj\u0105cymi linkami:<\/p>\n\n\n\n<ul class=\"wp-block-list\"><li><strong>Android<\/strong>:&nbsp;<a href=\"https:\/\/developer.android.com\/reference\/android\/webkit\/CookieManager\">https:\/\/developer.android.com\/reference\/android\/webkit\/CookieManager<\/a><\/li><li><strong>Opera<\/strong>:&nbsp;<a href=\"https:\/\/www.opera.com\/help\/tutorials\/security\/privacy\/\">https:\/\/www.opera.com\/help\/tutorials\/security\/privacy\/<\/a><\/li><li><strong>Safari iOS<\/strong>:&nbsp;<a href=\"https:\/\/support.apple.com\/kb\/PH5042?locale=hu_HU\">https:\/\/support.apple.com\/kb\/PH5042?locale=pl_PL<\/a><\/li><\/ul>\n\n\n\n<ol class=\"wp-block-list\" start=\"7\"><li>Poni\u017cej znajduje si\u0119 lista plik\u00f3w cookies u\u017cywanych przez Sp\u00f3\u0142k\u0119. Sp\u00f3\u0142ka mo\u017ce r\u00f3wnie\u017c okre\u015bli\u0107, czy u\u017cytkownik zaakceptowa\u0142 wcze\u015bniej tre\u015b\u0107 Polityki.<\/li><\/ol>\n\n\n\n<figure class=\"wp-block-table\"><table><tbody><tr><td><strong>Nazwa ciasteczka&nbsp;<\/strong><\/td><td><strong>Typ<\/strong><\/td><td><strong>Dlaczego jest wykorzystywane przez stron\u0119 internetow\u0105 i jakie funkcje oferuje u\u017cytkownikowi?<\/strong><strong>Do jakich danych ma dost\u0119p?<\/strong><\/td><td><strong>Czas \u017cycia<\/strong><\/td><\/tr><tr><td><strong>_ga<\/strong><\/td><td>Ciasteczko statystyczne &#8211; domy\u015blnie jest w\u0142\u0105czone, u\u017cytkownik mo\u017ce je w dowolnym czasie w\u0142\u0105czy\u0107 lub wy\u0142\u0105czy\u0107.<\/td><td>Ciasteczko wykorzystywane przez Google (ciasteczko strony trzeciej). S\u0142u\u017cy do rozr\u00f3\u017cniania u\u017cytkownik\u00f3w.<\/td><td>2 lata<\/td><\/tr><tr><td><strong>_gid<\/strong><\/td><td>Ciasteczko statystyczne &#8211; domy\u015blnie jest w\u0142\u0105czone, u\u017cytkownik mo\u017ce je w dowolnym czasie w\u0142\u0105czy\u0107 lub wy\u0142\u0105czy\u0107.<\/td><td>Ciasteczko wykorzystywane przez Google (ciasteczko strony trzeciej). S\u0142u\u017cy do rozr\u00f3\u017cniania u\u017cytkownik\u00f3w.<\/td><td>24 godziny<\/td><\/tr><tr><td><strong>_gat<\/strong><\/td><td>Ciasteczko statystyczne &#8211; domy\u015blnie jest w\u0142\u0105czone, u\u017cytkownik mo\u017ce je w dowolnym czasie w\u0142\u0105czy\u0107 lub wy\u0142\u0105czy\u0107.<\/td><td>Ciasteczko wykorzystywane przez Google (ciasteczko strony trzeciej). S\u0142u\u017cy do ograniczania szybko\u015bci zapyta\u0144. Je\u017celi Google Analytics jest realizowany za po\u015brednictwem Google Tag Manager, to to ciasteczko nosi nazw\u0119 _dc_gtm_&lt;property-id&gt;.<\/td><td>1 minuta<\/td><\/tr><tr><td><strong>AMP_TOKEN<\/strong><\/td><td>Ciasteczko statystyczne &#8211; domy\u015blnie jest w\u0142\u0105czone, u\u017cytkownik mo\u017ce je w dowolnym czasie w\u0142\u0105czy\u0107 lub wy\u0142\u0105czy\u0107.<\/td><td>Ciasteczko wykorzystywane przez Google (ciasteczko strony trzeciej). Zawiera token, kt\u00f3rego mo\u017cna u\u017cy\u0107 do pobrania identyfikatora klienta z us\u0142ugi AMP Client ID. Inne mo\u017cliwe warto\u015bci wskazuj\u0105 na rezygnacj\u0119, aktualne zapytanie lub b\u0142\u0105d podczas pobierania identyfikatora klienta z us\u0142ugi AMP Client ID.<\/td><td>od 30 sekund do 1 roku<\/td><\/tr><tr><td><strong>_gac_&lt;property-id&gt;<\/strong><\/td><td>Ciasteczko statystyczne &#8211; domy\u015blnie jest w\u0142\u0105czone, u\u017cytkownik mo\u017ce je w dowolnym czasie w\u0142\u0105czy\u0107 lub wy\u0142\u0105czy\u0107.<\/td><td>Ciasteczko wykorzystywane przez Google (ciasteczko strony trzeciej). Zawiera informacje dotycz\u0105ce kampanii dla u\u017cytkownika. Je\u015bli po\u0142\u0105czy\u0142e\u015b swoje konta Google Analytics i Google Ads, tagi konwersji witryny Google Ads b\u0119d\u0105 odczytywa\u0107 ten plik cookie, chyba \u017ce zrezygnujesz z tej us\u0142ugi. Dowiedz si\u0119 wi\u0119cej.<\/td><td>90 dni<\/td><\/tr><tr><td><strong>_icl_current_language<\/strong><\/td><td>Ciasteczko absolutnie konieczne dla dzia\u0142ania strony internetowej; Domy\u015blnie jest w\u0142\u0105czone, u\u017cytkownik nie mo\u017ce go wy\u0142\u0105czy\u0107<\/td><td>Ciasteczko wykorzystywane przez wtyczk\u0119 WPML. Przechowuje informacj\u0119 o aktualnym j\u0119zyku<\/td><td>24 godziny<\/td><\/tr><tr><td><strong>_icl_current_admin_language_{hash}<\/strong><\/td><td>Ciasteczko absolutnie konieczne dla dzia\u0142ania strony internetowej; Domy\u015blnie jest w\u0142\u0105czone, u\u017cytkownik nie mo\u017ce go wy\u0142\u0105czy\u0107<\/td><td>Ciasteczko wykorzystywane przez wtyczk\u0119 WPML. Przechowuje informacj\u0119 o aktualnym j\u0119zyku administracji WordPress<\/td><td>24 godziny<\/td><\/tr><tr><td><strong>_icl_visitor_lang_js<\/strong><\/td><td>Ciasteczko absolutnie konieczne dla dzia\u0142ania strony internetowej; Domy\u015blnie jest w\u0142\u0105czone, u\u017cytkownik nie mo\u017ce go wy\u0142\u0105czy\u0107<\/td><td>Ciasteczko wykorzystywane przez wtyczk\u0119 WPML. Przechowuje j\u0119zyk przekierowania<\/td><td>24 godziny<\/td><\/tr><tr><td><strong>wpml_browser_redirect_test<\/strong><\/td><td>Ciasteczko absolutnie konieczne dla dzia\u0142ania strony internetowej; Domy\u015blnie jest w\u0142\u0105czone, u\u017cytkownik nie mo\u017ce go wy\u0142\u0105czy\u0107<\/td><td>Ciasteczko wykorzystywane przez wtyczk\u0119 WPML. Testuje, czy ciasteczka s\u0105 w\u0142\u0105czone<\/td><td>24 godziny<\/td><\/tr><tr><td><strong>wpml_referer_url<\/strong><\/td><td>Ciasteczko absolutnie konieczne dla dzia\u0142ania strony internetowej; Domy\u015blnie jest w\u0142\u0105czone, u\u017cytkownik nie mo\u017ce go wy\u0142\u0105czy\u0107<\/td><td>Ciasteczko wykorzystywane przez wtyczk\u0119 WPML. Przechowuje ostatni \u017c\u0105dany adres URL w interfejsie u\u017cytkownika.<\/td><td>24 godziny<\/td><\/tr><tr><td><strong>wpml_admin_referer_url<\/strong><\/td><td>Ciasteczko absolutnie konieczne dla dzia\u0142ania strony internetowej; Domy\u015blnie jest w\u0142\u0105czone, u\u017cytkownik nie mo\u017ce go wy\u0142\u0105czy\u0107<\/td><td>Ciasteczko wykorzystywane przez wtyczk\u0119 WPML. Przechowuje ostatni \u017c\u0105dany adres URL na zapleczu back-end.<\/td><td>24 godziny<\/td><\/tr><tr><td><strong>cookielawinfo-checkbox-analytics<\/strong><\/td><td>Ciasteczko absolutnie konieczne dla dzia\u0142ania strony internetowej; Domy\u015blnie jest w\u0142\u0105czone, u\u017cytkownik nie mo\u017ce go wy\u0142\u0105czy\u0107<\/td><td>Ten plik cookie jest ustawiany przez wtyczk\u0119 RODO Cookie Consent. Plik cookie s\u0142u\u017cy do przechowywania zgody u\u017cytkownika na pliki cookie w kategorii \u201eAnalityka&#8221;.<\/td><td>11 miesi\u0119cy<\/td><\/tr><tr><td><strong>cookielawinfo-checkbox-analytics<\/strong><\/td><td>Ciasteczko absolutnie konieczne dla dzia\u0142ania strony internetowej; Domy\u015blnie jest w\u0142\u0105czone, u\u017cytkownik nie mo\u017ce go wy\u0142\u0105czy\u0107<\/td><td>Ten plik cookie jest ustawiany przez wtyczk\u0119 RODO Cookie Consent. Plik cookie s\u0142u\u017cy do przechowywania zgody u\u017cytkownika na pliki cookie w kategorii \u201eInne\u201d.<\/td><td>11 miesi\u0119cy<\/td><\/tr><tr><td><strong>viewed_cookie_policy<\/strong><\/td><td>Ciasteczko absolutnie konieczne dla dzia\u0142ania strony internetowej; Domy\u015blnie jest w\u0142\u0105czone, u\u017cytkownik nie mo\u017ce go wy\u0142\u0105czy\u0107<\/td><td>Plik cookie jest ustawiany przez wtyczk\u0119 RODO Cookie Consent i s\u0142u\u017cy do przechowywania informacji, czy u\u017cytkownik wyrazi\u0142 zgod\u0119 na korzystanie z plik\u00f3w cookie. Nie przechowuje \u017cadnych danych osobowych.<\/td><td>11 miesi\u0119cy<\/td><\/tr><tr><td><strong>cookielawinfo-checkbox-necessary<\/strong><\/td><td>Ciasteczko absolutnie konieczne dla dzia\u0142ania strony internetowej; Domy\u015blnie jest w\u0142\u0105czone, u\u017cytkownik nie mo\u017ce go wy\u0142\u0105czy\u0107<\/td><td>Ten plik cookie jest ustawiany przez wtyczk\u0119 RODO Cookie Consent. Plik cookie s\u0142u\u017cy do przechowywania zgody u\u017cytkownika na pliki cookie w kategorii \u201eNiezb\u0119dne\u201d.<\/td><td>11 miesi\u0119cy<\/td><\/tr><tr><td><strong>cookielawinfo-checkbox-functional<\/strong><\/td><td>Ciasteczko absolutnie konieczne dla dzia\u0142ania strony internetowej; Domy\u015blnie jest w\u0142\u0105czone, u\u017cytkownik nie mo\u017ce go wy\u0142\u0105czy\u0107<\/td><td>Plik cookie jest ustawiany przez zgod\u0119 na pliki cookie RODO, aby rejestrowa\u0107 zgod\u0119 u\u017cytkownika na pliki cookie w kategorii \u201eFunkcjonalne\u201d.<\/td><td>11 miesi\u0119cy<\/td><\/tr><tr><td><strong>cookielawinfo-checkbox-performance<\/strong><\/td><td>Ciasteczko absolutnie konieczne dla dzia\u0142ania strony internetowej; Domy\u015blnie jest w\u0142\u0105czone, u\u017cytkownik nie mo\u017ce go wy\u0142\u0105czy\u0107<\/td><td>Ten plik cookie jest ustawiany przez wtyczk\u0119 RODO Cookie Consent. Plik cookie s\u0142u\u017cy do przechowywania zgody u\u017cytkownika na pliki cookie w kategorii \u201eWydajno\u015b\u0107\u201d.<\/td><td>11 miesi\u0119cy<\/td><\/tr><\/tbody><\/table><\/figure>\n","protected":false},"excerpt":{"rendered":"<p>Partner in Pet Food Polska Sp. Z.o.o.\u00a0 Ostatnia zmiana: 1 lutego 2022 Partner in Pet Food Polska Sp. z.o.o. (siedziba: ul. Szamocka 8, 01-748 Warszawa.; numer zarejestrowania sp\u00f3\u0142ki: 0000542050; e-mail: info.pl@ppfeurope.com; telefon: +48 22&nbsp;569 24 10) (\u201dSp\u00f3\u0142ka\u201d) u\u017cywa plik\u00f3w cookies na stronie internetowej www.prevital.com Cookies to pliki, kt\u00f3re zawieraj\u0105 informacje dotycz\u0105ce przegl\u0105darki internetowej u\u017cytkownik\u00f3w. Niniejsza [&hellip;]<\/p>\n","protected":false},"author":1,"featured_media":0,"parent":0,"menu_order":0,"comment_status":"closed","ping_status":"closed","template":"page-simple.php","meta":{"_acf_changed":false,"footnotes":""},"class_list":["post-4029","page","type-page","status-publish","hentry"],"acf":[],"_links":{"self":[{"href":"https:\/\/prevital.eu\/pl\/wp-json\/wp\/v2\/pages\/4029","targetHints":{"allow":["GET"]}}],"collection":[{"href":"https:\/\/prevital.eu\/pl\/wp-json\/wp\/v2\/pages"}],"about":[{"href":"https:\/\/prevital.eu\/pl\/wp-json\/wp\/v2\/types\/page"}],"author":[{"embeddable":true,"href":"https:\/\/prevital.eu\/pl\/wp-json\/wp\/v2\/users\/1"}],"replies":[{"embeddable":true,"href":"https:\/\/prevital.eu\/pl\/wp-json\/wp\/v2\/comments?post=4029"}],"version-history":[{"count":0,"href":"https:\/\/prevital.eu\/pl\/wp-json\/wp\/v2\/pages\/4029\/revisions"}],"wp:attachment":[{"href":"https:\/\/prevital.eu\/pl\/wp-json\/wp\/v2\/media?parent=4029"}],"curies":[{"name":"wp","href":"https:\/\/api.w.org\/{rel}","templated":true}]}}