{"id":2219,"date":"2021-09-02T12:14:08","date_gmt":"2021-09-02T10:14:08","guid":{"rendered":"https:\/\/prevital.eu\/innovation\/"},"modified":"2025-07-16T17:21:09","modified_gmt":"2025-07-16T15:21:09","slug":"innowacje","status":"publish","type":"page","link":"https:\/\/prevital.eu\/pl\/innowacje\/","title":{"rendered":"Innowacje"},"content":{"rendered":"\n\n<article id=\"content-promo-block_344826e545713689210fc865c66ed83e\" class=\"content-promo\">\n    <div class=\"content-promo_mask\"><\/div>\n    <div class=\"content-promo_container\">\n        <div class=\"content-promo_text\">\n            <h2>Przek\u0105ski<\/h2>\n<p>Dobrze jest by\u0107 nagradzanym lub mie\u0107 mo\u017cliwo\u015b\u0107 nagrodzenia kogo\u015b! Marka Prevital oferuje szerok\u0105 gam\u0119 przek\u0105sek: oferujemy poduszeczki z nadzieniem, mi\u0119sne paluszki i fantazyjne chrupki, w r\u00f3\u017cnych smakach i opakowaniach. Zaskocz swojego kota jednym z nich!<\/p>\n            <a href=\"https:\/\/prevital.eu\/pl\/product_form\/przekaska\/\"class=\"button button__white\">Poznaj nasze produkty <\/a>\n        <\/div>\n        <div class=\"content-promo_hero\">\n            <img loading=\"lazy\" decoding=\"async\" width=\"535\" height=\"560\" src=\"https:\/\/prevital.eu\/wp-content\/uploads\/2021\/10\/innovation-snacks-535x560.png\" class=\"attachment-product-full size-product-full\" alt=\"\" \/>        <\/div>\n    <\/div>\n    <style type=\"text\/css\">\n                #content-promo-block_344826e545713689210fc865c66ed83e{\n            background-image: url(https:\/\/prevital.eu\/wp-content\/uploads\/2021\/09\/header-bg-5.jpg);\n        }\n        #content-promo-block_344826e545713689210fc865c66ed83e .content-promo_mask,\n        #content-promo-block_344826e545713689210fc865c66ed83e .content-promo_container{\n            background: rgba(0, 153, 220, 1);\n        }\n        @media screen and (min-width: 558px){\n            #content-promo-block_344826e545713689210fc865c66ed83e .content-promo_mask{\n                background: linear-gradient(90deg, rgba(0,153,220,1) 85%, rgba(0,153,220,0) 100%);\n            }\n            #content-promo-block_344826e545713689210fc865c66ed83e .content-promo_container{\n                background:none;\n            }\n        }\n        @media screen and (min-width: 558px){\n            #content-promo-block_344826e545713689210fc865c66ed83e.content-promo__rtl .content-promo_mask{\n                background: linear-gradient(270deg, rgba(0,153,220,1) 85%, rgba(0,153,220,0) 100%);\n            }\n            #content-promo-block_344826e545713689210fc865c66ed83e .content-promo_container{\n                background:none;\n            }\n        }\n    <\/style>\n<\/article>\n\n\n\n<article id=\"content-promo-block_dace6e7ca4238af0141e1a4d3621160f\" class=\"content-promo content-promo__rtl\">\n    <div class=\"content-promo_mask\"><\/div>\n    <div class=\"content-promo_container\">\n        <div class=\"content-promo_text\">\n            <h2>PreVital Fileciki<\/h2>\n<p>PreVital Fileciki, delikatna i pyszna karma dla kot\u00f3w w postaci filecik\u00f3w w smacznym sosie lub galaretce, o wyj\u0105tkowo wysokiej zawarto\u015bci mi\u0119sa. By Tw\u00f3j kot by\u0142 szcz\u0119\u015bliwy i zadowolony<\/p>\n            <a href=\"https:\/\/prevital.eu\/pl\/product_family\/filet-pl\/\"class=\"button button__white\">Poznaj nasze produkty <\/a>\n        <\/div>\n        <div class=\"content-promo_hero\">\n            <img loading=\"lazy\" decoding=\"async\" width=\"560\" height=\"560\" src=\"https:\/\/prevital.eu\/wp-content\/uploads\/2021\/09\/NMP_4MP_Chicken_Trukey_in-jelly.png\" class=\"attachment-product-full size-product-full\" alt=\"\" srcset=\"https:\/\/prevital.eu\/wp-content\/uploads\/2021\/09\/NMP_4MP_Chicken_Trukey_in-jelly.png 560w, https:\/\/prevital.eu\/wp-content\/uploads\/2021\/09\/NMP_4MP_Chicken_Trukey_in-jelly-300x300.png 300w, https:\/\/prevital.eu\/wp-content\/uploads\/2021\/09\/NMP_4MP_Chicken_Trukey_in-jelly-150x150.png 150w, https:\/\/prevital.eu\/wp-content\/uploads\/2021\/09\/NMP_4MP_Chicken_Trukey_in-jelly-60x60.png 60w\" sizes=\"auto, (max-width: 560px) 100vw, 560px\" \/>        <\/div>\n    <\/div>\n    <style type=\"text\/css\">\n                #content-promo-block_dace6e7ca4238af0141e1a4d3621160f{\n            background-image: url(https:\/\/prevital.eu\/wp-content\/uploads\/2021\/10\/innovation.jpg);\n        }\n        #content-promo-block_dace6e7ca4238af0141e1a4d3621160f .content-promo_mask,\n        #content-promo-block_dace6e7ca4238af0141e1a4d3621160f .content-promo_container{\n            background: rgba(190, 162, 79, 1);\n        }\n        @media screen and (min-width: 558px){\n            #content-promo-block_dace6e7ca4238af0141e1a4d3621160f .content-promo_mask{\n                background: linear-gradient(90deg, rgba(190,162,79,1) 85%, rgba(190,162,79,0) 100%);\n            }\n            #content-promo-block_dace6e7ca4238af0141e1a4d3621160f .content-promo_container{\n                background:none;\n            }\n        }\n        @media screen and (min-width: 558px){\n            #content-promo-block_dace6e7ca4238af0141e1a4d3621160f.content-promo__rtl .content-promo_mask{\n                background: linear-gradient(270deg, rgba(190,162,79,1) 85%, rgba(190,162,79,0) 100%);\n            }\n            #content-promo-block_dace6e7ca4238af0141e1a4d3621160f .content-promo_container{\n                background:none;\n            }\n        }\n    <\/style>\n<\/article>\n\n\n\n<article id=\"content-promo-block_383a812d7d31b54b9b6723d051bda6f6\" class=\"content-promo\">\n    <div class=\"content-promo_mask\"><\/div>\n    <div class=\"content-promo_container\">\n        <div class=\"content-promo_text\">\n            <h2>PreVital Mousse<\/h2>\n            <a href=\"https:\/\/prevital.eu\/pl\/product_family\/mousse\/\"class=\"button button__white\">Poznaj nasze produkty <\/a>\n        <\/div>\n        <div class=\"content-promo_hero\">\n            <img loading=\"lazy\" decoding=\"async\" width=\"547\" height=\"547\" src=\"https:\/\/prevital.eu\/wp-content\/uploads\/2025\/03\/PPF_Mousse_Adult_-9-1.png\" class=\"attachment-product-full size-product-full\" alt=\"\" srcset=\"https:\/\/prevital.eu\/wp-content\/uploads\/2025\/03\/PPF_Mousse_Adult_-9-1.png 547w, https:\/\/prevital.eu\/wp-content\/uploads\/2025\/03\/PPF_Mousse_Adult_-9-1-300x300.png 300w, https:\/\/prevital.eu\/wp-content\/uploads\/2025\/03\/PPF_Mousse_Adult_-9-1-150x150.png 150w, https:\/\/prevital.eu\/wp-content\/uploads\/2025\/03\/PPF_Mousse_Adult_-9-1-60x60.png 60w\" sizes=\"auto, (max-width: 547px) 100vw, 547px\" \/>        <\/div>\n    <\/div>\n    <style type=\"text\/css\">\n                #content-promo-block_383a812d7d31b54b9b6723d051bda6f6{\n            background-image: url(https:\/\/prevital.eu\/wp-content\/uploads\/2022\/01\/header-bg-x.jpg);\n        }\n        #content-promo-block_383a812d7d31b54b9b6723d051bda6f6 .content-promo_mask,\n        #content-promo-block_383a812d7d31b54b9b6723d051bda6f6 .content-promo_container{\n            background: rgba(6, 23, 123, 1);\n        }\n        @media screen and (min-width: 558px){\n            #content-promo-block_383a812d7d31b54b9b6723d051bda6f6 .content-promo_mask{\n                background: linear-gradient(90deg, rgba(6,23,123,1) 85%, rgba(6,23,123,0) 100%);\n            }\n            #content-promo-block_383a812d7d31b54b9b6723d051bda6f6 .content-promo_container{\n                background:none;\n            }\n        }\n        @media screen and (min-width: 558px){\n            #content-promo-block_383a812d7d31b54b9b6723d051bda6f6.content-promo__rtl .content-promo_mask{\n                background: linear-gradient(270deg, rgba(6,23,123,1) 85%, rgba(6,23,123,0) 100%);\n            }\n            #content-promo-block_383a812d7d31b54b9b6723d051bda6f6 .content-promo_container{\n                background:none;\n            }\n        }\n    <\/style>\n<\/article>","protected":false},"excerpt":{"rendered":"","protected":false},"author":1,"featured_media":0,"parent":0,"menu_order":0,"comment_status":"closed","ping_status":"closed","template":"page-templates\/page-products.php","meta":{"_acf_changed":false,"footnotes":""},"class_list":["post-2219","page","type-page","status-publish","hentry"],"acf":[],"_links":{"self":[{"href":"https:\/\/prevital.eu\/pl\/wp-json\/wp\/v2\/pages\/2219","targetHints":{"allow":["GET"]}}],"collection":[{"href":"https:\/\/prevital.eu\/pl\/wp-json\/wp\/v2\/pages"}],"about":[{"href":"https:\/\/prevital.eu\/pl\/wp-json\/wp\/v2\/types\/page"}],"author":[{"embeddable":true,"href":"https:\/\/prevital.eu\/pl\/wp-json\/wp\/v2\/users\/1"}],"replies":[{"embeddable":true,"href":"https:\/\/prevital.eu\/pl\/wp-json\/wp\/v2\/comments?post=2219"}],"version-history":[{"count":5,"href":"https:\/\/prevital.eu\/pl\/wp-json\/wp\/v2\/pages\/2219\/revisions"}],"predecessor-version":[{"id":15200,"href":"https:\/\/prevital.eu\/pl\/wp-json\/wp\/v2\/pages\/2219\/revisions\/15200"}],"wp:attachment":[{"href":"https:\/\/prevital.eu\/pl\/wp-json\/wp\/v2\/media?parent=2219"}],"curies":[{"name":"wp","href":"https:\/\/api.w.org\/{rel}","templated":true}]}}