{"id":4579,"date":"2021-09-02T12:13:56","date_gmt":"2021-09-02T10:13:56","guid":{"rendered":"https:\/\/prevital.eu\/about-us\/"},"modified":"2025-01-15T13:35:26","modified_gmt":"2025-01-15T11:35:26","slug":"chi-siamo","status":"publish","type":"page","link":"https:\/\/prevital.eu\/it\/chi-siamo\/","title":{"rendered":"Chi siamo"},"content":{"rendered":"\n<div class=\"wp-block-group alignwide\"><div class=\"wp-block-group__inner-container is-layout-flow wp-block-group-is-layout-flow\">\n<div style=\"height:100px\" aria-hidden=\"true\" class=\"wp-block-spacer\"><\/div>\n\n\n<div class=\"wp-block-image\">\n<figure class=\"aligncenter size-full\"><img loading=\"lazy\" decoding=\"async\" width=\"596\" height=\"143\" src=\"https:\/\/prevital.eu\/wp-content\/uploads\/2022\/02\/Una-cura-completa-da-fusa-assicurata..png\" alt=\"\" class=\"wp-image-4657\" srcset=\"https:\/\/prevital.eu\/wp-content\/uploads\/2022\/02\/Una-cura-completa-da-fusa-assicurata..png 596w, https:\/\/prevital.eu\/wp-content\/uploads\/2022\/02\/Una-cura-completa-da-fusa-assicurata.-300x72.png 300w\" sizes=\"auto, (max-width: 596px) 100vw, 596px\" \/><\/figure>\n<\/div>\n\n\n<div style=\"height:50px\" aria-hidden=\"true\" class=\"wp-block-spacer\"><\/div>\n\n\n\n<p>Abbiamo sviluppato il portfolio PreVital per fornire alimenti per gatti completi e bilanciati al 100% per ogni stile di vita, dal gatto giovane a quello anziano. Ogni prodotto PreVital contiene le vitamine e i minerali necessari per garantire al vostro gatto giorni equilibrati e felici.<\/p>\n\n\n\n<p>I nostri alimenti contengono diverse vitamine e minerali preziosi, che supportano le diverse esigenze dei gatti giorno dopo giorno:<\/p>\n\n\n\n<ul class=\"wp-block-list\">\n<li>con vitamina D3 che contribuisce alla salute di ossa e denti<\/li>\n\n\n\n<li>con vitamina E per un sistema immunitario forte<\/li>\n\n\n\n<li>con vitamina A per mantenere una buona vista<\/li>\n\n\n\n<li>con Inulina per una buona digestione<\/li>\n\n\n\n<li>con biotina e zinco per una pelle sana e un pelo lucido<\/li>\n\n\n\n<li>Con taurina che mantiene il cuore sano<\/li>\n<\/ul>\n\n\n\n<div style=\"height:100px\" aria-hidden=\"true\" class=\"wp-block-spacer\"><\/div>\n\n\n\n<p><\/p>\n<\/div><\/div>\n\n\n\n<div class=\"wp-block-group alignfull\"><div class=\"wp-block-group__inner-container is-layout-flow wp-block-group-is-layout-flow\">\n<figure class=\"wp-block-image size-full\"><img loading=\"lazy\" decoding=\"async\" width=\"1920\" height=\"816\" src=\"https:\/\/prevital.eu\/wp-content\/uploads\/2021\/12\/about-block-01.jpg\" alt=\"\" class=\"wp-image-3861\" srcset=\"https:\/\/prevital.eu\/wp-content\/uploads\/2021\/12\/about-block-01.jpg 1920w, https:\/\/prevital.eu\/wp-content\/uploads\/2021\/12\/about-block-01-300x128.jpg 300w, https:\/\/prevital.eu\/wp-content\/uploads\/2021\/12\/about-block-01-1024x435.jpg 1024w, https:\/\/prevital.eu\/wp-content\/uploads\/2021\/12\/about-block-01-768x326.jpg 768w, https:\/\/prevital.eu\/wp-content\/uploads\/2021\/12\/about-block-01-1536x653.jpg 1536w\" sizes=\"auto, (max-width: 1920px) 100vw, 1920px\" \/><\/figure>\n<\/div><\/div>\n\n\n\n<div class=\"wp-block-group alignwide\"><div class=\"wp-block-group__inner-container is-layout-flow wp-block-group-is-layout-flow\">\n<div style=\"height:100px\" aria-hidden=\"true\" class=\"wp-block-spacer\"><\/div>\n\n\n<div class=\"wp-block-image\">\n<figure class=\"aligncenter size-full\"><img loading=\"lazy\" decoding=\"async\" width=\"566\" height=\"221\" src=\"https:\/\/prevital.eu\/wp-content\/uploads\/2022\/02\/Ampio-portfoliolio-per-soddisfare-il-gusto-individuale-di-ogni-gatto.png\" alt=\"\" class=\"wp-image-4665\" srcset=\"https:\/\/prevital.eu\/wp-content\/uploads\/2022\/02\/Ampio-portfoliolio-per-soddisfare-il-gusto-individuale-di-ogni-gatto.png 566w, https:\/\/prevital.eu\/wp-content\/uploads\/2022\/02\/Ampio-portfoliolio-per-soddisfare-il-gusto-individuale-di-ogni-gatto-300x117.png 300w\" sizes=\"auto, (max-width: 566px) 100vw, 566px\" \/><\/figure>\n<\/div>\n\n\n<div style=\"height:50px\" aria-hidden=\"true\" class=\"wp-block-spacer\"><\/div>\n\n\n\n<p>Come esperti della nutrizione dei gatti, siamo pienamente consapevoli che ogni gatto ha le proprie abitudini ed esigenze, e tutte queste dovrebbero essere soddisfatte, quindi abbiamo creato la nostra gamma di prodotti con particolare attenzione.<\/p>\n\n\n\n<p>Un ricco assortimento di sapori e confezioni fornito a te e al tuo animale domestico. Gli amanti della carne e del pesce, i gatti adulti, i junior e i gatti senior possono trovare il loro pasto preferito. Gamma unica anche per i gatti sterilizzati e da appartamento.<\/p>\n\n\n\n<p>Gli alimenti per gatti PreVital sono disponibili in diversi formati: secco, lattina, alupoch, alucup e tetra<\/p>\n\n\n\n<p>Stiamo costantemente migliorando il nostro portfolio sulla base delle ultime tendenze in materia di imballaggio e componenti<\/p>\n\n\n\n<div style=\"height:100px\" aria-hidden=\"true\" class=\"wp-block-spacer\"><\/div>\n\n\n\n<p><\/p>\n<\/div><\/div>\n\n\n\n<div class=\"wp-block-group alignfull\"><div class=\"wp-block-group__inner-container is-layout-flow wp-block-group-is-layout-flow\">\n<figure class=\"wp-block-image size-full\"><img loading=\"lazy\" decoding=\"async\" width=\"1920\" height=\"715\" src=\"https:\/\/prevital.eu\/wp-content\/uploads\/2021\/12\/about-block-02.jpg\" alt=\"\" class=\"wp-image-3862\" srcset=\"https:\/\/prevital.eu\/wp-content\/uploads\/2021\/12\/about-block-02.jpg 1920w, https:\/\/prevital.eu\/wp-content\/uploads\/2021\/12\/about-block-02-300x112.jpg 300w, https:\/\/prevital.eu\/wp-content\/uploads\/2021\/12\/about-block-02-1024x381.jpg 1024w, https:\/\/prevital.eu\/wp-content\/uploads\/2021\/12\/about-block-02-768x286.jpg 768w, https:\/\/prevital.eu\/wp-content\/uploads\/2021\/12\/about-block-02-1536x572.jpg 1536w\" sizes=\"auto, (max-width: 1920px) 100vw, 1920px\" \/><\/figure>\n<\/div><\/div>\n\n\n\n<div class=\"wp-block-group alignwide\"><div class=\"wp-block-group__inner-container is-layout-flow wp-block-group-is-layout-flow\">\n<div style=\"height:100px\" aria-hidden=\"true\" class=\"wp-block-spacer\"><\/div>\n\n\n<div class=\"wp-block-image\">\n<figure class=\"aligncenter size-full is-resized\"><img loading=\"lazy\" decoding=\"async\" width=\"1760\" height=\"1725\" src=\"https:\/\/prevital.eu\/wp-content\/uploads\/2025\/01\/ppf_uj_logo_1.png\" alt=\"\" class=\"wp-image-11915\" style=\"width:135px\" srcset=\"https:\/\/prevital.eu\/wp-content\/uploads\/2025\/01\/ppf_uj_logo_1.png 1760w, https:\/\/prevital.eu\/wp-content\/uploads\/2025\/01\/ppf_uj_logo_1-300x294.png 300w, https:\/\/prevital.eu\/wp-content\/uploads\/2025\/01\/ppf_uj_logo_1-1024x1004.png 1024w, https:\/\/prevital.eu\/wp-content\/uploads\/2025\/01\/ppf_uj_logo_1-768x753.png 768w, https:\/\/prevital.eu\/wp-content\/uploads\/2025\/01\/ppf_uj_logo_1-1536x1505.png 1536w, https:\/\/prevital.eu\/wp-content\/uploads\/2025\/01\/ppf_uj_logo_1-60x60.png 60w\" sizes=\"auto, (max-width: 1760px) 100vw, 1760px\" \/><\/figure>\n<\/div>\n\n\n<div style=\"height:50px\" aria-hidden=\"true\" class=\"wp-block-spacer\"><\/div>\n\n\n<div class=\"wp-block-image\">\n<figure class=\"aligncenter size-full\"><img loading=\"lazy\" decoding=\"async\" width=\"564\" height=\"111\" src=\"https:\/\/prevital.eu\/wp-content\/uploads\/2022\/02\/A-proposito-di-Partner-in-Pet-Food-Chi-siamo.png\" alt=\"\" class=\"wp-image-4672\" srcset=\"https:\/\/prevital.eu\/wp-content\/uploads\/2022\/02\/A-proposito-di-Partner-in-Pet-Food-Chi-siamo.png 564w, https:\/\/prevital.eu\/wp-content\/uploads\/2022\/02\/A-proposito-di-Partner-in-Pet-Food-Chi-siamo-300x59.png 300w, https:\/\/prevital.eu\/wp-content\/uploads\/2022\/02\/A-proposito-di-Partner-in-Pet-Food-Chi-siamo-560x111.png 560w\" sizes=\"auto, (max-width: 564px) 100vw, 564px\" \/><\/figure>\n<\/div>\n\n\n<div style=\"height:50px\" aria-hidden=\"true\" class=\"wp-block-spacer\"><\/div>\n\n\n\n<p>Il Partner in Pet Food (PPF) \u00e8 un&#8217;azienda innovativa e leader in Europa nel settore del pet food, che distribuisce i propri prodotti a pi\u00f9 di 600 clienti in 40 paesi: tra cui dettaglianti, supermercati, negozi specializzati per animali e veterinari. PPF \u00e8 il secondo pi\u00f9 grande produttore di cibo umido e secco per animali al dettaglio in Europa. Produce cibo secco per cani e gatti di fantastica qualit\u00e0, in forma di lattine, alpouches, mangimi semiumidi, snack e latte per gatti. La quota del marchio PPF \u00e8 in costante crescita in Europa.<\/p>\n\n\n\n<p>PPF ha la sua sede centrale in Ungheria e opera in dieci paesi: Paesi Bassi, Ungheria, Repubblica Ceca, Slovacchia, Polonia, Romania, Francia, Germania, Svezia, Italia. Con dieci fabbriche in tutta Europa, PPF \u00e8 l&#8217;unico operatore di mercato con una rete di produzione integrata paneuropea.&nbsp;<\/p>\n\n\n\n<div style=\"height:100px\" aria-hidden=\"true\" class=\"wp-block-spacer\"><\/div>\n<\/div><\/div>\n","protected":false},"excerpt":{"rendered":"<p>Abbiamo sviluppato il portfolio PreVital per fornire alimenti per gatti completi e bilanciati al 100% per ogni stile di vita, dal gatto giovane a quello anziano. Ogni prodotto PreVital contiene le vitamine e i minerali necessari per garantire al vostro gatto giorni equilibrati e felici. I nostri alimenti contengono diverse vitamine e minerali preziosi, che [&hellip;]<\/p>\n","protected":false},"author":1,"featured_media":0,"parent":0,"menu_order":0,"comment_status":"closed","ping_status":"closed","template":"","meta":{"_acf_changed":false,"footnotes":""},"class_list":["post-4579","page","type-page","status-publish","hentry"],"acf":[],"_links":{"self":[{"href":"https:\/\/prevital.eu\/it\/wp-json\/wp\/v2\/pages\/4579","targetHints":{"allow":["GET"]}}],"collection":[{"href":"https:\/\/prevital.eu\/it\/wp-json\/wp\/v2\/pages"}],"about":[{"href":"https:\/\/prevital.eu\/it\/wp-json\/wp\/v2\/types\/page"}],"author":[{"embeddable":true,"href":"https:\/\/prevital.eu\/it\/wp-json\/wp\/v2\/users\/1"}],"replies":[{"embeddable":true,"href":"https:\/\/prevital.eu\/it\/wp-json\/wp\/v2\/comments?post=4579"}],"version-history":[{"count":2,"href":"https:\/\/prevital.eu\/it\/wp-json\/wp\/v2\/pages\/4579\/revisions"}],"predecessor-version":[{"id":11926,"href":"https:\/\/prevital.eu\/it\/wp-json\/wp\/v2\/pages\/4579\/revisions\/11926"}],"wp:attachment":[{"href":"https:\/\/prevital.eu\/it\/wp-json\/wp\/v2\/media?parent=4579"}],"curies":[{"name":"wp","href":"https:\/\/api.w.org\/{rel}","templated":true}]}}