{"id":4033,"date":"2022-02-09T11:24:09","date_gmt":"2022-02-09T09:24:09","guid":{"rendered":"https:\/\/prevital.eu\/?page_id=4033"},"modified":"2022-02-09T11:24:10","modified_gmt":"2022-02-09T09:24:10","slug":"informativa-sui-cookie","status":"publish","type":"page","link":"https:\/\/prevital.eu\/it\/informativa-sui-cookie\/","title":{"rendered":"Informativa sui cookie"},"content":{"rendered":"\n<p><strong>LANDINI GIUNTINI S.p.A<\/strong>\u00a0<\/p>\n\n\n\n<p><strong>Data ultima modifica: 1 febbraio 2022<\/strong><\/p>\n\n\n\n<ol class=\"wp-block-list\"><li><strong>LANDINI GIUNTINI S.p.A<\/strong> (sede legale: Via Rosa Luxemburg, 30 &#8211; 06012 Citt\u00e0 di Castello (PG); numero di iscrizione al registro delle imprese: Registro Imprese Perugia P.IVA 01783940545; e-mail: <a href=\"mailto:info.it@ppfeurope.com\">info.it@ppfeurope.com<\/a>; tel.: +36 1 801 02 03) (\u201d<strong>Azienda<\/strong>\u201d) utilizza cookie in alcune aree di <a href=\"http:\/\/www.prevital.com\">www.prevital.com<\/a>&nbsp; I cookie sono file che memorizzano informazioni sul web browser degli utenti. Questa informativa sui cookie (\u201c<strong>informativa<\/strong>\u201d) fornisce informazioni sull\u2019uso dei cookie.&nbsp;<\/li><\/ol>\n\n\n\n<ol class=\"wp-block-list\" start=\"2\"><li>I cookie permettono, ad esempio, al sito web di riconoscere l\u2019utente se questi ha visitato il sito in precedenza, o aiutano a identificare quale parte del sito \u00e8 pi\u00f9 popolare, quali parti visitano gli utenti e per quanto rimangono. Analizzando questo tipo di informazioni, l\u2019Azienda pu\u00f2 adattare il sito web alle esigenze degli utenti e fornire loro un\u2019esperienza pi\u00f9 diversificata. Con l\u2019ausilio dei cookie, l\u2019Azienda pu\u00f2 anche garantire che le informazioni visualizzate alla visita successiva dell\u2019utente soddisfino le sue aspettative.&nbsp;<\/li><\/ol>\n\n\n\n<ol class=\"wp-block-list\" start=\"3\"><li>L\u2019Azienda si riserva il diritto di modificare la presente informativa unilateralmente con decorrenza immediata dopo tale modifica, fatte salve le limitazioni previste dalla legge e con preventiva comunicazione ai Richiedenti a tempo debito, se necessario. L\u2019Azienda pu\u00f2 modificare questa informativa in particolare quando richiesto in seguito a cambiamenti delle leggi, della pratica dell\u2019autorit\u00e0 preposta alla protezione dei dati, delle esigenze commerciali o dei dipendenti o di eventuali esposizioni di sicurezza rilevate. Su richiesta, l\u2019Azienda invier\u00e0 agli interessati una copia dell\u2019ultima versione aggiornata di questa informativa .&nbsp;<\/li><\/ol>\n\n\n\n<ol class=\"wp-block-list\" start=\"4\"><li>Il nostro sito permette all\u2019utente di accettare o rifiutare l\u2019uso di alcune serie di cookie (vedere Clausola 7). Alla prima visita del sito e poi a intervalli regolari, agli utenti viene richiesto il consenso all\u2019uso dei cookie. Gli utenti possono modificare la loro scelta in qualsiasi momento cliccando sul link \u201cImpostazione dei cookie\u201d in fondo alla pagina. Il sito web <a href=\"http:\/\/www.prevital.com\">www.prevital.com<\/a> \u00e8 pensato per funzionare con i cookie, per cui disabilitarli pu\u00f2 influenzarne l\u2019utilizzabilit\u00e0 o impedire all\u2019utente di sfruttarlo pienamente.&nbsp;<\/li><\/ol>\n\n\n\n<ol class=\"wp-block-list\" start=\"5\"><li>Gli utenti possono configurare il loro web browser in modo da accettare tutti i cookie, rifiutare tutti i cookie o informare l\u2019utente quando un cookie viene inviato al suo computer. Ogni ricerca sul web \u00e8 diversa, per cui il menu \u201cGuida\u201d (Help) nel motore di ricerca pu\u00f2 aiutare gli utenti a modificare le impostazioni dei cookie. Per maggiori informazioni sulla natura dei cookie e su come disabilitarli, visitate <a href=\"http:\/\/www.youronlinechoices.com\/\">http:\/\/www.youronlinechoices.com\/<\/a>.<\/li><\/ol>\n\n\n\n<ol class=\"wp-block-list\" start=\"6\"><li>Per i browser pi\u00f9 utilizzati le opzioni del menu per la gestione dei cookie:&nbsp;<\/li><\/ol>\n\n\n\n<p>Ai link seguenti, potete trovare informazioni sulle impostazioni dei cookie dei browser pi\u00f9 diffusi:<\/p>\n\n\n\n<ul class=\"wp-block-list\"><li><strong>Google Chrome<\/strong>:&nbsp;<a href=\"https:\/\/support.google.com\/accounts\/answer\/61416?hl=hu\">https:\/\/support.google.com\/accounts\/answer\/61416?hl=it<\/a><\/li><li><strong>Firefox<\/strong>:&nbsp;<a href=\"https:\/\/support.mozilla.org\/hu\/kb\/sutik-engedelyezese-es-tiltasa-amit-weboldak-haszn\">https:\/\/support.mozilla.org\/it\/kb\/impedire-tracciamento-siti-web<\/a><\/li><li><strong>Microsoft Internet Explorer 11<\/strong>:&nbsp;<a href=\"https:\/\/support.microsoft.com\/hu-hu\/help\/17442\/windows-internet-explorer-delete-manage-cookies#ie=ie-11\">https:\/\/support.microsoft.com\/it-it\/windows\/eliminare-e-gestire-i-cookie-168dab11-0753-043d-7c16-ede5947fc64d#ie=ie-11<\/a><\/li><li><strong>Microsoft Internet Explorer 10<\/strong>:&nbsp;<a href=\"https:\/\/support.microsoft.com\/hu-hu\/help\/17442\/windows-internet-explorer-delete-manage-cookies#ie=ie-10-win-7\">https:\/\/support.microsoft.com\/it-it\/help\/17442\/windows-internet-explorer-delete-manage-cookies#ie=ie-10-win-7<\/a><\/li><li><strong>Microsoft Internet Explorer 9<\/strong>:&nbsp;<a href=\"https:\/\/support.microsoft.com\/hu-hu\/help\/17442\/windows-internet-explorer-delete-manage-cookies#ie=ie-9\">https:\/\/support.microsoft.com\/it-it\/help\/17442\/windows-internet-explorer-delete-manage-cookies#ie=ie-9<\/a><\/li><li><strong>Microsoft Internet Explorer 8<\/strong>:&nbsp;<a href=\"https:\/\/support.microsoft.com\/hu-hu\/help\/17442\/windows-internet-explorer-delete-manage-cookies#ie=ie-8\">https:\/\/support.microsoft.com\/it-it\/help\/17442\/windows-internet-explorer-delete-manage-cookies#ie=ie-8<\/a><\/li><li><strong>Microsoft Edge<\/strong>:&nbsp;<a href=\"https:\/\/privacy.microsoft.com\/hu-HU\/windows-10-microsoft-edge-and-privacy\">https:\/\/privacy.microsoft.com\/it-IT\/windows-10-microsoft-edge-and-privacy<\/a><\/li><li><strong>Safari:<\/strong>&nbsp;<a href=\"https:\/\/support.apple.com\/hu-hu\/HT201265\">https:\/\/support.apple.com\/it-it\/HT201265<\/a><\/li><\/ul>\n\n\n\n<p>Se utilizzate un dispositivo mobile, potete consultare i seguenti siti per maggiori informazioni.<\/p>\n\n\n\n<ul class=\"wp-block-list\"><li><strong>Android<\/strong>:&nbsp;<a href=\"https:\/\/developer.android.com\/reference\/android\/webkit\/CookieManager\">https:\/\/developer.android.com\/reference\/android\/webkit\/CookieManager<\/a><\/li><li><strong>Opera<\/strong>:&nbsp;<a href=\"https:\/\/www.opera.com\/help\/tutorials\/security\/privacy\/\">https:\/\/www.opera.com\/help\/tutorials\/security\/privacy\/<\/a><\/li><li><strong>Safari iOS<\/strong>:&nbsp;<a href=\"https:\/\/support.apple.com\/kb\/PH5042?locale=hu_HU\">https:\/\/support.apple.com\/kb\/PH5042?locale=it_IT<\/a><\/li><\/ul>\n\n\n\n<ol class=\"wp-block-list\" start=\"7\"><li>L\u2019Azienda fornisce l\u2019elenco dei cookie che utilizza nella tabella seguente. Inoltre, l\u2019Azienda pu\u00f2 anche identificare tecnicamente se l\u2019utente ha accettato precedentemente questa informativa.<\/li><\/ol>\n\n\n\n<figure class=\"wp-block-table\"><table><tbody><tr><td><strong>Nome del cookie<\/strong><\/td><td><strong>Tipo<\/strong><\/td><td><strong>Perch\u00e9 \u00e8 necessario per il sito web e quale funzionalit\u00e0 offre all\u2019utente?<\/strong><strong>Quali dati sono accessibili?<\/strong><\/td><td><strong>Permanente<\/strong><\/td><\/tr><tr><td>_ga<\/td><td>Cookie statistico \u2013 abilitato di default; l\u2019utente pu\u00f2 abilitarlo o disabilitarlo in qualsiasi momento<\/td><td>Un cookie utilizzato da Google (cookie di terze parti). Usato per distinguere gli utenti.<\/td><td>2 anni<\/td><\/tr><tr><td>_gid<\/td><td>Cookie statistico \u2013 abilitato di default; l\u2019utente pu\u00f2 abilitarlo o disabilitarlo in qualsiasi momento<\/td><td>Un cookie utilizzato da Google (cookie di terze parti). Usato per distinguere gli utenti.<\/td><td>24 ore<\/td><\/tr><tr><td>_gat<\/td><td>Cookie statistico \u2013 abilitato di default; l\u2019utente pu\u00f2 abilitarlo o disabilitarlo in qualsiasi momento<\/td><td>Un cookie utilizzato da Google (cookie di terze parti). Usato per limitare la velocit\u00e0 di richieste. Se Google Analytics viene implementato tramite Google Tag Manager, questo cookie verr\u00e0 denominato _dc_gtm_&lt;property-id&gt;.<\/td><td>1 minuto<\/td><\/tr><tr><td>AMP_TOKEN<\/td><td>Cookie statistico \u2013 abilitato di default; l\u2019utente pu\u00f2 abilitarlo o disabilitarlo in qualsiasi momento<\/td><td>Un cookie utilizzato da Google (cookie di terze parti). Contiene un token che pu\u00f2 essere utilizzato per recuperare un ID client dal servizio ID client ID AMP. Altri valori possibili indicano opt-out, richiesta inflight in corso o un errore nel recupero di un ID client dal servizio ID client AMP.<\/td><td>da 30 secondi a 1 anno<\/td><\/tr><tr><td>_gac_&lt;property-id&gt;<\/td><td>Cookie statistico \u2013 abilitato di default; l\u2019utente pu\u00f2 abilitarlo o disabilitarlo in qualsiasi momento<\/td><td>Un cookie utilizzato da Google (cookie di terze parti). Contiene informazioni relative alla campagna per l&#8217;utente. Se l\u2019account Google Analytics e l\u2019account Google Ads sono collegati, i tag di conversione del sito web di Google Ads leggeranno questo cookie, a meno che non vengano disattivati. Maggiori informazioni.<\/td><td>90 giorni<\/td><\/tr><tr><td>_icl_current_language<\/td><td>Cookie assolutamente necessario per il funzionamento del sito web; \u00e8 abilitato di default, l\u2019utente non pu\u00f2 disabilitarlo<\/td><td>Cookie usato dal plugin WPML. Memorizza la lingua attuale<\/td><td>24 ore<\/td><\/tr><tr><td>_icl_current_admin_language_{hash}<\/td><td>Cookie assolutamente necessario per il funzionamento del sito web; \u00e8 abilitato di default, l\u2019utente non pu\u00f2 disabilitarlo<\/td><td>Cookie usato dal plugin WPML. Memorizza la lingua attuale dell&#8217;area di amministrazione di WordPress<\/td><td>24 ore<\/td><\/tr><tr><td>_icl_visitor_lang_js<\/td><td>Cookie assolutamente necessario per il funzionamento del sito web; \u00e8 abilitato di default, l\u2019utente non pu\u00f2 disabilitarlo<\/td><td>Cookie usato dal plugin WPML. Memorizza la lingua reindirizzata<\/td><td>24 ore<\/td><\/tr><tr><td>wpml_browser_redirect_test<\/td><td>Cookie assolutamente necessario per il funzionamento del sito web; \u00e8 abilitato di default, l\u2019utente non pu\u00f2 disabilitarlo<\/td><td>Cookie usato dal plugin WPML. Verifica se i cookie sono abilitati<\/td><td>24 ore<\/td><\/tr><tr><td>wpml_referer_url<\/td><td>Cookie assolutamente necessario per il funzionamento del sito web; \u00e8 abilitato di default, l\u2019utente non pu\u00f2 disabilitarlo<\/td><td>Cookie usato dal plugin WPML. Memorizza l\u2019ultimo URL richiesto sul front-end.<\/td><td>24 ore<\/td><\/tr><tr><td>wpml_admin_referer_url<\/td><td>Cookie assolutamente necessario per il funzionamento del sito web; \u00e8 abilitato di default, l\u2019utente non pu\u00f2 disabilitarlo<\/td><td>Cookie usato dal plugin WPML. Memorizza l\u2019ultimo URL richiesto sul back-end.<\/td><td>24 ore<\/td><\/tr><tr><td>cookielawinfo-checkbox-analytics<\/td><td>Cookie assolutamente necessario per il funzionamento del sito web; \u00e8 abilitato di default, l\u2019utente non pu\u00f2 disabilitarlo<\/td><td>Questo cookie \u00e8 impostato dal plugin di consenso ai cookie secondo il GDPR. Il cookie viene usato per memorizzare il consenso dell\u2019utente per i cookie nella categoria &#8220;Analitici&#8221;.<\/td><td>11 mesi<\/td><\/tr><tr><td>cookielawinfo-checkbox-others<\/td><td>Cookie assolutamente necessario per il funzionamento del sito web; \u00e8 abilitato di default, l\u2019utente non pu\u00f2 disabilitarlo<\/td><td>Questo cookie \u00e8 impostato dal plugin di consenso ai cookie secondo il GDPR. Il cookie viene usato per memorizzare il consenso dell\u2019utente per i cookie nella categoria &#8220;Altro\u201d.<\/td><td>11 mesi<\/td><\/tr><tr><td>viewed_cookie_policy<\/td><td>Cookie assolutamente necessario per il funzionamento del sito web; \u00e8 abilitato di default, l\u2019utente non pu\u00f2 disabilitarlo<\/td><td>Il cookie \u00e8 impostato dal plugin di consenso ai cookie secondo il GDPR e viene usato per memorizzare se l\u2019utente ha espresso o meno il consenso all\u2019uso dei cookie. Non memorizza alcun dato personale.<\/td><td>11 mesi<\/td><\/tr><tr><td>cookielawinfo-checkbox-necessary<\/td><td>Cookie assolutamente necessario per il funzionamento del sito web; \u00e8 abilitato di default, l\u2019utente non pu\u00f2 disabilitarlo<\/td><td>Questo cookie \u00e8 impostato dal plugin di consenso ai cookie secondo il GDPR. Il cookie viene usato per memorizzare il consenso dell\u2019utente per i cookie nella categoria &#8220;Necessari&#8221;.<\/td><td>11 mesi<\/td><\/tr><tr><td>cookielawinfo-checkbox-functional<\/td><td>Cookie assolutamente necessario per il funzionamento del sito web; \u00e8 abilitato di default, l\u2019utente non pu\u00f2 disabilitarlo<\/td><td>Il cookie viene impostato dal consenso ai cookie secondo il GDPR per registrare il consenso dell\u2019utente per i cookie nella categoria \u201cFunzionali\u201d.<\/td><td>11 mesi<\/td><\/tr><tr><td>cookielawinfo-checkbox-performance<\/td><td>Cookie assolutamente necessario per il funzionamento del sito web; \u00e8 abilitato di default, l\u2019utente non pu\u00f2 disabilitarlo<\/td><td>Questo cookie \u00e8 impostato dal plugin di consenso ai cookie secondo il GDPR. Il cookie viene usato per memorizzare il consenso dell\u2019utente per i cookie nella categoria &#8220;Performance&#8221;.<\/td><td>11 mesi<\/td><\/tr><\/tbody><\/table><\/figure>\n","protected":false},"excerpt":{"rendered":"<p>LANDINI GIUNTINI S.p.A\u00a0 Data ultima modifica: 1 febbraio 2022 LANDINI GIUNTINI S.p.A (sede legale: Via Rosa Luxemburg, 30 &#8211; 06012 Citt\u00e0 di Castello (PG); numero di iscrizione al registro delle imprese: Registro Imprese Perugia P.IVA 01783940545; e-mail: info.it@ppfeurope.com; tel.: +36 1 801 02 03) (\u201dAzienda\u201d) utilizza cookie in alcune aree di www.prevital.com&nbsp; I cookie sono [&hellip;]<\/p>\n","protected":false},"author":1,"featured_media":0,"parent":0,"menu_order":0,"comment_status":"closed","ping_status":"closed","template":"page-simple.php","meta":{"_acf_changed":false,"footnotes":""},"class_list":["post-4033","page","type-page","status-publish","hentry"],"acf":[],"_links":{"self":[{"href":"https:\/\/prevital.eu\/it\/wp-json\/wp\/v2\/pages\/4033","targetHints":{"allow":["GET"]}}],"collection":[{"href":"https:\/\/prevital.eu\/it\/wp-json\/wp\/v2\/pages"}],"about":[{"href":"https:\/\/prevital.eu\/it\/wp-json\/wp\/v2\/types\/page"}],"author":[{"embeddable":true,"href":"https:\/\/prevital.eu\/it\/wp-json\/wp\/v2\/users\/1"}],"replies":[{"embeddable":true,"href":"https:\/\/prevital.eu\/it\/wp-json\/wp\/v2\/comments?post=4033"}],"version-history":[{"count":0,"href":"https:\/\/prevital.eu\/it\/wp-json\/wp\/v2\/pages\/4033\/revisions"}],"wp:attachment":[{"href":"https:\/\/prevital.eu\/it\/wp-json\/wp\/v2\/media?parent=4033"}],"curies":[{"name":"wp","href":"https:\/\/api.w.org\/{rel}","templated":true}]}}