{"id":9018,"date":"2023-01-23T17:33:29","date_gmt":"2023-01-23T15:33:29","guid":{"rendered":"https:\/\/prevital.eu\/?post_type=product&#038;p=9018"},"modified":"2023-06-15T11:19:16","modified_gmt":"2023-06-15T09:19:16","slug":"nation-kitchen","status":"publish","type":"product","link":"https:\/\/prevital.eu\/hu\/product\/nation-kitchen\/","title":{"rendered":"Teljes \u00e9rt\u00e9k\u0171 \u00e1llateledel feln\u0151tt macsk\u00e1k sz\u00e1m\u00e1ra lazaccal \u00e9s cukkinivel, marh\u00e1val, paradicsommal \u00e9s rozmaringgal, borj\u00faval f\u00fcst\u00f6lt \u00edz\u0171 sz\u00f3szban, kacs\u00e1val curry st\u00edlus\u00fa sz\u00f3szban, kurkum\u00e1val"},"content":{"rendered":"\n<div class=\"wp-block-columns alignwide is-layout-flex wp-container-core-columns-is-layout-9d6595d7 wp-block-columns-is-layout-flex\">\n<div class=\"wp-block-column is-layout-flow wp-block-column-is-layout-flow\">\n<h2 class=\"wp-block-heading\">Teljesk\u00f6r\u0171 gondoskod\u00e1s <br><strong>az el\u00e9gedett dorombol\u00e1s\u00e9rt<\/strong><\/h2>\n\n\n\n<p><strong>A PreVital term\u00e9kcsal\u00e1dot \u00fagy alkottuk meg, hogy a k\u00f6ly\u00f6kcic\u00e1t\u00f3l az id\u0151sebb kor\u00faig, minden \u00e9letkorban 100%-ban teljes \u00e9rt\u00e9k\u0171 \u00e9s kiegyens\u00falyozott eledellel t\u00e1pl\u00e1lhassuk h\u00e1zi kedvenceinket. <\/strong><\/p>\n\n\n\n<p>Minden PreVital tartalmazza a sz\u00fcks\u00e9ges vitaminokat \u00e9s \u00e1sv\u00e1nyi anyagokat, \u00edgy a cic\u00e1k mindennapjai kiegyens\u00falyozottabbak \u00e9s boldogabbak lesznek.<\/p>\n<\/div>\n\n\n\n<div class=\"wp-block-column is-layout-flow wp-block-column-is-layout-flow\">\n<figure class=\"wp-block-image size-large\"><img loading=\"lazy\" decoding=\"async\" width=\"1024\" height=\"1011\" src=\"https:\/\/prevital.eu\/wp-content\/uploads\/2023\/01\/Duck-curry-1024x1011.png\" alt=\"\" class=\"wp-image-9019\" srcset=\"https:\/\/prevital.eu\/wp-content\/uploads\/2023\/01\/Duck-curry-1024x1011.png 1024w, https:\/\/prevital.eu\/wp-content\/uploads\/2023\/01\/Duck-curry-300x296.png 300w, https:\/\/prevital.eu\/wp-content\/uploads\/2023\/01\/Duck-curry-768x759.png 768w, https:\/\/prevital.eu\/wp-content\/uploads\/2023\/01\/Duck-curry-1536x1517.png 1536w, https:\/\/prevital.eu\/wp-content\/uploads\/2023\/01\/Duck-curry-2048x2023.png 2048w\" sizes=\"auto, (max-width: 1024px) 100vw, 1024px\" \/><\/figure>\n<\/div>\n<\/div>\n","protected":false},"featured_media":9037,"menu_order":0,"template":"","meta":{"_acf_changed":false,"footnotes":""},"product_family":[],"product_form":[94],"flavour":[],"lifestage":[81],"lifestyle":[],"store":[],"class_list":["post-9018","product","type-product","status-publish","has-post-thumbnail","hentry","product_form-tasak","lifestage-felnott"],"acf":[],"_links":{"self":[{"href":"https:\/\/prevital.eu\/hu\/wp-json\/wp\/v2\/product\/9018","targetHints":{"allow":["GET"]}}],"collection":[{"href":"https:\/\/prevital.eu\/hu\/wp-json\/wp\/v2\/product"}],"about":[{"href":"https:\/\/prevital.eu\/hu\/wp-json\/wp\/v2\/types\/product"}],"version-history":[{"count":5,"href":"https:\/\/prevital.eu\/hu\/wp-json\/wp\/v2\/product\/9018\/revisions"}],"predecessor-version":[{"id":9113,"href":"https:\/\/prevital.eu\/hu\/wp-json\/wp\/v2\/product\/9018\/revisions\/9113"}],"wp:featuredmedia":[{"embeddable":true,"href":"https:\/\/prevital.eu\/hu\/wp-json\/wp\/v2\/media\/9037"}],"wp:attachment":[{"href":"https:\/\/prevital.eu\/hu\/wp-json\/wp\/v2\/media?parent=9018"}],"wp:term":[{"taxonomy":"product_family","embeddable":true,"href":"https:\/\/prevital.eu\/hu\/wp-json\/wp\/v2\/product_family?post=9018"},{"taxonomy":"product_form","embeddable":true,"href":"https:\/\/prevital.eu\/hu\/wp-json\/wp\/v2\/product_form?post=9018"},{"taxonomy":"flavour","embeddable":true,"href":"https:\/\/prevital.eu\/hu\/wp-json\/wp\/v2\/flavour?post=9018"},{"taxonomy":"lifestage","embeddable":true,"href":"https:\/\/prevital.eu\/hu\/wp-json\/wp\/v2\/lifestage?post=9018"},{"taxonomy":"lifestyle","embeddable":true,"href":"https:\/\/prevital.eu\/hu\/wp-json\/wp\/v2\/lifestyle?post=9018"},{"taxonomy":"store","embeddable":true,"href":"https:\/\/prevital.eu\/hu\/wp-json\/wp\/v2\/store?post=9018"}],"curies":[{"name":"wp","href":"https:\/\/api.w.org\/{rel}","templated":true}]}}