{"id":58,"date":"2021-09-02T12:14:33","date_gmt":"2021-09-02T10:14:33","guid":{"rendered":"https:\/\/prevital.eu\/?page_id=58"},"modified":"2024-02-06T18:05:11","modified_gmt":"2024-02-06T16:05:11","slug":"kapcsolat","status":"publish","type":"page","link":"https:\/\/prevital.eu\/hu\/kapcsolat\/","title":{"rendered":"Kapcsolat"},"content":{"rendered":"\n<div style=\"height:100px\" aria-hidden=\"true\" class=\"wp-block-spacer\"><\/div>\n\n\n\n<p><br>Telefonsz\u00e1m: <\/p>\n\n\n\n<h3 class=\"wp-block-heading\">+36-1-801-02-03<\/h3>\n\n\n\n<p><br>E-mail c\u00edm:<\/p>\n\n\n\n<h3 class=\"wp-block-heading\">cs.hu@ppfeurope.com<\/h3>\n\n\n\n<p><br>C\u00edm:<\/p>\n\n\n\n<h3 class=\"wp-block-heading\">1112 Budapest, Boldizs\u00e1r utca 4., Hungary<\/h3>\n","protected":false},"excerpt":{"rendered":"<p>Telefonsz\u00e1m: +36-1-801-02-03 E-mail c\u00edm: cs.hu@ppfeurope.com C\u00edm: 1112 Budapest, Boldizs\u00e1r utca 4., Hungary<\/p>\n","protected":false},"author":1,"featured_media":0,"parent":0,"menu_order":0,"comment_status":"closed","ping_status":"closed","template":"page-simple.php","meta":{"_acf_changed":false,"footnotes":""},"class_list":["post-58","page","type-page","status-publish","hentry"],"acf":[],"_links":{"self":[{"href":"https:\/\/prevital.eu\/hu\/wp-json\/wp\/v2\/pages\/58","targetHints":{"allow":["GET"]}}],"collection":[{"href":"https:\/\/prevital.eu\/hu\/wp-json\/wp\/v2\/pages"}],"about":[{"href":"https:\/\/prevital.eu\/hu\/wp-json\/wp\/v2\/types\/page"}],"author":[{"embeddable":true,"href":"https:\/\/prevital.eu\/hu\/wp-json\/wp\/v2\/users\/1"}],"replies":[{"embeddable":true,"href":"https:\/\/prevital.eu\/hu\/wp-json\/wp\/v2\/comments?post=58"}],"version-history":[{"count":1,"href":"https:\/\/prevital.eu\/hu\/wp-json\/wp\/v2\/pages\/58\/revisions"}],"predecessor-version":[{"id":11202,"href":"https:\/\/prevital.eu\/hu\/wp-json\/wp\/v2\/pages\/58\/revisions\/11202"}],"wp:attachment":[{"href":"https:\/\/prevital.eu\/hu\/wp-json\/wp\/v2\/media?parent=58"}],"curies":[{"name":"wp","href":"https:\/\/api.w.org\/{rel}","templated":true}]}}