{"id":4005,"date":"2022-02-01T16:08:22","date_gmt":"2022-02-01T14:08:22","guid":{"rendered":"https:\/\/prevital.eu\/?page_id=4005"},"modified":"2025-07-28T11:07:33","modified_gmt":"2025-07-28T09:07:33","slug":"aktualis","status":"publish","type":"page","link":"https:\/\/prevital.eu\/hu\/aktualis\/","title":{"rendered":"Aktu\u00e1lis"},"content":{"rendered":"\n<div class=\"wp-block-group alignwide\" style=\"padding-top:30px;padding-right:30px;padding-bottom:30px;padding-left:30px\"><div class=\"wp-block-group__inner-container is-layout-flow wp-block-group-is-layout-flow\">\n<div class=\"wp-block-query alignfull is-layout-flow wp-block-query-is-layout-flow\"><ul class=\"wp-block-post-template is-layout-grid wp-container-core-post-template-is-layout-ee45eefd wp-block-post-template-is-layout-grid\"><li class=\"wp-block-post post-14802 post type-post status-publish format-standard hentry category-uncategorized-hu\">\n\n\n<h4 class=\"wp-block-post-title\"><a href=\"https:\/\/prevital.eu\/hu\/egyutt-a-jovoert\/\" target=\"_self\" >Egy\u00fctt a j\u00f6v\u0151\u00e9rt!<\/a><\/h4>\n\n<div class=\"wp-block-post-date\"><time datetime=\"2025-02-03T11:17:42+02:00\">2025.02.03.<\/time><\/div>\n\n<div class=\"wp-block-post-excerpt has-small-font-size\"><p class=\"wp-block-post-excerpt__excerpt\"> <\/p><\/div>\n<\/li><li class=\"wp-block-post post-9301 post type-post status-publish format-standard has-post-thumbnail hentry category-news\">\n<figure style=\"height:200px;\" class=\"alignfull wp-block-post-featured-image\"><a href=\"https:\/\/prevital.eu\/hu\/prevital-farm-selection-macskaeledelek\/\" target=\"_self\"  style=\"height:200px\"><img loading=\"lazy\" decoding=\"async\" width=\"1920\" height=\"764\" src=\"https:\/\/prevital.eu\/wp-content\/uploads\/2023\/10\/farm.jpg\" class=\"attachment-post-thumbnail size-post-thumbnail wp-post-image\" alt=\"PreVital Farm Selection macskaeledelek\" style=\"height:200px;object-fit:cover;\" srcset=\"https:\/\/prevital.eu\/wp-content\/uploads\/2023\/10\/farm.jpg 1920w, https:\/\/prevital.eu\/wp-content\/uploads\/2023\/10\/farm-300x119.jpg 300w, https:\/\/prevital.eu\/wp-content\/uploads\/2023\/10\/farm-1024x407.jpg 1024w, https:\/\/prevital.eu\/wp-content\/uploads\/2023\/10\/farm-768x306.jpg 768w, https:\/\/prevital.eu\/wp-content\/uploads\/2023\/10\/farm-1536x611.jpg 1536w\" sizes=\"auto, (max-width: 1920px) 100vw, 1920px\" \/><\/a><\/figure>\n\n<h4 class=\"wp-block-post-title\"><a href=\"https:\/\/prevital.eu\/hu\/prevital-farm-selection-macskaeledelek\/\" target=\"_self\" >PreVital Farm Selection macskaeledelek<\/a><\/h4>\n\n<div class=\"wp-block-post-date\"><time datetime=\"2023-10-26T13:30:44+02:00\">2023.10.26.<\/time><\/div>\n\n<div class=\"wp-block-post-excerpt has-small-font-size\"><p class=\"wp-block-post-excerpt__excerpt\">Visszany\u00falni a vid\u00e9k \u00edzeinek \u00e9rt\u00e9k\u00e9hez: ez lebegett a szem\u00fcnk el\u0151tt, mikor megalkottuk a PreVital egyik leg\u00fajabb macskaeledel-csal\u00e1dj\u00e1t, a Farm Selection eledeleket. Az \u00edzletes \u00e9s egyben min\u0151s\u00e9gi \u00e9telek fontosak mind a test, mind a l\u00e9lek sz\u00e1m\u00e1ra \u2013 ahogy az emberekn\u00e9l, \u00fagy n\u00e9gyl\u00e1b\u00fa csal\u00e1dtagjainkn\u00e1l is. Ennek f\u00e9ny\u00e9ben nem is lehetett k\u00e9rd\u00e9s, hogy \u00faj, cic\u00e1knak k\u00e9sz\u00fcl\u0151 term\u00e9keinkn\u00e9l a&hellip; <\/p><\/div>\n<\/li><li class=\"wp-block-post post-8942 post type-post status-publish format-standard has-post-thumbnail hentry category-uncategorized-hu\">\n<figure style=\"height:200px;\" class=\"alignfull wp-block-post-featured-image\"><a href=\"https:\/\/prevital.eu\/hu\/ajandek-a-szeretetgombocnak-is-jar\/\" target=\"_self\"  style=\"height:200px\"><img loading=\"lazy\" decoding=\"async\" width=\"1920\" height=\"720\" src=\"https:\/\/prevital.eu\/wp-content\/uploads\/2021\/12\/KIS1937.jpg\" class=\"attachment-post-thumbnail size-post-thumbnail wp-post-image\" alt=\"Aj\u00e1nd\u00e9k a szeretetgomb\u00f3cnak is j\u00e1r\" style=\"height:200px;object-fit:cover;\" srcset=\"https:\/\/prevital.eu\/wp-content\/uploads\/2021\/12\/KIS1937.jpg 1920w, https:\/\/prevital.eu\/wp-content\/uploads\/2021\/12\/KIS1937-300x113.jpg 300w, https:\/\/prevital.eu\/wp-content\/uploads\/2021\/12\/KIS1937-1024x384.jpg 1024w, https:\/\/prevital.eu\/wp-content\/uploads\/2021\/12\/KIS1937-768x288.jpg 768w, https:\/\/prevital.eu\/wp-content\/uploads\/2021\/12\/KIS1937-1536x576.jpg 1536w\" sizes=\"auto, (max-width: 1920px) 100vw, 1920px\" \/><\/a><\/figure>\n\n<h4 class=\"wp-block-post-title\"><a href=\"https:\/\/prevital.eu\/hu\/ajandek-a-szeretetgombocnak-is-jar\/\" target=\"_self\" >Aj\u00e1nd\u00e9k a szeretetgomb\u00f3cnak is j\u00e1r<\/a><\/h4>\n\n<div class=\"wp-block-post-date\"><time datetime=\"2022-12-21T15:16:00+02:00\">2022.12.21.<\/time><\/div>\n\n<div class=\"wp-block-post-excerpt has-small-font-size\"><p class=\"wp-block-post-excerpt__excerpt\">J\u00f3 \u00e9rz\u00e9s kapni, j\u00f3 \u00e9rz\u00e9s adni \u2013 de nek\u00fcnk, cic\u00e1soknak jutalmazni a legjobb! <\/p><\/div>\n<\/li><li class=\"wp-block-post post-3619 post type-post status-publish format-standard has-post-thumbnail hentry category-uncategorized-hu\">\n<figure style=\"height:200px;\" class=\"alignfull wp-block-post-featured-image\"><a href=\"https:\/\/prevital.eu\/hu\/a-legkisebb-csaladtag\/\" target=\"_self\"  style=\"height:200px\"><img loading=\"lazy\" decoding=\"async\" width=\"1920\" height=\"1080\" src=\"https:\/\/prevital.eu\/wp-content\/uploads\/2021\/12\/benefit-bg-junior.jpg\" class=\"attachment-post-thumbnail size-post-thumbnail wp-post-image\" alt=\"A legkisebb csal\u00e1dtag\" style=\"height:200px;object-fit:cover;\" srcset=\"https:\/\/prevital.eu\/wp-content\/uploads\/2021\/12\/benefit-bg-junior.jpg 1920w, https:\/\/prevital.eu\/wp-content\/uploads\/2021\/12\/benefit-bg-junior-300x169.jpg 300w, https:\/\/prevital.eu\/wp-content\/uploads\/2021\/12\/benefit-bg-junior-1024x576.jpg 1024w, https:\/\/prevital.eu\/wp-content\/uploads\/2021\/12\/benefit-bg-junior-768x432.jpg 768w, https:\/\/prevital.eu\/wp-content\/uploads\/2021\/12\/benefit-bg-junior-1536x864.jpg 1536w\" sizes=\"auto, (max-width: 1920px) 100vw, 1920px\" \/><\/a><\/figure>\n\n<h4 class=\"wp-block-post-title\"><a href=\"https:\/\/prevital.eu\/hu\/a-legkisebb-csaladtag\/\" target=\"_self\" >A legkisebb csal\u00e1dtag<\/a><\/h4>\n\n<div class=\"wp-block-post-date\"><time datetime=\"2022-02-01T14:24:04+02:00\">2022.02.01.<\/time><\/div>\n\n<div class=\"wp-block-post-excerpt has-small-font-size\"><p class=\"wp-block-post-excerpt__excerpt\">Ki tudna ellen\u00e1llni a pihe-puha, \u00fcgyetlen kiscic\u00e1knak?! Ezek a csod\u00e1latos teremt\u00e9sek \u00e9let\u00fck els\u0151 n\u00e9h\u00e1ny h\u00f3napj\u00e1ban b\u00e1mulatos \u00fctemben fejl\u0151dnek, nek\u00fcnk, gazdiknak pedig az a feladatunk, hogy mindent biztos\u00edtsunk ahhoz, hogy ezt biztons\u00e1gosan \u00e9s eg\u00e9szs\u00e9gesen tehess\u00e9k. <\/p><\/div>\n<\/li><li class=\"wp-block-post post-3608 post type-post status-publish format-standard has-post-thumbnail hentry category-articles\">\n<figure style=\"height:200px;\" class=\"alignfull wp-block-post-featured-image\"><a href=\"https:\/\/prevital.eu\/hu\/kozos-kalandok-a-vitalitasert\/\" target=\"_self\"  style=\"height:200px\"><img loading=\"lazy\" decoding=\"async\" width=\"1920\" height=\"812\" src=\"https:\/\/prevital.eu\/wp-content\/uploads\/2021\/12\/KIS1779.jpg\" class=\"attachment-post-thumbnail size-post-thumbnail wp-post-image\" alt=\"K\u00f6z\u00f6s kalandok a vitalit\u00e1s\u00e9rt\" style=\"height:200px;object-fit:cover;\" srcset=\"https:\/\/prevital.eu\/wp-content\/uploads\/2021\/12\/KIS1779.jpg 1920w, https:\/\/prevital.eu\/wp-content\/uploads\/2021\/12\/KIS1779-300x127.jpg 300w, https:\/\/prevital.eu\/wp-content\/uploads\/2021\/12\/KIS1779-1024x433.jpg 1024w, https:\/\/prevital.eu\/wp-content\/uploads\/2021\/12\/KIS1779-768x325.jpg 768w, https:\/\/prevital.eu\/wp-content\/uploads\/2021\/12\/KIS1779-1536x650.jpg 1536w\" sizes=\"auto, (max-width: 1920px) 100vw, 1920px\" \/><\/a><\/figure>\n\n<h4 class=\"wp-block-post-title\"><a href=\"https:\/\/prevital.eu\/hu\/kozos-kalandok-a-vitalitasert\/\" target=\"_self\" >K\u00f6z\u00f6s kalandok a vitalit\u00e1s\u00e9rt<\/a><\/h4>\n\n<div class=\"wp-block-post-date\"><time datetime=\"2022-02-01T13:34:38+02:00\">2022.02.01.<\/time><\/div>\n\n<div class=\"wp-block-post-excerpt has-small-font-size\"><p class=\"wp-block-post-excerpt__excerpt\">A macsk\u00e1k \u2013 mint a lust\u00e1lkod\u00e1s igazi nagymesterei \u2013 \u00e9let\u00fck jelent\u0151s r\u00e9sz\u00e9t alv\u00e1ssal t\u00f6ltik, de sosem szabad megfeledkezn\u00fcnk r\u00f3la, hogy puha sz\u0151rgomb\u00f3caink a lelk\u00fck m\u00e9ly\u00e9n igazi kis ragadoz\u00f3k. Term\u00e9szetes \u00f6szt\u00f6neik \u00e9beren tart\u00e1sa pedig a testi-lelki j\u00f3l\u00e9t\u00fck z\u00e1loga, r\u00e1ad\u00e1sul a cica-gazdi kapcsolatot is er\u0151s\u00edtheti. <\/p><\/div>\n<\/li><\/ul>\n\n<\/div>\n<\/div><\/div>\n","protected":false},"excerpt":{"rendered":"","protected":false},"author":1,"featured_media":3352,"parent":0,"menu_order":0,"comment_status":"closed","ping_status":"closed","template":"","meta":{"_acf_changed":false,"footnotes":""},"class_list":["post-4005","page","type-page","status-publish","has-post-thumbnail","hentry"],"acf":[],"_links":{"self":[{"href":"https:\/\/prevital.eu\/hu\/wp-json\/wp\/v2\/pages\/4005","targetHints":{"allow":["GET"]}}],"collection":[{"href":"https:\/\/prevital.eu\/hu\/wp-json\/wp\/v2\/pages"}],"about":[{"href":"https:\/\/prevital.eu\/hu\/wp-json\/wp\/v2\/types\/page"}],"author":[{"embeddable":true,"href":"https:\/\/prevital.eu\/hu\/wp-json\/wp\/v2\/users\/1"}],"replies":[{"embeddable":true,"href":"https:\/\/prevital.eu\/hu\/wp-json\/wp\/v2\/comments?post=4005"}],"version-history":[{"count":3,"href":"https:\/\/prevital.eu\/hu\/wp-json\/wp\/v2\/pages\/4005\/revisions"}],"predecessor-version":[{"id":15238,"href":"https:\/\/prevital.eu\/hu\/wp-json\/wp\/v2\/pages\/4005\/revisions\/15238"}],"wp:featuredmedia":[{"embeddable":true,"href":"https:\/\/prevital.eu\/hu\/wp-json\/wp\/v2\/media\/3352"}],"wp:attachment":[{"href":"https:\/\/prevital.eu\/hu\/wp-json\/wp\/v2\/media?parent=4005"}],"curies":[{"name":"wp","href":"https:\/\/api.w.org\/{rel}","templated":true}]}}