{"id":3486,"date":"2022-01-12T02:26:21","date_gmt":"2022-01-12T00:26:21","guid":{"rendered":"https:\/\/prevital.eu\/?page_id=3486"},"modified":"2024-04-10T14:11:09","modified_gmt":"2024-04-10T12:11:09","slug":"cookie-suti-tajekoztato","status":"publish","type":"page","link":"https:\/\/prevital.eu\/hu\/cookie-suti-tajekoztato\/","title":{"rendered":"Cookie (s\u00fcti) t\u00e1j\u00e9koztat\u00f3"},"content":{"rendered":"\n<p><strong>Partner in Pet Food Hung\u00e1ria Korl\u00e1tolt Felel\u0151ss\u00e9g\u0171 T\u00e1rsas\u00e1g<\/strong><\/p>\n\n\n\n<p><strong>Utols\u00f3 m\u00f3dos\u00edt\u00e1s: 2024. \u00e1prilis 10.<\/strong><\/p>\n\n\n\n<ol class=\"wp-block-list\">\n<li>A <strong>Partner in Pet Food Hung\u00e1ria Korl\u00e1tolt Felel\u0151ss\u00e9g\u0171 T\u00e1rsas\u00e1g <\/strong>(sz\u00e9khely 1112 Budapest, Boldizs\u00e1r utca 4., Hungary.; c\u00e9gjegyz\u00e9ksz\u00e1m: 13-09-090774; e-mail: <a href=\"mailto:info@ppfeurope.com\">info@ppfeurope.com<\/a>; telefonsz\u00e1ma: +36 1 801 02 03) (\u201e<strong>T\u00e1rsas\u00e1g<\/strong>\u201d) az \u00e1ltala \u00fczemeltetett <a href=\"http:\/\/www.prevital.com\">www.prevital.com<\/a> weboldal bizonyos ter\u00fcletein s\u00fctiket (cookiekat) haszn\u00e1l A s\u00fctik olyan f\u00e1jlok, melyek inform\u00e1ci\u00f3t t\u00e1rolnak a felhaszn\u00e1l\u00f3k webes keres\u0151j\u00e9n. A jelen t\u00e1j\u00e9koztat\u00f3 (\u201e<strong>T\u00e1j\u00e9koztat\u00f3<\/strong>\u201d) a s\u00fctik haszn\u00e1lat\u00e1r\u00f3l ad t\u00e1j\u00e9koztat\u00e1st.\u00a0<\/li>\n<\/ol>\n\n\n\n<ol class=\"wp-block-list\" start=\"2\">\n<li>A s\u00fctik p\u00e9ld\u00e1ul lehet\u0151v\u00e9 teszik a weboldal sz\u00e1m\u00e1ra, hogy a weboldal felismerje, ha a felhaszn\u00e1l\u00f3 kor\u00e1bban m\u00e1r megl\u00e1togatta a weboldalt, vagy seg\u00edtenek azonos\u00edtani, hogy a weboldal melyik r\u00e9sze a legn\u00e9pszer\u0171bb, a felhaszn\u00e1l\u00f3k mely r\u00e9szeire l\u00e9pnek be, \u00e9s mennyi id\u0151t t\u00f6ltenek ott. Ennek tanulm\u00e1nyoz\u00e1s\u00e1val a weboldalt igaz\u00edtani lehet a felhaszn\u00e1l\u00f3k ig\u00e9nyeihez, \u00e9s m\u00e9g v\u00e1ltozatosabb felhaszn\u00e1l\u00f3i \u00e9lm\u00e9nyt lehet ny\u00fajtani. A s\u00fctik seg\u00edts\u00e9g\u00e9vel biztos\u00edtani lehet azt is, hogy a felhaszn\u00e1l\u00f3 k\u00f6vetkez\u0151 l\u00e1togat\u00e1sa alkalm\u00e1val megjelen\u0151 inform\u00e1ci\u00f3k meg fognak felelni a felhaszn\u00e1l\u00f3 elv\u00e1r\u00e1sainak.\u00a0<\/li>\n<\/ol>\n\n\n\n<ol class=\"wp-block-list\" start=\"3\">\n<li>A T\u00e1rsas\u00e1g fenntartja a jogot, hogy a jelen T\u00e1j\u00e9koztat\u00f3t egyoldal\u00faan, a m\u00f3dos\u00edt\u00e1st k\u00f6vet\u0151 hat\u00e1llyal m\u00f3dos\u00edtsa, figyelemmel a vonatkoz\u00f3 jogszab\u00e1lyokban foglalt korl\u00e1toz\u00e1sokra \u00e9s sz\u00fcks\u00e9g eset\u00e9n az \u00e9rintettek megfelel\u0151 id\u0151ben t\u00f6rt\u00e9n\u0151 el\u0151zetes t\u00e1j\u00e9koztat\u00e1s\u00e1val. A jelen T\u00e1j\u00e9koztat\u00f3 m\u00f3dos\u00edt\u00e1s\u00e1ra k\u00fcl\u00f6n\u00f6sen abban az esetben ker\u00fclhet sor, ha arra jogszab\u00e1lyv\u00e1ltoz\u00e1s, adatv\u00e9delmi hat\u00f3s\u00e1gi gyakorlat, \u00fczleti- vagy munkav\u00e1llal\u00f3i ig\u00e9ny, illetve \u00fajonnan felfedezett biztons\u00e1gi kock\u00e1zat miatt sz\u00fcks\u00e9g van. K\u00e9r\u00e9sre a T\u00e1rsas\u00e1g megk\u00fcldi az \u00e9rintettnek a mindenkor hat\u00e1lyos T\u00e1j\u00e9koztat\u00f3 egy p\u00e9ld\u00e1ny\u00e1t.\u00a0<\/li>\n<\/ol>\n\n\n\n<ol class=\"wp-block-list\" start=\"4\">\n<li>Oldalunkon lehet\u0151v\u00e9 tessz\u00fck, hogy a s\u00fctik bizonyos csoportjainak (ld. 7. pont) haszn\u00e1lat\u00e1t a felhaszn\u00e1l\u00f3 enged\u00e9lyezze, illetve elutas\u00edtsa. A felhaszn\u00e1l\u00f3k els\u0151 l\u00e1togat\u00e1sakor, majd ezt k\u00f6vet\u0151en rendszeres id\u0151k\u00f6z\u00f6nk\u00e9nt hozz\u00e1j\u00e1rul\u00e1sukat k\u00e9rj\u00fck a s\u00fctik haszn\u00e1lat\u00e1hoz. A felhaszn\u00e1l\u00f3 a v\u00e1laszt\u00e1s\u00e1t az oldal alj\u00e1n elhelyezett \u201cCookie be\u00e1ll\u00edt\u00e1sok\u201d linkre kattintva b\u00e1rmikor m\u00f3dos\u00edthatja. A <a href=\"http:\/\/www.prevital.com\">www.prevital.com<\/a> weboldal a s\u00fctik haszn\u00e1lat\u00e1val t\u00f6rt\u00e9n\u0151 m\u0171k\u00f6d\u00e9sre k\u00e9sz\u00fclt, \u00edgy azok kikapcsol\u00e1sa hat\u00e1ssal lehet a weboldal haszn\u00e1lhat\u00f3s\u00e1g\u00e1ra, \u00e9s megakad\u00e1lyozhatja, hogy a felhaszn\u00e1l\u00f3 annak minden el\u0151ny\u00e9t kihaszn\u00e1lja.\u00a0<\/li>\n<\/ol>\n\n\n\n<ol class=\"wp-block-list\" start=\"5\">\n<li>A felhaszn\u00e1l\u00f3 be\u00e1ll\u00edthatja webes keres\u0151j\u00e9t, hogy elfogadjon minden s\u00fctit, elutas\u00edtsa mindet, vagy \u00e9rtes\u00edtse a felhaszn\u00e1l\u00f3t, ha s\u00fcti \u00e9rkezik a felhaszn\u00e1l\u00f3 g\u00e9p\u00e9re. Mindegyik webes keres\u0151 k\u00fcl\u00f6nb\u00f6z\u0151, \u00edgy a keres\u0151 \u201cSeg\u00edts\u00e9g\u201d men\u00fcje seg\u00edthet a s\u00fctik be\u00e1ll\u00edt\u00e1sainak m\u00f3dos\u00edt\u00e1s\u00e1hoz. A s\u00fctik term\u00e9szet\u00e9vel, valamint kikapcsol\u00e1sukkal kapcsolatos tov\u00e1bbi inform\u00e1ci\u00f3 a <a href=\"http:\/\/www.youronlinechoices.com\/hu\/\">http:\/\/www.youronlinechoices.com\/hu\/<\/a> oldalon tal\u00e1lhat\u00f3.\u00a0<\/li>\n<\/ol>\n\n\n\n<ol class=\"wp-block-list\" start=\"6\">\n<li>A leggyakrabban haszn\u00e1lt b\u00f6ng\u00e9sz\u0151k eset\u00e9ben a s\u00fctik kezel\u00e9s\u00e9re vonatkoz\u00f3 men\u00fcpontok:\u00a0<\/li>\n<\/ol>\n\n\n\n<p>A legn\u00e9pszer\u0171bb b\u00f6ng\u00e9sz\u0151k cookie-be\u00e1ll\u00edt\u00e1sair\u00f3l az al\u00e1bbi linkeken t\u00e1j\u00e9koz\u00f3dhat:<\/p>\n\n\n\n<ul class=\"wp-block-list\">\n<li><strong>Google Chrome<\/strong>:\u00a0<a href=\"https:\/\/support.google.com\/accounts\/answer\/61416?hl=hu\">https:\/\/support.google.com\/accounts\/answer\/61416?hl=hu<\/a><\/li>\n\n\n\n<li><strong>Firefox<\/strong>:\u00a0<a href=\"https:\/\/support.mozilla.org\/hu\/kb\/sutik-engedelyezese-es-tiltasa-amit-weboldak-haszn\">https:\/\/support.mozilla.org\/hu\/kb\/sutik-engedelyezese-es-tiltasa-amit-weboldak-haszn<\/a><\/li>\n\n\n\n<li><strong>Microsoft Internet Explorer 11<\/strong>:\u00a0<a href=\"https:\/\/support.microsoft.com\/hu-hu\/help\/17442\/windows-internet-explorer-delete-manage-cookies#ie=ie-11\">https:\/\/support.microsoft.com\/hu-hu\/help\/17442\/windows-internet-explorer-delete-manage-cookies#ie=ie-11<\/a><\/li>\n\n\n\n<li><strong>Microsoft Internet Explorer 10<\/strong>:\u00a0<a href=\"https:\/\/support.microsoft.com\/hu-hu\/help\/17442\/windows-internet-explorer-delete-manage-cookies#ie=ie-10-win-7\">https:\/\/support.microsoft.com\/hu-hu\/help\/17442\/windows-internet-explorer-delete-manage-cookies#ie=ie-10-win-7<\/a><\/li>\n\n\n\n<li><strong>Microsoft Internet Explorer 9<\/strong>:\u00a0<a href=\"https:\/\/support.microsoft.com\/hu-hu\/help\/17442\/windows-internet-explorer-delete-manage-cookies#ie=ie-9\">https:\/\/support.microsoft.com\/hu-hu\/help\/17442\/windows-internet-explorer-delete-manage-cookies#ie=ie-9<\/a><\/li>\n\n\n\n<li><strong>Microsoft Internet Explorer 8<\/strong>:\u00a0<a href=\"https:\/\/support.microsoft.com\/hu-hu\/help\/17442\/windows-internet-explorer-delete-manage-cookies#ie=ie-8\">https:\/\/support.microsoft.com\/hu-hu\/help\/17442\/windows-internet-explorer-delete-manage-cookies#ie=ie-8<\/a><\/li>\n\n\n\n<li><strong>Microsoft Edge<\/strong>:\u00a0<a href=\"https:\/\/privacy.microsoft.com\/hu-HU\/windows-10-microsoft-edge-and-privacy\">https:\/\/privacy.microsoft.com\/hu-HU\/windows-10-microsoft-edge-and-privacy<\/a><\/li>\n\n\n\n<li><strong>Safari<\/strong>:\u00a0<a href=\"https:\/\/support.apple.com\/hu-hu\/HT201265\">https:\/\/support.apple.com\/hu-hu\/HT201265<\/a><\/li>\n<\/ul>\n\n\n\n<p>Amennyiben mobilk\u00e9sz\u00fcl\u00e9ket haszn\u00e1l, az al\u00e1bbi oldalakon t\u00e1j\u00e9koz\u00f3dhat:<\/p>\n\n\n\n<ul class=\"wp-block-list\">\n<li><strong>Android<\/strong>:\u00a0<a href=\"https:\/\/developer.android.com\/reference\/android\/webkit\/CookieManager\">https:\/\/developer.android.com\/reference\/android\/webkit\/CookieManager<\/a><\/li>\n\n\n\n<li><strong>Opera<\/strong>:\u00a0<a href=\"https:\/\/www.opera.com\/help\/tutorials\/security\/privacy\/\">https:\/\/www.opera.com\/help\/tutorials\/security\/privacy\/<\/a><\/li>\n\n\n\n<li><strong>Safari iOS<\/strong>:\u00a0<a href=\"https:\/\/support.apple.com\/kb\/PH5042?locale=hu_HU\">https:\/\/support.apple.com\/kb\/PH5042?locale=hu_HU<\/a><\/li>\n<\/ul>\n\n\n\n<ol class=\"wp-block-list\" start=\"7\">\n<li>A T\u00e1rsas\u00e1g \u00e1ltal haszn\u00e1lt cookiek list\u00e1j\u00e1t az al\u00e1bbi t\u00e1bl\u00e1zat tartalmazza. Ezen t\u00falmen\u0151en, a T\u00e1rsas\u00e1g technikai \u00faton r\u00f6gz\u00edti azt is, hogy a felhaszn\u00e1l\u00f3 elfogadta-e kor\u00e1bban a jelen T\u00e1j\u00e9koztat\u00f3t.<\/li>\n<\/ol>\n\n\n\n<figure class=\"wp-block-table\"><table><tbody><tr><td><strong>S\u00fcti (cookie) neve<\/strong><\/td><td><strong>T\u00edpusa<\/strong><\/td><td><strong>Mi\u00e9rt sz\u00fcks\u00e9ges a weboldal sz\u00e1m\u00e1ra \u00e9s milyen funkci\u00f3t ny\u00fajt a felhaszn\u00e1l\u00f3 r\u00e9sz\u00e9re?<\/strong><strong>Milyen adatokhoz f\u00e9rhet hozz\u00e1?<\/strong><\/td><td><strong>\u00c9lettartam<\/strong><\/td><\/tr><tr><td><strong>_ga<\/strong><\/td><td>Statisztikai s\u00fcti \u2013 alap\u00e9rtelmezettk\u00e9nt be van kapcsolva, a&nbsp; felhaszn\u00e1l\u00f3 b\u00e1rmikor jogosult ki- \u00e9s bekapcsolni<\/td><td>A Google \u00e1ltal alkalmazott s\u00fcti (harmadik f\u00e9l s\u00fcti). Az egyes felhaszn\u00e1l\u00f3k megk\u00fcl\u00f6nb\u00f6ztet\u00e9s\u00e9re szolg\u00e1l.<\/td><td>2 \u00e9v<\/td><\/tr><tr><td><strong>_gid<\/strong><\/td><td>Statisztikai s\u00fcti \u2013 alap\u00e9rtelmezettk\u00e9nt be van kapcsolva, a&nbsp; felhaszn\u00e1l\u00f3 b\u00e1rmikor jogosult ki- \u00e9s bekapcsolni<\/td><td>A Google \u00e1ltal alkalmazott s\u00fcti (harmadik f\u00e9l s\u00fcti). Az egyes felhaszn\u00e1l\u00f3k megk\u00fcl\u00f6nb\u00f6ztet\u00e9s\u00e9re szolg\u00e1l.<\/td><td>24 \u00f3ra<\/td><\/tr><tr><td><strong>_gat<\/strong><\/td><td>Statisztikai s\u00fcti \u2013 alap\u00e9rtelmezettk\u00e9nt be van kapcsolva, a&nbsp; felhaszn\u00e1l\u00f3 b\u00e1rmikor jogosult ki- \u00e9s bekapcsolni<\/td><td>A Google \u00e1ltal alkalmazott s\u00fcti (harmadik f\u00e9l s\u00fcti). A k\u00e9r\u00e9sek lekorl\u00e1toz\u00e1s\u00e1ra haszn\u00e1lj\u00e1k. Ha a Google Analytics a Google Tag Manageren kereszt\u00fcl telep\u00fcl, akkor a s\u00fcti neve _dc_gtm_&lt;property-id&gt; .<\/td><td>1 perc<\/td><\/tr><tr><td><strong>AMP_TOKEN<\/strong><\/td><td>Statisztikai s\u00fcti \u2013 alap\u00e9rtelmezettk\u00e9nt be van kapcsolva, a&nbsp; felhaszn\u00e1l\u00f3 b\u00e1rmikor jogosult ki- \u00e9s bekapcsolni<\/td><td>A Google \u00e1ltal alkalmazott s\u00fcti (harmadik f\u00e9l s\u00fcti). Tartalmaz egy tokent, amely az \u00fcgyf\u00e9lazonos\u00edt\u00f3 AMP Client ID szolg\u00e1ltat\u00e1sb\u00f3l t\u00f6rt\u00e9n\u0151 lek\u00e9rdez\u00e9s\u00e9hez haszn\u00e1lhat\u00f3.&nbsp; Az egy\u00e9b lehets\u00e9ges \u00e9rt\u00e9kek jelezhetnek leiratkoz\u00e1st, menet k\u00f6zbeni k\u00e9r\u00e9st vagy az \u00fcgyf\u00e9lazonos\u00edt\u00f3 AMP Client ID szolg\u00e1ltat\u00e1sb\u00f3l t\u00f6rt\u00e9n\u0151 lek\u00e9rdez\u00e9s\u00e9nek hib\u00e1j\u00e1t.<\/td><td>30 m\u00e1sodperct\u0151l 1 \u00e9vig<\/td><\/tr><tr><td><strong>_gac_&lt;property-id&gt;<\/strong><\/td><td>Statisztikai s\u00fcti \u2013 alap\u00e9rtelmezettk\u00e9nt be van kapcsolva, a&nbsp; felhaszn\u00e1l\u00f3 b\u00e1rmikor jogosult ki- \u00e9s bekapcsolni<\/td><td>A Google \u00e1ltal alkalmazott s\u00fcti (harmadik f\u00e9l s\u00fcti). A kamp\u00e1nnyal kapcsolatos inform\u00e1ci\u00f3kat tartalmaz a felhaszn\u00e1l\u00f3 sz\u00e1m\u00e1ra. Ha a Google Analytics \u00e9s a Google Ads fi\u00f3kjai \u00f6sszevannak kapcsolva, a Google Ads weboldal konverzi\u00f3s c\u00edmk\u00e9i olvass\u00e1k majd ezt a s\u00fctit, amennyiben nem tiltja le ezt a funkci\u00f3t. Tov\u00e1bbi inform\u00e1ci\u00f3k.<\/td><td>90 nap<\/td><\/tr><tr><td><strong>_icl_current_language<\/strong><\/td><td>A weboldal m\u0171k\u00f6d\u00e9s\u00e9hez felt\u00e9tlen\u00fcl sz\u00fcks\u00e9ges s\u00fcti &#8211; alap\u00e9rtelmezettk\u00e9nt be van kapcsolva, a felhaszn\u00e1l\u00f3 nem tudja kikapcsolni<\/td><td>A s\u00fctit a WPML plugin haszn\u00e1lja, az aktu\u00e1lis nyelvi be\u00e1ll\u00edt\u00e1st t\u00e1rolja<\/td><td>24 \u00f3ra<\/td><\/tr><tr><td><strong>_icl_current_admin_language_{hash}<\/strong><\/td><td>A weboldal m\u0171k\u00f6d\u00e9s\u00e9hez felt\u00e9tlen\u00fcl sz\u00fcks\u00e9ges s\u00fcti &#8211; alap\u00e9rtelmezettk\u00e9nt be van kapcsolva, a felhaszn\u00e1l\u00f3 nem tudja kikapcsolni<\/td><td>A s\u00fctit a WPML plugin haszn\u00e1lja. A WordPress adminisztr\u00e1ci\u00f3s fel\u00fclet\u00e9nek aktu\u00e1lis nyelvi be\u00e1ll\u00edt\u00e1s\u00e1t t\u00e1rolja.<\/td><td>24 \u00f3ra<\/td><\/tr><tr><td><strong>_icl_visitor_lang_js<\/strong><\/td><td>A weboldal m\u0171k\u00f6d\u00e9s\u00e9hez felt\u00e9tlen\u00fcl sz\u00fcks\u00e9ges s\u00fcti &#8211; alap\u00e9rtelmezettk\u00e9nt be van kapcsolva, a felhaszn\u00e1l\u00f3 nem tudja kikapcsolni<\/td><td>A s\u00fctit a WPML plugin haszn\u00e1lja, az \u00e1tir\u00e1ny\u00edt\u00e1shoz tartoz\u00f3 nyelvi be\u00e1ll\u00edt\u00e1st t\u00e1rolja<\/td><td>24 \u00f3ra<\/td><\/tr><tr><td><strong>wpml_browser_redirect_test<\/strong><\/td><td>A weboldal m\u0171k\u00f6d\u00e9s\u00e9hez felt\u00e9tlen\u00fcl sz\u00fcks\u00e9ges s\u00fcti &#8211; alap\u00e9rtelmezettk\u00e9nt be van kapcsolva, a felhaszn\u00e1l\u00f3 nem tudja kikapcsolni<\/td><td>A s\u00fctit a WPML plugin haszn\u00e1lja. Az ellen\u0151rzi, hogy enged\u00e9lyezve vannak-e a s\u00fctik<\/td><td>24 \u00f3ra<\/td><\/tr><tr><td><strong>wpml_referer_url<\/strong><\/td><td>A weboldal m\u0171k\u00f6d\u00e9s\u00e9hez felt\u00e9tlen\u00fcl sz\u00fcks\u00e9ges s\u00fcti &#8211; alap\u00e9rtelmezettk\u00e9nt be van kapcsolva, a felhaszn\u00e1l\u00f3 nem tudja kikapcsolni<\/td><td>A s\u00fctit a WPML plugin haszn\u00e1lja. A kezel\u0151fel\u00fcleten utolj\u00e1ra k\u00e9rt URL-c\u00edmet t\u00e1rolja.<\/td><td>24 \u00f3ra<\/td><\/tr><tr><td><strong>wpml_admin_referer_url<\/strong><\/td><td>A weboldal m\u0171k\u00f6d\u00e9s\u00e9hez felt\u00e9tlen\u00fcl sz\u00fcks\u00e9ges s\u00fcti &#8211; alap\u00e9rtelmezettk\u00e9nt be van kapcsolva, a felhaszn\u00e1l\u00f3 nem tudja kikapcsolni<\/td><td>A s\u00fctit a WPML plugin haszn\u00e1lja. A back-enden utolj\u00e1ra k\u00e9rt URL-c\u00edmet t\u00e1rolja.<\/td><td>24 \u00f3ra<\/td><\/tr><tr><td><strong>cookielawinfo-checkbox-analytics<\/strong><\/td><td>A weboldal m\u0171k\u00f6d\u00e9s\u00e9hez felt\u00e9tlen\u00fcl sz\u00fcks\u00e9ges s\u00fcti &#8211; alap\u00e9rtelmezettk\u00e9nt be van kapcsolva, a felhaszn\u00e1l\u00f3 nem tudja kikapcsolni<\/td><td>Ezt a s\u00fctit a GDPR Cookie Consent plugin \u00e1ll\u00edtja be. Az \u201eAnalytics\u201d kateg\u00f3ri\u00e1ba tartoz\u00f3 s\u00fctik felhaszn\u00e1l\u00f3 \u00e1ltali elfogad\u00e1s\u00e1t t\u00e1rolja.<\/td><td>11 h\u00f3nap<\/td><\/tr><tr><td><strong>cookielawinfo-checkbox-others<\/strong><\/td><td>A weboldal m\u0171k\u00f6d\u00e9s\u00e9hez felt\u00e9tlen\u00fcl sz\u00fcks\u00e9ges s\u00fcti &#8211; alap\u00e9rtelmezettk\u00e9nt be van kapcsolva, a felhaszn\u00e1l\u00f3 nem tudja kikapcsolni<\/td><td>Ezt a s\u00fctit a GDPR Cookie Consent plugin \u00e1ll\u00edtja be. Az \u201eEgy\u00e9b\u201d kateg\u00f3ri\u00e1ba tartoz\u00f3 s\u00fctik felhaszn\u00e1l\u00f3 \u00e1ltali elfogad\u00e1s\u00e1t t\u00e1rolja.<\/td><td>11 h\u00f3nap<\/td><\/tr><tr><td><strong>viewed_cookie_policy<\/strong><\/td><td>A weboldal m\u0171k\u00f6d\u00e9s\u00e9hez felt\u00e9tlen\u00fcl sz\u00fcks\u00e9ges s\u00fcti &#8211; alap\u00e9rtelmezettk\u00e9nt be van kapcsolva, a felhaszn\u00e1l\u00f3 nem tudja kikapcsolni<\/td><td>Ezt a s\u00fctit a GDPR Cookie Consent plugin \u00e1ll\u00edtja be. Azt t\u00e1rolja, hogy a felhaszn\u00e1l\u00f3 hozz\u00e1j\u00e1rult-e a s\u00fctik haszn\u00e1lat\u00e1hoz. Nem t\u00e1rol semmilyen szem\u00e9lyes adatot.<\/td><td>11 h\u00f3nap<\/td><\/tr><tr><td><strong>cookielawinfo-checkbox-necessary<\/strong><\/td><td>A weboldal m\u0171k\u00f6d\u00e9s\u00e9hez felt\u00e9tlen\u00fcl sz\u00fcks\u00e9ges s\u00fcti &#8211; alap\u00e9rtelmezettk\u00e9nt be van kapcsolva, a felhaszn\u00e1l\u00f3 nem tudja kikapcsolni<\/td><td>Ezt a s\u00fctit a GDPR Cookie Consent plugin \u00e1ll\u00edtja be. A \u201eSz\u00fcks\u00e9ges\u201d kateg\u00f3ri\u00e1ba tartoz\u00f3 s\u00fctik felhaszn\u00e1l\u00f3 \u00e1ltali elfogad\u00e1s\u00e1t t\u00e1rolja.<\/td><td>11 h\u00f3nap<\/td><\/tr><tr><td><strong>cookielawinfo-checkbox-functional<\/strong><\/td><td>A weboldal m\u0171k\u00f6d\u00e9s\u00e9hez felt\u00e9tlen\u00fcl sz\u00fcks\u00e9ges s\u00fcti &#8211; alap\u00e9rtelmezettk\u00e9nt be van kapcsolva, a felhaszn\u00e1l\u00f3 nem tudja kikapcsolni<\/td><td>A s\u00fctit a GDPR Cookie Consent plugin \u00e1ll\u00edtja be, a \u201eFunkcion\u00e1lis\u201d kateg\u00f3ri\u00e1ba tartoz\u00f3 s\u00fctik felhaszn\u00e1l\u00f3 \u00e1ltali elfogad\u00e1s\u00e1t t\u00e1rolja.<\/td><td>11 h\u00f3nap<\/td><\/tr><tr><td><strong>cookielawinfo-checkbox-performance<\/strong><\/td><td>A weboldal m\u0171k\u00f6d\u00e9s\u00e9hez felt\u00e9tlen\u00fcl sz\u00fcks\u00e9ges s\u00fcti &#8211; alap\u00e9rtelmezettk\u00e9nt be van kapcsolva, a felhaszn\u00e1l\u00f3 nem tudja kikapcsolni<\/td><td>Ezt a s\u00fctit a GDPR Cookie Consent plugin \u00e1ll\u00edtja be. A \u201eTeljes\u00edtm\u00e9ny\u201d kateg\u00f3ri\u00e1ba tartoz\u00f3 s\u00fctik felhaszn\u00e1l\u00f3 \u00e1ltali elfogad\u00e1s\u00e1t t\u00e1rolja.<\/td><td>11 h\u00f3nap<\/td><\/tr><\/tbody><\/table><\/figure>\n","protected":false},"excerpt":{"rendered":"<p>Partner in Pet Food Hung\u00e1ria Korl\u00e1tolt Felel\u0151ss\u00e9g\u0171 T\u00e1rsas\u00e1g Utols\u00f3 m\u00f3dos\u00edt\u00e1s: 2024. \u00e1prilis 10. A legn\u00e9pszer\u0171bb b\u00f6ng\u00e9sz\u0151k cookie-be\u00e1ll\u00edt\u00e1sair\u00f3l az al\u00e1bbi linkeken t\u00e1j\u00e9koz\u00f3dhat: Amennyiben mobilk\u00e9sz\u00fcl\u00e9ket haszn\u00e1l, az al\u00e1bbi oldalakon t\u00e1j\u00e9koz\u00f3dhat: S\u00fcti (cookie) neve T\u00edpusa Mi\u00e9rt sz\u00fcks\u00e9ges a weboldal sz\u00e1m\u00e1ra \u00e9s milyen funkci\u00f3t ny\u00fajt a felhaszn\u00e1l\u00f3 r\u00e9sz\u00e9re?Milyen adatokhoz f\u00e9rhet hozz\u00e1? \u00c9lettartam _ga Statisztikai s\u00fcti \u2013 alap\u00e9rtelmezettk\u00e9nt be van [&hellip;]<\/p>\n","protected":false},"author":1,"featured_media":0,"parent":0,"menu_order":0,"comment_status":"closed","ping_status":"closed","template":"page-simple.php","meta":{"_acf_changed":false,"footnotes":""},"class_list":["post-3486","page","type-page","status-publish","hentry"],"acf":[],"_links":{"self":[{"href":"https:\/\/prevital.eu\/hu\/wp-json\/wp\/v2\/pages\/3486","targetHints":{"allow":["GET"]}}],"collection":[{"href":"https:\/\/prevital.eu\/hu\/wp-json\/wp\/v2\/pages"}],"about":[{"href":"https:\/\/prevital.eu\/hu\/wp-json\/wp\/v2\/types\/page"}],"author":[{"embeddable":true,"href":"https:\/\/prevital.eu\/hu\/wp-json\/wp\/v2\/users\/1"}],"replies":[{"embeddable":true,"href":"https:\/\/prevital.eu\/hu\/wp-json\/wp\/v2\/comments?post=3486"}],"version-history":[{"count":1,"href":"https:\/\/prevital.eu\/hu\/wp-json\/wp\/v2\/pages\/3486\/revisions"}],"predecessor-version":[{"id":11270,"href":"https:\/\/prevital.eu\/hu\/wp-json\/wp\/v2\/pages\/3486\/revisions\/11270"}],"wp:attachment":[{"href":"https:\/\/prevital.eu\/hu\/wp-json\/wp\/v2\/media?parent=3486"}],"curies":[{"name":"wp","href":"https:\/\/api.w.org\/{rel}","templated":true}]}}