{"id":2902,"date":"2021-09-02T12:13:56","date_gmt":"2021-09-02T10:13:56","guid":{"rendered":"https:\/\/prevital.eu\/about-us\/"},"modified":"2025-01-15T13:34:54","modified_gmt":"2025-01-15T11:34:54","slug":"rolunk","status":"publish","type":"page","link":"https:\/\/prevital.eu\/hu\/rolunk\/","title":{"rendered":"R\u00f3lunk"},"content":{"rendered":"\n<div class=\"wp-block-group alignwide\"><div class=\"wp-block-group__inner-container is-layout-flow wp-block-group-is-layout-flow\">\n<div style=\"height:100px\" aria-hidden=\"true\" class=\"wp-block-spacer\"><\/div>\n\n\n<div class=\"wp-block-image\">\n<figure class=\"aligncenter size-full\"><img loading=\"lazy\" decoding=\"async\" width=\"450\" height=\"214\" src=\"https:\/\/prevital.eu\/wp-content\/uploads\/2022\/01\/about-1-hu.png\" alt=\"\" class=\"wp-image-3424\" srcset=\"https:\/\/prevital.eu\/wp-content\/uploads\/2022\/01\/about-1-hu.png 450w, https:\/\/prevital.eu\/wp-content\/uploads\/2022\/01\/about-1-hu-300x143.png 300w\" sizes=\"auto, (max-width: 450px) 100vw, 450px\" \/><\/figure>\n<\/div>\n\n\n<div style=\"height:50px\" aria-hidden=\"true\" class=\"wp-block-spacer\"><\/div>\n\n\n\n<p>A PreVital term\u00e9kcsal\u00e1dot \u00fagy alkottuk meg, hogy a k\u00f6ly\u00f6kcic\u00e1t\u00f3l az id\u0151sebb kor\u00faig, minden \u00e9letkorban 100%-ban teljes \u00e9rt\u00e9k\u0171 \u00e9s kiegyens\u00falyozott eledellel t\u00e1pl\u00e1lhassuk h\u00e1zi kedvenceinket. Minden PreVital tartalmazza a sz\u00fcks\u00e9ges vitaminokat \u00e9s \u00e1sv\u00e1nyi anyagokat, \u00edgy a cic\u00e1k mindennapjai kiegyens\u00falyozottabbak \u00e9s boldogabbak lesznek.<\/p>\n\n\n\n<p>Eledeleink sz\u00e1mos \u00e9rt\u00e9kes vitamint \u00e9s \u00e1sv\u00e1nyi anyagot tartalmaznak, melyek hozz\u00e1j\u00e1rulnak a cic\u00e1k k\u00fcl\u00f6nb\u00f6z\u0151 ig\u00e9nyeinek kiel\u00e9g\u00edt\u00e9s\u00e9hez nap mint nap:<\/p>\n\n\n\n<ul class=\"wp-block-list\">\n<li>D3-vitamin az er\u0151s fogak\u00e9rt \u00e9s csontok\u00e9rt<\/li>\n\n\n\n<li>E-vitamin az er\u0151s immunrendszer\u00e9rt<\/li>\n\n\n\n<li>A-vitamin az \u00e9les l\u00e1t\u00e1s fenntart\u00e1s\u00e1\u00e9rt<\/li>\n\n\n\n<li>Inulin a j\u00f3 em\u00e9szt\u00e9s\u00e9rt<\/li>\n\n\n\n<li>Biotin \u00e9s cink az eg\u00e9szs\u00e9ges b\u0151r\u00e9rt \u00e9s csillog\u00f3 bund\u00e1\u00e9rt<\/li>\n\n\n\n<li>Taurin az er\u0151s sz\u00edv\u00e9rt<\/li>\n<\/ul>\n\n\n\n<div style=\"height:100px\" aria-hidden=\"true\" class=\"wp-block-spacer\"><\/div>\n\n\n\n<p><\/p>\n<\/div><\/div>\n\n\n\n<div class=\"wp-block-group alignfull\"><div class=\"wp-block-group__inner-container is-layout-flow wp-block-group-is-layout-flow\">\n<figure class=\"wp-block-image size-full\"><img loading=\"lazy\" decoding=\"async\" width=\"1920\" height=\"816\" src=\"https:\/\/prevital.eu\/wp-content\/uploads\/2021\/12\/about-block-01.jpg\" alt=\"\" class=\"wp-image-2933\" srcset=\"https:\/\/prevital.eu\/wp-content\/uploads\/2021\/12\/about-block-01.jpg 1920w, https:\/\/prevital.eu\/wp-content\/uploads\/2021\/12\/about-block-01-300x128.jpg 300w, https:\/\/prevital.eu\/wp-content\/uploads\/2021\/12\/about-block-01-1024x435.jpg 1024w, https:\/\/prevital.eu\/wp-content\/uploads\/2021\/12\/about-block-01-768x326.jpg 768w, https:\/\/prevital.eu\/wp-content\/uploads\/2021\/12\/about-block-01-1536x653.jpg 1536w\" sizes=\"auto, (max-width: 1920px) 100vw, 1920px\" \/><\/figure>\n<\/div><\/div>\n\n\n\n<div class=\"wp-block-group alignwide\"><div class=\"wp-block-group__inner-container is-layout-flow wp-block-group-is-layout-flow\">\n<div style=\"height:100px\" aria-hidden=\"true\" class=\"wp-block-spacer\"><\/div>\n\n\n<div class=\"wp-block-image\">\n<figure class=\"aligncenter size-full\"><img loading=\"lazy\" decoding=\"async\" width=\"459\" height=\"201\" src=\"https:\/\/prevital.eu\/wp-content\/uploads\/2022\/01\/about-2-hu.png\" alt=\"\" class=\"wp-image-3429\" srcset=\"https:\/\/prevital.eu\/wp-content\/uploads\/2022\/01\/about-2-hu.png 459w, https:\/\/prevital.eu\/wp-content\/uploads\/2022\/01\/about-2-hu-300x131.png 300w\" sizes=\"auto, (max-width: 459px) 100vw, 459px\" \/><\/figure>\n<\/div>\n\n\n<div style=\"height:50px\" aria-hidden=\"true\" class=\"wp-block-spacer\"><\/div>\n\n\n\n<p>Macskaszak\u00e9rt\u0151k\u00e9nt j\u00f3l tudjuk, hogy ah\u00e1ny cica, annyi t\u00e1pl\u00e1lkoz\u00e1si szok\u00e1s, \u00e9s pontosan annyif\u00e9le ig\u00e9ny is kiel\u00e9g\u00edt\u00e9sre v\u00e1r, ez\u00e9rt k\u00fcl\u00f6n\u00f6s gonddal alak\u00edtottuk ki v\u00e1laszt\u00e9kunkat.<\/p>\n\n\n\n<p>Gazdag \u00edz- \u00e9s kiszerel\u00e9sv\u00e1laszt\u00e9kot biztos\u00edtunk \u00d6n \u00e9s kiskedvence sz\u00e1m\u00e1ra. Megtal\u00e1lhatj\u00e1k a kedv\u00fckre val\u00f3t a h\u00fasim\u00e1d\u00f3 cic\u00e1k \u00e9s a halkedvel\u0151k, a feln\u0151tt, k\u00f6ly\u00f6k \u00e9s id\u0151s cic\u00e1k. Egyed\u00fcl\u00e1ll\u00f3 v\u00e1laszt\u00e9kkal kedvesked\u00fcnk az ivartalan\u00edtott \u00e9s h\u00e1zban\/lak\u00e1sban tartott kiskedvenceinknek is, \u00edgy nekik sem kell lemondani a finoms\u00e1gokr\u00f3l.<\/p>\n\n\n\n<p>A PreVital cicat\u00e1pok sz\u00e1raz, konzerv, alutasakos, alut\u00e1lk\u00e1s \u00e9s visszaz\u00e1rhat\u00f3 tetra form\u00e1ban is kaphat\u00f3k az \u00fczletekben.<\/p>\n\n\n\n<p>Folyamatosan b\u0151vitj\u00fck portf\u00f3li\u00f3nkat az aktu\u00e1lis trendeket k\u00f6vetve, legyen sz\u00f3 \u00faj csomagol\u00e1sr\u00f3l vagy \u00f6sszetev\u0151r\u0151l.<\/p>\n\n\n\n<div style=\"height:100px\" aria-hidden=\"true\" class=\"wp-block-spacer\"><\/div>\n\n\n\n<p><\/p>\n<\/div><\/div>\n\n\n\n<div class=\"wp-block-group alignfull\"><div class=\"wp-block-group__inner-container is-layout-flow wp-block-group-is-layout-flow\">\n<figure class=\"wp-block-image size-full\"><img loading=\"lazy\" decoding=\"async\" width=\"1920\" height=\"715\" src=\"https:\/\/prevital.eu\/wp-content\/uploads\/2021\/12\/about-block-02.jpg\" alt=\"\" class=\"wp-image-2939\" srcset=\"https:\/\/prevital.eu\/wp-content\/uploads\/2021\/12\/about-block-02.jpg 1920w, https:\/\/prevital.eu\/wp-content\/uploads\/2021\/12\/about-block-02-300x112.jpg 300w, https:\/\/prevital.eu\/wp-content\/uploads\/2021\/12\/about-block-02-1024x381.jpg 1024w, https:\/\/prevital.eu\/wp-content\/uploads\/2021\/12\/about-block-02-768x286.jpg 768w, https:\/\/prevital.eu\/wp-content\/uploads\/2021\/12\/about-block-02-1536x572.jpg 1536w\" sizes=\"auto, (max-width: 1920px) 100vw, 1920px\" \/><\/figure>\n<\/div><\/div>\n\n\n\n<div class=\"wp-block-group alignwide\"><div class=\"wp-block-group__inner-container is-layout-flow wp-block-group-is-layout-flow\">\n<div style=\"height:100px\" aria-hidden=\"true\" class=\"wp-block-spacer\"><\/div>\n\n\n<div class=\"wp-block-image\">\n<figure class=\"aligncenter size-full is-resized\"><img loading=\"lazy\" decoding=\"async\" width=\"1760\" height=\"1725\" src=\"https:\/\/prevital.eu\/wp-content\/uploads\/2025\/01\/ppf_uj_logo_1.png\" alt=\"\" class=\"wp-image-11914\" style=\"width:135px\" srcset=\"https:\/\/prevital.eu\/wp-content\/uploads\/2025\/01\/ppf_uj_logo_1.png 1760w, https:\/\/prevital.eu\/wp-content\/uploads\/2025\/01\/ppf_uj_logo_1-300x294.png 300w, https:\/\/prevital.eu\/wp-content\/uploads\/2025\/01\/ppf_uj_logo_1-1024x1004.png 1024w, https:\/\/prevital.eu\/wp-content\/uploads\/2025\/01\/ppf_uj_logo_1-768x753.png 768w, https:\/\/prevital.eu\/wp-content\/uploads\/2025\/01\/ppf_uj_logo_1-1536x1505.png 1536w, https:\/\/prevital.eu\/wp-content\/uploads\/2025\/01\/ppf_uj_logo_1-60x60.png 60w\" sizes=\"auto, (max-width: 1760px) 100vw, 1760px\" \/><\/figure>\n<\/div>\n\n\n<div style=\"height:50px\" aria-hidden=\"true\" class=\"wp-block-spacer\"><\/div>\n\n\n<div class=\"wp-block-image\">\n<figure class=\"aligncenter size-full\"><img loading=\"lazy\" decoding=\"async\" width=\"492\" height=\"111\" src=\"https:\/\/prevital.eu\/wp-content\/uploads\/2022\/01\/about-3-hu.png\" alt=\"\" class=\"wp-image-3434\" srcset=\"https:\/\/prevital.eu\/wp-content\/uploads\/2022\/01\/about-3-hu.png 492w, https:\/\/prevital.eu\/wp-content\/uploads\/2022\/01\/about-3-hu-300x68.png 300w\" sizes=\"auto, (max-width: 492px) 100vw, 492px\" \/><\/figure>\n<\/div>\n\n\n<div style=\"height:50px\" aria-hidden=\"true\" class=\"wp-block-spacer\"><\/div>\n\n\n\n<p>A Partner in Pet Food (PPF) egy innovat\u00edv, vezet\u0151 eur\u00f3pai \u00e1llateledel-gy\u00e1rt\u00f3, amely t\u00f6bb mint 600 \u00fcgyf\u00e9lnek sz\u00e1ll\u00edt 40 orsz\u00e1gban: kiskereskedelmi l\u00e1ncoknak, szupermarketeknek, kis\u00e1llateledel-szak\u00fczleteknek \u00e9s \u00e1llatorvosoknak. A PPF a m\u00e1sodik legnagyobb kiskereskedelmi saj\u00e1tm\u00e1rk\u00e1s nedves- \u00e9s sz\u00e1raz\u00e1llateledel-gy\u00e1rt\u00f3 Eur\u00f3p\u00e1ban, amely kiv\u00e1l\u00f3 min\u0151s\u00e9g\u0171 macska- \u00e9s kutyat\u00e1pok sz\u00e9les v\u00e1laszt\u00e9k\u00e1t k\u00edn\u00e1lja a sz\u00e1razt\u00e1pt\u00f3l kezdve a konzerveken, az alutasakos t\u00e1pokon, a f\u00e9lig nedves t\u00e1pokon \u00e9s a jutalomfalatokon \u00e1t a macskatejig. A PPF m\u00e1rkaterm\u00e9keinek r\u00e9szesed\u00e9se is folyamatosan n\u0151 Eur\u00f3p\u00e1ban.<\/p>\n\n\n\n<p>A magyarorsz\u00e1gi sz\u00e9khely\u0171, mintegy 2000 f\u0151t foglalkoztat\u00f3 PPF t\u00cdz orsz\u00e1gban tev\u00e9kenykedik: Hollandia, Magyarorsz\u00e1g, Cseh K\u00f6zt\u00e1rsas\u00e1g, Szlov\u00e1kia, Lengyelorsz\u00e1g, Rom\u00e1nia, Franciaorsz\u00e1g, N\u00e9metorsz\u00e1g, Sv\u00e9dorsz\u00e1g, Olaszorsz\u00e1g. Az Eur\u00f3pa-szerte m\u0171k\u00f6d\u0151 t\u00edz gy\u00e1rt\u00f3\u00fczem\u00e9vel a PPF az egyed\u00fcli olyan piaci szerepl\u0151, amely integr\u00e1lt p\u00e1neur\u00f3pai gy\u00e1rt\u00f3h\u00e1l\u00f3zattal rendelkezik.<\/p>\n\n\n\n<div style=\"height:100px\" aria-hidden=\"true\" class=\"wp-block-spacer\"><\/div>\n<\/div><\/div>\n","protected":false},"excerpt":{"rendered":"<p>A PreVital term\u00e9kcsal\u00e1dot \u00fagy alkottuk meg, hogy a k\u00f6ly\u00f6kcic\u00e1t\u00f3l az id\u0151sebb kor\u00faig, minden \u00e9letkorban 100%-ban teljes \u00e9rt\u00e9k\u0171 \u00e9s kiegyens\u00falyozott eledellel t\u00e1pl\u00e1lhassuk h\u00e1zi kedvenceinket. Minden PreVital tartalmazza a sz\u00fcks\u00e9ges vitaminokat \u00e9s \u00e1sv\u00e1nyi anyagokat, \u00edgy a cic\u00e1k mindennapjai kiegyens\u00falyozottabbak \u00e9s boldogabbak lesznek. Eledeleink sz\u00e1mos \u00e9rt\u00e9kes vitamint \u00e9s \u00e1sv\u00e1nyi anyagot tartalmaznak, melyek hozz\u00e1j\u00e1rulnak a cic\u00e1k k\u00fcl\u00f6nb\u00f6z\u0151 ig\u00e9nyeinek kiel\u00e9g\u00edt\u00e9s\u00e9hez [&hellip;]<\/p>\n","protected":false},"author":1,"featured_media":0,"parent":0,"menu_order":0,"comment_status":"closed","ping_status":"closed","template":"","meta":{"_acf_changed":false,"footnotes":""},"class_list":["post-2902","page","type-page","status-publish","hentry"],"acf":[],"_links":{"self":[{"href":"https:\/\/prevital.eu\/hu\/wp-json\/wp\/v2\/pages\/2902","targetHints":{"allow":["GET"]}}],"collection":[{"href":"https:\/\/prevital.eu\/hu\/wp-json\/wp\/v2\/pages"}],"about":[{"href":"https:\/\/prevital.eu\/hu\/wp-json\/wp\/v2\/types\/page"}],"author":[{"embeddable":true,"href":"https:\/\/prevital.eu\/hu\/wp-json\/wp\/v2\/users\/1"}],"replies":[{"embeddable":true,"href":"https:\/\/prevital.eu\/hu\/wp-json\/wp\/v2\/comments?post=2902"}],"version-history":[{"count":1,"href":"https:\/\/prevital.eu\/hu\/wp-json\/wp\/v2\/pages\/2902\/revisions"}],"predecessor-version":[{"id":11923,"href":"https:\/\/prevital.eu\/hu\/wp-json\/wp\/v2\/pages\/2902\/revisions\/11923"}],"wp:attachment":[{"href":"https:\/\/prevital.eu\/hu\/wp-json\/wp\/v2\/media?parent=2902"}],"curies":[{"name":"wp","href":"https:\/\/api.w.org\/{rel}","templated":true}]}}