{"id":2357,"date":"2021-09-02T13:04:44","date_gmt":"2021-09-02T11:04:44","guid":{"rendered":"https:\/\/prevital.eu\/products\/"},"modified":"2025-07-18T15:29:07","modified_gmt":"2025-07-18T13:29:07","slug":"termekek","status":"publish","type":"page","link":"https:\/\/prevital.eu\/hu\/termekek\/","title":{"rendered":"Term\u00e9kek"},"content":{"rendered":"\n<div class=\"wp-block-group alignwide has-white-background-color has-background\"><div class=\"wp-block-group__inner-container is-layout-flow wp-block-group-is-layout-flow\">\n<div style=\"height:100px\" aria-hidden=\"true\" class=\"wp-block-spacer\"><\/div>\n\n\n<div class=\"wp-block-image\">\n<figure class=\"aligncenter size-full\"><img loading=\"lazy\" decoding=\"async\" width=\"338\" height=\"120\" src=\"https:\/\/prevital.eu\/wp-content\/uploads\/2021\/12\/produts-all-headline-1-hu.png\" alt=\"\" class=\"wp-image-3057\" srcset=\"https:\/\/prevital.eu\/wp-content\/uploads\/2021\/12\/produts-all-headline-1-hu.png 338w, https:\/\/prevital.eu\/wp-content\/uploads\/2021\/12\/produts-all-headline-1-hu-300x107.png 300w\" sizes=\"auto, (max-width: 338px) 100vw, 338px\" \/><\/figure>\n<\/div>\n\n\n<p class=\"has-text-align-center\">V\u00e1laszt\u00e9k a k\u00f6ly\u00f6k, feln\u0151tt \u00e9s id\u0151s cic\u00e1k sz\u00e1m\u00e1ra.<\/p>\n\n\n\n<div style=\"height:50px\" aria-hidden=\"true\" class=\"wp-block-spacer\"><\/div>\n<\/div><\/div>\n\n\n\n\n<article id=\"content-promo-block_f84d5bec85a71209cf0e8e7549df40e2\" class=\"content-promo content-promo__rtl\">\n    <div class=\"content-promo_mask\"><\/div>\n    <div class=\"content-promo_container\">\n        <div class=\"content-promo_text\">\n            <h4>K\u00edn\u00e1latunk a k\u00f6ly\u00f6kcic\u00e1k sz\u00e1m\u00e1ra<\/h4>\n<h2>Finom falatok m\u00e1r a legkisebb kort\u00f3l<\/h2>\n            <a href=\"https:\/\/prevital.eu\/hu\/lifestage\/kolyok\/\"class=\"button button__white\">\u00d6sszes eledel megtekint\u00e9se<\/a>\n        <\/div>\n        <div class=\"content-promo_hero\">\n            <img loading=\"lazy\" decoding=\"async\" width=\"560\" height=\"560\" src=\"https:\/\/prevital.eu\/wp-content\/uploads\/2021\/09\/product-dry-junior-chicken-1.png\" class=\"attachment-product-full size-product-full\" alt=\"\" srcset=\"https:\/\/prevital.eu\/wp-content\/uploads\/2021\/09\/product-dry-junior-chicken-1.png 560w, https:\/\/prevital.eu\/wp-content\/uploads\/2021\/09\/product-dry-junior-chicken-1-300x300.png 300w, https:\/\/prevital.eu\/wp-content\/uploads\/2021\/09\/product-dry-junior-chicken-1-150x150.png 150w, https:\/\/prevital.eu\/wp-content\/uploads\/2021\/09\/product-dry-junior-chicken-1-60x60.png 60w\" sizes=\"auto, (max-width: 560px) 100vw, 560px\" \/>        <\/div>\n    <\/div>\n    <style type=\"text\/css\">\n                #content-promo-block_f84d5bec85a71209cf0e8e7549df40e2{\n            background-image: url(https:\/\/prevital.eu\/wp-content\/uploads\/2021\/09\/header-bg-5.jpg);\n        }\n        #content-promo-block_f84d5bec85a71209cf0e8e7549df40e2 .content-promo_mask,\n        #content-promo-block_f84d5bec85a71209cf0e8e7549df40e2 .content-promo_container{\n            background: rgba(232, 108, 177, 1);\n        }\n        @media screen and (min-width: 558px){\n            #content-promo-block_f84d5bec85a71209cf0e8e7549df40e2 .content-promo_mask{\n                background: linear-gradient(90deg, rgba(232,108,177,1) 85%, rgba(232,108,177,0) 100%);\n            }\n            #content-promo-block_f84d5bec85a71209cf0e8e7549df40e2 .content-promo_container{\n                background:none;\n            }\n        }\n        @media screen and (min-width: 558px){\n            #content-promo-block_f84d5bec85a71209cf0e8e7549df40e2.content-promo__rtl .content-promo_mask{\n                background: linear-gradient(270deg, rgba(232,108,177,1) 85%, rgba(232,108,177,0) 100%);\n            }\n            #content-promo-block_f84d5bec85a71209cf0e8e7549df40e2 .content-promo_container{\n                background:none;\n            }\n        }\n    <\/style>\n<\/article>\n\n\n\n<article id=\"content-promo-block_a0706bf3c5f3c48f8cf98df617c66638\" class=\"content-promo\">\n    <div class=\"content-promo_mask\"><\/div>\n    <div class=\"content-promo_container\">\n        <div class=\"content-promo_text\">\n            <h4>K\u00edn\u00e1latunk a feln\u0151tt cic\u00e1k sz\u00e1m\u00e1ra<\/h4>\n<h2>\u00cdzletes finoms\u00e1gok feln\u0151tt kedvenceinknek<\/h2>\n            <a href=\"https:\/\/prevital.eu\/hu\/lifestage\/felnott\/\"class=\"button button__white\">\u00d6sszes eledel megtekint\u00e9se<\/a>\n        <\/div>\n        <div class=\"content-promo_hero\">\n            <img loading=\"lazy\" decoding=\"async\" width=\"560\" height=\"560\" src=\"https:\/\/prevital.eu\/wp-content\/uploads\/2021\/09\/PreVital_pouch_12PACK_classic_GRAVY_CHICKEN-VEAL-SALMON_Front.dim_.png\" class=\"attachment-product-full size-product-full\" alt=\"\" srcset=\"https:\/\/prevital.eu\/wp-content\/uploads\/2021\/09\/PreVital_pouch_12PACK_classic_GRAVY_CHICKEN-VEAL-SALMON_Front.dim_.png 560w, https:\/\/prevital.eu\/wp-content\/uploads\/2021\/09\/PreVital_pouch_12PACK_classic_GRAVY_CHICKEN-VEAL-SALMON_Front.dim_-300x300.png 300w, https:\/\/prevital.eu\/wp-content\/uploads\/2021\/09\/PreVital_pouch_12PACK_classic_GRAVY_CHICKEN-VEAL-SALMON_Front.dim_-150x150.png 150w, https:\/\/prevital.eu\/wp-content\/uploads\/2021\/09\/PreVital_pouch_12PACK_classic_GRAVY_CHICKEN-VEAL-SALMON_Front.dim_-60x60.png 60w\" sizes=\"auto, (max-width: 560px) 100vw, 560px\" \/>        <\/div>\n    <\/div>\n    <style type=\"text\/css\">\n                #content-promo-block_a0706bf3c5f3c48f8cf98df617c66638{\n            background-image: url(https:\/\/prevital.eu\/wp-content\/uploads\/2021\/12\/header-bg-sterile.jpg);\n        }\n        #content-promo-block_a0706bf3c5f3c48f8cf98df617c66638 .content-promo_mask,\n        #content-promo-block_a0706bf3c5f3c48f8cf98df617c66638 .content-promo_container{\n            background: rgba(6, 23, 123, 1);\n        }\n        @media screen and (min-width: 558px){\n            #content-promo-block_a0706bf3c5f3c48f8cf98df617c66638 .content-promo_mask{\n                background: linear-gradient(90deg, rgba(6,23,123,1) 85%, rgba(6,23,123,0) 100%);\n            }\n            #content-promo-block_a0706bf3c5f3c48f8cf98df617c66638 .content-promo_container{\n                background:none;\n            }\n        }\n        @media screen and (min-width: 558px){\n            #content-promo-block_a0706bf3c5f3c48f8cf98df617c66638.content-promo__rtl .content-promo_mask{\n                background: linear-gradient(270deg, rgba(6,23,123,1) 85%, rgba(6,23,123,0) 100%);\n            }\n            #content-promo-block_a0706bf3c5f3c48f8cf98df617c66638 .content-promo_container{\n                background:none;\n            }\n        }\n    <\/style>\n<\/article>\n\n\n\n<article id=\"content-promo-block_b73d422fadf64d8ad2dcd5ebbd3f689a\" class=\"content-promo content-promo__rtl\">\n    <div class=\"content-promo_mask\"><\/div>\n    <div class=\"content-promo_container\">\n        <div class=\"content-promo_text\">\n            <h4><span data-sheets-value=\"{&quot;1&quot;:2,&quot;2&quot;:&quot;Kin\u00e1latunk a id\u0151s cic\u00e1k sz\u00e1m\u00e1ra&quot;}\">K\u00edn\u00e1latunk az id\u0151s cic\u00e1k sz\u00e1m\u00e1ra<\/span><\/h4>\n<h2><span data-sheets-value=\"{&quot;1&quot;:2,&quot;2&quot;:&quot;Maxim\u00e1lis gondoskod\u00e1s id\u0151s cic\u00e1inkr\u00f3l&quot;}\">Maxim\u00e1lis gondoskod\u00e1s id\u0151s cic\u00e1inkr\u00f3l<\/span><\/h2>\n            <a href=\"https:\/\/prevital.eu\/hu\/lifestage\/idos\/\"class=\"button button__white\">\u00d6sszes eledel megtekint\u00e9se<\/a>\n        <\/div>\n        <div class=\"content-promo_hero\">\n            <img loading=\"lazy\" decoding=\"async\" width=\"560\" height=\"560\" src=\"https:\/\/prevital.eu\/wp-content\/uploads\/2021\/09\/product-senior-salmon.png\" class=\"attachment-product-full size-product-full\" alt=\"\" srcset=\"https:\/\/prevital.eu\/wp-content\/uploads\/2021\/09\/product-senior-salmon.png 560w, https:\/\/prevital.eu\/wp-content\/uploads\/2021\/09\/product-senior-salmon-300x300.png 300w, https:\/\/prevital.eu\/wp-content\/uploads\/2021\/09\/product-senior-salmon-150x150.png 150w, https:\/\/prevital.eu\/wp-content\/uploads\/2021\/09\/product-senior-salmon-60x60.png 60w\" sizes=\"auto, (max-width: 560px) 100vw, 560px\" \/>        <\/div>\n    <\/div>\n    <style type=\"text\/css\">\n                #content-promo-block_b73d422fadf64d8ad2dcd5ebbd3f689a{\n            background-image: url(https:\/\/prevital.eu\/wp-content\/uploads\/2021\/09\/header-bg-sterile.jpg);\n        }\n        #content-promo-block_b73d422fadf64d8ad2dcd5ebbd3f689a .content-promo_mask,\n        #content-promo-block_b73d422fadf64d8ad2dcd5ebbd3f689a .content-promo_container{\n            background: rgba(0, 153, 220, 1);\n        }\n        @media screen and (min-width: 558px){\n            #content-promo-block_b73d422fadf64d8ad2dcd5ebbd3f689a .content-promo_mask{\n                background: linear-gradient(90deg, rgba(0,153,220,1) 85%, rgba(0,153,220,0) 100%);\n            }\n            #content-promo-block_b73d422fadf64d8ad2dcd5ebbd3f689a .content-promo_container{\n                background:none;\n            }\n        }\n        @media screen and (min-width: 558px){\n            #content-promo-block_b73d422fadf64d8ad2dcd5ebbd3f689a.content-promo__rtl .content-promo_mask{\n                background: linear-gradient(270deg, rgba(0,153,220,1) 85%, rgba(0,153,220,0) 100%);\n            }\n            #content-promo-block_b73d422fadf64d8ad2dcd5ebbd3f689a .content-promo_container{\n                background:none;\n            }\n        }\n    <\/style>\n<\/article>\n\n\n<div class=\"wp-block-group alignwide has-white-background-color has-background\"><div class=\"wp-block-group__inner-container is-layout-flow wp-block-group-is-layout-flow\">\n<div style=\"height:100px\" aria-hidden=\"true\" class=\"wp-block-spacer\"><\/div>\n\n\n<div class=\"wp-block-image\">\n<figure class=\"aligncenter size-full\"><img loading=\"lazy\" decoding=\"async\" width=\"604\" height=\"127\" src=\"https:\/\/prevital.eu\/wp-content\/uploads\/2021\/12\/products-all-headline-2-hu.png\" alt=\"\" class=\"wp-image-3062\" srcset=\"https:\/\/prevital.eu\/wp-content\/uploads\/2021\/12\/products-all-headline-2-hu.png 604w, https:\/\/prevital.eu\/wp-content\/uploads\/2021\/12\/products-all-headline-2-hu-300x63.png 300w\" sizes=\"auto, (max-width: 604px) 100vw, 604px\" \/><\/figure>\n<\/div>\n\n\n<p class=\"has-text-align-center\">V\u00e1laszt\u00e9kunk a lak\u00e1sban tartott \u00e9s az ivartalan\u00edtott cic\u00e1k sz\u00e1m\u00e1ra.<\/p>\n\n\n\n<div style=\"height:50px\" aria-hidden=\"true\" class=\"wp-block-spacer\"><\/div>\n<\/div><\/div>\n\n\n\n\n<article id=\"content-promo-block_584c7aa93f22609727e7ad95b368d953\" class=\"content-promo\">\n    <div class=\"content-promo_mask\"><\/div>\n    <div class=\"content-promo_container\">\n        <div class=\"content-promo_text\">\n            <h4>K\u00edn\u00e1latunk lak\u00e1sban tartott macsk\u00e1k sz\u00e1m\u00e1ra<\/h4>\n<h2>\u00cdzletes finoms\u00e1gok lak\u00e1sban tartott kedvenceinknek<\/h2>\n            <a href=\"https:\/\/prevital.eu\/hu\/lifestyle\/lakasban-tartott\/\"class=\"button button__white\">\u00d6sszes eledel megtekint\u00e9se<\/a>\n        <\/div>\n        <div class=\"content-promo_hero\">\n            <img loading=\"lazy\" decoding=\"async\" width=\"560\" height=\"560\" src=\"https:\/\/prevital.eu\/wp-content\/uploads\/2025\/01\/dry-sterile-indoor-group-560x560.png\" class=\"attachment-product-full size-product-full\" alt=\"\" srcset=\"https:\/\/prevital.eu\/wp-content\/uploads\/2025\/01\/dry-sterile-indoor-group-560x560.png 560w, https:\/\/prevital.eu\/wp-content\/uploads\/2025\/01\/dry-sterile-indoor-group-150x150.png 150w, https:\/\/prevital.eu\/wp-content\/uploads\/2025\/01\/dry-sterile-indoor-group-60x60.png 60w\" sizes=\"auto, (max-width: 560px) 100vw, 560px\" \/>        <\/div>\n    <\/div>\n    <style type=\"text\/css\">\n                #content-promo-block_584c7aa93f22609727e7ad95b368d953{\n            background-image: url(https:\/\/prevital.eu\/wp-content\/uploads\/2021\/09\/header-bg-3.jpg);\n        }\n        #content-promo-block_584c7aa93f22609727e7ad95b368d953 .content-promo_mask,\n        #content-promo-block_584c7aa93f22609727e7ad95b368d953 .content-promo_container{\n            background: rgba(64, 193, 172, 1);\n        }\n        @media screen and (min-width: 558px){\n            #content-promo-block_584c7aa93f22609727e7ad95b368d953 .content-promo_mask{\n                background: linear-gradient(90deg, rgba(64,193,172,1) 85%, rgba(64,193,172,0) 100%);\n            }\n            #content-promo-block_584c7aa93f22609727e7ad95b368d953 .content-promo_container{\n                background:none;\n            }\n        }\n        @media screen and (min-width: 558px){\n            #content-promo-block_584c7aa93f22609727e7ad95b368d953.content-promo__rtl .content-promo_mask{\n                background: linear-gradient(270deg, rgba(64,193,172,1) 85%, rgba(64,193,172,0) 100%);\n            }\n            #content-promo-block_584c7aa93f22609727e7ad95b368d953 .content-promo_container{\n                background:none;\n            }\n        }\n    <\/style>\n<\/article>\n\n\n\n<article id=\"content-promo-block_9e7a6508d73b88ae9919cd358cb1ee68\" class=\"content-promo content-promo__rtl\">\n    <div class=\"content-promo_mask\"><\/div>\n    <div class=\"content-promo_container\">\n        <div class=\"content-promo_text\">\n            <h4>K\u00edn\u00e1latunk ivartalan\u00edtott macsk\u00e1k sz\u00e1m\u00e1ra<\/h4>\n<h2>Speci\u00e1lis falatok ivartalan\u00edtott macsk\u00e1knak fejlesztve<\/h2>\n            <a href=\"https:\/\/prevital.eu\/hu\/lifestyle\/ivartalanitott\/\"class=\"button button__white\">\u00d6sszes eledel megtekint\u00e9se<\/a>\n        <\/div>\n        <div class=\"content-promo_hero\">\n            <img loading=\"lazy\" decoding=\"async\" width=\"560\" height=\"560\" src=\"https:\/\/prevital.eu\/wp-content\/uploads\/2021\/09\/STD_4MP_Poultry_Liver_in_gravy_STERILE.png\" class=\"attachment-product-full size-product-full\" alt=\"\" srcset=\"https:\/\/prevital.eu\/wp-content\/uploads\/2021\/09\/STD_4MP_Poultry_Liver_in_gravy_STERILE.png 560w, https:\/\/prevital.eu\/wp-content\/uploads\/2021\/09\/STD_4MP_Poultry_Liver_in_gravy_STERILE-300x300.png 300w, https:\/\/prevital.eu\/wp-content\/uploads\/2021\/09\/STD_4MP_Poultry_Liver_in_gravy_STERILE-150x150.png 150w, https:\/\/prevital.eu\/wp-content\/uploads\/2021\/09\/STD_4MP_Poultry_Liver_in_gravy_STERILE-60x60.png 60w\" sizes=\"auto, (max-width: 560px) 100vw, 560px\" \/>        <\/div>\n    <\/div>\n    <style type=\"text\/css\">\n                #content-promo-block_9e7a6508d73b88ae9919cd358cb1ee68{\n            background-image: url(https:\/\/prevital.eu\/wp-content\/uploads\/2025\/07\/KIS1991-e1752845263188.jpg);\n        }\n        #content-promo-block_9e7a6508d73b88ae9919cd358cb1ee68 .content-promo_mask,\n        #content-promo-block_9e7a6508d73b88ae9919cd358cb1ee68 .content-promo_container{\n            background: rgba(114, 163, 63, 1);\n        }\n        @media screen and (min-width: 558px){\n            #content-promo-block_9e7a6508d73b88ae9919cd358cb1ee68 .content-promo_mask{\n                background: linear-gradient(90deg, rgba(114,163,63,1) 85%, rgba(114,163,63,0) 100%);\n            }\n            #content-promo-block_9e7a6508d73b88ae9919cd358cb1ee68 .content-promo_container{\n                background:none;\n            }\n        }\n        @media screen and (min-width: 558px){\n            #content-promo-block_9e7a6508d73b88ae9919cd358cb1ee68.content-promo__rtl .content-promo_mask{\n                background: linear-gradient(270deg, rgba(114,163,63,1) 85%, rgba(114,163,63,0) 100%);\n            }\n            #content-promo-block_9e7a6508d73b88ae9919cd358cb1ee68 .content-promo_container{\n                background:none;\n            }\n        }\n    <\/style>\n<\/article>","protected":false},"excerpt":{"rendered":"<p>V\u00e1laszt\u00e9k a k\u00f6ly\u00f6k, feln\u0151tt \u00e9s id\u0151s cic\u00e1k sz\u00e1m\u00e1ra. V\u00e1laszt\u00e9kunk a lak\u00e1sban tartott \u00e9s az ivartalan\u00edtott cic\u00e1k sz\u00e1m\u00e1ra.<\/p>\n","protected":false},"author":1,"featured_media":0,"parent":0,"menu_order":0,"comment_status":"closed","ping_status":"closed","template":"page-templates\/page-products.php","meta":{"_acf_changed":false,"footnotes":""},"class_list":["post-2357","page","type-page","status-publish","hentry"],"acf":[],"_links":{"self":[{"href":"https:\/\/prevital.eu\/hu\/wp-json\/wp\/v2\/pages\/2357","targetHints":{"allow":["GET"]}}],"collection":[{"href":"https:\/\/prevital.eu\/hu\/wp-json\/wp\/v2\/pages"}],"about":[{"href":"https:\/\/prevital.eu\/hu\/wp-json\/wp\/v2\/types\/page"}],"author":[{"embeddable":true,"href":"https:\/\/prevital.eu\/hu\/wp-json\/wp\/v2\/users\/1"}],"replies":[{"embeddable":true,"href":"https:\/\/prevital.eu\/hu\/wp-json\/wp\/v2\/comments?post=2357"}],"version-history":[{"count":7,"href":"https:\/\/prevital.eu\/hu\/wp-json\/wp\/v2\/pages\/2357\/revisions"}],"predecessor-version":[{"id":15228,"href":"https:\/\/prevital.eu\/hu\/wp-json\/wp\/v2\/pages\/2357\/revisions\/15228"}],"wp:attachment":[{"href":"https:\/\/prevital.eu\/hu\/wp-json\/wp\/v2\/media?parent=2357"}],"curies":[{"name":"wp","href":"https:\/\/api.w.org\/{rel}","templated":true}]}}