{"id":2222,"date":"2021-09-02T12:14:41","date_gmt":"2021-09-02T10:14:41","guid":{"rendered":"https:\/\/prevital.eu\/meal-finder\/"},"modified":"2022-01-12T02:43:21","modified_gmt":"2022-01-12T00:43:21","slug":"eledel-kisokos","status":"publish","type":"page","link":"https:\/\/prevital.eu\/hu\/eledel-kisokos\/","title":{"rendered":"Eledel kisokos"},"content":{"rendered":"\n<h1 class=\"has-text-align-center wp-block-heading\">Tal\u00e1lja meg cic\u00e1ja \u00faj kedvenc\u00e9t!<\/h1>\n\n\n\n<p><\/p>\n","protected":false},"excerpt":{"rendered":"<p>Tal\u00e1lja meg cic\u00e1ja \u00faj kedvenc\u00e9t!<\/p>\n","protected":false},"author":1,"featured_media":0,"parent":0,"menu_order":0,"comment_status":"closed","ping_status":"closed","template":"page-templates\/page-mealfinder.php","meta":{"_acf_changed":false,"footnotes":""},"class_list":["post-2222","page","type-page","status-publish","hentry"],"acf":[],"_links":{"self":[{"href":"https:\/\/prevital.eu\/hu\/wp-json\/wp\/v2\/pages\/2222","targetHints":{"allow":["GET"]}}],"collection":[{"href":"https:\/\/prevital.eu\/hu\/wp-json\/wp\/v2\/pages"}],"about":[{"href":"https:\/\/prevital.eu\/hu\/wp-json\/wp\/v2\/types\/page"}],"author":[{"embeddable":true,"href":"https:\/\/prevital.eu\/hu\/wp-json\/wp\/v2\/users\/1"}],"replies":[{"embeddable":true,"href":"https:\/\/prevital.eu\/hu\/wp-json\/wp\/v2\/comments?post=2222"}],"version-history":[{"count":0,"href":"https:\/\/prevital.eu\/hu\/wp-json\/wp\/v2\/pages\/2222\/revisions"}],"wp:attachment":[{"href":"https:\/\/prevital.eu\/hu\/wp-json\/wp\/v2\/media?parent=2222"}],"curies":[{"name":"wp","href":"https:\/\/api.w.org\/{rel}","templated":true}]}}