{"id":2218,"date":"2021-09-02T12:14:08","date_gmt":"2021-09-02T10:14:08","guid":{"rendered":"https:\/\/prevital.eu\/innovation\/"},"modified":"2025-07-29T07:51:17","modified_gmt":"2025-07-29T05:51:17","slug":"ujdonsagok","status":"publish","type":"page","link":"https:\/\/prevital.eu\/hu\/ujdonsagok\/","title":{"rendered":"\u00dajdons\u00e1gok"},"content":{"rendered":"\n\n<article id=\"content-promo-block_722dcc1f889df5e515b29b0f13b6ccab\" class=\"content-promo\">\n    <div class=\"content-promo_mask\"><\/div>\n    <div class=\"content-promo_container\">\n        <div class=\"content-promo_text\">\n            <h2>Farm Selection<\/h2>\n<p>Izgalmas receptekb\u0151l \u00e1ll\u00f3 \u00e1llateledel, h\u00fasfalatok sz\u00ednes sz\u00f3szokban, l\u00e1tv\u00e1nyos \u00f6sszetev\u0151kkel, mint a bors\u00f3, a r\u00e9pa \u00e9s a f\u0171szerek: rozmaring \u00e9s petrezselyem. A koncepci\u00f3 t\u00fckr\u00f6zi az autentikus, h\u00e1zi k\u00e9sz\u00edt\u00e9s\u0171 \u00e9teleket, ahol az \u00f6sszetev\u0151k megtal\u00e1lhat\u00f3ak a saj\u00e1t kert\u00fcnkben vagy a farmunkon. \u00cdnycsikland\u00f3 h\u00fas, sz\u00f3sz \u00e9s f\u0171szerek kombin\u00e1ci\u00f3ja a kiskedvenc\u00fcnknek, egyed\u00fcl\u00e1ll\u00f3 csomagol\u00e1sban<\/p>\n            <a href=\"https:\/\/prevital.eu\/hu\/termekcsalad\/farmselection\/\"class=\"button button__white\">\u00d6sszes eledel megtekint\u00e9se<\/a>\n        <\/div>\n        <div class=\"content-promo_hero\">\n            <img loading=\"lazy\" decoding=\"async\" width=\"560\" height=\"560\" src=\"https:\/\/prevital.eu\/wp-content\/uploads\/2023\/01\/PreVital_FARMSELECTION_pouch_12PACK_Front.dim_.png\" class=\"attachment-product-full size-product-full\" alt=\"\" srcset=\"https:\/\/prevital.eu\/wp-content\/uploads\/2023\/01\/PreVital_FARMSELECTION_pouch_12PACK_Front.dim_.png 560w, https:\/\/prevital.eu\/wp-content\/uploads\/2023\/01\/PreVital_FARMSELECTION_pouch_12PACK_Front.dim_-300x300.png 300w, https:\/\/prevital.eu\/wp-content\/uploads\/2023\/01\/PreVital_FARMSELECTION_pouch_12PACK_Front.dim_-150x150.png 150w, https:\/\/prevital.eu\/wp-content\/uploads\/2023\/01\/PreVital_FARMSELECTION_pouch_12PACK_Front.dim_-60x60.png 60w\" sizes=\"auto, (max-width: 560px) 100vw, 560px\" \/>        <\/div>\n    <\/div>\n    <style type=\"text\/css\">\n                #content-promo-block_722dcc1f889df5e515b29b0f13b6ccab{\n            background-image: url(https:\/\/prevital.eu\/wp-content\/uploads\/2021\/09\/header-bg-adult.jpg);\n        }\n        #content-promo-block_722dcc1f889df5e515b29b0f13b6ccab .content-promo_mask,\n        #content-promo-block_722dcc1f889df5e515b29b0f13b6ccab .content-promo_container{\n            background: rgba(121, 32, 10, 1);\n        }\n        @media screen and (min-width: 558px){\n            #content-promo-block_722dcc1f889df5e515b29b0f13b6ccab .content-promo_mask{\n                background: linear-gradient(90deg, rgba(121,32,10,1) 85%, rgba(121,32,10,0) 100%);\n            }\n            #content-promo-block_722dcc1f889df5e515b29b0f13b6ccab .content-promo_container{\n                background:none;\n            }\n        }\n        @media screen and (min-width: 558px){\n            #content-promo-block_722dcc1f889df5e515b29b0f13b6ccab.content-promo__rtl .content-promo_mask{\n                background: linear-gradient(270deg, rgba(121,32,10,1) 85%, rgba(121,32,10,0) 100%);\n            }\n            #content-promo-block_722dcc1f889df5e515b29b0f13b6ccab .content-promo_container{\n                background:none;\n            }\n        }\n    <\/style>\n<\/article>\n\n\n\n<article id=\"content-promo-block_370fdcca2fe8dda3a4792e5a8961d6b3\" class=\"content-promo content-promo__rtl\">\n    <div class=\"content-promo_mask\"><\/div>\n    <div class=\"content-promo_container\">\n        <div class=\"content-promo_text\">\n            <h2>Jutalomfalatok<\/h2>\n<p>Jutalmazni j\u00f3! Legyen sz\u00f3 t\u00f6lt\u00f6tt p\u00e1rn\u00e1csk\u00e1kr\u00f3l, h\u00fasos ropikr\u00f3l, j\u00e1t\u00e9kos form\u00e1j\u00fa falatokr\u00f3l, a PreVitaln\u00e1l teljes v\u00e1laszt\u00e9kot biztos\u00edtunk. Jutalomfalatk\u00e1ink v\u00e1ltozatos form\u00e1kban, \u00edzekben \u00e9s kiszerel\u00e9sekben megtal\u00e1lhat\u00f3k. Aj\u00e1nd\u00e9kozza meg kiskedvenc\u00e9t!<\/p>\n            <a href=\"https:\/\/prevital.eu\/hu\/product_form\/jutalomfalatok\/\"class=\"button button__white\">\u00d6sszes eledel megtekint\u00e9se<\/a>\n        <\/div>\n        <div class=\"content-promo_hero\">\n            <img loading=\"lazy\" decoding=\"async\" width=\"535\" height=\"560\" src=\"https:\/\/prevital.eu\/wp-content\/uploads\/2021\/10\/innovation-snacks-535x560.png\" class=\"attachment-product-full size-product-full\" alt=\"\" \/>        <\/div>\n    <\/div>\n    <style type=\"text\/css\">\n                #content-promo-block_370fdcca2fe8dda3a4792e5a8961d6b3{\n            background-image: url(https:\/\/prevital.eu\/wp-content\/uploads\/2021\/09\/header-bg-5.jpg);\n        }\n        #content-promo-block_370fdcca2fe8dda3a4792e5a8961d6b3 .content-promo_mask,\n        #content-promo-block_370fdcca2fe8dda3a4792e5a8961d6b3 .content-promo_container{\n            background: rgba(0, 153, 220, 1);\n        }\n        @media screen and (min-width: 558px){\n            #content-promo-block_370fdcca2fe8dda3a4792e5a8961d6b3 .content-promo_mask{\n                background: linear-gradient(90deg, rgba(0,153,220,1) 85%, rgba(0,153,220,0) 100%);\n            }\n            #content-promo-block_370fdcca2fe8dda3a4792e5a8961d6b3 .content-promo_container{\n                background:none;\n            }\n        }\n        @media screen and (min-width: 558px){\n            #content-promo-block_370fdcca2fe8dda3a4792e5a8961d6b3.content-promo__rtl .content-promo_mask{\n                background: linear-gradient(270deg, rgba(0,153,220,1) 85%, rgba(0,153,220,0) 100%);\n            }\n            #content-promo-block_370fdcca2fe8dda3a4792e5a8961d6b3 .content-promo_container{\n                background:none;\n            }\n        }\n    <\/style>\n<\/article>\n\n\n\n<article id=\"content-promo-block_e5b789a579eb7ee474eaafacd081fba2\" class=\"content-promo\">\n    <div class=\"content-promo_mask\"><\/div>\n    <div class=\"content-promo_container\">\n        <div class=\"content-promo_text\">\n            <h2>PreVital Mousse<\/h2>\n<p>Az \u00faj PreVital Mini Can term\u00e9kcsal\u00e1d p\u00e1st\u00e9tomjai k\u00f6nny\u0171 \u00e9s ellen\u00e1llhatatlan \u00e1llaguknak k\u00f6sz\u00f6nhet\u0151en csod\u00e1latos \u00edz\u00e9lm\u00e9nyt ny\u00fajtanak, amit a cic\u00e1d im\u00e1dni fog!<\/p>\n            <a href=\"https:\/\/prevital.eu\/hu\/termekcsalad\/mousse\/\"class=\"button button__white\">\u00d6sszes eledel megtekint\u00e9se<\/a>\n        <\/div>\n        <div class=\"content-promo_hero\">\n            <img loading=\"lazy\" decoding=\"async\" width=\"547\" height=\"547\" src=\"https:\/\/prevital.eu\/wp-content\/uploads\/2025\/03\/PPF_Mousse_Adult_-9-1.png\" class=\"attachment-product-full size-product-full\" alt=\"\" srcset=\"https:\/\/prevital.eu\/wp-content\/uploads\/2025\/03\/PPF_Mousse_Adult_-9-1.png 547w, https:\/\/prevital.eu\/wp-content\/uploads\/2025\/03\/PPF_Mousse_Adult_-9-1-300x300.png 300w, https:\/\/prevital.eu\/wp-content\/uploads\/2025\/03\/PPF_Mousse_Adult_-9-1-150x150.png 150w, https:\/\/prevital.eu\/wp-content\/uploads\/2025\/03\/PPF_Mousse_Adult_-9-1-60x60.png 60w\" sizes=\"auto, (max-width: 547px) 100vw, 547px\" \/>        <\/div>\n    <\/div>\n    <style type=\"text\/css\">\n                #content-promo-block_e5b789a579eb7ee474eaafacd081fba2{\n            background-image: url(https:\/\/prevital.eu\/wp-content\/uploads\/2022\/01\/header-bg-x.jpg);\n        }\n        #content-promo-block_e5b789a579eb7ee474eaafacd081fba2 .content-promo_mask,\n        #content-promo-block_e5b789a579eb7ee474eaafacd081fba2 .content-promo_container{\n            background: rgba(6, 23, 123, 1);\n        }\n        @media screen and (min-width: 558px){\n            #content-promo-block_e5b789a579eb7ee474eaafacd081fba2 .content-promo_mask{\n                background: linear-gradient(90deg, rgba(6,23,123,1) 85%, rgba(6,23,123,0) 100%);\n            }\n            #content-promo-block_e5b789a579eb7ee474eaafacd081fba2 .content-promo_container{\n                background:none;\n            }\n        }\n        @media screen and (min-width: 558px){\n            #content-promo-block_e5b789a579eb7ee474eaafacd081fba2.content-promo__rtl .content-promo_mask{\n                background: linear-gradient(270deg, rgba(6,23,123,1) 85%, rgba(6,23,123,0) 100%);\n            }\n            #content-promo-block_e5b789a579eb7ee474eaafacd081fba2 .content-promo_container{\n                background:none;\n            }\n        }\n    <\/style>\n<\/article>\n\n\n\n<article id=\"content-promo-block_5f9837ffdcfe4e73f25f917a4f199627\" class=\"content-promo content-promo__rtl\">\n    <div class=\"content-promo_mask\"><\/div>\n    <div class=\"content-promo_container\">\n        <div class=\"content-promo_text\">\n            <h2>PreVital Fillet Selection<\/h2>\n<p>A PreVital Fillet Selection puha, \u00ednycsikland\u00f3 falatk\u00e1k \u00edzletes sz\u00f3szban \u00e9s aszpikban, melynek kiemelked\u0151en magas a h\u00fastartalma a boldog \u00e9s el\u00e9gedett cic\u00e1k\u00e9rt.<\/p>\n            <a href=\"https:\/\/prevital.eu\/hu\/termekcsalad\/filet\/\"class=\"button button__white\">\u00d6sszes eledel megtekint\u00e9se<\/a>\n        <\/div>\n        <div class=\"content-promo_hero\">\n            <img loading=\"lazy\" decoding=\"async\" width=\"560\" height=\"560\" src=\"https:\/\/prevital.eu\/wp-content\/uploads\/2021\/09\/NMP_4MP_Chicken_Trukey_in-jelly.png\" class=\"attachment-product-full size-product-full\" alt=\"\" srcset=\"https:\/\/prevital.eu\/wp-content\/uploads\/2021\/09\/NMP_4MP_Chicken_Trukey_in-jelly.png 560w, https:\/\/prevital.eu\/wp-content\/uploads\/2021\/09\/NMP_4MP_Chicken_Trukey_in-jelly-300x300.png 300w, https:\/\/prevital.eu\/wp-content\/uploads\/2021\/09\/NMP_4MP_Chicken_Trukey_in-jelly-150x150.png 150w, https:\/\/prevital.eu\/wp-content\/uploads\/2021\/09\/NMP_4MP_Chicken_Trukey_in-jelly-60x60.png 60w\" sizes=\"auto, (max-width: 560px) 100vw, 560px\" \/>        <\/div>\n    <\/div>\n    <style type=\"text\/css\">\n                #content-promo-block_5f9837ffdcfe4e73f25f917a4f199627{\n            background-image: url(https:\/\/prevital.eu\/wp-content\/uploads\/2021\/10\/innovation.jpg);\n        }\n        #content-promo-block_5f9837ffdcfe4e73f25f917a4f199627 .content-promo_mask,\n        #content-promo-block_5f9837ffdcfe4e73f25f917a4f199627 .content-promo_container{\n            background: rgba(190, 162, 79, 1);\n        }\n        @media screen and (min-width: 558px){\n            #content-promo-block_5f9837ffdcfe4e73f25f917a4f199627 .content-promo_mask{\n                background: linear-gradient(90deg, rgba(190,162,79,1) 85%, rgba(190,162,79,0) 100%);\n            }\n            #content-promo-block_5f9837ffdcfe4e73f25f917a4f199627 .content-promo_container{\n                background:none;\n            }\n        }\n        @media screen and (min-width: 558px){\n            #content-promo-block_5f9837ffdcfe4e73f25f917a4f199627.content-promo__rtl .content-promo_mask{\n                background: linear-gradient(270deg, rgba(190,162,79,1) 85%, rgba(190,162,79,0) 100%);\n            }\n            #content-promo-block_5f9837ffdcfe4e73f25f917a4f199627 .content-promo_container{\n                background:none;\n            }\n        }\n    <\/style>\n<\/article>","protected":false},"excerpt":{"rendered":"","protected":false},"author":1,"featured_media":0,"parent":0,"menu_order":0,"comment_status":"closed","ping_status":"closed","template":"page-templates\/page-products.php","meta":{"_acf_changed":false,"footnotes":""},"class_list":["post-2218","page","type-page","status-publish","hentry"],"acf":[],"_links":{"self":[{"href":"https:\/\/prevital.eu\/hu\/wp-json\/wp\/v2\/pages\/2218","targetHints":{"allow":["GET"]}}],"collection":[{"href":"https:\/\/prevital.eu\/hu\/wp-json\/wp\/v2\/pages"}],"about":[{"href":"https:\/\/prevital.eu\/hu\/wp-json\/wp\/v2\/types\/page"}],"author":[{"embeddable":true,"href":"https:\/\/prevital.eu\/hu\/wp-json\/wp\/v2\/users\/1"}],"replies":[{"embeddable":true,"href":"https:\/\/prevital.eu\/hu\/wp-json\/wp\/v2\/comments?post=2218"}],"version-history":[{"count":15,"href":"https:\/\/prevital.eu\/hu\/wp-json\/wp\/v2\/pages\/2218\/revisions"}],"predecessor-version":[{"id":15239,"href":"https:\/\/prevital.eu\/hu\/wp-json\/wp\/v2\/pages\/2218\/revisions\/15239"}],"wp:attachment":[{"href":"https:\/\/prevital.eu\/hu\/wp-json\/wp\/v2\/media?parent=2218"}],"curies":[{"name":"wp","href":"https:\/\/api.w.org\/{rel}","templated":true}]}}