{"id":2809,"date":"2021-09-09T16:49:43","date_gmt":"2021-09-09T14:49:43","guid":{"rendered":"https:\/\/prevital.eu\/product\/prevital-nmpouch-cat-chicken-turkey-in-jelly\/"},"modified":"2022-03-07T23:48:15","modified_gmt":"2022-03-07T21:48:15","slug":"kompletni-krmivo-pro-dospele-kocky-s-kurecim-s-krutim-v-zele","status":"publish","type":"product","link":"https:\/\/prevital.eu\/cs\/product\/kompletni-krmivo-pro-dospele-kocky-s-kurecim-s-krutim-v-zele\/","title":{"rendered":"Kompletn\u00ed krmivo pro dosp\u011bl\u00e9 ko\u010dky s ku\u0159ec\u00edm s kr\u016ft\u00edm v \u017eel\u00e9"},"content":{"rendered":"\n<div class=\"wp-block-columns alignwide is-layout-flex wp-container-core-columns-is-layout-9d6595d7 wp-block-columns-is-layout-flex\">\n<div class=\"wp-block-column is-layout-flow wp-block-column-is-layout-flow\">\n<h2 class=\"wp-block-heading\">Full care for <br\/><strong>satisfied purring.<\/strong><\/h2>\n\n\n\n<p><strong>We developed PreVital portfolio in order to provide 100% complate and balanced cat foof for every lifestage- from junior cat to senior. Each PreVital product contains the required vitamins and minerals in order to secure balanced and happy days for your cat.<\/strong><\/p>\n\n\n\n<p>Our foods contain several valuable vitamins and minerals, supporting the cats different demands day by day.<\/p>\n<\/div>\n\n\n\n<div class=\"wp-block-column is-layout-flow wp-block-column-is-layout-flow\">\n<figure class=\"wp-block-image size-full\"><img loading=\"lazy\" decoding=\"async\" width=\"800\" height=\"440\" src=\"https:\/\/prevital.eu\/wp-content\/uploads\/2021\/09\/bowl-chicken-in-gravy.png\" alt=\"\" class=\"wp-image-386\" srcset=\"https:\/\/prevital.eu\/wp-content\/uploads\/2021\/09\/bowl-chicken-in-gravy.png 800w, https:\/\/prevital.eu\/wp-content\/uploads\/2021\/09\/bowl-chicken-in-gravy-300x165.png 300w, https:\/\/prevital.eu\/wp-content\/uploads\/2021\/09\/bowl-chicken-in-gravy-768x422.png 768w\" sizes=\"auto, (max-width: 800px) 100vw, 800px\" \/><\/figure>\n<\/div>\n<\/div>\n","protected":false},"featured_media":960,"menu_order":0,"template":"","meta":{"_acf_changed":false,"footnotes":""},"product_family":[159],"product_form":[133],"flavour":[74,124],"lifestage":[110],"lifestyle":[],"store":[305,309,307,306,308,311,312,313,317,314,310,318,315,319,316],"class_list":["post-2809","product","type-product","status-publish","has-post-thumbnail","hentry","product_family-filet-cs","product_form-kapsicka","flavour-chicken-cs","flavour-pulyka-cs","lifestage-dospela-kocka","store-albert","store-alza-cz","store-ceops","store-coop-cs","store-dm","store-globus","store-jip","store-kaufland-cs","store-lidl-cs","store-makro","store-mall-cz","store-norma","store-obi","store-penny-market-cs","store-tesco-cs"],"acf":[],"_links":{"self":[{"href":"https:\/\/prevital.eu\/cs\/wp-json\/wp\/v2\/product\/2809","targetHints":{"allow":["GET"]}}],"collection":[{"href":"https:\/\/prevital.eu\/cs\/wp-json\/wp\/v2\/product"}],"about":[{"href":"https:\/\/prevital.eu\/cs\/wp-json\/wp\/v2\/types\/product"}],"version-history":[{"count":0,"href":"https:\/\/prevital.eu\/cs\/wp-json\/wp\/v2\/product\/2809\/revisions"}],"wp:featuredmedia":[{"embeddable":true,"href":"https:\/\/prevital.eu\/cs\/wp-json\/wp\/v2\/media\/960"}],"wp:attachment":[{"href":"https:\/\/prevital.eu\/cs\/wp-json\/wp\/v2\/media?parent=2809"}],"wp:term":[{"taxonomy":"product_family","embeddable":true,"href":"https:\/\/prevital.eu\/cs\/wp-json\/wp\/v2\/product_family?post=2809"},{"taxonomy":"product_form","embeddable":true,"href":"https:\/\/prevital.eu\/cs\/wp-json\/wp\/v2\/product_form?post=2809"},{"taxonomy":"flavour","embeddable":true,"href":"https:\/\/prevital.eu\/cs\/wp-json\/wp\/v2\/flavour?post=2809"},{"taxonomy":"lifestage","embeddable":true,"href":"https:\/\/prevital.eu\/cs\/wp-json\/wp\/v2\/lifestage?post=2809"},{"taxonomy":"lifestyle","embeddable":true,"href":"https:\/\/prevital.eu\/cs\/wp-json\/wp\/v2\/lifestyle?post=2809"},{"taxonomy":"store","embeddable":true,"href":"https:\/\/prevital.eu\/cs\/wp-json\/wp\/v2\/store?post=2809"}],"curies":[{"name":"wp","href":"https:\/\/api.w.org\/{rel}","templated":true}]}}