{"id":1575,"date":"2021-09-03T15:10:28","date_gmt":"2021-09-03T13:10:28","guid":{"rendered":"https:\/\/prevital.eu\/product\/pillow-snack-for-sterilized-cats-rich-in-chicken-with-tomato-filling\/"},"modified":"2022-03-08T16:25:31","modified_gmt":"2022-03-08T14:25:31","slug":"polstarky-pro-sterilizovane-kocky-bohate-na-kureci-s-rajcatovou-naplni-doplnkove-krmivo-pro-sterilizovane-kocky","status":"publish","type":"product","link":"https:\/\/prevital.eu\/cs\/product\/polstarky-pro-sterilizovane-kocky-bohate-na-kureci-s-rajcatovou-naplni-doplnkove-krmivo-pro-sterilizovane-kocky\/","title":{"rendered":"Pol\u0161t\u00e1\u0159ky pro sterilizovan\u00e9 ko\u010dky bohat\u00e9 na ku\u0159ec\u00ed s raj\u010datovou n\u00e1pln\u00ed. Dopl\u0148kov\u00e9 krmivo pro sterilizovan\u00e9 ko\u010dky."},"content":{"rendered":"\n<div class=\"wp-block-columns alignwide is-layout-flex wp-container-core-columns-is-layout-9d6595d7 wp-block-columns-is-layout-flex\">\n<div class=\"wp-block-column is-layout-flow wp-block-column-is-layout-flow\">\n<h2 class=\"wp-block-heading\">P\u0159eden\u00ed za\u010d\u00edn\u00e1 <br><strong>v misce<\/strong><\/h2>\n\n\n\n<p><strong>Portfolio PreVital bylo vytvo\u0159eno tak, aby dom\u00e1c\u00ed mazl\u00ed\u010dci m\u011bli 100 % kompletn\u00ed a vyv\u00e1\u017eenou stravu b\u011bhem cel\u00e9ho \u017eivota, od ko\u0165at a\u017e po star\u0161\u00ed ko\u010dky. <\/strong><\/p>\n\n\n\n<p>Krmivo PreVital obsahuje pot\u0159ebn\u00e9 vitam\u00edny a miner\u00e1ly, aby byl ka\u017edodenn\u00ed \u017eivot va\u0161\u00ed ko\u010dky vyv\u00e1\u017een\u011bj\u0161\u00ed a \u0161\u0165astn\u011bj\u0161\u00ed.<\/p>\n<\/div>\n\n\n\n<div class=\"wp-block-column is-layout-flow wp-block-column-is-layout-flow\">\n<figure class=\"wp-block-image size-large\"><img loading=\"lazy\" decoding=\"async\" width=\"1024\" height=\"706\" src=\"https:\/\/prevital.eu\/wp-content\/uploads\/2021\/09\/pillow-tomato-1024x706.png\" alt=\"\" class=\"wp-image-1535\" srcset=\"https:\/\/prevital.eu\/wp-content\/uploads\/2021\/09\/pillow-tomato-1024x706.png 1024w, https:\/\/prevital.eu\/wp-content\/uploads\/2021\/09\/pillow-tomato-300x207.png 300w, https:\/\/prevital.eu\/wp-content\/uploads\/2021\/09\/pillow-tomato-768x529.png 768w, https:\/\/prevital.eu\/wp-content\/uploads\/2021\/09\/pillow-tomato.png 1200w\" sizes=\"auto, (max-width: 1024px) 100vw, 1024px\" \/><\/figure>\n<\/div>\n<\/div>\n\n\n\n<p><\/p>\n","protected":false},"featured_media":524,"menu_order":0,"template":"","meta":{"_acf_changed":false,"footnotes":""},"product_family":[],"product_form":[140],"flavour":[74],"lifestage":[110,119],"lifestyle":[125],"store":[305,309,307,306,308,311,312,313,317,314,310,318,315,319,316],"class_list":["post-1575","product","type-product","status-publish","has-post-thumbnail","hentry","product_form-pamlsek","flavour-chicken-cs","lifestage-dospela-kocka","lifestage-starsi-kocka","lifestyle-sterilizovana-kocka","store-albert","store-alza-cz","store-ceops","store-coop-cs","store-dm","store-globus","store-jip","store-kaufland-cs","store-lidl-cs","store-makro","store-mall-cz","store-norma","store-obi","store-penny-market-cs","store-tesco-cs"],"acf":[],"_links":{"self":[{"href":"https:\/\/prevital.eu\/cs\/wp-json\/wp\/v2\/product\/1575","targetHints":{"allow":["GET"]}}],"collection":[{"href":"https:\/\/prevital.eu\/cs\/wp-json\/wp\/v2\/product"}],"about":[{"href":"https:\/\/prevital.eu\/cs\/wp-json\/wp\/v2\/types\/product"}],"version-history":[{"count":0,"href":"https:\/\/prevital.eu\/cs\/wp-json\/wp\/v2\/product\/1575\/revisions"}],"wp:featuredmedia":[{"embeddable":true,"href":"https:\/\/prevital.eu\/cs\/wp-json\/wp\/v2\/media\/524"}],"wp:attachment":[{"href":"https:\/\/prevital.eu\/cs\/wp-json\/wp\/v2\/media?parent=1575"}],"wp:term":[{"taxonomy":"product_family","embeddable":true,"href":"https:\/\/prevital.eu\/cs\/wp-json\/wp\/v2\/product_family?post=1575"},{"taxonomy":"product_form","embeddable":true,"href":"https:\/\/prevital.eu\/cs\/wp-json\/wp\/v2\/product_form?post=1575"},{"taxonomy":"flavour","embeddable":true,"href":"https:\/\/prevital.eu\/cs\/wp-json\/wp\/v2\/flavour?post=1575"},{"taxonomy":"lifestage","embeddable":true,"href":"https:\/\/prevital.eu\/cs\/wp-json\/wp\/v2\/lifestage?post=1575"},{"taxonomy":"lifestyle","embeddable":true,"href":"https:\/\/prevital.eu\/cs\/wp-json\/wp\/v2\/lifestyle?post=1575"},{"taxonomy":"store","embeddable":true,"href":"https:\/\/prevital.eu\/cs\/wp-json\/wp\/v2\/store?post=1575"}],"curies":[{"name":"wp","href":"https:\/\/api.w.org\/{rel}","templated":true}]}}