{"id":15339,"date":"2025-11-18T14:39:11","date_gmt":"2025-11-18T12:39:11","guid":{"rendered":"https:\/\/prevital.eu\/?post_type=product&#038;p=15339"},"modified":"2025-11-19T13:24:32","modified_gmt":"2025-11-19T11:24:32","slug":"kompletni-krmivo-pro-dospele-kocky-s-kurecim-s-lososem-v-omacce-s-hovezim-s-kralicim-a-krutim-v-zele","status":"publish","type":"product","link":"https:\/\/prevital.eu\/cs\/product\/kompletni-krmivo-pro-dospele-kocky-s-kurecim-s-lososem-v-omacce-s-hovezim-s-kralicim-a-krutim-v-zele\/","title":{"rendered":"Kompletn\u00ed krmivo pro dosp\u011bl\u00e9 ko\u010dky s ku\u0159ec\u00edm s lososem v om\u00e1\u010dce, s hov\u011bz\u00edm s kr\u00e1li\u010d\u00edm a kr\u016ft\u00edm v \u017eel\u00e9"},"content":{"rendered":"\n<div class=\"wp-block-columns alignwide is-layout-flex wp-container-core-columns-is-layout-9d6595d7 wp-block-columns-is-layout-flex\">\n<div class=\"wp-block-column is-layout-flow wp-block-column-is-layout-flow\">\n<h2 class=\"wp-block-heading\">P\u0159eden\u00ed za\u010d\u00edn\u00e1 <br><strong>v misce<\/strong><\/h2>\n\n\n\n<p><strong>Portfolio PreVital bylo vytvo\u0159eno tak, aby dom\u00e1c\u00ed mazl\u00ed\u010dci m\u011bli 100 % kompletn\u00ed a vyv\u00e1\u017eenou stravu b\u011bhem cel\u00e9ho \u017eivota, od ko\u0165at a\u017e po star\u0161\u00ed ko\u010dky. <\/strong><\/p>\n\n\n\n<p>Krmivo PreVital obsahuje pot\u0159ebn\u00e9 vitam\u00edny a miner\u00e1ly, aby byl ka\u017edodenn\u00ed \u017eivot va\u0161\u00ed ko\u010dky vyv\u00e1\u017een\u011bj\u0161\u00ed a \u0161\u0165astn\u011bj\u0161\u00ed.<\/p>\n<\/div>\n\n\n\n<div class=\"wp-block-column is-layout-flow wp-block-column-is-layout-flow\">\n<figure class=\"wp-block-image size-full\"><img loading=\"lazy\" decoding=\"async\" width=\"685\" height=\"389\" src=\"https:\/\/prevital.eu\/wp-content\/uploads\/2025\/11\/Group-1.png\" alt=\"\" class=\"wp-image-15346\" srcset=\"https:\/\/prevital.eu\/wp-content\/uploads\/2025\/11\/Group-1.png 685w, https:\/\/prevital.eu\/wp-content\/uploads\/2025\/11\/Group-1-300x170.png 300w\" sizes=\"auto, (max-width: 685px) 100vw, 685px\" \/><\/figure>\n<\/div>\n<\/div>\n","protected":false},"featured_media":15355,"menu_order":0,"template":"","meta":{"_acf_changed":false,"footnotes":""},"product_family":[],"product_form":[133],"flavour":[150,74,118,149],"lifestage":[110,119],"lifestyle":[125],"store":[305,309,307,306,308,311,312,313,317,314,310,318,315,319,316],"class_list":["post-15339","product","type-product","status-publish","has-post-thumbnail","hentry","product_form-kapsicka","flavour-borju-cs","flavour-chicken-cs","flavour-lazac-cs","flavour-maj-cs","lifestage-dospela-kocka","lifestage-starsi-kocka","lifestyle-sterilizovana-kocka","store-albert","store-alza-cz","store-ceops","store-coop-cs","store-dm","store-globus","store-jip","store-kaufland-cs","store-lidl-cs","store-makro","store-mall-cz","store-norma","store-obi","store-penny-market-cs","store-tesco-cs"],"acf":[],"_links":{"self":[{"href":"https:\/\/prevital.eu\/cs\/wp-json\/wp\/v2\/product\/15339","targetHints":{"allow":["GET"]}}],"collection":[{"href":"https:\/\/prevital.eu\/cs\/wp-json\/wp\/v2\/product"}],"about":[{"href":"https:\/\/prevital.eu\/cs\/wp-json\/wp\/v2\/types\/product"}],"version-history":[{"count":2,"href":"https:\/\/prevital.eu\/cs\/wp-json\/wp\/v2\/product\/15339\/revisions"}],"predecessor-version":[{"id":15393,"href":"https:\/\/prevital.eu\/cs\/wp-json\/wp\/v2\/product\/15339\/revisions\/15393"}],"wp:featuredmedia":[{"embeddable":true,"href":"https:\/\/prevital.eu\/cs\/wp-json\/wp\/v2\/media\/15355"}],"wp:attachment":[{"href":"https:\/\/prevital.eu\/cs\/wp-json\/wp\/v2\/media?parent=15339"}],"wp:term":[{"taxonomy":"product_family","embeddable":true,"href":"https:\/\/prevital.eu\/cs\/wp-json\/wp\/v2\/product_family?post=15339"},{"taxonomy":"product_form","embeddable":true,"href":"https:\/\/prevital.eu\/cs\/wp-json\/wp\/v2\/product_form?post=15339"},{"taxonomy":"flavour","embeddable":true,"href":"https:\/\/prevital.eu\/cs\/wp-json\/wp\/v2\/flavour?post=15339"},{"taxonomy":"lifestage","embeddable":true,"href":"https:\/\/prevital.eu\/cs\/wp-json\/wp\/v2\/lifestage?post=15339"},{"taxonomy":"lifestyle","embeddable":true,"href":"https:\/\/prevital.eu\/cs\/wp-json\/wp\/v2\/lifestyle?post=15339"},{"taxonomy":"store","embeddable":true,"href":"https:\/\/prevital.eu\/cs\/wp-json\/wp\/v2\/store?post=15339"}],"curies":[{"name":"wp","href":"https:\/\/api.w.org\/{rel}","templated":true}]}}