{"id":14889,"date":"2025-03-25T15:59:01","date_gmt":"2025-03-25T13:59:01","guid":{"rendered":"https:\/\/dev.martontoth.net\/prevital\/?post_type=product&#038;p=14889"},"modified":"2025-07-16T15:21:15","modified_gmt":"2025-07-16T13:21:15","slug":"kompletni-krmivo-pro-dospele-kocky-s-lososem","status":"publish","type":"product","link":"https:\/\/prevital.eu\/cs\/product\/kompletni-krmivo-pro-dospele-kocky-s-lososem\/","title":{"rendered":"Kompletn\u00ed krmivo pro dosp\u011bl\u00e9 ko\u010dky s lososem"},"content":{"rendered":"\n<div class=\"wp-block-columns alignwide is-layout-flex wp-container-core-columns-is-layout-9d6595d7 wp-block-columns-is-layout-flex\">\n<div class=\"wp-block-column is-layout-flow wp-block-column-is-layout-flow\">\n<h2 class=\"wp-block-heading\">P\u0159eden\u00ed za\u010d\u00edn\u00e1 <br><strong>v misce<\/strong><\/h2>\n\n\n\n<p><strong>Portfolio PreVital bylo vytvo\u0159eno tak, aby dom\u00e1c\u00ed mazl\u00ed\u010dci m\u011bli 100 % kompletn\u00ed a vyv\u00e1\u017eenou stravu b\u011bhem cel\u00e9ho \u017eivota, od ko\u0165at a\u017e po star\u0161\u00ed ko\u010dky. <\/strong><\/p>\n\n\n\n<p>Krmivo PreVital obsahuje pot\u0159ebn\u00e9 vitam\u00edny a miner\u00e1ly, aby byl ka\u017edodenn\u00ed \u017eivot va\u0161\u00ed ko\u010dky vyv\u00e1\u017een\u011bj\u0161\u00ed a \u0161\u0165astn\u011bj\u0161\u00ed.<\/p>\n<\/div>\n\n\n\n<div class=\"wp-block-column is-layout-flow wp-block-column-is-layout-flow\">\n<figure class=\"wp-block-image size-full\"><img loading=\"lazy\" decoding=\"async\" width=\"800\" height=\"578\" src=\"https:\/\/prevital.eu\/wp-content\/uploads\/2025\/01\/prevital-mousse-beef-salmon-tuna-chicken.png\" alt=\"\" class=\"wp-image-14839\" srcset=\"https:\/\/prevital.eu\/wp-content\/uploads\/2025\/01\/prevital-mousse-beef-salmon-tuna-chicken.png 800w, https:\/\/prevital.eu\/wp-content\/uploads\/2025\/01\/prevital-mousse-beef-salmon-tuna-chicken-300x217.png 300w, https:\/\/prevital.eu\/wp-content\/uploads\/2025\/01\/prevital-mousse-beef-salmon-tuna-chicken-768x555.png 768w\" sizes=\"auto, (max-width: 800px) 100vw, 800px\" \/><\/figure>\n<\/div>\n<\/div>\n\n\n\n<p><\/p>\n","protected":false},"featured_media":15012,"menu_order":0,"template":"","meta":{"_acf_changed":false,"footnotes":""},"product_family":[453],"product_form":[195],"flavour":[],"lifestage":[110],"lifestyle":[],"store":[],"class_list":["post-14889","product","type-product","status-publish","has-post-thumbnail","hentry","product_family-mousse","product_form-konzerva","lifestage-dospela-kocka"],"acf":[],"_links":{"self":[{"href":"https:\/\/prevital.eu\/cs\/wp-json\/wp\/v2\/product\/14889","targetHints":{"allow":["GET"]}}],"collection":[{"href":"https:\/\/prevital.eu\/cs\/wp-json\/wp\/v2\/product"}],"about":[{"href":"https:\/\/prevital.eu\/cs\/wp-json\/wp\/v2\/types\/product"}],"version-history":[{"count":1,"href":"https:\/\/prevital.eu\/cs\/wp-json\/wp\/v2\/product\/14889\/revisions"}],"predecessor-version":[{"id":14903,"href":"https:\/\/prevital.eu\/cs\/wp-json\/wp\/v2\/product\/14889\/revisions\/14903"}],"wp:featuredmedia":[{"embeddable":true,"href":"https:\/\/prevital.eu\/cs\/wp-json\/wp\/v2\/media\/15012"}],"wp:attachment":[{"href":"https:\/\/prevital.eu\/cs\/wp-json\/wp\/v2\/media?parent=14889"}],"wp:term":[{"taxonomy":"product_family","embeddable":true,"href":"https:\/\/prevital.eu\/cs\/wp-json\/wp\/v2\/product_family?post=14889"},{"taxonomy":"product_form","embeddable":true,"href":"https:\/\/prevital.eu\/cs\/wp-json\/wp\/v2\/product_form?post=14889"},{"taxonomy":"flavour","embeddable":true,"href":"https:\/\/prevital.eu\/cs\/wp-json\/wp\/v2\/flavour?post=14889"},{"taxonomy":"lifestage","embeddable":true,"href":"https:\/\/prevital.eu\/cs\/wp-json\/wp\/v2\/lifestage?post=14889"},{"taxonomy":"lifestyle","embeddable":true,"href":"https:\/\/prevital.eu\/cs\/wp-json\/wp\/v2\/lifestyle?post=14889"},{"taxonomy":"store","embeddable":true,"href":"https:\/\/prevital.eu\/cs\/wp-json\/wp\/v2\/store?post=14889"}],"curies":[{"name":"wp","href":"https:\/\/api.w.org\/{rel}","templated":true}]}}