{"id":1482,"date":"2021-09-03T15:01:20","date_gmt":"2021-09-03T13:01:20","guid":{"rendered":"https:\/\/prevital.eu\/product\/extruded-kibbles-snack-for-cats-with-chicken-turkey-and-liver\/"},"modified":"2022-06-02T16:22:49","modified_gmt":"2022-06-02T14:22:49","slug":"pamlsky-pro-kocky-s-kurecim-krutim-a-jatry-doplnkove-krmivo-pro-kocky","status":"publish","type":"product","link":"https:\/\/prevital.eu\/cs\/product\/pamlsky-pro-kocky-s-kurecim-krutim-a-jatry-doplnkove-krmivo-pro-kocky\/","title":{"rendered":"Pamlsky pro ko\u010dky s ku\u0159ec\u00edm, kr\u016ft\u00edm a j\u00e1try. Dopl\u0148kov\u00e9 krmivo pro ko\u010dky."},"content":{"rendered":"\n<div class=\"wp-block-columns alignwide is-layout-flex wp-container-core-columns-is-layout-9d6595d7 wp-block-columns-is-layout-flex\">\n<div class=\"wp-block-column is-layout-flow wp-block-column-is-layout-flow\">\n<h2 class=\"wp-block-heading\">P\u0159eden\u00ed za\u010d\u00edn\u00e1 <br><strong>v misce<\/strong><\/h2>\n\n\n\n<p><strong>Portfolio PreVital bylo vytvo\u0159eno tak, aby dom\u00e1c\u00ed mazl\u00ed\u010dci m\u011bli 100 % kompletn\u00ed a vyv\u00e1\u017eenou stravu b\u011bhem cel\u00e9ho \u017eivota, od ko\u0165at a\u017e po star\u0161\u00ed ko\u010dky. <\/strong><\/p>\n\n\n\n<p>Krmivo PreVital obsahuje pot\u0159ebn\u00e9 vitam\u00edny a miner\u00e1ly, aby byl ka\u017edodenn\u00ed \u017eivot va\u0161\u00ed ko\u010dky vyv\u00e1\u017een\u011bj\u0161\u00ed a \u0161\u0165astn\u011bj\u0161\u00ed.<\/p>\n<\/div>\n\n\n\n<div class=\"wp-block-column is-layout-flow wp-block-column-is-layout-flow\">\n<figure class=\"wp-block-image size-large\"><img loading=\"lazy\" decoding=\"async\" width=\"1024\" height=\"706\" src=\"https:\/\/prevital.eu\/wp-content\/uploads\/2021\/09\/snack-crispy-meaty-1024x706.png\" alt=\"\" class=\"wp-image-1463\" srcset=\"https:\/\/prevital.eu\/wp-content\/uploads\/2021\/09\/snack-crispy-meaty-1024x706.png 1024w, https:\/\/prevital.eu\/wp-content\/uploads\/2021\/09\/snack-crispy-meaty-300x207.png 300w, https:\/\/prevital.eu\/wp-content\/uploads\/2021\/09\/snack-crispy-meaty-768x529.png 768w, https:\/\/prevital.eu\/wp-content\/uploads\/2021\/09\/snack-crispy-meaty.png 1200w\" sizes=\"auto, (max-width: 1024px) 100vw, 1024px\" \/><\/figure>\n<\/div>\n<\/div>\n","protected":false},"featured_media":500,"menu_order":0,"template":"","meta":{"_acf_changed":false,"footnotes":""},"product_family":[],"product_form":[140],"flavour":[74,149,124],"lifestage":[110,78,119],"lifestyle":[],"store":[305,309,307,306,308,311,312,313,317,314,310,318,315,319,316],"class_list":["post-1482","product","type-product","status-publish","has-post-thumbnail","hentry","product_form-pamlsek","flavour-chicken-cs","flavour-maj-cs","flavour-pulyka-cs","lifestage-dospela-kocka","lifestage-kote","lifestage-starsi-kocka","store-albert","store-alza-cz","store-ceops","store-coop-cs","store-dm","store-globus","store-jip","store-kaufland-cs","store-lidl-cs","store-makro","store-mall-cz","store-norma","store-obi","store-penny-market-cs","store-tesco-cs"],"acf":[],"_links":{"self":[{"href":"https:\/\/prevital.eu\/cs\/wp-json\/wp\/v2\/product\/1482","targetHints":{"allow":["GET"]}}],"collection":[{"href":"https:\/\/prevital.eu\/cs\/wp-json\/wp\/v2\/product"}],"about":[{"href":"https:\/\/prevital.eu\/cs\/wp-json\/wp\/v2\/types\/product"}],"version-history":[{"count":3,"href":"https:\/\/prevital.eu\/cs\/wp-json\/wp\/v2\/product\/1482\/revisions"}],"predecessor-version":[{"id":8791,"href":"https:\/\/prevital.eu\/cs\/wp-json\/wp\/v2\/product\/1482\/revisions\/8791"}],"wp:featuredmedia":[{"embeddable":true,"href":"https:\/\/prevital.eu\/cs\/wp-json\/wp\/v2\/media\/500"}],"wp:attachment":[{"href":"https:\/\/prevital.eu\/cs\/wp-json\/wp\/v2\/media?parent=1482"}],"wp:term":[{"taxonomy":"product_family","embeddable":true,"href":"https:\/\/prevital.eu\/cs\/wp-json\/wp\/v2\/product_family?post=1482"},{"taxonomy":"product_form","embeddable":true,"href":"https:\/\/prevital.eu\/cs\/wp-json\/wp\/v2\/product_form?post=1482"},{"taxonomy":"flavour","embeddable":true,"href":"https:\/\/prevital.eu\/cs\/wp-json\/wp\/v2\/flavour?post=1482"},{"taxonomy":"lifestage","embeddable":true,"href":"https:\/\/prevital.eu\/cs\/wp-json\/wp\/v2\/lifestage?post=1482"},{"taxonomy":"lifestyle","embeddable":true,"href":"https:\/\/prevital.eu\/cs\/wp-json\/wp\/v2\/lifestyle?post=1482"},{"taxonomy":"store","embeddable":true,"href":"https:\/\/prevital.eu\/cs\/wp-json\/wp\/v2\/store?post=1482"}],"curies":[{"name":"wp","href":"https:\/\/api.w.org\/{rel}","templated":true}]}}