{"id":1451,"date":"2021-09-03T14:53:36","date_gmt":"2021-09-03T12:53:36","guid":{"rendered":"https:\/\/prevital.eu\/product\/extruded-kibbles-snack-for-cats-flavoured-with-fish\/"},"modified":"2022-06-02T16:26:02","modified_gmt":"2022-06-02T14:26:02","slug":"pamlsky-pro-kocky-s-rybi-prichuti-doplnkove-krmivo-pro-kocky","status":"publish","type":"product","link":"https:\/\/prevital.eu\/cs\/product\/pamlsky-pro-kocky-s-rybi-prichuti-doplnkove-krmivo-pro-kocky\/","title":{"rendered":"Pamlsky pro ko\u010dky s ryb\u00ed p\u0159ichut\u00ed. Dopl\u0148kov\u00e9 krmivo pro ko\u010dky."},"content":{"rendered":"\n<div class=\"wp-block-columns alignwide is-layout-flex wp-container-core-columns-is-layout-9d6595d7 wp-block-columns-is-layout-flex\">\n<div class=\"wp-block-column is-layout-flow wp-block-column-is-layout-flow\">\n<h2 class=\"wp-block-heading\">P\u0159eden\u00ed za\u010d\u00edn\u00e1 <br><strong>v misce<\/strong><\/h2>\n\n\n\n<p><strong>Portfolio PreVital bylo vytvo\u0159eno tak, aby dom\u00e1c\u00ed mazl\u00ed\u010dci m\u011bli 100 % kompletn\u00ed a vyv\u00e1\u017eenou stravu b\u011bhem cel\u00e9ho \u017eivota, od ko\u0165at a\u017e po star\u0161\u00ed ko\u010dky. <\/strong><\/p>\n\n\n\n<p>Krmivo PreVital obsahuje pot\u0159ebn\u00e9 vitam\u00edny a miner\u00e1ly, aby byl ka\u017edodenn\u00ed \u017eivot va\u0161\u00ed ko\u010dky vyv\u00e1\u017een\u011bj\u0161\u00ed a \u0161\u0165astn\u011bj\u0161\u00ed.<\/p>\n<\/div>\n\n\n\n<div class=\"wp-block-column is-layout-flow wp-block-column-is-layout-flow\">\n<figure class=\"wp-block-image size-full\"><img loading=\"lazy\" decoding=\"async\" width=\"800\" height=\"551\" src=\"https:\/\/prevital.eu\/wp-content\/uploads\/2021\/09\/snack-crispy-marine.png\" alt=\"\" class=\"wp-image-1432\" srcset=\"https:\/\/prevital.eu\/wp-content\/uploads\/2021\/09\/snack-crispy-marine.png 800w, https:\/\/prevital.eu\/wp-content\/uploads\/2021\/09\/snack-crispy-marine-300x207.png 300w, https:\/\/prevital.eu\/wp-content\/uploads\/2021\/09\/snack-crispy-marine-768x529.png 768w\" sizes=\"auto, (max-width: 800px) 100vw, 800px\" \/><\/figure>\n<\/div>\n<\/div>\n","protected":false},"featured_media":493,"menu_order":0,"template":"","meta":{"_acf_changed":false,"footnotes":""},"product_family":[],"product_form":[140],"flavour":[141,118,136],"lifestage":[110,78,119],"lifestyle":[],"store":[305,309,307,306,308,311,312,313,317,314,310,318,315,319,316],"class_list":["post-1451","product","type-product","status-publish","has-post-thumbnail","hentry","product_form-pamlsek","flavour-hering-cs","flavour-lazac-cs","flavour-trout-cs","lifestage-dospela-kocka","lifestage-kote","lifestage-starsi-kocka","store-albert","store-alza-cz","store-ceops","store-coop-cs","store-dm","store-globus","store-jip","store-kaufland-cs","store-lidl-cs","store-makro","store-mall-cz","store-norma","store-obi","store-penny-market-cs","store-tesco-cs"],"acf":[],"_links":{"self":[{"href":"https:\/\/prevital.eu\/cs\/wp-json\/wp\/v2\/product\/1451","targetHints":{"allow":["GET"]}}],"collection":[{"href":"https:\/\/prevital.eu\/cs\/wp-json\/wp\/v2\/product"}],"about":[{"href":"https:\/\/prevital.eu\/cs\/wp-json\/wp\/v2\/types\/product"}],"version-history":[{"count":2,"href":"https:\/\/prevital.eu\/cs\/wp-json\/wp\/v2\/product\/1451\/revisions"}],"predecessor-version":[{"id":8798,"href":"https:\/\/prevital.eu\/cs\/wp-json\/wp\/v2\/product\/1451\/revisions\/8798"}],"wp:featuredmedia":[{"embeddable":true,"href":"https:\/\/prevital.eu\/cs\/wp-json\/wp\/v2\/media\/493"}],"wp:attachment":[{"href":"https:\/\/prevital.eu\/cs\/wp-json\/wp\/v2\/media?parent=1451"}],"wp:term":[{"taxonomy":"product_family","embeddable":true,"href":"https:\/\/prevital.eu\/cs\/wp-json\/wp\/v2\/product_family?post=1451"},{"taxonomy":"product_form","embeddable":true,"href":"https:\/\/prevital.eu\/cs\/wp-json\/wp\/v2\/product_form?post=1451"},{"taxonomy":"flavour","embeddable":true,"href":"https:\/\/prevital.eu\/cs\/wp-json\/wp\/v2\/flavour?post=1451"},{"taxonomy":"lifestage","embeddable":true,"href":"https:\/\/prevital.eu\/cs\/wp-json\/wp\/v2\/lifestage?post=1451"},{"taxonomy":"lifestyle","embeddable":true,"href":"https:\/\/prevital.eu\/cs\/wp-json\/wp\/v2\/lifestyle?post=1451"},{"taxonomy":"store","embeddable":true,"href":"https:\/\/prevital.eu\/cs\/wp-json\/wp\/v2\/store?post=1451"}],"curies":[{"name":"wp","href":"https:\/\/api.w.org\/{rel}","templated":true}]}}