{"id":1344,"date":"2021-09-03T14:18:26","date_gmt":"2021-09-03T12:18:26","guid":{"rendered":"https:\/\/prevital.eu\/product\/prevital-nmpouch-cat-salmon-in-gravy\/"},"modified":"2025-01-14T12:20:50","modified_gmt":"2025-01-14T10:20:50","slug":"kompletni-krmivo-pro-dospele-kocky-s-lososem-v-omacce","status":"publish","type":"product","link":"https:\/\/prevital.eu\/cs\/product\/kompletni-krmivo-pro-dospele-kocky-s-lososem-v-omacce\/","title":{"rendered":"Kompletn\u00ed krmivo pro dosp\u011bl\u00e9 ko\u010dky s lososem v om\u00e1\u010dce"},"content":{"rendered":"\n<div class=\"wp-block-columns alignwide is-layout-flex wp-container-core-columns-is-layout-9d6595d7 wp-block-columns-is-layout-flex\">\n<div class=\"wp-block-column is-layout-flow wp-block-column-is-layout-flow\">\n<h2 class=\"wp-block-heading\">P\u0159eden\u00ed za\u010d\u00edn\u00e1 <br><strong>v misce<\/strong><\/h2>\n\n\n\n<p><strong>Portfolio PreVital bylo vytvo\u0159eno tak, aby dom\u00e1c\u00ed mazl\u00ed\u010dci m\u011bli 100 % kompletn\u00ed a vyv\u00e1\u017eenou stravu b\u011bhem cel\u00e9ho \u017eivota, od ko\u0165at a\u017e po star\u0161\u00ed ko\u010dky. <\/strong><\/p>\n\n\n\n<p>Krmivo PreVital obsahuje pot\u0159ebn\u00e9 vitam\u00edny a miner\u00e1ly, aby byl ka\u017edodenn\u00ed \u017eivot va\u0161\u00ed ko\u010dky vyv\u00e1\u017een\u011bj\u0161\u00ed a \u0161\u0165astn\u011bj\u0161\u00ed.<\/p>\n<\/div>\n\n\n\n<div class=\"wp-block-column is-layout-flow wp-block-column-is-layout-flow\">\n<figure class=\"wp-block-image size-full\"><img loading=\"lazy\" decoding=\"async\" width=\"800\" height=\"440\" src=\"https:\/\/prevital.eu\/wp-content\/uploads\/2021\/09\/bowl-salmon-gravy.png\" alt=\"\" class=\"wp-image-400\" srcset=\"https:\/\/prevital.eu\/wp-content\/uploads\/2021\/09\/bowl-salmon-gravy.png 800w, https:\/\/prevital.eu\/wp-content\/uploads\/2021\/09\/bowl-salmon-gravy-300x165.png 300w, https:\/\/prevital.eu\/wp-content\/uploads\/2021\/09\/bowl-salmon-gravy-768x422.png 768w\" sizes=\"auto, (max-width: 800px) 100vw, 800px\" \/><\/figure>\n<\/div>\n<\/div>\n","protected":false},"featured_media":405,"menu_order":0,"template":"","meta":{"_acf_changed":false,"footnotes":""},"product_family":[159],"product_form":[133],"flavour":[118],"lifestage":[110],"lifestyle":[],"store":[305,309,307,306,308,311,312,313,317,314,310,318,315,319,316],"class_list":["post-1344","product","type-product","status-publish","has-post-thumbnail","hentry","product_family-filet-cs","product_form-kapsicka","flavour-lazac-cs","lifestage-dospela-kocka","store-albert","store-alza-cz","store-ceops","store-coop-cs","store-dm","store-globus","store-jip","store-kaufland-cs","store-lidl-cs","store-makro","store-mall-cz","store-norma","store-obi","store-penny-market-cs","store-tesco-cs"],"acf":[],"_links":{"self":[{"href":"https:\/\/prevital.eu\/cs\/wp-json\/wp\/v2\/product\/1344","targetHints":{"allow":["GET"]}}],"collection":[{"href":"https:\/\/prevital.eu\/cs\/wp-json\/wp\/v2\/product"}],"about":[{"href":"https:\/\/prevital.eu\/cs\/wp-json\/wp\/v2\/types\/product"}],"version-history":[{"count":1,"href":"https:\/\/prevital.eu\/cs\/wp-json\/wp\/v2\/product\/1344\/revisions"}],"predecessor-version":[{"id":11827,"href":"https:\/\/prevital.eu\/cs\/wp-json\/wp\/v2\/product\/1344\/revisions\/11827"}],"wp:featuredmedia":[{"embeddable":true,"href":"https:\/\/prevital.eu\/cs\/wp-json\/wp\/v2\/media\/405"}],"wp:attachment":[{"href":"https:\/\/prevital.eu\/cs\/wp-json\/wp\/v2\/media?parent=1344"}],"wp:term":[{"taxonomy":"product_family","embeddable":true,"href":"https:\/\/prevital.eu\/cs\/wp-json\/wp\/v2\/product_family?post=1344"},{"taxonomy":"product_form","embeddable":true,"href":"https:\/\/prevital.eu\/cs\/wp-json\/wp\/v2\/product_form?post=1344"},{"taxonomy":"flavour","embeddable":true,"href":"https:\/\/prevital.eu\/cs\/wp-json\/wp\/v2\/flavour?post=1344"},{"taxonomy":"lifestage","embeddable":true,"href":"https:\/\/prevital.eu\/cs\/wp-json\/wp\/v2\/lifestage?post=1344"},{"taxonomy":"lifestyle","embeddable":true,"href":"https:\/\/prevital.eu\/cs\/wp-json\/wp\/v2\/lifestyle?post=1344"},{"taxonomy":"store","embeddable":true,"href":"https:\/\/prevital.eu\/cs\/wp-json\/wp\/v2\/store?post=1344"}],"curies":[{"name":"wp","href":"https:\/\/api.w.org\/{rel}","templated":true}]}}