{"id":11109,"date":"2023-12-11T13:57:05","date_gmt":"2023-12-11T11:57:05","guid":{"rendered":"https:\/\/prevital.eu\/product\/teljes-erteku-allateledel-felnott-macskak-szamara-asc-lazaccal-zseleben\/"},"modified":"2024-01-09T12:26:05","modified_gmt":"2024-01-09T10:26:05","slug":"kompletni-krmivo-pro-dospele-kocky-s-asc-lososem-v-zele","status":"publish","type":"product","link":"https:\/\/prevital.eu\/cs\/product\/kompletni-krmivo-pro-dospele-kocky-s-asc-lososem-v-zele\/","title":{"rendered":"Kompletn\u00ed krmivo pro dosp\u011bl\u00e9 ko\u010dky s ASC lososem v \u017eel\u00e9"},"content":{"rendered":"\n<div class=\"wp-block-columns alignwide is-layout-flex wp-container-core-columns-is-layout-9d6595d7 wp-block-columns-is-layout-flex\">\n<div class=\"wp-block-column is-layout-flow wp-block-column-is-layout-flow\">\n<h2 class=\"wp-block-heading\">P\u0159eden\u00ed za\u010d\u00edn\u00e1 <br><strong>v misce<\/strong><\/h2>\n\n\n\n<p><strong>Portfolio PreVital bylo vytvo\u0159eno tak, aby dom\u00e1c\u00ed mazl\u00ed\u010dci m\u011bli 100 % kompletn\u00ed a vyv\u00e1\u017eenou stravu b\u011bhem cel\u00e9ho \u017eivota, od ko\u0165at a\u017e po star\u0161\u00ed ko\u010dky. <\/strong><\/p>\n\n\n\n<p>Krmivo PreVital obsahuje pot\u0159ebn\u00e9 vitam\u00edny a miner\u00e1ly, aby byl ka\u017edodenn\u00ed \u017eivot va\u0161\u00ed ko\u010dky vyv\u00e1\u017een\u011bj\u0161\u00ed a \u0161\u0165astn\u011bj\u0161\u00ed.<\/p>\n\n\n\n<p>ASC-C-02905 Certifik\u00e1t ASC za zodpov\u011bdn\u00fd chov. <a href=\"https:\/\/www.asc-aqua.org\" data-type=\"link\" data-id=\"https:\/\/www.asc-aqua.org\" target=\"_blank\" rel=\"noreferrer noopener\">www.asc-aqua.org<\/a><\/p>\n<\/div>\n\n\n\n<div class=\"wp-block-column is-layout-flow wp-block-column-is-layout-flow\"><\/div>\n<\/div>\n","protected":false},"featured_media":11099,"menu_order":0,"template":"","meta":{"_acf_changed":false,"footnotes":""},"product_family":[],"product_form":[195],"flavour":[],"lifestage":[110],"lifestyle":[],"store":[],"class_list":["post-11109","product","type-product","status-publish","has-post-thumbnail","hentry","product_form-konzerva","lifestage-dospela-kocka"],"acf":[],"_links":{"self":[{"href":"https:\/\/prevital.eu\/cs\/wp-json\/wp\/v2\/product\/11109","targetHints":{"allow":["GET"]}}],"collection":[{"href":"https:\/\/prevital.eu\/cs\/wp-json\/wp\/v2\/product"}],"about":[{"href":"https:\/\/prevital.eu\/cs\/wp-json\/wp\/v2\/types\/product"}],"version-history":[{"count":2,"href":"https:\/\/prevital.eu\/cs\/wp-json\/wp\/v2\/product\/11109\/revisions"}],"predecessor-version":[{"id":11117,"href":"https:\/\/prevital.eu\/cs\/wp-json\/wp\/v2\/product\/11109\/revisions\/11117"}],"wp:featuredmedia":[{"embeddable":true,"href":"https:\/\/prevital.eu\/cs\/wp-json\/wp\/v2\/media\/11099"}],"wp:attachment":[{"href":"https:\/\/prevital.eu\/cs\/wp-json\/wp\/v2\/media?parent=11109"}],"wp:term":[{"taxonomy":"product_family","embeddable":true,"href":"https:\/\/prevital.eu\/cs\/wp-json\/wp\/v2\/product_family?post=11109"},{"taxonomy":"product_form","embeddable":true,"href":"https:\/\/prevital.eu\/cs\/wp-json\/wp\/v2\/product_form?post=11109"},{"taxonomy":"flavour","embeddable":true,"href":"https:\/\/prevital.eu\/cs\/wp-json\/wp\/v2\/flavour?post=11109"},{"taxonomy":"lifestage","embeddable":true,"href":"https:\/\/prevital.eu\/cs\/wp-json\/wp\/v2\/lifestage?post=11109"},{"taxonomy":"lifestyle","embeddable":true,"href":"https:\/\/prevital.eu\/cs\/wp-json\/wp\/v2\/lifestyle?post=11109"},{"taxonomy":"store","embeddable":true,"href":"https:\/\/prevital.eu\/cs\/wp-json\/wp\/v2\/store?post=11109"}],"curies":[{"name":"wp","href":"https:\/\/api.w.org\/{rel}","templated":true}]}}