{"id":11078,"date":"2023-12-11T13:43:28","date_gmt":"2023-12-11T11:43:28","guid":{"rendered":"https:\/\/prevital.eu\/product\/teljes-erteku-allateledel-felnott-macskak-szamara-marhaval-es-majjal-szoszban\/"},"modified":"2024-01-09T13:43:35","modified_gmt":"2024-01-09T11:43:35","slug":"kompletni-krmivo-pro-dospele-kocky-s-hovezim-a-jatry-v-omacce","status":"publish","type":"product","link":"https:\/\/prevital.eu\/cs\/product\/kompletni-krmivo-pro-dospele-kocky-s-hovezim-a-jatry-v-omacce\/","title":{"rendered":"Kompletn\u00ed krmivo pro dosp\u011bl\u00e9 ko\u010dky s hov\u011bz\u00edm a j\u00e1try v om\u00e1\u010dce"},"content":{"rendered":"\n<div class=\"wp-block-columns alignwide is-layout-flex wp-container-core-columns-is-layout-9d6595d7 wp-block-columns-is-layout-flex\">\n<div class=\"wp-block-column is-layout-flow wp-block-column-is-layout-flow\">\n<h2 class=\"wp-block-heading\">P\u0159eden\u00ed za\u010d\u00edn\u00e1 <br><strong>v misce<\/strong><\/h2>\n\n\n\n<p><strong>Portfolio PreVital bylo vytvo\u0159eno tak, aby dom\u00e1c\u00ed mazl\u00ed\u010dci m\u011bli 100 % kompletn\u00ed a vyv\u00e1\u017eenou stravu b\u011bhem cel\u00e9ho \u017eivota, od ko\u0165at a\u017e po star\u0161\u00ed ko\u010dky. <\/strong><\/p>\n\n\n\n<p>Krmivo PreVital obsahuje pot\u0159ebn\u00e9 vitam\u00edny a miner\u00e1ly, aby byl ka\u017edodenn\u00ed \u017eivot va\u0161\u00ed ko\u010dky vyv\u00e1\u017een\u011bj\u0161\u00ed a \u0161\u0165astn\u011bj\u0161\u00ed.<\/p>\n<\/div>\n\n\n\n<div class=\"wp-block-column is-layout-flow wp-block-column-is-layout-flow\"><\/div>\n<\/div>\n","protected":false},"featured_media":11068,"menu_order":0,"template":"","meta":{"_acf_changed":false,"footnotes":""},"product_family":[],"product_form":[195],"flavour":[],"lifestage":[110],"lifestyle":[],"store":[],"class_list":["post-11078","product","type-product","status-publish","has-post-thumbnail","hentry","product_form-konzerva","lifestage-dospela-kocka"],"acf":[],"_links":{"self":[{"href":"https:\/\/prevital.eu\/cs\/wp-json\/wp\/v2\/product\/11078","targetHints":{"allow":["GET"]}}],"collection":[{"href":"https:\/\/prevital.eu\/cs\/wp-json\/wp\/v2\/product"}],"about":[{"href":"https:\/\/prevital.eu\/cs\/wp-json\/wp\/v2\/types\/product"}],"version-history":[{"count":4,"href":"https:\/\/prevital.eu\/cs\/wp-json\/wp\/v2\/product\/11078\/revisions"}],"predecessor-version":[{"id":11194,"href":"https:\/\/prevital.eu\/cs\/wp-json\/wp\/v2\/product\/11078\/revisions\/11194"}],"wp:featuredmedia":[{"embeddable":true,"href":"https:\/\/prevital.eu\/cs\/wp-json\/wp\/v2\/media\/11068"}],"wp:attachment":[{"href":"https:\/\/prevital.eu\/cs\/wp-json\/wp\/v2\/media?parent=11078"}],"wp:term":[{"taxonomy":"product_family","embeddable":true,"href":"https:\/\/prevital.eu\/cs\/wp-json\/wp\/v2\/product_family?post=11078"},{"taxonomy":"product_form","embeddable":true,"href":"https:\/\/prevital.eu\/cs\/wp-json\/wp\/v2\/product_form?post=11078"},{"taxonomy":"flavour","embeddable":true,"href":"https:\/\/prevital.eu\/cs\/wp-json\/wp\/v2\/flavour?post=11078"},{"taxonomy":"lifestage","embeddable":true,"href":"https:\/\/prevital.eu\/cs\/wp-json\/wp\/v2\/lifestage?post=11078"},{"taxonomy":"lifestyle","embeddable":true,"href":"https:\/\/prevital.eu\/cs\/wp-json\/wp\/v2\/lifestyle?post=11078"},{"taxonomy":"store","embeddable":true,"href":"https:\/\/prevital.eu\/cs\/wp-json\/wp\/v2\/store?post=11078"}],"curies":[{"name":"wp","href":"https:\/\/api.w.org\/{rel}","templated":true}]}}