{"id":4031,"date":"2022-02-09T11:23:40","date_gmt":"2022-02-09T09:23:40","guid":{"rendered":"https:\/\/prevital.eu\/?page_id=4031"},"modified":"2022-02-09T11:23:41","modified_gmt":"2022-02-09T09:23:41","slug":"zasady-pouzivani-souboru-cookies","status":"publish","type":"page","link":"https:\/\/prevital.eu\/cs\/zasady-pouzivani-souboru-cookies\/","title":{"rendered":"Z\u00e1sady pou\u017e\u00edv\u00e1n\u00ed soubor\u016f cookies"},"content":{"rendered":"\n<p><strong>Partner in Pet Food CZ s.r.o.\u00a0<\/strong><\/p>\n\n\n\n<p><strong>Datum proveden\u00ed posledn\u00edch zm\u011bn: 1. \u00fanora 2022<\/strong><\/p>\n\n\n\n<ol class=\"wp-block-list\"><li>Spole\u010dnost <strong>Partner in Pet Food CZ s.r.o<\/strong>. (se s\u00eddlem na adrese Bucharova 1423\/6, 158 00 Praha 13, I\u010cO: 241 67 819, zapsan\u00e1 v obchodn\u00edm rejst\u0159\u00edku veden\u00e9m M\u011bstsk\u00fdm soudem v&nbsp;Praze pod sp. zn. C 184849; e-mail: <a href=\"mailto:info@ppfeurope.com\">info@ppfeurope.com<\/a>; telefon: +420&nbsp;234&nbsp;111&nbsp;111) (d\u00e1le jen \u201eSpole\u010dnost\u201c) vyu\u017e\u00edv\u00e1 soubory cookies v n\u011bkter\u00fdch \u010d\u00e1stech internetov\u00fdch str\u00e1nek <a href=\"http:\/\/www.prevital.com\">www.prevital.com<\/a> Soubory cookies jsou soubory, kter\u00e9 ukl\u00e1daj\u00ed informace o internetov\u00e9m prohl\u00ed\u017ee\u010di u\u017eivatele. Tyto z\u00e1sady pro pou\u017e\u00edv\u00e1n\u00ed soubor\u016f cookies (d\u00e1le jen \u201eZ\u00e1sady\u201c) obsahuj\u00ed informace o pou\u017e\u00edv\u00e1n\u00ed soubor\u016f cookies.&nbsp;<\/li><\/ol>\n\n\n\n<ol class=\"wp-block-list\" start=\"2\"><li>Soubory cookies nap\u0159\u00edklad umo\u017e\u0148uj\u00ed internetov\u00fdm str\u00e1nk\u00e1m rozpoznat u\u017eivatele, pokud tento u\u017eivatel ji\u017e str\u00e1nky d\u0159\u00edve nav\u0161t\u00edvil, nebo pom\u00e1haj\u00ed ur\u010dit, kter\u00e1 \u010d\u00e1st str\u00e1nek je nejobl\u00edben\u011bj\u0161\u00ed, kter\u00e9 \u010d\u00e1sti u\u017eivatel\u00e9 nav\u0161t\u011bvuj\u00ed a kolik tam tr\u00e1v\u00ed \u010dasu. Pomoc\u00ed anal\u00fdzy t\u011bchto informac\u00ed pak Spole\u010dnost dok\u00e1\u017ee upravit sv\u00e9 internetov\u00e9 str\u00e1nky podle pot\u0159eb u\u017eivatel\u016f a poskytnout tak rozmanit\u011bj\u0161\u00ed u\u017eivatelskou zku\u0161enost. Pomoc\u00ed soubor\u016f cookies m\u016f\u017ee Spole\u010dnost tak\u00e9 zajistit, aby informace zobrazen\u00e9 p\u0159i dal\u0161\u00ed n\u00e1v\u0161t\u011bv\u011b u\u017eivatele spl\u0148ovaly jeho o\u010dek\u00e1v\u00e1n\u00ed.&nbsp;&nbsp;<\/li><\/ol>\n\n\n\n<ol class=\"wp-block-list\" start=\"3\"><li>Spole\u010dnost si vyhrazuje pr\u00e1vo tyto Z\u00e1sady jednostrann\u011b m\u011bnit s \u00fa\u010dinnost\u00ed od proveden\u00ed takov\u00e9 zm\u011bny, s&nbsp;p\u0159ihl\u00e9dnut\u00edm k&nbsp;p\u0159\u00edslu\u0161n\u00fdm omezen\u00edm stanoven\u00fdch z\u00e1konem a v&nbsp;p\u0159\u00edpadech, kdy je to nutn\u00e9, po p\u0159edch\u00e1zej\u00edc\u00edm v\u010dasn\u00e9m ozn\u00e1men\u00ed dot\u010den\u00fdm osob\u00e1m. Spole\u010dnost je opr\u00e1vn\u011bna tyto Z\u00e1sady m\u011bnit zejm\u00e9na v p\u0159\u00edpad\u011b, kdy to vy\u017eaduj\u00ed zm\u011bny z\u00e1kona, postup org\u00e1nu pro ochranu osobn\u00edch \u00fadaj\u016f, obchodn\u00ed pot\u0159eby nebo pot\u0159eby zam\u011bstnanc\u016f nebo jak\u00e1koli nov\u011b zji\u0161t\u011bn\u00e1 bezpe\u010dnostn\u00ed rizika. Spole\u010dnost za\u0161le na vy\u017e\u00e1d\u00e1n\u00ed kopii aktu\u00e1ln\u00ed verze t\u011bchto Z\u00e1sad fyzick\u00fdm osob\u00e1m.&nbsp;&nbsp;<\/li><\/ol>\n\n\n\n<ol class=\"wp-block-list\" start=\"4\"><li>Na\u0161e internetov\u00e9 str\u00e1nky umo\u017e\u0148uj\u00ed u\u017eivatel\u016fm povolit nebo zam\u00edtnout n\u011bkter\u00e9 skupiny soubor\u016f cookies (viz bod 7). Od u\u017eivatel\u016f \u017e\u00e1d\u00e1me p\u0159i prvn\u00ed n\u00e1v\u0161t\u011bv\u011b str\u00e1nek, a potom pravideln\u011b opakovan\u011b, ud\u011blen\u00ed souhlasu s&nbsp;pou\u017e\u00edv\u00e1n\u00edm soubor\u016f cookies. Toto nastaven\u00ed m\u016f\u017ee u\u017eivatel kliknut\u00edm na odkaz \u201eNastavit cookies\u201c nach\u00e1zej\u00edc\u00ed se v&nbsp;doln\u00ed \u010d\u00e1sti webov\u00fdch str\u00e1nek kdykoli zm\u011bnit. Webov\u00e9 str\u00e1nky <a href=\"http:\/\/www.prevital.com\">www.prevital.com<\/a> byly vytvo\u0159eny tak, aby fungovaly s&nbsp;pou\u017e\u00edv\u00e1n\u00edm soubor\u016f cookies, a proto deaktivace t\u011bchto soubor\u016f m\u016f\u017ee ovlivnit pou\u017e\u00edv\u00e1n\u00ed str\u00e1nek a u\u017eivatele tak omezit ve vyu\u017e\u00edv\u00e1n\u00ed v\u0161ech v\u00fdhod nab\u00edzen\u00fdch webov\u00fdmi str\u00e1nkami.&nbsp;<\/li><\/ol>\n\n\n\n<ol class=\"wp-block-list\" start=\"5\"><li>U\u017eivatel\u00e9 si ve sv\u00e9m internetov\u00e9m prohl\u00ed\u017ee\u010di nastav\u00ed p\u0159ijet\u00ed v\u0161ech soubor\u016f cookies, jejich odm\u00edtnut\u00ed nebo upozorn\u011bn\u00ed na odesl\u00e1n\u00ed souboru cookies do po\u010d\u00edta\u010de u\u017eivatele. Ka\u017ed\u00fd vyhled\u00e1va\u010d je jin\u00fd, ve vyhled\u00e1va\u010di se proto nach\u00e1z\u00ed menu \u201eHelp\u201c (Pomoc), kde je mo\u017en\u00e9 zm\u011bnit nastaven\u00ed soubor\u016f cookies. V\u00edce informac\u00ed o povaze soubor\u016f cookies a mo\u017enosti jejich zablokov\u00e1n\u00ed naleznete na adrese <a href=\"http:\/\/www.youronlinechoices.com\/cz\/\">http:\/\/www.youronlinechoices.com\/cz\/<\/a>.&nbsp;<\/li><\/ol>\n\n\n\n<ol class=\"wp-block-list\" start=\"6\"><li>Nab\u00eddka pro spr\u00e1vu soubor\u016f cookies v nejpou\u017e\u00edvan\u011bj\u0161\u00edch prohl\u00ed\u017ee\u010d\u00edch:&nbsp;<\/li><\/ol>\n\n\n\n<p>Informace o nastaven\u00ed soubor\u016f cookies na nej\u010dast\u011bji pou\u017e\u00edvan\u00fdch prohl\u00ed\u017ee\u010d\u00edch najdete na n\u00ed\u017ee uveden\u00fdch odkazech:<\/p>\n\n\n\n<ul class=\"wp-block-list\"><li><strong>Google Chrome<\/strong>:&nbsp;<a href=\"https:\/\/support.google.com\/accounts\/answer\/61416?hl=hu\">https:\/\/support.google.com\/accounts\/answer\/61416?hl=hu<\/a><\/li><li><strong>Firefox<\/strong>:&nbsp;<a href=\"https:\/\/support.mozilla.org\/hu\/kb\/sutik-engedelyezese-es-tiltasa-amit-weboldak-haszn\">https:\/\/support.mozilla.org\/hu\/kb\/sutik-engedelyezese-es-tiltasa-amit-weboldak-haszn<\/a><\/li><li><strong>Microsoft Internet Explorer 11<\/strong>:&nbsp;<a href=\"https:\/\/support.microsoft.com\/hu-hu\/help\/17442\/windows-internet-explorer-delete-manage-cookies#ie=ie-11\">https:\/\/support.microsoft.com\/hu-hu\/help\/17442\/windows-internet-explorer-delete-manage-cookies#ie=ie-11<\/a><\/li><li><strong>Microsoft Internet Explorer 10<\/strong>:&nbsp;<a href=\"https:\/\/support.microsoft.com\/hu-hu\/help\/17442\/windows-internet-explorer-delete-manage-cookies#ie=ie-10-win-7\">https:\/\/support.microsoft.com\/hu-hu\/help\/17442\/windows-internet-explorer-delete-manage-cookies#ie=ie-10-win-7<\/a><\/li><li><strong>Microsoft Internet Explorer 9<\/strong>:&nbsp;<a href=\"https:\/\/support.microsoft.com\/hu-hu\/help\/17442\/windows-internet-explorer-delete-manage-cookies#ie=ie-9\">https:\/\/support.microsoft.com\/hu-hu\/help\/17442\/windows-internet-explorer-delete-manage-cookies#ie=ie-9<\/a><\/li><li><strong>Microsoft Internet Explorer 8<\/strong>:&nbsp;<a href=\"https:\/\/support.microsoft.com\/hu-hu\/help\/17442\/windows-internet-explorer-delete-manage-cookies#ie=ie-8\">https:\/\/support.microsoft.com\/hu-hu\/help\/17442\/windows-internet-explorer-delete-manage-cookies#ie=ie-8<\/a><\/li><li><strong>Microsoft Edge<\/strong>:&nbsp;<a href=\"https:\/\/privacy.microsoft.com\/hu-HU\/windows-10-microsoft-edge-and-privacy\">https:\/\/privacy.microsoft.com\/hu-HU\/windows-10-microsoft-edge-and-privacy<\/a><\/li><li><strong>Safari<\/strong>:&nbsp;<a href=\"https:\/\/support.apple.com\/hu-hu\/HT201265\">https:\/\/support.apple.com\/hu-hu\/HT201265<\/a><\/li><\/ul>\n\n\n\n<p>Pou\u017e\u00edv\u00e1te-li mobiln\u00ed za\u0159\u00edzen\u00ed, informace z\u00edsk\u00e1te na n\u00e1sleduj\u00edc\u00edch webov\u00fdch str\u00e1nk\u00e1ch:<\/p>\n\n\n\n<ul class=\"wp-block-list\"><li><strong>Android<\/strong>:&nbsp;<a href=\"https:\/\/developer.android.com\/reference\/android\/webkit\/CookieManager\">https:\/\/developer.android.com\/reference\/android\/webkit\/CookieManager<\/a><\/li><li><strong>Opera<\/strong>:&nbsp;<a href=\"https:\/\/www.opera.com\/help\/tutorials\/security\/privacy\/\">https:\/\/www.opera.com\/help\/tutorials\/security\/privacy\/<\/a><\/li><li><strong>Safari iOS<\/strong>:&nbsp;<a href=\"https:\/\/support.apple.com\/kb\/PH5042?locale=hu_HU\">https:\/\/support.apple.com\/kb\/PH5042?locale=hu_HU<\/a><\/li><\/ul>\n\n\n\n<ol class=\"wp-block-list\" start=\"7\"><li>V n\u00e1sleduj\u00edc\u00ed tabulce uv\u00e1d\u00ed spole\u010dnost seznam soubor\u016f cookies, kter\u00e9 pou\u017e\u00edv\u00e1. Spole\u010dnost je nav\u00edc schopna technicky ur\u010dit, zda u\u017eivatel tyto Z\u00e1sady v minulosti p\u0159ijal.&nbsp;<\/li><\/ol>\n\n\n\n<figure class=\"wp-block-table\"><table><tbody><tr><td><strong>N\u00e1zev souboru cookie&nbsp;<\/strong><\/td><td><strong>Typ<\/strong><\/td><td><strong>Pro\u010d je pro webov\u00e9 str\u00e1nky nezbytn\u00fd a jakou funkci u\u017eivateli nab\u00edz\u00ed?<\/strong><strong>Jak\u00e9 \u00fadaje jsou p\u0159\u00edstupn\u00e9?<\/strong><\/td><td><strong>\u017divotnost<\/strong><\/td><\/tr><tr><td><strong>_ga<\/strong><\/td><td>Statistick\u00e9 cookie \u2013 ve v\u00fdchoz\u00edm nastaven\u00ed povoleny&nbsp; a u\u017eivatel je m\u016f\u017ee kdykoli povolit nebo zak\u00e1zat<\/td><td>Soubor cookie pou\u017e\u00edvan\u00fd spole\u010dnost\u00ed Google (cookie t\u0159et\u00ed strany). Pou\u017e\u00edv\u00e1 se k&nbsp;rozli\u0161en\u00ed u\u017eivatel\u016f.<\/td><td>2 roky<\/td><\/tr><tr><td><strong>_gid<\/strong><\/td><td>Statistick\u00e9 cookie \u2013 ve v\u00fdchoz\u00edm nastaven\u00ed povoleny&nbsp; a u\u017eivatel je m\u016f\u017ee kdykoli povolit nebo zak\u00e1zat<\/td><td>Soubor cookie pou\u017e\u00edvan\u00fd spole\u010dnost\u00ed Google (cookie t\u0159et\u00ed strany). Pou\u017e\u00edv\u00e1 se k&nbsp;rozli\u0161en\u00ed u\u017eivatel\u016f.<\/td><td>24 hodin<\/td><\/tr><tr><td><strong>_gat<\/strong><\/td><td>Statistick\u00e9 cookie \u2013 ve v\u00fdchoz\u00edm nastaven\u00ed povoleny&nbsp; a u\u017eivatel je m\u016f\u017ee kdykoli povolit nebo zak\u00e1zat<\/td><td>Soubor cookie pou\u017e\u00edvan\u00fd spole\u010dnost\u00ed Google (cookie t\u0159et\u00ed strany). Pou\u017e\u00edv\u00e1 se k&nbsp;omezen\u00ed rychlosti po\u017eadavk\u016f. Pokud je slu\u017eba Google Analytics pou\u017e\u00edv\u00e1na prost\u0159ednictv\u00edm Spr\u00e1vce zna\u010dek Google, bude tento soubor cookie naz\u00fdv\u00e1n _dc_gtm_&lt;id_property&gt;.<\/td><td>1 minuta<\/td><\/tr><tr><td><strong>AMP_TOKEN<\/strong><\/td><td>Statistick\u00e9 cookie \u2013 ve v\u00fdchoz\u00edm nastaven\u00ed povoleny&nbsp; a u\u017eivatel je m\u016f\u017ee kdykoli povolit nebo zak\u00e1zat<\/td><td>Soubor cookie pou\u017e\u00edvan\u00fd spole\u010dnost\u00ed Google (cookie t\u0159et\u00ed strany). Obsahuje token, kter\u00fd lze pou\u017e\u00edt k na\u010dten\u00ed ID klienta ze slu\u017eby AMP Client ID. Dal\u0161\u00ed mo\u017en\u00e9 hodnoty ozna\u010duj\u00ed opt-out (z\u00e1kaz), inflight request (po\u017eadavek za letu) nebo chybu p\u0159i z\u00edsk\u00e1v\u00e1n\u00ed ID klienta ze slu\u017eby AMP Client ID.<\/td><td>30 sekund a\u017e 1 rok<\/td><\/tr><tr><td><strong>_gac_&lt;property-id&gt;<\/strong><\/td><td>Statistick\u00e9 cookie \u2013 ve v\u00fdchoz\u00edm nastaven\u00ed povoleny&nbsp; a u\u017eivatel je m\u016f\u017ee kdykoli povolit nebo zak\u00e1zat<\/td><td>Soubor cookie pou\u017e\u00edvan\u00fd spole\u010dnost\u00ed Google (cookie t\u0159et\u00ed strany). Obsahuje informace souvisej\u00edc\u00ed s kampan\u00ed pro u\u017eivatele. Pokud jste propojili sv\u00e9 \u00fa\u010dty Google Analytics a Google Ads, pokud to nezak\u00e1\u017eete, budou zna\u010dky konverz\u00ed webov\u00e9 str\u00e1nky Google Ads tento soubor cookie \u010d\u00edst. Zjistit v\u00edce.<\/td><td>90 dn\u00ed<\/td><\/tr><tr><td><strong>_icl_current_language<\/strong><\/td><td>Soubor cookie, kter\u00fd je nezbytn\u011b nutn\u00fd pro provoz webov\u00fdch str\u00e1nek; ve v\u00fdchoz\u00edm nastaven\u00ed je povolen, u\u017eivatel jej nem\u016f\u017ee zak\u00e1zat<\/td><td>Soubor cookie pou\u017e\u00edvan\u00fd pluginem WPML. Ukl\u00e1d\u00e1 aktu\u00e1ln\u00ed jazyk<\/td><td>24 hodin<\/td><\/tr><tr><td><strong>_icl_current_admin_language_{hash}<\/strong><\/td><td>Soubor cookie, kter\u00fd je nezbytn\u011b nutn\u00fd pro provoz webov\u00fdch str\u00e1nek; ve v\u00fdchoz\u00edm nastaven\u00ed je povolen, u\u017eivatel jej nem\u016f\u017ee zak\u00e1zat<\/td><td>Soubor cookie pou\u017e\u00edvan\u00fd pluginem WPML. Ukl\u00e1d\u00e1 aktu\u00e1ln\u00ed jazyk administrativn\u00ed oblasti WordPress<\/td><td>24 hodin<\/td><\/tr><tr><td><strong>_icl_visitor_lang_js<\/strong><\/td><td>Soubor cookie, kter\u00fd je nezbytn\u011b nutn\u00fd pro provoz webov\u00fdch str\u00e1nek; ve v\u00fdchoz\u00edm nastaven\u00ed je povolen, u\u017eivatel jej nem\u016f\u017ee zak\u00e1zat<\/td><td>Soubor cookie pou\u017e\u00edvan\u00fd pluginem WPML. Ukl\u00e1d\u00e1 p\u0159esm\u011brovan\u00fd jazyk<\/td><td>24 hodin<\/td><\/tr><tr><td><strong>wpml_browser_redirect_test<\/strong><\/td><td>Soubor cookie, kter\u00fd je nezbytn\u011b nutn\u00fd pro provoz webov\u00fdch str\u00e1nek; ve v\u00fdchoz\u00edm nastaven\u00ed je povolen, u\u017eivatel jej nem\u016f\u017ee zak\u00e1zat<\/td><td>Soubor cookie pou\u017e\u00edvan\u00fd pluginem WPML. Testuje, zda jsou povoleny soubory cookie<\/td><td>24 hodin<\/td><\/tr><tr><td><strong>wpml_referer_url<\/strong><\/td><td>Soubor cookie, kter\u00fd je nezbytn\u011b nutn\u00fd pro provoz webov\u00fdch str\u00e1nek; ve v\u00fdchoz\u00edm nastaven\u00ed je povolen, u\u017eivatel jej nem\u016f\u017ee zak\u00e1zat<\/td><td>Soubor cookie pou\u017e\u00edvan\u00fd pluginem WPML. Ukl\u00e1d\u00e1 posledn\u00ed po\u017eadovanou adresu URL na rozhran\u00ed front-end.<\/td><td>24 hodin<\/td><\/tr><tr><td><strong>wpml_admin_referer_url<\/strong><\/td><td>Soubor cookie, kter\u00fd je nezbytn\u011b nutn\u00fd pro provoz webov\u00fdch str\u00e1nek; ve v\u00fdchoz\u00edm nastaven\u00ed je povolen, u\u017eivatel jej nem\u016f\u017ee zak\u00e1zat<\/td><td>Soubor cookie pou\u017e\u00edvan\u00fd pluginem WPML. Ukl\u00e1d\u00e1 posledn\u00ed po\u017eadovanou adresu URL na rozhran\u00ed back-end.<\/td><td>24 hodin<\/td><\/tr><tr><td><strong>cookielawinfo-checkbox-analytics<\/strong><\/td><td>Soubor cookie, kter\u00fd je nezbytn\u011b nutn\u00fd pro provoz webov\u00fdch str\u00e1nek; ve v\u00fdchoz\u00edm nastaven\u00ed je povolen, u\u017eivatel jej nem\u016f\u017ee zak\u00e1zat<\/td><td>Tento soubor cookie je nastaven pluginem GDPR Cookie Consent. Soubor cookie se pou\u017e\u00edv\u00e1 k ulo\u017een\u00ed souhlasu u\u017eivatele s&nbsp;pou\u017e\u00edv\u00e1n\u00edm soubor\u016f cookie v&nbsp;kategorii \u201eAnalytika\u201c.<\/td><td>11 m\u011bs\u00edc\u016f<\/td><\/tr><tr><td><strong>cookielawinfo-checkbox-others<\/strong><\/td><td>Soubor cookie, kter\u00fd je nezbytn\u011b nutn\u00fd pro provoz webov\u00fdch str\u00e1nek; ve v\u00fdchoz\u00edm nastaven\u00ed je povolen, u\u017eivatel jej nem\u016f\u017ee zak\u00e1zat<\/td><td>Tento soubor cookie je nastaven pluginem GDPR Cookie Consent. Tento soubor cookie se pou\u017e\u00edv\u00e1 k ulo\u017een\u00ed souhlasu u\u017eivatele s&nbsp;pou\u017e\u00edv\u00e1n\u00edm soubor\u016f cookie v&nbsp;kategorii \u201eJin\u00e9\u201c.<\/td><td>11 m\u011bs\u00edc\u016f<\/td><\/tr><tr><td><strong>viewed_cookie_policy<\/strong><\/td><td>Soubor cookie, kter\u00fd je nezbytn\u011b nutn\u00fd pro provoz webov\u00fdch str\u00e1nek; ve v\u00fdchoz\u00edm nastaven\u00ed je povolen, u\u017eivatel jej nem\u016f\u017ee zak\u00e1zat<\/td><td>Tento soubor cookie je nastaven pluginem GDPR Cookie Consent a pou\u017e\u00edv\u00e1 se k&nbsp;ulo\u017een\u00ed toho, zda u\u017eivatel souhlasil nebo nesouhlasil s&nbsp;pou\u017e\u00edv\u00e1n\u00edm soubor\u016f cookie. Neukl\u00e1d\u00e1 \u017e\u00e1dn\u00e9 osobn\u00ed \u00fadaje.<\/td><td>11 m\u011bs\u00edc\u016f<\/td><\/tr><tr><td><strong>cookielawinfo-checkbox-necessary<\/strong><\/td><td>Soubor cookie, kter\u00fd je nezbytn\u011b nutn\u00fd pro provoz webov\u00fdch str\u00e1nek; ve v\u00fdchoz\u00edm nastaven\u00ed je povolen, u\u017eivatel jej nem\u016f\u017ee zak\u00e1zat<\/td><td>Tento soubor cookie je nastaven pluginem GDPR Cookie Consent. Tento soubor cookie slou\u017e\u00ed k&nbsp;ulo\u017een\u00ed souhlasu u\u017eivatele s&nbsp;pou\u017e\u00edv\u00e1n\u00edm soubor\u016f cookie v&nbsp;kategorii \u201eNezbytn\u00e9\u201c.<\/td><td>11 m\u011bs\u00edc\u016f<\/td><\/tr><tr><td><strong>cookielawinfo-checkbox-functional<\/strong><\/td><td>Soubor cookie, kter\u00fd je nezbytn\u011b nutn\u00fd pro provoz webov\u00fdch str\u00e1nek; ve v\u00fdchoz\u00edm nastaven\u00ed je povolen, u\u017eivatel jej nem\u016f\u017ee zak\u00e1zat<\/td><td>Tento soubor cookie je nastaven na z\u00e1klad\u011b souhlasu s&nbsp;pou\u017e\u00edv\u00e1n\u00edm soubor\u016f cookie GDPR k zaznamen\u00e1n\u00ed souhlasu u\u017eivatele pro soubory cookie v kategorii \u201eFunk\u010dn\u00ed\u201c.<\/td><td>11 m\u011bs\u00edc\u016f<\/td><\/tr><tr><td><strong>cookielawinfo-checkbox-performance<\/strong><\/td><td>Soubor cookie, kter\u00fd je nezbytn\u011b nutn\u00fd pro provoz webov\u00fdch str\u00e1nek; ve v\u00fdchoz\u00edm nastaven\u00ed je povolen, u\u017eivatel jej nem\u016f\u017ee zak\u00e1zat<\/td><td>Tento soubor cookie je nastaven pluginem GDPR Cookie Consent. Tento soubor cookie se pou\u017e\u00edv\u00e1 k ulo\u017een\u00ed souhlasu u\u017eivatele s&nbsp;pou\u017e\u00edv\u00e1n\u00edm soubor\u016f cookie v&nbsp;kategorii \u201eV\u00fdkon\u201c.<\/td><td>11 m\u011bs\u00edc\u016f<\/td><\/tr><\/tbody><\/table><\/figure>\n","protected":false},"excerpt":{"rendered":"<p>Partner in Pet Food CZ s.r.o.\u00a0 Datum proveden\u00ed posledn\u00edch zm\u011bn: 1. \u00fanora 2022 Spole\u010dnost Partner in Pet Food CZ s.r.o. (se s\u00eddlem na adrese Bucharova 1423\/6, 158 00 Praha 13, I\u010cO: 241 67 819, zapsan\u00e1 v obchodn\u00edm rejst\u0159\u00edku veden\u00e9m M\u011bstsk\u00fdm soudem v&nbsp;Praze pod sp. zn. C 184849; e-mail: info@ppfeurope.com; telefon: +420&nbsp;234&nbsp;111&nbsp;111) (d\u00e1le jen \u201eSpole\u010dnost\u201c) vyu\u017e\u00edv\u00e1 [&hellip;]<\/p>\n","protected":false},"author":1,"featured_media":0,"parent":0,"menu_order":0,"comment_status":"closed","ping_status":"closed","template":"page-simple.php","meta":{"_acf_changed":false,"footnotes":""},"class_list":["post-4031","page","type-page","status-publish","hentry"],"acf":[],"_links":{"self":[{"href":"https:\/\/prevital.eu\/cs\/wp-json\/wp\/v2\/pages\/4031","targetHints":{"allow":["GET"]}}],"collection":[{"href":"https:\/\/prevital.eu\/cs\/wp-json\/wp\/v2\/pages"}],"about":[{"href":"https:\/\/prevital.eu\/cs\/wp-json\/wp\/v2\/types\/page"}],"author":[{"embeddable":true,"href":"https:\/\/prevital.eu\/cs\/wp-json\/wp\/v2\/users\/1"}],"replies":[{"embeddable":true,"href":"https:\/\/prevital.eu\/cs\/wp-json\/wp\/v2\/comments?post=4031"}],"version-history":[{"count":0,"href":"https:\/\/prevital.eu\/cs\/wp-json\/wp\/v2\/pages\/4031\/revisions"}],"wp:attachment":[{"href":"https:\/\/prevital.eu\/cs\/wp-json\/wp\/v2\/media?parent=4031"}],"curies":[{"name":"wp","href":"https:\/\/api.w.org\/{rel}","templated":true}]}}