{"id":2221,"date":"2021-09-02T12:14:41","date_gmt":"2021-09-02T10:14:41","guid":{"rendered":"https:\/\/prevital.eu\/meal-finder\/"},"modified":"2022-06-15T13:33:09","modified_gmt":"2022-06-15T11:33:09","slug":"vyhledat-produkt","status":"publish","type":"page","link":"https:\/\/prevital.eu\/cs\/vyhledat-produkt\/","title":{"rendered":"Vyhledat produkt"},"content":{"rendered":"\n<h1 class=\"has-text-align-center wp-block-heading\">Najd\u011bte nov\u00e9 obl\u00edben\u00e9 krmivo sv\u00e9 ko\u010dky!<\/h1>\n\n\n\n<p><\/p>\n","protected":false},"excerpt":{"rendered":"<p>Najd\u011bte nov\u00e9 obl\u00edben\u00e9 krmivo sv\u00e9 ko\u010dky!<\/p>\n","protected":false},"author":1,"featured_media":0,"parent":0,"menu_order":0,"comment_status":"closed","ping_status":"closed","template":"page-templates\/page-mealfinder.php","meta":{"_acf_changed":false,"footnotes":""},"class_list":["post-2221","page","type-page","status-publish","hentry"],"acf":[],"_links":{"self":[{"href":"https:\/\/prevital.eu\/cs\/wp-json\/wp\/v2\/pages\/2221","targetHints":{"allow":["GET"]}}],"collection":[{"href":"https:\/\/prevital.eu\/cs\/wp-json\/wp\/v2\/pages"}],"about":[{"href":"https:\/\/prevital.eu\/cs\/wp-json\/wp\/v2\/types\/page"}],"author":[{"embeddable":true,"href":"https:\/\/prevital.eu\/cs\/wp-json\/wp\/v2\/users\/1"}],"replies":[{"embeddable":true,"href":"https:\/\/prevital.eu\/cs\/wp-json\/wp\/v2\/comments?post=2221"}],"version-history":[{"count":1,"href":"https:\/\/prevital.eu\/cs\/wp-json\/wp\/v2\/pages\/2221\/revisions"}],"predecessor-version":[{"id":8857,"href":"https:\/\/prevital.eu\/cs\/wp-json\/wp\/v2\/pages\/2221\/revisions\/8857"}],"wp:attachment":[{"href":"https:\/\/prevital.eu\/cs\/wp-json\/wp\/v2\/media?parent=2221"}],"curies":[{"name":"wp","href":"https:\/\/api.w.org\/{rel}","templated":true}]}}